{"id":24648,"date":"2022-05-30T14:49:42","date_gmt":"2022-05-30T14:49:42","guid":{"rendered":"http:\/\/142.132.250.155\/~mac\/serveis\/"},"modified":"2022-11-30T12:17:52","modified_gmt":"2022-11-30T12:17:52","slug":"servicios","status":"publish","type":"page","link":"https:\/\/macambients.com\/es\/servicios\/","title":{"rendered":"SERVICIOS"},"content":{"rendered":"<section class=\"share_section common_padding familiy_page\">\n\t\t<div class=\"container-fluid\">\n\t\t\t<h2>Proyectos que se hacen realidad<\/h2>\n\t\t\t<p>\n\t\t\t\tEn Mac te dise\u00f1amos proyectos de interiorismo asistidos por las \u00faltimas tecnolog\u00edas. Gracias <br> a simulaciones inform\u00e1ticas en 3D, podr\u00e1s comprobar con qu\u00e9 precisi\u00f3n podemos adaptarnos a tus deseos y necesidades.\n\t\t\t<\/p>\n\t\t<\/div>\n\t<\/section>\n<section class=\"service_section\">\n\t\t\t<div class=\"service_block\">\n\t\t\t\t<div class=\"service_img\">\n\t\t\t\t\t<img decoding=\"async\" src=\"https:\/\/macambients.com\/wp-content\/themes\/mac\/images\/service01.png\" alt=\"\" srcset=\"\">\n\t\t\t\t<\/div>\n\t\t\t\t<div class=\"service_info\">\n\t\t\t\t\t<div class=\"text\">\n\t\t\t\t\t\t<h2>Financiaci\u00f3n<\/h2>\n\t\t\t\t\t\t<span>\u00a1PARA PAGAR SIEMPRE HAY TIEMPO!<\/span>\n\t\t\t\t\t\t<p>\n\t\t\t\t\t\t\tConoce y benef\u00edciate de los beneficios singulares que Mac ha creado para ti. T\u00f3mate tu tiempo y escoge la f\u00f3rmula que m\u00e1s te interese.\n\t\t\t\t\t\t<\/p>\n\t\t\t\t\t<\/div>\n\t\t\t\t<\/div>\n\t\t\t<\/div>\n\t\t\t<div class=\"service_block flex-row-reverse\">\n\t\t\t\t<div class=\"service_img\">\n\t\t\t\t\t<img decoding=\"async\" src=\"https:\/\/macambients.com\/wp-content\/themes\/mac\/images\/service02.png\" alt=\"\" srcset=\"\">\n\t\t\t\t<\/div>\n\t\t\t\t<div class=\"service_info\">\n\t\t\t\t\t<div class=\"text\">\n\t\t\t\t\t\t<h2>Transporte<\/h2>\n\t\t\t\t\t\t<span>SOLUCIONES PARA GARANTIZAR EL MEJOR MONTAJE<\/span>\n\t\t\t\t\t\t<ul>\n\t\t\t\t\t\t\t<li><p>Transporte y montaje gratuito <\/p><\/li>\n\t\t\t\t\t\t\t<li><p>Profesionalidad<\/p><\/li>\n\t\t\t\t\t\t\t<li><p>Experiencia<\/p><\/li>\n\t\t\t\t\t\t\t<li><p>Eficiencia<\/p><\/li>\n\t\t\t\t\t\t\t<li><p>Personal cualificado<\/p><\/li>\n\t\t\t\t\t\t<\/ul>\n\t\t\t\t\t<\/div>\n\t\t\t\t<\/div>\n\t\t\t<\/div>\n\t\t\t<div class=\"service_block\">\n\t\t\t\t<div class=\"service_img\">\n\t\t\t\t\t<img decoding=\"async\" src=\"https:\/\/macambients.com\/wp-content\/themes\/mac\/images\/service03.png\" alt=\"\" srcset=\"\">\n\t\t\t\t<\/div>\n\t\t\t\t<div class=\"service_info\">\n\t\t\t\t\t<div class=\"text\">\n\t\t\t\t\t\t<h2>Soluciones con toda la garant\u00eda<\/h2>\n\t\t\t\t\t\t<ul>\n\t\t\t\t\t\t\t<li><p>Alto nivel de calidad<\/p><\/li>\n\t\t\t\t\t\t\t<li><p>Dise\u00f1o<\/p><\/li>\n\t\t\t\t\t\t\t<li><p>\u00daltimas tendencias<\/p><\/li>\n\t\t\t\t\t\t\t<li><p>Funcionalidad<\/p><\/li>\n\t\t\t\t\t\t\t<li><p>Consejo<\/p><\/li>\n\t\t\t\t\t\t\t<li><p>Venimos a tu casa a tomar medidas <\/p><\/li>\n\t\t\t\t\t\t\t<li><p>Proyectos a medida<\/p><\/li>\n\t\t\t\t\t\t<\/ul>\n\t\t\t\t\t<\/div>\n\t\t\t\t<\/div>\n\t\t\t<\/div>\n\t\t\t<div class=\"service_block flex-row-reverse\">\n\t\t\t\t<div class=\"service_img\">\n\t\t\t\t\t<img decoding=\"async\" src=\"https:\/\/macambients.com\/wp-content\/themes\/mac\/images\/service04.png\" alt=\"\" srcset=\"\">\n\t\t\t\t<\/div>\n\t\t\t\t<div class=\"service_info\">\n\t\t\t\t\t<div class=\"text\">\n\t\t\t\t\t\t<h2>Precios sin sorpresas<\/h2>\n\t\t\t\t\t\t<p>\n\t\t\t\t\t\t\tLa mejor relaci\u00f3n calidad-precio, nuestra calidad <br>\n\t\t\t\t\t\t\test\u00e1 por encima del precio. <br>\n\t\t\t\t\t\t\tPrecios finales de productos instalados en tu casa.\n\t\t\t\t\t\t<\/p>\n\t\t\t\t\t<\/div>\n\t\t\t\t<\/div>\n\t\t\t<\/div>\n\t\t<\/section>","protected":false},"excerpt":{"rendered":"<p>Proyectos que se hacen realidad En Mac te dise\u00f1amos proyectos de interiorismo asistidos por las \u00faltimas tecnolog\u00edas. Gracias a simulaciones inform\u00e1ticas en 3D, podr\u00e1s comprobar con qu\u00e9 precisi\u00f3n podemos adaptarnos a tus deseos y necesidades. Financiaci\u00f3n \u00a1PARA PAGAR SIEMPRE HAY TIEMPO! Conoce y benef\u00edciate de los beneficios singulares que Mac ha creado para ti. T\u00f3mate [&hellip;]<\/p>\n","protected":false},"author":1,"featured_media":0,"parent":0,"menu_order":0,"comment_status":"closed","ping_status":"closed","template":"page-catalegs.php","meta":{"_acf_changed":false,"_joinchat":[],"footnotes":""},"class_list":["post-24648","page","type-page","status-publish","hentry"],"acf":[],"yoast_head":"<!-- This site is optimized with the Yoast SEO plugin v23.3 - https:\/\/yoast.com\/wordpress\/plugins\/seo\/ -->\n<title>SERVICIOS - MAC - Ambients Singulars<\/title>\n<meta name=\"robots\" content=\"index, follow, max-snippet:-1, max-image-preview:large, max-video-preview:-1\" \/>\n<link rel=\"canonical\" href=\"https:\/\/macambients.com\/es\/servicios\/\" \/>\n<meta property=\"og:locale\" content=\"es_ES\" \/>\n<meta property=\"og:type\" content=\"article\" \/>\n<meta property=\"og:title\" content=\"SERVICIOS - MAC - Ambients Singulars\" \/>\n<meta property=\"og:description\" content=\"Proyectos que se hacen realidad En Mac te dise\u00f1amos proyectos de interiorismo asistidos por las \u00faltimas tecnolog\u00edas. Gracias a simulaciones inform\u00e1ticas en 3D, podr\u00e1s comprobar con qu\u00e9 precisi\u00f3n podemos adaptarnos a tus deseos y necesidades. Financiaci\u00f3n \u00a1PARA PAGAR SIEMPRE HAY TIEMPO! Conoce y benef\u00edciate de los beneficios singulares que Mac ha creado para ti. T\u00f3mate [&hellip;]\" \/>\n<meta property=\"og:url\" content=\"https:\/\/macambients.com\/es\/servicios\/\" \/>\n<meta property=\"og:site_name\" content=\"MAC - Ambients Singulars\" \/>\n<meta property=\"article:modified_time\" content=\"2022-11-30T12:17:52+00:00\" \/>\n<meta property=\"og:image\" content=\"https:\/\/macambients.com\/wp-content\/themes\/mac\/images\/service01.png\" \/>\n<meta name=\"twitter:card\" content=\"summary_large_image\" \/>\n<meta name=\"twitter:label1\" content=\"Tiempo de lectura\" \/>\n\t<meta name=\"twitter:data1\" content=\"1 minuto\" \/>\n<script type=\"application\/ld+json\" class=\"yoast-schema-graph\">{\"@context\":\"https:\/\/schema.org\",\"@graph\":[{\"@type\":\"WebPage\",\"@id\":\"https:\/\/macambients.com\/es\/servicios\/\",\"url\":\"https:\/\/macambients.com\/es\/servicios\/\",\"name\":\"SERVICIOS - MAC - Ambients Singulars\",\"isPartOf\":{\"@id\":\"https:\/\/macambients.com\/es\/#website\"},\"primaryImageOfPage\":{\"@id\":\"https:\/\/macambients.com\/es\/servicios\/#primaryimage\"},\"image\":{\"@id\":\"https:\/\/macambients.com\/es\/servicios\/#primaryimage\"},\"thumbnailUrl\":\"https:\/\/macambients.com\/wp-content\/themes\/mac\/images\/service01.png\",\"datePublished\":\"2022-05-30T14:49:42+00:00\",\"dateModified\":\"2022-11-30T12:17:52+00:00\",\"breadcrumb\":{\"@id\":\"https:\/\/macambients.com\/es\/servicios\/#breadcrumb\"},\"inLanguage\":\"es\",\"potentialAction\":[{\"@type\":\"ReadAction\",\"target\":[\"https:\/\/macambients.com\/es\/servicios\/\"]}]},{\"@type\":\"ImageObject\",\"inLanguage\":\"es\",\"@id\":\"https:\/\/macambients.com\/es\/servicios\/#primaryimage\",\"url\":\"https:\/\/macambients.com\/wp-content\/themes\/mac\/images\/service01.png\",\"contentUrl\":\"https:\/\/macambients.com\/wp-content\/themes\/mac\/images\/service01.png\"},{\"@type\":\"BreadcrumbList\",\"@id\":\"https:\/\/macambients.com\/es\/servicios\/#breadcrumb\",\"itemListElement\":[{\"@type\":\"ListItem\",\"position\":1,\"name\":\"Home\",\"item\":\"https:\/\/macambients.com\/es\/\"},{\"@type\":\"ListItem\",\"position\":2,\"name\":\"SERVICIOS\"}]},{\"@type\":\"WebSite\",\"@id\":\"https:\/\/macambients.com\/es\/#website\",\"url\":\"https:\/\/macambients.com\/es\/\",\"name\":\"MAC - Ambients Singulars\",\"description\":\"\",\"publisher\":{\"@id\":\"https:\/\/macambients.com\/es\/#organization\"},\"potentialAction\":[{\"@type\":\"SearchAction\",\"target\":{\"@type\":\"EntryPoint\",\"urlTemplate\":\"https:\/\/macambients.com\/es\/?s={search_term_string}\"},\"query-input\":\"required name=search_term_string\"}],\"inLanguage\":\"es\"},{\"@type\":\"Organization\",\"@id\":\"https:\/\/macambients.com\/es\/#organization\",\"name\":\"MAC - Ambients Singulars\",\"url\":\"https:\/\/macambients.com\/es\/\",\"logo\":{\"@type\":\"ImageObject\",\"inLanguage\":\"es\",\"@id\":\"https:\/\/macambients.com\/es\/#\/schema\/logo\/image\/\",\"url\":\"https:\/\/macambients.com\/wp-content\/uploads\/2022\/12\/logo.png\",\"contentUrl\":\"https:\/\/macambients.com\/wp-content\/uploads\/2022\/12\/logo.png\",\"width\":270,\"height\":55,\"caption\":\"MAC - Ambients Singulars\"},\"image\":{\"@id\":\"https:\/\/macambients.com\/es\/#\/schema\/logo\/image\/\"}}]}<\/script>\n<!-- \/ Yoast SEO plugin. -->","yoast_head_json":{"title":"SERVICIOS - MAC - Ambients Singulars","robots":{"index":"index","follow":"follow","max-snippet":"max-snippet:-1","max-image-preview":"max-image-preview:large","max-video-preview":"max-video-preview:-1"},"canonical":"https:\/\/macambients.com\/es\/servicios\/","og_locale":"es_ES","og_type":"article","og_title":"SERVICIOS - MAC - Ambients Singulars","og_description":"Proyectos que se hacen realidad En Mac te dise\u00f1amos proyectos de interiorismo asistidos por las \u00faltimas tecnolog\u00edas. Gracias a simulaciones inform\u00e1ticas en 3D, podr\u00e1s comprobar con qu\u00e9 precisi\u00f3n podemos adaptarnos a tus deseos y necesidades. Financiaci\u00f3n \u00a1PARA PAGAR SIEMPRE HAY TIEMPO! Conoce y benef\u00edciate de los beneficios singulares que Mac ha creado para ti. T\u00f3mate [&hellip;]","og_url":"https:\/\/macambients.com\/es\/servicios\/","og_site_name":"MAC - Ambients Singulars","article_modified_time":"2022-11-30T12:17:52+00:00","og_image":[{"url":"https:\/\/macambients.com\/wp-content\/themes\/mac\/images\/service01.png"}],"twitter_card":"summary_large_image","twitter_misc":{"Tiempo de lectura":"1 minuto"},"schema":{"@context":"https:\/\/schema.org","@graph":[{"@type":"WebPage","@id":"https:\/\/macambients.com\/es\/servicios\/","url":"https:\/\/macambients.com\/es\/servicios\/","name":"SERVICIOS - MAC - Ambients Singulars","isPartOf":{"@id":"https:\/\/macambients.com\/es\/#website"},"primaryImageOfPage":{"@id":"https:\/\/macambients.com\/es\/servicios\/#primaryimage"},"image":{"@id":"https:\/\/macambients.com\/es\/servicios\/#primaryimage"},"thumbnailUrl":"https:\/\/macambients.com\/wp-content\/themes\/mac\/images\/service01.png","datePublished":"2022-05-30T14:49:42+00:00","dateModified":"2022-11-30T12:17:52+00:00","breadcrumb":{"@id":"https:\/\/macambients.com\/es\/servicios\/#breadcrumb"},"inLanguage":"es","potentialAction":[{"@type":"ReadAction","target":["https:\/\/macambients.com\/es\/servicios\/"]}]},{"@type":"ImageObject","inLanguage":"es","@id":"https:\/\/macambients.com\/es\/servicios\/#primaryimage","url":"https:\/\/macambients.com\/wp-content\/themes\/mac\/images\/service01.png","contentUrl":"https:\/\/macambients.com\/wp-content\/themes\/mac\/images\/service01.png"},{"@type":"BreadcrumbList","@id":"https:\/\/macambients.com\/es\/servicios\/#breadcrumb","itemListElement":[{"@type":"ListItem","position":1,"name":"Home","item":"https:\/\/macambients.com\/es\/"},{"@type":"ListItem","position":2,"name":"SERVICIOS"}]},{"@type":"WebSite","@id":"https:\/\/macambients.com\/es\/#website","url":"https:\/\/macambients.com\/es\/","name":"MAC - Ambients Singulars","description":"","publisher":{"@id":"https:\/\/macambients.com\/es\/#organization"},"potentialAction":[{"@type":"SearchAction","target":{"@type":"EntryPoint","urlTemplate":"https:\/\/macambients.com\/es\/?s={search_term_string}"},"query-input":"required name=search_term_string"}],"inLanguage":"es"},{"@type":"Organization","@id":"https:\/\/macambients.com\/es\/#organization","name":"MAC - Ambients Singulars","url":"https:\/\/macambients.com\/es\/","logo":{"@type":"ImageObject","inLanguage":"es","@id":"https:\/\/macambients.com\/es\/#\/schema\/logo\/image\/","url":"https:\/\/macambients.com\/wp-content\/uploads\/2022\/12\/logo.png","contentUrl":"https:\/\/macambients.com\/wp-content\/uploads\/2022\/12\/logo.png","width":270,"height":55,"caption":"MAC - Ambients Singulars"},"image":{"@id":"https:\/\/macambients.com\/es\/#\/schema\/logo\/image\/"}}]}},"_links":{"self":[{"href":"https:\/\/macambients.com\/es\/wp-json\/wp\/v2\/pages\/24648"}],"collection":[{"href":"https:\/\/macambients.com\/es\/wp-json\/wp\/v2\/pages"}],"about":[{"href":"https:\/\/macambients.com\/es\/wp-json\/wp\/v2\/types\/page"}],"author":[{"embeddable":true,"href":"https:\/\/macambients.com\/es\/wp-json\/wp\/v2\/users\/1"}],"replies":[{"embeddable":true,"href":"https:\/\/macambients.com\/es\/wp-json\/wp\/v2\/comments?post=24648"}],"version-history":[{"count":11,"href":"https:\/\/macambients.com\/es\/wp-json\/wp\/v2\/pages\/24648\/revisions"}],"predecessor-version":[{"id":24752,"href":"https:\/\/macambients.com\/es\/wp-json\/wp\/v2\/pages\/24648\/revisions\/24752"}],"wp:attachment":[{"href":"https:\/\/macambients.com\/es\/wp-json\/wp\/v2\/media?parent=24648"}],"curies":[{"name":"wp","href":"https:\/\/api.w.org\/{rel}","templated":true}]}}