{"id":67,"date":"2022-05-30T14:49:27","date_gmt":"2022-05-30T14:49:27","guid":{"rendered":"http:\/\/localhost\/mac\/?page_id=67"},"modified":"2025-07-04T13:16:50","modified_gmt":"2025-07-04T13:16:50","slug":"catalogos","status":"publish","type":"page","link":"https:\/\/macambients.com\/es\/catalogos\/","title":{"rendered":"Cat\u00e1logos"},"content":{"rendered":"<section class=\"share_section common_padding catlog_section\">\n\t\t\t<div class=\"container-fluid\">\n\t\t\t\t<div class=\"row\">\n\t\t\t\t\t<div class=\"col-md-7\">\n\t\t\t\t\t\t<div class=\"cat_info\">\n\t\t\t\t\t\t\t<h2>Cat\u00e1logos<\/h2>\n\t\t\t\t\t\t\t<p>\n\t\t\t\t\t\t\t\tEn nuestros cat\u00e1logos de muebles podr\u00e1s descubrir una peque\u00f1a muestra de lo que hacemos en Mac: crear espacios \u00fanicos para vivir en ellos. Espacios singulares que te mostramos en estos cat\u00e1logos de muebles y donde encontrar\u00e1s una serie de ideas y composiciones de mobiliario que pueden ayudarte a conseguir el confort y el espacio dom\u00e9stico \u00fanico que buscas. Este espacio \u00fanico que llamamos hogar.\n\t\t\t\t\t\t\t<\/p>\n\t\t\t\t\t\t\t<a href=\"https:\/\/macambients.com\/MacAmbients_2025.pdf\" target=\"_blank\" class=\"btn btn_main\" rel=\"noopener\">VER CATAL\u00d3GO<\/a>\n\t\t\t\t\t\t<\/div>\n\t\t\t\t\t<\/div>\n\t\t\t\t\t<div class=\"col-md-5\">\n\t\t\t\t\t\t<div class=\"cat_img\">\n\t\t\t\t\t\t\t<a href=\"#\" target=\"_blank\" rel=\"noopener\"><img decoding=\"async\" src=\"#\" alt=\"\" srcset=\"\" style=\"width: 282px; height: auto;\"><\/a>\n\t\t\t\t\t\t<\/div>\n\t\t\t\t\t<\/div>\n\t\t\t\t<\/div>\n\t\t\t<\/div>\n\t\t<\/section>\n\n\t\t<section class=\"common_padding cat_information_section\">\n\t\t\t<div class=\"info\">\n\t\t\t\t<div class=\"container-fluid\">\n\t\t\t\t\t<div class=\"row\">\n\t\t\t\t\t\t<div class=\"col-md-4 col-sm-12\">\n\t\t\t\t\t\t\t<div class=\"info_text\">\t\n\t\t\t\t\t\t\t\t<h2>\n\t\t\t\t\t\t\t\t\tCat\u00e1logos de muebles que abrir\u00e1n las puertas de un nuevo hogar\n\n\t\t\t\t\t\t\t\t<\/h2>\n\t\t\t\t\t\t\t<\/div>\n\t\t\t\t\t\t<\/div>\n\t\t\t\t\t\t<div class=\"col-md-4 col-sm-12\">\n\t\t\t\t\t\t\t<div class=\"info_text\">\t\n\t\t\t\t\t\t\t\t<p>\n\t\t\t\t\t\t\t\t\tMac no s\u00f3lo es un conjunto de profesionales que te ofrecen el mobiliario\npersonalizado para tu hogar, sino tambi\u00e9n un conjunto de profesionales que te da\nideas para concebir el espacio ideal para llenar con tu calidez familiar.<\/p><p> Dentro de\nnuestra oferta encontrar\u00e1s el cat\u00e1logo de muebles MacJuvenil, donde encontrar\u00e1 mil y\nuna ideas sobre c\u00f3mo construir los espacios m\u00e1s especiales para los m\u00e1s peque\u00f1os de\nla casa.<\/p><p> Tambi\u00e9n te ofrecemos el cat\u00e1logo de muebles MacAmbient, el cat\u00e1logo\nperfecto para todas aquellas familias que quieran abrir sus puertas a una nueva\nvivienda reformada, llena de confort, y sobre todo calidez.\n\t\t\t\t\t\t\t\t<\/p>\n\t\t\t\t\t\t\t<\/div>\n\t\t\t\t\t\t<\/div>\n\t\t\t\t\t\t<div class=\"col-md-4 col-sm-12\">\n\t\t\t\t\t\t\t<div class=\"info_text\">\t\n\t\t\t\t\t\t\t\t<p>\n\t\t\t\t\t\t\t\t\tDescubre con nuestros cat\u00e1logos un amplio abanico de posibilidades con el que podr\u00e1s\ncrear tu vivienda a partir de muebles personalizados, en funci\u00f3n de tus necesidades,\ntus h\u00e1bitos, costumbres y personalidad.<\/p><p> Construye tu espacio m\u00e1s personal e\nirrepetible con la ayuda de nuestros expertos interioristas que te ayudar\u00e1n a elegir la\nmejor opci\u00f3n para un hogar inmejorable.\n\n\t\t\t\t\t\t\t\t<\/p>\n\t\t\t\t\t\t\t<\/div>\n\t\t\t\t\t\t<\/div>\n\t\t\t\t\t<\/div>\n\t\t\t\t<\/div>\n\t\t\t<\/div>\n\t\t<\/section>\n\n\t\t<section>\n\t\t\t<div class=\"cat_bg_img\">\n\t\t\t\t<img decoding=\"async\" src=\"https:\/\/macambients.com\/wp-content\/themes\/mac\/images\/catelogs_bg.png\" alt=\"\" srcset=\"\">\n\t\t\t<\/div>\n\t\t<\/section>","protected":false},"excerpt":{"rendered":"<p>Cat\u00e1logos En nuestros cat\u00e1logos de muebles podr\u00e1s descubrir una peque\u00f1a muestra de lo que hacemos en Mac: crear espacios \u00fanicos para vivir en ellos. Espacios singulares que te mostramos en estos cat\u00e1logos de muebles y donde encontrar\u00e1s una serie de ideas y composiciones de mobiliario que pueden ayudarte a conseguir el confort y el espacio [&hellip;]<\/p>\n","protected":false},"author":1,"featured_media":0,"parent":0,"menu_order":0,"comment_status":"closed","ping_status":"closed","template":"page-catalegs.php","meta":{"_acf_changed":false,"_joinchat":[],"footnotes":""},"class_list":["post-67","page","type-page","status-publish","hentry"],"acf":[],"yoast_head":"<!-- This site is optimized with the Yoast SEO plugin v23.3 - https:\/\/yoast.com\/wordpress\/plugins\/seo\/ -->\n<title>Cat\u00e1logos<\/title>\n<meta name=\"robots\" content=\"index, follow, max-snippet:-1, max-image-preview:large, max-video-preview:-1\" \/>\n<link rel=\"canonical\" href=\"https:\/\/macambients.com\/es\/catalogos\/\" \/>\n<meta property=\"og:locale\" content=\"es_ES\" \/>\n<meta property=\"og:type\" content=\"article\" \/>\n<meta property=\"og:title\" content=\"Cat\u00e1logos\" \/>\n<meta property=\"og:description\" content=\"Cat\u00e1logos En nuestros cat\u00e1logos de muebles podr\u00e1s descubrir una peque\u00f1a muestra de lo que hacemos en Mac: crear espacios \u00fanicos para vivir en ellos. Espacios singulares que te mostramos en estos cat\u00e1logos de muebles y donde encontrar\u00e1s una serie de ideas y composiciones de mobiliario que pueden ayudarte a conseguir el confort y el espacio [&hellip;]\" \/>\n<meta property=\"og:url\" content=\"https:\/\/macambients.com\/es\/catalogos\/\" \/>\n<meta property=\"og:site_name\" content=\"MAC - Ambients Singulars\" \/>\n<meta property=\"article:modified_time\" content=\"2025-07-04T13:16:50+00:00\" \/>\n<meta property=\"og:image\" content=\"https:\/\/macambients.com\/wp-content\/themes\/mac\/images\/catelogs_bg.png\" \/>\n<meta name=\"twitter:card\" content=\"summary_large_image\" \/>\n<meta name=\"twitter:label1\" content=\"Tiempo de lectura\" \/>\n\t<meta name=\"twitter:data1\" content=\"2 minutos\" \/>\n<script type=\"application\/ld+json\" class=\"yoast-schema-graph\">{\"@context\":\"https:\/\/schema.org\",\"@graph\":[{\"@type\":\"WebPage\",\"@id\":\"https:\/\/macambients.com\/es\/catalogos\/\",\"url\":\"https:\/\/macambients.com\/es\/catalogos\/\",\"name\":\"Cat\u00e1logos\",\"isPartOf\":{\"@id\":\"https:\/\/macambients.com\/es\/#website\"},\"primaryImageOfPage\":{\"@id\":\"https:\/\/macambients.com\/es\/catalogos\/#primaryimage\"},\"image\":{\"@id\":\"https:\/\/macambients.com\/es\/catalogos\/#primaryimage\"},\"thumbnailUrl\":\"https:\/\/macambients.com\/wp-content\/themes\/mac\/images\/catelogs_bg.png\",\"datePublished\":\"2022-05-30T14:49:27+00:00\",\"dateModified\":\"2025-07-04T13:16:50+00:00\",\"breadcrumb\":{\"@id\":\"https:\/\/macambients.com\/es\/catalogos\/#breadcrumb\"},\"inLanguage\":\"es\",\"potentialAction\":[{\"@type\":\"ReadAction\",\"target\":[\"https:\/\/macambients.com\/es\/catalogos\/\"]}]},{\"@type\":\"ImageObject\",\"inLanguage\":\"es\",\"@id\":\"https:\/\/macambients.com\/es\/catalogos\/#primaryimage\",\"url\":\"https:\/\/macambients.com\/wp-content\/themes\/mac\/images\/catelogs_bg.png\",\"contentUrl\":\"https:\/\/macambients.com\/wp-content\/themes\/mac\/images\/catelogs_bg.png\"},{\"@type\":\"BreadcrumbList\",\"@id\":\"https:\/\/macambients.com\/es\/catalogos\/#breadcrumb\",\"itemListElement\":[{\"@type\":\"ListItem\",\"position\":1,\"name\":\"Home\",\"item\":\"https:\/\/macambients.com\/es\/\"},{\"@type\":\"ListItem\",\"position\":2,\"name\":\"Cat\u00e1logos\"}]},{\"@type\":\"WebSite\",\"@id\":\"https:\/\/macambients.com\/es\/#website\",\"url\":\"https:\/\/macambients.com\/es\/\",\"name\":\"MAC - Ambients Singulars\",\"description\":\"\",\"publisher\":{\"@id\":\"https:\/\/macambients.com\/es\/#organization\"},\"potentialAction\":[{\"@type\":\"SearchAction\",\"target\":{\"@type\":\"EntryPoint\",\"urlTemplate\":\"https:\/\/macambients.com\/es\/?s={search_term_string}\"},\"query-input\":\"required name=search_term_string\"}],\"inLanguage\":\"es\"},{\"@type\":\"Organization\",\"@id\":\"https:\/\/macambients.com\/es\/#organization\",\"name\":\"MAC - Ambients Singulars\",\"url\":\"https:\/\/macambients.com\/es\/\",\"logo\":{\"@type\":\"ImageObject\",\"inLanguage\":\"es\",\"@id\":\"https:\/\/macambients.com\/es\/#\/schema\/logo\/image\/\",\"url\":\"https:\/\/macambients.com\/wp-content\/uploads\/2022\/12\/logo.png\",\"contentUrl\":\"https:\/\/macambients.com\/wp-content\/uploads\/2022\/12\/logo.png\",\"width\":270,\"height\":55,\"caption\":\"MAC - Ambients Singulars\"},\"image\":{\"@id\":\"https:\/\/macambients.com\/es\/#\/schema\/logo\/image\/\"}}]}<\/script>\n<!-- \/ Yoast SEO plugin. -->","yoast_head_json":{"title":"Cat\u00e1logos","robots":{"index":"index","follow":"follow","max-snippet":"max-snippet:-1","max-image-preview":"max-image-preview:large","max-video-preview":"max-video-preview:-1"},"canonical":"https:\/\/macambients.com\/es\/catalogos\/","og_locale":"es_ES","og_type":"article","og_title":"Cat\u00e1logos","og_description":"Cat\u00e1logos En nuestros cat\u00e1logos de muebles podr\u00e1s descubrir una peque\u00f1a muestra de lo que hacemos en Mac: crear espacios \u00fanicos para vivir en ellos. Espacios singulares que te mostramos en estos cat\u00e1logos de muebles y donde encontrar\u00e1s una serie de ideas y composiciones de mobiliario que pueden ayudarte a conseguir el confort y el espacio [&hellip;]","og_url":"https:\/\/macambients.com\/es\/catalogos\/","og_site_name":"MAC - Ambients Singulars","article_modified_time":"2025-07-04T13:16:50+00:00","og_image":[{"url":"https:\/\/macambients.com\/wp-content\/themes\/mac\/images\/catelogs_bg.png"}],"twitter_card":"summary_large_image","twitter_misc":{"Tiempo de lectura":"2 minutos"},"schema":{"@context":"https:\/\/schema.org","@graph":[{"@type":"WebPage","@id":"https:\/\/macambients.com\/es\/catalogos\/","url":"https:\/\/macambients.com\/es\/catalogos\/","name":"Cat\u00e1logos","isPartOf":{"@id":"https:\/\/macambients.com\/es\/#website"},"primaryImageOfPage":{"@id":"https:\/\/macambients.com\/es\/catalogos\/#primaryimage"},"image":{"@id":"https:\/\/macambients.com\/es\/catalogos\/#primaryimage"},"thumbnailUrl":"https:\/\/macambients.com\/wp-content\/themes\/mac\/images\/catelogs_bg.png","datePublished":"2022-05-30T14:49:27+00:00","dateModified":"2025-07-04T13:16:50+00:00","breadcrumb":{"@id":"https:\/\/macambients.com\/es\/catalogos\/#breadcrumb"},"inLanguage":"es","potentialAction":[{"@type":"ReadAction","target":["https:\/\/macambients.com\/es\/catalogos\/"]}]},{"@type":"ImageObject","inLanguage":"es","@id":"https:\/\/macambients.com\/es\/catalogos\/#primaryimage","url":"https:\/\/macambients.com\/wp-content\/themes\/mac\/images\/catelogs_bg.png","contentUrl":"https:\/\/macambients.com\/wp-content\/themes\/mac\/images\/catelogs_bg.png"},{"@type":"BreadcrumbList","@id":"https:\/\/macambients.com\/es\/catalogos\/#breadcrumb","itemListElement":[{"@type":"ListItem","position":1,"name":"Home","item":"https:\/\/macambients.com\/es\/"},{"@type":"ListItem","position":2,"name":"Cat\u00e1logos"}]},{"@type":"WebSite","@id":"https:\/\/macambients.com\/es\/#website","url":"https:\/\/macambients.com\/es\/","name":"MAC - Ambients Singulars","description":"","publisher":{"@id":"https:\/\/macambients.com\/es\/#organization"},"potentialAction":[{"@type":"SearchAction","target":{"@type":"EntryPoint","urlTemplate":"https:\/\/macambients.com\/es\/?s={search_term_string}"},"query-input":"required name=search_term_string"}],"inLanguage":"es"},{"@type":"Organization","@id":"https:\/\/macambients.com\/es\/#organization","name":"MAC - Ambients Singulars","url":"https:\/\/macambients.com\/es\/","logo":{"@type":"ImageObject","inLanguage":"es","@id":"https:\/\/macambients.com\/es\/#\/schema\/logo\/image\/","url":"https:\/\/macambients.com\/wp-content\/uploads\/2022\/12\/logo.png","contentUrl":"https:\/\/macambients.com\/wp-content\/uploads\/2022\/12\/logo.png","width":270,"height":55,"caption":"MAC - Ambients Singulars"},"image":{"@id":"https:\/\/macambients.com\/es\/#\/schema\/logo\/image\/"}}]}},"_links":{"self":[{"href":"https:\/\/macambients.com\/es\/wp-json\/wp\/v2\/pages\/67"}],"collection":[{"href":"https:\/\/macambients.com\/es\/wp-json\/wp\/v2\/pages"}],"about":[{"href":"https:\/\/macambients.com\/es\/wp-json\/wp\/v2\/types\/page"}],"author":[{"embeddable":true,"href":"https:\/\/macambients.com\/es\/wp-json\/wp\/v2\/users\/1"}],"replies":[{"embeddable":true,"href":"https:\/\/macambients.com\/es\/wp-json\/wp\/v2\/comments?post=67"}],"version-history":[{"count":19,"href":"https:\/\/macambients.com\/es\/wp-json\/wp\/v2\/pages\/67\/revisions"}],"predecessor-version":[{"id":57639,"href":"https:\/\/macambients.com\/es\/wp-json\/wp\/v2\/pages\/67\/revisions\/57639"}],"wp:attachment":[{"href":"https:\/\/macambients.com\/es\/wp-json\/wp\/v2\/media?parent=67"}],"curies":[{"name":"wp","href":"https:\/\/api.w.org\/{rel}","templated":true}]}}