{"id":21912,"date":"2020-09-22T08:23:56","date_gmt":"2020-09-22T08:23:56","guid":{"rendered":"http:\/\/142.132.250.155\/~mac\/product\/cerdanya-04\/"},"modified":"2025-04-16T08:01:00","modified_gmt":"2025-04-16T08:01:00","slug":"cerdanya-04","status":"publish","type":"product","link":"https:\/\/macambients.com\/es\/product\/cerdanya-04\/","title":{"rendered":"CERDANYA-04"},"content":{"rendered":"<p>Composici\u00f3n de comedor r\u00fastico formado por :<\/p>\n<ul>\n<li>Mesa de comedor r\u00fastica de 180&#215;80 cm con dos cajones extra\u00edbles. Con el extensible mide 280 cm, 960\u20ac<\/li>\n<li>4 sillas r\u00fasticas de comedor de 45&#215;100 230\u20ac\/unidad.<\/li>\n<li>Mueble de TV r\u00fastico de 160&#215;59 con 5 cajones y un hueco, 787\u20ac<\/li>\n<li>Bufet r\u00fastico de 200&#215;90 cm con 2 puertas correderas y cuatro cajones, 1.304\u20ac<\/li>\n<li>Estanter\u00eda estrecha r\u00fastica de 55&#215;190 con 4 estantes y tres cajones, 866\u20ac<\/li>\n<li>Estanter\u00eda r\u00fastica de 100&#215;190 con 8 estantes amplios y seis cajones, 1.219\u20ac<\/li>\n<\/ul>\n<p><strong>TRANPORTE Y MONTAJE INCLUIDOS EN EL PRECIO.<\/strong><\/p>\n","protected":false},"excerpt":{"rendered":"<p>Composici\u00f3n de comedor r\u00fastico formado por : Mesa de comedor r\u00fastica de 180&#215;80 cm con dos cajones extra\u00edbles. Con el extensible mide 280 cm, 960\u20ac 4 sillas r\u00fasticas de comedor de 45&#215;100 230\u20ac\/unidad. Mueble de TV r\u00fastico de 160&#215;59 con 5 cajones y un hueco, 787\u20ac Bufet r\u00fastico de 200&#215;90 cm con 2 puertas correderas [&hellip;]<\/p>\n","protected":false},"featured_media":5466,"template":"","meta":{"_acf_changed":false,"_joinchat":[]},"product_cat":[654,655,2835,2917,682,666,660],"product_tag":[],"class_list":{"0":"post-21912","1":"product","2":"type-product","3":"status-publish","4":"has-post-thumbnail","6":"product_cat-comedores","7":"product_cat-bufets","8":"product_cat-cerdanya-es","9":"product_cat-cerdanya-es-2","10":"product_cat-comedores-rusticos","11":"product_cat-muebles-tv","12":"product_cat-mesas-comedor","14":"first","15":"instock","16":"taxable","17":"shipping-taxable","18":"product-type-simple"},"acf":[],"yoast_head":"<!-- This site is optimized with the Yoast SEO plugin v23.3 - https:\/\/yoast.com\/wordpress\/plugins\/seo\/ -->\n<title>CERDANYA-04 - MAC - Ambients Singulars<\/title>\n<meta name=\"robots\" content=\"index, follow, max-snippet:-1, max-image-preview:large, max-video-preview:-1\" \/>\n<link rel=\"canonical\" href=\"https:\/\/macambients.com\/es\/product\/cerdanya-04\/\" \/>\n<meta property=\"og:locale\" content=\"es_ES\" \/>\n<meta property=\"og:type\" content=\"article\" \/>\n<meta property=\"og:title\" content=\"CERDANYA-04 - MAC - Ambients Singulars\" \/>\n<meta property=\"og:description\" content=\"Composici\u00f3n de comedor r\u00fastico formado por : Mesa de comedor r\u00fastica de 180&#215;80 cm con dos cajones extra\u00edbles. Con el extensible mide 280 cm, 960\u20ac 4 sillas r\u00fasticas de comedor de 45&#215;100 230\u20ac\/unidad. Mueble de TV r\u00fastico de 160&#215;59 con 5 cajones y un hueco, 787\u20ac Bufet r\u00fastico de 200&#215;90 cm con 2 puertas correderas [&hellip;]\" \/>\n<meta property=\"og:url\" content=\"https:\/\/macambients.com\/es\/product\/cerdanya-04\/\" \/>\n<meta property=\"og:site_name\" content=\"MAC - Ambients Singulars\" \/>\n<meta property=\"article:modified_time\" content=\"2025-04-16T08:01:00+00:00\" \/>\n<meta property=\"og:image\" content=\"https:\/\/macambients.com\/wp-content\/uploads\/2022\/06\/Cerdanya-04.jpg\" \/>\n\t<meta property=\"og:image:width\" content=\"1600\" \/>\n\t<meta property=\"og:image:height\" content=\"1120\" \/>\n\t<meta property=\"og:image:type\" content=\"image\/jpeg\" \/>\n<meta name=\"twitter:card\" content=\"summary_large_image\" \/>\n<meta name=\"twitter:label1\" content=\"Tiempo de lectura\" \/>\n\t<meta name=\"twitter:data1\" content=\"1 minuto\" \/>\n<script type=\"application\/ld+json\" class=\"yoast-schema-graph\">{\"@context\":\"https:\/\/schema.org\",\"@graph\":[{\"@type\":\"WebPage\",\"@id\":\"https:\/\/macambients.com\/es\/product\/cerdanya-04\/\",\"url\":\"https:\/\/macambients.com\/es\/product\/cerdanya-04\/\",\"name\":\"CERDANYA-04 - MAC - Ambients Singulars\",\"isPartOf\":{\"@id\":\"https:\/\/macambients.com\/es\/#website\"},\"primaryImageOfPage\":{\"@id\":\"https:\/\/macambients.com\/es\/product\/cerdanya-04\/#primaryimage\"},\"image\":{\"@id\":\"https:\/\/macambients.com\/es\/product\/cerdanya-04\/#primaryimage\"},\"thumbnailUrl\":\"https:\/\/macambients.com\/wp-content\/uploads\/2022\/06\/Cerdanya-04.jpg\",\"datePublished\":\"2020-09-22T08:23:56+00:00\",\"dateModified\":\"2025-04-16T08:01:00+00:00\",\"breadcrumb\":{\"@id\":\"https:\/\/macambients.com\/es\/product\/cerdanya-04\/#breadcrumb\"},\"inLanguage\":\"es\",\"potentialAction\":[{\"@type\":\"ReadAction\",\"target\":[\"https:\/\/macambients.com\/es\/product\/cerdanya-04\/\"]}]},{\"@type\":\"ImageObject\",\"inLanguage\":\"es\",\"@id\":\"https:\/\/macambients.com\/es\/product\/cerdanya-04\/#primaryimage\",\"url\":\"https:\/\/macambients.com\/wp-content\/uploads\/2022\/06\/Cerdanya-04.jpg\",\"contentUrl\":\"https:\/\/macambients.com\/wp-content\/uploads\/2022\/06\/Cerdanya-04.jpg\",\"width\":1600,\"height\":1120},{\"@type\":\"BreadcrumbList\",\"@id\":\"https:\/\/macambients.com\/es\/product\/cerdanya-04\/#breadcrumb\",\"itemListElement\":[{\"@type\":\"ListItem\",\"position\":1,\"name\":\"Home\",\"item\":\"https:\/\/macambients.com\/es\/\"},{\"@type\":\"ListItem\",\"position\":2,\"name\":\"Shop\",\"item\":\"https:\/\/macambients.com\/es\/shop\/\"},{\"@type\":\"ListItem\",\"position\":3,\"name\":\"CERDANYA-04\"}]},{\"@type\":\"WebSite\",\"@id\":\"https:\/\/macambients.com\/es\/#website\",\"url\":\"https:\/\/macambients.com\/es\/\",\"name\":\"MAC - Ambients Singulars\",\"description\":\"\",\"publisher\":{\"@id\":\"https:\/\/macambients.com\/es\/#organization\"},\"potentialAction\":[{\"@type\":\"SearchAction\",\"target\":{\"@type\":\"EntryPoint\",\"urlTemplate\":\"https:\/\/macambients.com\/es\/?s={search_term_string}\"},\"query-input\":\"required name=search_term_string\"}],\"inLanguage\":\"es\"},{\"@type\":\"Organization\",\"@id\":\"https:\/\/macambients.com\/es\/#organization\",\"name\":\"MAC - Ambients Singulars\",\"url\":\"https:\/\/macambients.com\/es\/\",\"logo\":{\"@type\":\"ImageObject\",\"inLanguage\":\"es\",\"@id\":\"https:\/\/macambients.com\/es\/#\/schema\/logo\/image\/\",\"url\":\"https:\/\/macambients.com\/wp-content\/uploads\/2022\/12\/logo.png\",\"contentUrl\":\"https:\/\/macambients.com\/wp-content\/uploads\/2022\/12\/logo.png\",\"width\":270,\"height\":55,\"caption\":\"MAC - Ambients Singulars\"},\"image\":{\"@id\":\"https:\/\/macambients.com\/es\/#\/schema\/logo\/image\/\"}}]}<\/script>\n<!-- \/ Yoast SEO plugin. -->","yoast_head_json":{"title":"CERDANYA-04 - MAC - Ambients Singulars","robots":{"index":"index","follow":"follow","max-snippet":"max-snippet:-1","max-image-preview":"max-image-preview:large","max-video-preview":"max-video-preview:-1"},"canonical":"https:\/\/macambients.com\/es\/product\/cerdanya-04\/","og_locale":"es_ES","og_type":"article","og_title":"CERDANYA-04 - MAC - Ambients Singulars","og_description":"Composici\u00f3n de comedor r\u00fastico formado por : Mesa de comedor r\u00fastica de 180&#215;80 cm con dos cajones extra\u00edbles. Con el extensible mide 280 cm, 960\u20ac 4 sillas r\u00fasticas de comedor de 45&#215;100 230\u20ac\/unidad. Mueble de TV r\u00fastico de 160&#215;59 con 5 cajones y un hueco, 787\u20ac Bufet r\u00fastico de 200&#215;90 cm con 2 puertas correderas [&hellip;]","og_url":"https:\/\/macambients.com\/es\/product\/cerdanya-04\/","og_site_name":"MAC - Ambients Singulars","article_modified_time":"2025-04-16T08:01:00+00:00","og_image":[{"width":1600,"height":1120,"url":"https:\/\/macambients.com\/wp-content\/uploads\/2022\/06\/Cerdanya-04.jpg","type":"image\/jpeg"}],"twitter_card":"summary_large_image","twitter_misc":{"Tiempo de lectura":"1 minuto"},"schema":{"@context":"https:\/\/schema.org","@graph":[{"@type":"WebPage","@id":"https:\/\/macambients.com\/es\/product\/cerdanya-04\/","url":"https:\/\/macambients.com\/es\/product\/cerdanya-04\/","name":"CERDANYA-04 - MAC - Ambients Singulars","isPartOf":{"@id":"https:\/\/macambients.com\/es\/#website"},"primaryImageOfPage":{"@id":"https:\/\/macambients.com\/es\/product\/cerdanya-04\/#primaryimage"},"image":{"@id":"https:\/\/macambients.com\/es\/product\/cerdanya-04\/#primaryimage"},"thumbnailUrl":"https:\/\/macambients.com\/wp-content\/uploads\/2022\/06\/Cerdanya-04.jpg","datePublished":"2020-09-22T08:23:56+00:00","dateModified":"2025-04-16T08:01:00+00:00","breadcrumb":{"@id":"https:\/\/macambients.com\/es\/product\/cerdanya-04\/#breadcrumb"},"inLanguage":"es","potentialAction":[{"@type":"ReadAction","target":["https:\/\/macambients.com\/es\/product\/cerdanya-04\/"]}]},{"@type":"ImageObject","inLanguage":"es","@id":"https:\/\/macambients.com\/es\/product\/cerdanya-04\/#primaryimage","url":"https:\/\/macambients.com\/wp-content\/uploads\/2022\/06\/Cerdanya-04.jpg","contentUrl":"https:\/\/macambients.com\/wp-content\/uploads\/2022\/06\/Cerdanya-04.jpg","width":1600,"height":1120},{"@type":"BreadcrumbList","@id":"https:\/\/macambients.com\/es\/product\/cerdanya-04\/#breadcrumb","itemListElement":[{"@type":"ListItem","position":1,"name":"Home","item":"https:\/\/macambients.com\/es\/"},{"@type":"ListItem","position":2,"name":"Shop","item":"https:\/\/macambients.com\/es\/shop\/"},{"@type":"ListItem","position":3,"name":"CERDANYA-04"}]},{"@type":"WebSite","@id":"https:\/\/macambients.com\/es\/#website","url":"https:\/\/macambients.com\/es\/","name":"MAC - Ambients Singulars","description":"","publisher":{"@id":"https:\/\/macambients.com\/es\/#organization"},"potentialAction":[{"@type":"SearchAction","target":{"@type":"EntryPoint","urlTemplate":"https:\/\/macambients.com\/es\/?s={search_term_string}"},"query-input":"required name=search_term_string"}],"inLanguage":"es"},{"@type":"Organization","@id":"https:\/\/macambients.com\/es\/#organization","name":"MAC - Ambients Singulars","url":"https:\/\/macambients.com\/es\/","logo":{"@type":"ImageObject","inLanguage":"es","@id":"https:\/\/macambients.com\/es\/#\/schema\/logo\/image\/","url":"https:\/\/macambients.com\/wp-content\/uploads\/2022\/12\/logo.png","contentUrl":"https:\/\/macambients.com\/wp-content\/uploads\/2022\/12\/logo.png","width":270,"height":55,"caption":"MAC - Ambients Singulars"},"image":{"@id":"https:\/\/macambients.com\/es\/#\/schema\/logo\/image\/"}}]}},"_links":{"self":[{"href":"https:\/\/macambients.com\/es\/wp-json\/wp\/v2\/product\/21912"}],"collection":[{"href":"https:\/\/macambients.com\/es\/wp-json\/wp\/v2\/product"}],"about":[{"href":"https:\/\/macambients.com\/es\/wp-json\/wp\/v2\/types\/product"}],"wp:featuredmedia":[{"embeddable":true,"href":"https:\/\/macambients.com\/es\/wp-json\/wp\/v2\/media\/5466"}],"wp:attachment":[{"href":"https:\/\/macambients.com\/es\/wp-json\/wp\/v2\/media?parent=21912"}],"wp:term":[{"taxonomy":"product_cat","embeddable":true,"href":"https:\/\/macambients.com\/es\/wp-json\/wp\/v2\/product_cat?post=21912"},{"taxonomy":"product_tag","embeddable":true,"href":"https:\/\/macambients.com\/es\/wp-json\/wp\/v2\/product_tag?post=21912"}],"curies":[{"name":"wp","href":"https:\/\/api.w.org\/{rel}","templated":true}]}}