{"id":25296,"date":"2023-01-11T11:38:11","date_gmt":"2023-01-11T11:38:11","guid":{"rendered":"https:\/\/macambients.com\/?post_type=product&#038;p=25296"},"modified":"2026-01-13T11:30:13","modified_gmt":"2026-01-13T11:30:13","slug":"vers-15","status":"publish","type":"product","link":"https:\/\/macambients.com\/es\/product\/vers-15\/","title":{"rendered":"VERS 15"},"content":{"rendered":"<p>Composici\u00f3n de habitaci\u00f3n de doble cama de 190x90cm con brazo ba\u00fal con nido oculto con ruedas y con m\u00f3dulo bajo de cuatro cajones, armario con tres puertas, escalera con dos cajones, mesa de escritorio terminaci\u00f3n recto volado con panel alto, m\u00f3dulo vertical para colgar de una puerta con pulsador, m\u00f3dulo para colgar de una puerta inferior con pulsador y estanter\u00eda para colgar de dos estantes.<\/p>\n<p>LOS COMPLEMENTOS NO EST\u00c1N INCLUIDOS.<\/p>\n<p>TRANSPORTE Y MONTAJE INCLUIDOS EN EL PRECIO.<\/p>\n<p>&nbsp;<\/p>\n","protected":false},"excerpt":{"rendered":"<p>Composici\u00f3n de habitaci\u00f3n de doble cama de 190x90cm con brazo ba\u00fal con nido oculto con ruedas y con m\u00f3dulo bajo de cuatro cajones, armario con tres puertas, escalera con dos cajones, mesa de escritorio terminaci\u00f3n recto volado con panel alto, m\u00f3dulo vertical para colgar de una puerta con pulsador, m\u00f3dulo para colgar de una puerta [&hellip;]<\/p>\n","protected":false},"featured_media":25260,"template":"","meta":{"_acf_changed":false,"_joinchat":[]},"product_cat":[2869,724,2763,672],"product_tag":[],"class_list":{"0":"post-25296","1":"product","2":"type-product","3":"status-publish","4":"has-post-thumbnail","6":"product_cat-vers-es-3","7":"product_cat-dormitorios-infantiles-y-juveniles","8":"product_cat-vers-es","9":"product_cat-composiciones-ninos-y-jovenes","11":"first","12":"instock","13":"taxable","14":"shipping-taxable","15":"purchasable","16":"product-type-simple"},"acf":[],"yoast_head":"<!-- This site is optimized with the Yoast SEO plugin v23.3 - https:\/\/yoast.com\/wordpress\/plugins\/seo\/ -->\n<title>Dormitorio infantil y juvenil VERS 15 - MAC - Ambients Singulars<\/title>\n<meta name=\"description\" content=\"Doble cama, armario con tres puertas, escalera con dos cajones, mesa de escritorio terminaci\u00f3n recto volado con panel alto, m\u00f3dulo vertical para colgar.\" \/>\n<meta name=\"robots\" content=\"index, follow, max-snippet:-1, max-image-preview:large, max-video-preview:-1\" \/>\n<link rel=\"canonical\" href=\"https:\/\/macambients.com\/es\/product\/vers-15\/\" \/>\n<meta property=\"og:locale\" content=\"es_ES\" \/>\n<meta property=\"og:type\" content=\"article\" \/>\n<meta property=\"og:title\" content=\"Dormitorio infantil y juvenil VERS 15 - MAC - Ambients Singulars\" \/>\n<meta property=\"og:description\" content=\"Doble cama, armario con tres puertas, escalera con dos cajones, mesa de escritorio terminaci\u00f3n recto volado con panel alto, m\u00f3dulo vertical para colgar.\" \/>\n<meta property=\"og:url\" content=\"https:\/\/macambients.com\/es\/product\/vers-15\/\" \/>\n<meta property=\"og:site_name\" content=\"MAC - Ambients Singulars\" \/>\n<meta property=\"article:modified_time\" content=\"2026-01-13T11:30:13+00:00\" \/>\n<meta property=\"og:image\" content=\"https:\/\/macambients.com\/wp-content\/uploads\/2023\/01\/BERNA-15.jpg\" \/>\n\t<meta property=\"og:image:width\" content=\"1600\" \/>\n\t<meta property=\"og:image:height\" content=\"1120\" \/>\n\t<meta property=\"og:image:type\" content=\"image\/jpeg\" \/>\n<meta name=\"twitter:card\" content=\"summary_large_image\" \/>\n<meta name=\"twitter:label1\" content=\"Tiempo de lectura\" \/>\n\t<meta name=\"twitter:data1\" content=\"1 minuto\" \/>\n<script type=\"application\/ld+json\" class=\"yoast-schema-graph\">{\"@context\":\"https:\/\/schema.org\",\"@graph\":[{\"@type\":\"WebPage\",\"@id\":\"https:\/\/macambients.com\/es\/product\/vers-15\/\",\"url\":\"https:\/\/macambients.com\/es\/product\/vers-15\/\",\"name\":\"Dormitorio infantil y juvenil VERS 15 - MAC - Ambients Singulars\",\"isPartOf\":{\"@id\":\"https:\/\/macambients.com\/es\/#website\"},\"primaryImageOfPage\":{\"@id\":\"https:\/\/macambients.com\/es\/product\/vers-15\/#primaryimage\"},\"image\":{\"@id\":\"https:\/\/macambients.com\/es\/product\/vers-15\/#primaryimage\"},\"thumbnailUrl\":\"https:\/\/macambients.com\/wp-content\/uploads\/2023\/01\/BERNA-15.jpg\",\"datePublished\":\"2023-01-11T11:38:11+00:00\",\"dateModified\":\"2026-01-13T11:30:13+00:00\",\"description\":\"Doble cama, armario con tres puertas, escalera con dos cajones, mesa de escritorio terminaci\u00f3n recto volado con panel alto, m\u00f3dulo vertical para colgar.\",\"breadcrumb\":{\"@id\":\"https:\/\/macambients.com\/es\/product\/vers-15\/#breadcrumb\"},\"inLanguage\":\"es\",\"potentialAction\":[{\"@type\":\"ReadAction\",\"target\":[\"https:\/\/macambients.com\/es\/product\/vers-15\/\"]}]},{\"@type\":\"ImageObject\",\"inLanguage\":\"es\",\"@id\":\"https:\/\/macambients.com\/es\/product\/vers-15\/#primaryimage\",\"url\":\"https:\/\/macambients.com\/wp-content\/uploads\/2023\/01\/BERNA-15.jpg\",\"contentUrl\":\"https:\/\/macambients.com\/wp-content\/uploads\/2023\/01\/BERNA-15.jpg\",\"width\":1600,\"height\":1120},{\"@type\":\"BreadcrumbList\",\"@id\":\"https:\/\/macambients.com\/es\/product\/vers-15\/#breadcrumb\",\"itemListElement\":[{\"@type\":\"ListItem\",\"position\":1,\"name\":\"Home\",\"item\":\"https:\/\/macambients.com\/es\/\"},{\"@type\":\"ListItem\",\"position\":2,\"name\":\"Shop\",\"item\":\"https:\/\/macambients.com\/es\/shop\/\"},{\"@type\":\"ListItem\",\"position\":3,\"name\":\"VERS 15\"}]},{\"@type\":\"WebSite\",\"@id\":\"https:\/\/macambients.com\/es\/#website\",\"url\":\"https:\/\/macambients.com\/es\/\",\"name\":\"MAC - Ambients Singulars\",\"description\":\"\",\"publisher\":{\"@id\":\"https:\/\/macambients.com\/es\/#organization\"},\"potentialAction\":[{\"@type\":\"SearchAction\",\"target\":{\"@type\":\"EntryPoint\",\"urlTemplate\":\"https:\/\/macambients.com\/es\/?s={search_term_string}\"},\"query-input\":\"required name=search_term_string\"}],\"inLanguage\":\"es\"},{\"@type\":\"Organization\",\"@id\":\"https:\/\/macambients.com\/es\/#organization\",\"name\":\"MAC - Ambients Singulars\",\"url\":\"https:\/\/macambients.com\/es\/\",\"logo\":{\"@type\":\"ImageObject\",\"inLanguage\":\"es\",\"@id\":\"https:\/\/macambients.com\/es\/#\/schema\/logo\/image\/\",\"url\":\"https:\/\/macambients.com\/wp-content\/uploads\/2022\/12\/logo.png\",\"contentUrl\":\"https:\/\/macambients.com\/wp-content\/uploads\/2022\/12\/logo.png\",\"width\":270,\"height\":55,\"caption\":\"MAC - Ambients Singulars\"},\"image\":{\"@id\":\"https:\/\/macambients.com\/es\/#\/schema\/logo\/image\/\"}}]}<\/script>\n<!-- \/ Yoast SEO plugin. -->","yoast_head_json":{"title":"Dormitorio infantil y juvenil VERS 15 - MAC - Ambients Singulars","description":"Doble cama, armario con tres puertas, escalera con dos cajones, mesa de escritorio terminaci\u00f3n recto volado con panel alto, m\u00f3dulo vertical para colgar.","robots":{"index":"index","follow":"follow","max-snippet":"max-snippet:-1","max-image-preview":"max-image-preview:large","max-video-preview":"max-video-preview:-1"},"canonical":"https:\/\/macambients.com\/es\/product\/vers-15\/","og_locale":"es_ES","og_type":"article","og_title":"Dormitorio infantil y juvenil VERS 15 - MAC - Ambients Singulars","og_description":"Doble cama, armario con tres puertas, escalera con dos cajones, mesa de escritorio terminaci\u00f3n recto volado con panel alto, m\u00f3dulo vertical para colgar.","og_url":"https:\/\/macambients.com\/es\/product\/vers-15\/","og_site_name":"MAC - Ambients Singulars","article_modified_time":"2026-01-13T11:30:13+00:00","og_image":[{"width":1600,"height":1120,"url":"https:\/\/macambients.com\/wp-content\/uploads\/2023\/01\/BERNA-15.jpg","type":"image\/jpeg"}],"twitter_card":"summary_large_image","twitter_misc":{"Tiempo de lectura":"1 minuto"},"schema":{"@context":"https:\/\/schema.org","@graph":[{"@type":"WebPage","@id":"https:\/\/macambients.com\/es\/product\/vers-15\/","url":"https:\/\/macambients.com\/es\/product\/vers-15\/","name":"Dormitorio infantil y juvenil VERS 15 - MAC - Ambients Singulars","isPartOf":{"@id":"https:\/\/macambients.com\/es\/#website"},"primaryImageOfPage":{"@id":"https:\/\/macambients.com\/es\/product\/vers-15\/#primaryimage"},"image":{"@id":"https:\/\/macambients.com\/es\/product\/vers-15\/#primaryimage"},"thumbnailUrl":"https:\/\/macambients.com\/wp-content\/uploads\/2023\/01\/BERNA-15.jpg","datePublished":"2023-01-11T11:38:11+00:00","dateModified":"2026-01-13T11:30:13+00:00","description":"Doble cama, armario con tres puertas, escalera con dos cajones, mesa de escritorio terminaci\u00f3n recto volado con panel alto, m\u00f3dulo vertical para colgar.","breadcrumb":{"@id":"https:\/\/macambients.com\/es\/product\/vers-15\/#breadcrumb"},"inLanguage":"es","potentialAction":[{"@type":"ReadAction","target":["https:\/\/macambients.com\/es\/product\/vers-15\/"]}]},{"@type":"ImageObject","inLanguage":"es","@id":"https:\/\/macambients.com\/es\/product\/vers-15\/#primaryimage","url":"https:\/\/macambients.com\/wp-content\/uploads\/2023\/01\/BERNA-15.jpg","contentUrl":"https:\/\/macambients.com\/wp-content\/uploads\/2023\/01\/BERNA-15.jpg","width":1600,"height":1120},{"@type":"BreadcrumbList","@id":"https:\/\/macambients.com\/es\/product\/vers-15\/#breadcrumb","itemListElement":[{"@type":"ListItem","position":1,"name":"Home","item":"https:\/\/macambients.com\/es\/"},{"@type":"ListItem","position":2,"name":"Shop","item":"https:\/\/macambients.com\/es\/shop\/"},{"@type":"ListItem","position":3,"name":"VERS 15"}]},{"@type":"WebSite","@id":"https:\/\/macambients.com\/es\/#website","url":"https:\/\/macambients.com\/es\/","name":"MAC - Ambients Singulars","description":"","publisher":{"@id":"https:\/\/macambients.com\/es\/#organization"},"potentialAction":[{"@type":"SearchAction","target":{"@type":"EntryPoint","urlTemplate":"https:\/\/macambients.com\/es\/?s={search_term_string}"},"query-input":"required name=search_term_string"}],"inLanguage":"es"},{"@type":"Organization","@id":"https:\/\/macambients.com\/es\/#organization","name":"MAC - Ambients Singulars","url":"https:\/\/macambients.com\/es\/","logo":{"@type":"ImageObject","inLanguage":"es","@id":"https:\/\/macambients.com\/es\/#\/schema\/logo\/image\/","url":"https:\/\/macambients.com\/wp-content\/uploads\/2022\/12\/logo.png","contentUrl":"https:\/\/macambients.com\/wp-content\/uploads\/2022\/12\/logo.png","width":270,"height":55,"caption":"MAC - Ambients Singulars"},"image":{"@id":"https:\/\/macambients.com\/es\/#\/schema\/logo\/image\/"}}]}},"_links":{"self":[{"href":"https:\/\/macambients.com\/es\/wp-json\/wp\/v2\/product\/25296"}],"collection":[{"href":"https:\/\/macambients.com\/es\/wp-json\/wp\/v2\/product"}],"about":[{"href":"https:\/\/macambients.com\/es\/wp-json\/wp\/v2\/types\/product"}],"wp:featuredmedia":[{"embeddable":true,"href":"https:\/\/macambients.com\/es\/wp-json\/wp\/v2\/media\/25260"}],"wp:attachment":[{"href":"https:\/\/macambients.com\/es\/wp-json\/wp\/v2\/media?parent=25296"}],"wp:term":[{"taxonomy":"product_cat","embeddable":true,"href":"https:\/\/macambients.com\/es\/wp-json\/wp\/v2\/product_cat?post=25296"},{"taxonomy":"product_tag","embeddable":true,"href":"https:\/\/macambients.com\/es\/wp-json\/wp\/v2\/product_tag?post=25296"}],"curies":[{"name":"wp","href":"https:\/\/api.w.org\/{rel}","templated":true}]}}