{"id":25425,"date":"2023-01-16T09:49:12","date_gmt":"2023-01-16T09:49:12","guid":{"rendered":"https:\/\/macambients.com\/product\/vers-21\/"},"modified":"2023-05-11T13:05:44","modified_gmt":"2023-05-11T13:05:44","slug":"vers-21","status":"publish","type":"product","link":"https:\/\/macambients.com\/es\/product\/vers-21\/","title":{"rendered":"VERS 21"},"content":{"rendered":"<p>Composici\u00f3n de habitaci\u00f3n con cama compacta de 190x90cm con m\u00f3dulo bajo de una puerta corredera y cama compacta de 190x90cm con m\u00f3dulo bajo de dos cajones, armario en el rinc\u00f3n para la mesa de escritorio de 140cm con terminaci\u00f3n curva volada con panel bajo, armario con puerta y con cuatro cajones y con hueco, mesita chafl\u00e1n con tres cajones y con ruedas y estanter\u00eda para colgar de tres huecos de 151cm.<\/p>\n<p>LOS COMPLEMENTOS NO EST\u00c1N INCLUIDOS.<\/p>\n<p>TRANSPORTE Y MONTAJE INCLUIDOS EN EL PRECIO.<\/p>\n<p>&nbsp;<\/p>\n","protected":false},"excerpt":{"rendered":"<p>Composici\u00f3n de habitaci\u00f3n con cama compacta de 190x90cm con m\u00f3dulo bajo de una puerta corredera y cama compacta de 190x90cm con m\u00f3dulo bajo de dos cajones, armario en el rinc\u00f3n para la mesa de escritorio de 140cm con terminaci\u00f3n curva volada con panel bajo, armario con puerta y con cuatro cajones y con hueco, mesita [&hellip;]<\/p>\n","protected":false},"featured_media":25402,"template":"","meta":{"_acf_changed":false,"_joinchat":[]},"product_cat":[2869,724,2763,672],"product_tag":[],"class_list":{"0":"post-25425","1":"product","2":"type-product","3":"status-publish","4":"has-post-thumbnail","6":"product_cat-vers-es-3","7":"product_cat-dormitorios-infantiles-y-juveniles","8":"product_cat-vers-es","9":"product_cat-composiciones-ninos-y-jovenes","11":"first","12":"instock","13":"taxable","14":"shipping-taxable","15":"purchasable","16":"product-type-simple"},"acf":[],"yoast_head":"<!-- This site is optimized with the Yoast SEO plugin v23.3 - https:\/\/yoast.com\/wordpress\/plugins\/seo\/ -->\n<title>Dormitorio infantil y juvenil VERS 21 - MAC - Ambients Singulars<\/title>\n<meta name=\"description\" content=\"Habitaci\u00f3n con cama, m\u00f3dulo bajo de una puerta corredera, escritorio, armario con puerta, mesita chafl\u00e1n y estanter\u00eda para colgar de tres huecos de 151cm.\" \/>\n<meta name=\"robots\" content=\"index, follow, max-snippet:-1, max-image-preview:large, max-video-preview:-1\" \/>\n<link rel=\"canonical\" href=\"https:\/\/macambients.com\/es\/product\/vers-21\/\" \/>\n<meta property=\"og:locale\" content=\"es_ES\" \/>\n<meta property=\"og:type\" content=\"article\" \/>\n<meta property=\"og:title\" content=\"Dormitorio infantil y juvenil VERS 21 - MAC - Ambients Singulars\" \/>\n<meta property=\"og:description\" content=\"Habitaci\u00f3n con cama, m\u00f3dulo bajo de una puerta corredera, escritorio, armario con puerta, mesita chafl\u00e1n y estanter\u00eda para colgar de tres huecos de 151cm.\" \/>\n<meta property=\"og:url\" content=\"https:\/\/macambients.com\/es\/product\/vers-21\/\" \/>\n<meta property=\"og:site_name\" content=\"MAC - Ambients Singulars\" \/>\n<meta property=\"article:modified_time\" content=\"2023-05-11T13:05:44+00:00\" \/>\n<meta property=\"og:image\" content=\"https:\/\/macambients.com\/wp-content\/uploads\/2023\/01\/Vers-21.jpg\" \/>\n\t<meta property=\"og:image:width\" content=\"1600\" \/>\n\t<meta property=\"og:image:height\" content=\"1120\" \/>\n\t<meta property=\"og:image:type\" content=\"image\/jpeg\" \/>\n<meta name=\"twitter:card\" content=\"summary_large_image\" \/>\n<meta name=\"twitter:label1\" content=\"Tiempo de lectura\" \/>\n\t<meta name=\"twitter:data1\" content=\"1 minuto\" \/>\n<script type=\"application\/ld+json\" class=\"yoast-schema-graph\">{\"@context\":\"https:\/\/schema.org\",\"@graph\":[{\"@type\":\"WebPage\",\"@id\":\"https:\/\/macambients.com\/es\/product\/vers-21\/\",\"url\":\"https:\/\/macambients.com\/es\/product\/vers-21\/\",\"name\":\"Dormitorio infantil y juvenil VERS 21 - MAC - Ambients Singulars\",\"isPartOf\":{\"@id\":\"https:\/\/macambients.com\/es\/#website\"},\"primaryImageOfPage\":{\"@id\":\"https:\/\/macambients.com\/es\/product\/vers-21\/#primaryimage\"},\"image\":{\"@id\":\"https:\/\/macambients.com\/es\/product\/vers-21\/#primaryimage\"},\"thumbnailUrl\":\"https:\/\/macambients.com\/wp-content\/uploads\/2023\/01\/Vers-21.jpg\",\"datePublished\":\"2023-01-16T09:49:12+00:00\",\"dateModified\":\"2023-05-11T13:05:44+00:00\",\"description\":\"Habitaci\u00f3n con cama, m\u00f3dulo bajo de una puerta corredera, escritorio, armario con puerta, mesita chafl\u00e1n y estanter\u00eda para colgar de tres huecos de 151cm.\",\"breadcrumb\":{\"@id\":\"https:\/\/macambients.com\/es\/product\/vers-21\/#breadcrumb\"},\"inLanguage\":\"es\",\"potentialAction\":[{\"@type\":\"ReadAction\",\"target\":[\"https:\/\/macambients.com\/es\/product\/vers-21\/\"]}]},{\"@type\":\"ImageObject\",\"inLanguage\":\"es\",\"@id\":\"https:\/\/macambients.com\/es\/product\/vers-21\/#primaryimage\",\"url\":\"https:\/\/macambients.com\/wp-content\/uploads\/2023\/01\/Vers-21.jpg\",\"contentUrl\":\"https:\/\/macambients.com\/wp-content\/uploads\/2023\/01\/Vers-21.jpg\",\"width\":1600,\"height\":1120},{\"@type\":\"BreadcrumbList\",\"@id\":\"https:\/\/macambients.com\/es\/product\/vers-21\/#breadcrumb\",\"itemListElement\":[{\"@type\":\"ListItem\",\"position\":1,\"name\":\"Home\",\"item\":\"https:\/\/macambients.com\/es\/\"},{\"@type\":\"ListItem\",\"position\":2,\"name\":\"Shop\",\"item\":\"https:\/\/macambients.com\/es\/shop\/\"},{\"@type\":\"ListItem\",\"position\":3,\"name\":\"VERS 21\"}]},{\"@type\":\"WebSite\",\"@id\":\"https:\/\/macambients.com\/es\/#website\",\"url\":\"https:\/\/macambients.com\/es\/\",\"name\":\"MAC - Ambients Singulars\",\"description\":\"\",\"publisher\":{\"@id\":\"https:\/\/macambients.com\/es\/#organization\"},\"potentialAction\":[{\"@type\":\"SearchAction\",\"target\":{\"@type\":\"EntryPoint\",\"urlTemplate\":\"https:\/\/macambients.com\/es\/?s={search_term_string}\"},\"query-input\":\"required name=search_term_string\"}],\"inLanguage\":\"es\"},{\"@type\":\"Organization\",\"@id\":\"https:\/\/macambients.com\/es\/#organization\",\"name\":\"MAC - Ambients Singulars\",\"url\":\"https:\/\/macambients.com\/es\/\",\"logo\":{\"@type\":\"ImageObject\",\"inLanguage\":\"es\",\"@id\":\"https:\/\/macambients.com\/es\/#\/schema\/logo\/image\/\",\"url\":\"https:\/\/macambients.com\/wp-content\/uploads\/2022\/12\/logo.png\",\"contentUrl\":\"https:\/\/macambients.com\/wp-content\/uploads\/2022\/12\/logo.png\",\"width\":270,\"height\":55,\"caption\":\"MAC - Ambients Singulars\"},\"image\":{\"@id\":\"https:\/\/macambients.com\/es\/#\/schema\/logo\/image\/\"}}]}<\/script>\n<!-- \/ Yoast SEO plugin. -->","yoast_head_json":{"title":"Dormitorio infantil y juvenil VERS 21 - MAC - Ambients Singulars","description":"Habitaci\u00f3n con cama, m\u00f3dulo bajo de una puerta corredera, escritorio, armario con puerta, mesita chafl\u00e1n y estanter\u00eda para colgar de tres huecos de 151cm.","robots":{"index":"index","follow":"follow","max-snippet":"max-snippet:-1","max-image-preview":"max-image-preview:large","max-video-preview":"max-video-preview:-1"},"canonical":"https:\/\/macambients.com\/es\/product\/vers-21\/","og_locale":"es_ES","og_type":"article","og_title":"Dormitorio infantil y juvenil VERS 21 - MAC - Ambients Singulars","og_description":"Habitaci\u00f3n con cama, m\u00f3dulo bajo de una puerta corredera, escritorio, armario con puerta, mesita chafl\u00e1n y estanter\u00eda para colgar de tres huecos de 151cm.","og_url":"https:\/\/macambients.com\/es\/product\/vers-21\/","og_site_name":"MAC - Ambients Singulars","article_modified_time":"2023-05-11T13:05:44+00:00","og_image":[{"width":1600,"height":1120,"url":"https:\/\/macambients.com\/wp-content\/uploads\/2023\/01\/Vers-21.jpg","type":"image\/jpeg"}],"twitter_card":"summary_large_image","twitter_misc":{"Tiempo de lectura":"1 minuto"},"schema":{"@context":"https:\/\/schema.org","@graph":[{"@type":"WebPage","@id":"https:\/\/macambients.com\/es\/product\/vers-21\/","url":"https:\/\/macambients.com\/es\/product\/vers-21\/","name":"Dormitorio infantil y juvenil VERS 21 - MAC - Ambients Singulars","isPartOf":{"@id":"https:\/\/macambients.com\/es\/#website"},"primaryImageOfPage":{"@id":"https:\/\/macambients.com\/es\/product\/vers-21\/#primaryimage"},"image":{"@id":"https:\/\/macambients.com\/es\/product\/vers-21\/#primaryimage"},"thumbnailUrl":"https:\/\/macambients.com\/wp-content\/uploads\/2023\/01\/Vers-21.jpg","datePublished":"2023-01-16T09:49:12+00:00","dateModified":"2023-05-11T13:05:44+00:00","description":"Habitaci\u00f3n con cama, m\u00f3dulo bajo de una puerta corredera, escritorio, armario con puerta, mesita chafl\u00e1n y estanter\u00eda para colgar de tres huecos de 151cm.","breadcrumb":{"@id":"https:\/\/macambients.com\/es\/product\/vers-21\/#breadcrumb"},"inLanguage":"es","potentialAction":[{"@type":"ReadAction","target":["https:\/\/macambients.com\/es\/product\/vers-21\/"]}]},{"@type":"ImageObject","inLanguage":"es","@id":"https:\/\/macambients.com\/es\/product\/vers-21\/#primaryimage","url":"https:\/\/macambients.com\/wp-content\/uploads\/2023\/01\/Vers-21.jpg","contentUrl":"https:\/\/macambients.com\/wp-content\/uploads\/2023\/01\/Vers-21.jpg","width":1600,"height":1120},{"@type":"BreadcrumbList","@id":"https:\/\/macambients.com\/es\/product\/vers-21\/#breadcrumb","itemListElement":[{"@type":"ListItem","position":1,"name":"Home","item":"https:\/\/macambients.com\/es\/"},{"@type":"ListItem","position":2,"name":"Shop","item":"https:\/\/macambients.com\/es\/shop\/"},{"@type":"ListItem","position":3,"name":"VERS 21"}]},{"@type":"WebSite","@id":"https:\/\/macambients.com\/es\/#website","url":"https:\/\/macambients.com\/es\/","name":"MAC - Ambients Singulars","description":"","publisher":{"@id":"https:\/\/macambients.com\/es\/#organization"},"potentialAction":[{"@type":"SearchAction","target":{"@type":"EntryPoint","urlTemplate":"https:\/\/macambients.com\/es\/?s={search_term_string}"},"query-input":"required name=search_term_string"}],"inLanguage":"es"},{"@type":"Organization","@id":"https:\/\/macambients.com\/es\/#organization","name":"MAC - Ambients Singulars","url":"https:\/\/macambients.com\/es\/","logo":{"@type":"ImageObject","inLanguage":"es","@id":"https:\/\/macambients.com\/es\/#\/schema\/logo\/image\/","url":"https:\/\/macambients.com\/wp-content\/uploads\/2022\/12\/logo.png","contentUrl":"https:\/\/macambients.com\/wp-content\/uploads\/2022\/12\/logo.png","width":270,"height":55,"caption":"MAC - Ambients Singulars"},"image":{"@id":"https:\/\/macambients.com\/es\/#\/schema\/logo\/image\/"}}]}},"_links":{"self":[{"href":"https:\/\/macambients.com\/es\/wp-json\/wp\/v2\/product\/25425"}],"collection":[{"href":"https:\/\/macambients.com\/es\/wp-json\/wp\/v2\/product"}],"about":[{"href":"https:\/\/macambients.com\/es\/wp-json\/wp\/v2\/types\/product"}],"wp:featuredmedia":[{"embeddable":true,"href":"https:\/\/macambients.com\/es\/wp-json\/wp\/v2\/media\/25402"}],"wp:attachment":[{"href":"https:\/\/macambients.com\/es\/wp-json\/wp\/v2\/media?parent=25425"}],"wp:term":[{"taxonomy":"product_cat","embeddable":true,"href":"https:\/\/macambients.com\/es\/wp-json\/wp\/v2\/product_cat?post=25425"},{"taxonomy":"product_tag","embeddable":true,"href":"https:\/\/macambients.com\/es\/wp-json\/wp\/v2\/product_tag?post=25425"}],"curies":[{"name":"wp","href":"https:\/\/api.w.org\/{rel}","templated":true}]}}