{"id":26686,"date":"2023-01-31T10:25:46","date_gmt":"2023-01-31T10:25:46","guid":{"rendered":"https:\/\/macambients.com\/?post_type=product&#038;p=26686"},"modified":"2026-01-13T11:41:11","modified_gmt":"2026-01-13T11:41:11","slug":"vers-79","status":"publish","type":"product","link":"https:\/\/macambients.com\/es\/product\/vers-79\/","title":{"rendered":"VERS 79"},"content":{"rendered":"<p>Composici\u00f3n de habitaci\u00f3n con cama de 190x90cm abatible vertical con altillo con juego de dos protectores de amortiguadores hidr\u00e1ulicos, armario en el rinc\u00f3n curvo con puerta recta, m\u00f3dulo alto con librer\u00eda con puerta de tres huecos sin tirador y puerta de dos huecos sin tirador, mesa de escritorio de 151cm con soporte met\u00e1lico.<\/p>\n<p>LOS COMPLEMENTOS NO EST\u00c1N INCLUIDOS.<\/p>\n<p>TRANSPORTE Y MONTAJE INCLUIDOS EN EL PRECIO.<\/p>\n<p>&nbsp;<\/p>\n","protected":false},"excerpt":{"rendered":"<p>&nbsp;<\/p>\n<p>&nbsp;<\/p>\n","protected":false},"featured_media":26618,"template":"","meta":{"_acf_changed":false,"_joinchat":[]},"product_cat":[2869,724,2763,679],"product_tag":[],"class_list":{"0":"post-26686","1":"product","2":"type-product","3":"status-publish","4":"has-post-thumbnail","6":"product_cat-vers-es-3","7":"product_cat-dormitorios-infantiles-y-juveniles","8":"product_cat-vers-es","9":"product_cat-camas-abatibles-juveniles","11":"first","12":"instock","13":"taxable","14":"shipping-taxable","15":"purchasable","16":"product-type-simple"},"acf":[],"yoast_head":"<!-- This site is optimized with the Yoast SEO plugin v23.3 - https:\/\/yoast.com\/wordpress\/plugins\/seo\/ -->\n<title>Cama abatible Juvenil VERS 79 - MAC - Ambients Singulars<\/title>\n<meta name=\"description\" content=\"Cama Juvenil VERS 79, con altillo con juego de dos protectores de amortiguadores hidr\u00e1ulicos, y muchos m\u00e1s conoce este modelo entrando ac\u00e1.\" \/>\n<meta name=\"robots\" content=\"index, follow, max-snippet:-1, max-image-preview:large, max-video-preview:-1\" \/>\n<link rel=\"canonical\" href=\"https:\/\/macambients.com\/es\/product\/vers-79\/\" \/>\n<meta property=\"og:locale\" content=\"es_ES\" \/>\n<meta property=\"og:type\" content=\"article\" \/>\n<meta property=\"og:title\" content=\"Cama abatible Juvenil VERS 79 - MAC - Ambients Singulars\" \/>\n<meta property=\"og:description\" content=\"Cama Juvenil VERS 79, con altillo con juego de dos protectores de amortiguadores hidr\u00e1ulicos, y muchos m\u00e1s conoce este modelo entrando ac\u00e1.\" \/>\n<meta property=\"og:url\" content=\"https:\/\/macambients.com\/es\/product\/vers-79\/\" \/>\n<meta property=\"og:site_name\" content=\"MAC - Ambients Singulars\" \/>\n<meta property=\"article:modified_time\" content=\"2026-01-13T11:41:11+00:00\" \/>\n<meta property=\"og:image\" content=\"https:\/\/macambients.com\/wp-content\/uploads\/2023\/01\/Vers-79.jpg\" \/>\n\t<meta property=\"og:image:width\" content=\"1600\" \/>\n\t<meta property=\"og:image:height\" content=\"1120\" \/>\n\t<meta property=\"og:image:type\" content=\"image\/jpeg\" \/>\n<meta name=\"twitter:card\" content=\"summary_large_image\" \/>\n<meta name=\"twitter:label1\" content=\"Tiempo de lectura\" \/>\n\t<meta name=\"twitter:data1\" content=\"1 minuto\" \/>\n<script type=\"application\/ld+json\" class=\"yoast-schema-graph\">{\"@context\":\"https:\/\/schema.org\",\"@graph\":[{\"@type\":\"WebPage\",\"@id\":\"https:\/\/macambients.com\/es\/product\/vers-79\/\",\"url\":\"https:\/\/macambients.com\/es\/product\/vers-79\/\",\"name\":\"Cama abatible Juvenil VERS 79 - MAC - Ambients Singulars\",\"isPartOf\":{\"@id\":\"https:\/\/macambients.com\/es\/#website\"},\"primaryImageOfPage\":{\"@id\":\"https:\/\/macambients.com\/es\/product\/vers-79\/#primaryimage\"},\"image\":{\"@id\":\"https:\/\/macambients.com\/es\/product\/vers-79\/#primaryimage\"},\"thumbnailUrl\":\"https:\/\/macambients.com\/wp-content\/uploads\/2023\/01\/Vers-79.jpg\",\"datePublished\":\"2023-01-31T10:25:46+00:00\",\"dateModified\":\"2026-01-13T11:41:11+00:00\",\"description\":\"Cama Juvenil VERS 79, con altillo con juego de dos protectores de amortiguadores hidr\u00e1ulicos, y muchos m\u00e1s conoce este modelo entrando ac\u00e1.\",\"breadcrumb\":{\"@id\":\"https:\/\/macambients.com\/es\/product\/vers-79\/#breadcrumb\"},\"inLanguage\":\"es\",\"potentialAction\":[{\"@type\":\"ReadAction\",\"target\":[\"https:\/\/macambients.com\/es\/product\/vers-79\/\"]}]},{\"@type\":\"ImageObject\",\"inLanguage\":\"es\",\"@id\":\"https:\/\/macambients.com\/es\/product\/vers-79\/#primaryimage\",\"url\":\"https:\/\/macambients.com\/wp-content\/uploads\/2023\/01\/Vers-79.jpg\",\"contentUrl\":\"https:\/\/macambients.com\/wp-content\/uploads\/2023\/01\/Vers-79.jpg\",\"width\":1600,\"height\":1120},{\"@type\":\"BreadcrumbList\",\"@id\":\"https:\/\/macambients.com\/es\/product\/vers-79\/#breadcrumb\",\"itemListElement\":[{\"@type\":\"ListItem\",\"position\":1,\"name\":\"Home\",\"item\":\"https:\/\/macambients.com\/es\/\"},{\"@type\":\"ListItem\",\"position\":2,\"name\":\"Shop\",\"item\":\"https:\/\/macambients.com\/es\/shop\/\"},{\"@type\":\"ListItem\",\"position\":3,\"name\":\"VERS 79\"}]},{\"@type\":\"WebSite\",\"@id\":\"https:\/\/macambients.com\/es\/#website\",\"url\":\"https:\/\/macambients.com\/es\/\",\"name\":\"MAC - Ambients Singulars\",\"description\":\"\",\"publisher\":{\"@id\":\"https:\/\/macambients.com\/es\/#organization\"},\"potentialAction\":[{\"@type\":\"SearchAction\",\"target\":{\"@type\":\"EntryPoint\",\"urlTemplate\":\"https:\/\/macambients.com\/es\/?s={search_term_string}\"},\"query-input\":\"required name=search_term_string\"}],\"inLanguage\":\"es\"},{\"@type\":\"Organization\",\"@id\":\"https:\/\/macambients.com\/es\/#organization\",\"name\":\"MAC - Ambients Singulars\",\"url\":\"https:\/\/macambients.com\/es\/\",\"logo\":{\"@type\":\"ImageObject\",\"inLanguage\":\"es\",\"@id\":\"https:\/\/macambients.com\/es\/#\/schema\/logo\/image\/\",\"url\":\"https:\/\/macambients.com\/wp-content\/uploads\/2022\/12\/logo.png\",\"contentUrl\":\"https:\/\/macambients.com\/wp-content\/uploads\/2022\/12\/logo.png\",\"width\":270,\"height\":55,\"caption\":\"MAC - Ambients Singulars\"},\"image\":{\"@id\":\"https:\/\/macambients.com\/es\/#\/schema\/logo\/image\/\"}}]}<\/script>\n<!-- \/ Yoast SEO plugin. -->","yoast_head_json":{"title":"Cama abatible Juvenil VERS 79 - MAC - Ambients Singulars","description":"Cama Juvenil VERS 79, con altillo con juego de dos protectores de amortiguadores hidr\u00e1ulicos, y muchos m\u00e1s conoce este modelo entrando ac\u00e1.","robots":{"index":"index","follow":"follow","max-snippet":"max-snippet:-1","max-image-preview":"max-image-preview:large","max-video-preview":"max-video-preview:-1"},"canonical":"https:\/\/macambients.com\/es\/product\/vers-79\/","og_locale":"es_ES","og_type":"article","og_title":"Cama abatible Juvenil VERS 79 - MAC - Ambients Singulars","og_description":"Cama Juvenil VERS 79, con altillo con juego de dos protectores de amortiguadores hidr\u00e1ulicos, y muchos m\u00e1s conoce este modelo entrando ac\u00e1.","og_url":"https:\/\/macambients.com\/es\/product\/vers-79\/","og_site_name":"MAC - Ambients Singulars","article_modified_time":"2026-01-13T11:41:11+00:00","og_image":[{"width":1600,"height":1120,"url":"https:\/\/macambients.com\/wp-content\/uploads\/2023\/01\/Vers-79.jpg","type":"image\/jpeg"}],"twitter_card":"summary_large_image","twitter_misc":{"Tiempo de lectura":"1 minuto"},"schema":{"@context":"https:\/\/schema.org","@graph":[{"@type":"WebPage","@id":"https:\/\/macambients.com\/es\/product\/vers-79\/","url":"https:\/\/macambients.com\/es\/product\/vers-79\/","name":"Cama abatible Juvenil VERS 79 - MAC - Ambients Singulars","isPartOf":{"@id":"https:\/\/macambients.com\/es\/#website"},"primaryImageOfPage":{"@id":"https:\/\/macambients.com\/es\/product\/vers-79\/#primaryimage"},"image":{"@id":"https:\/\/macambients.com\/es\/product\/vers-79\/#primaryimage"},"thumbnailUrl":"https:\/\/macambients.com\/wp-content\/uploads\/2023\/01\/Vers-79.jpg","datePublished":"2023-01-31T10:25:46+00:00","dateModified":"2026-01-13T11:41:11+00:00","description":"Cama Juvenil VERS 79, con altillo con juego de dos protectores de amortiguadores hidr\u00e1ulicos, y muchos m\u00e1s conoce este modelo entrando ac\u00e1.","breadcrumb":{"@id":"https:\/\/macambients.com\/es\/product\/vers-79\/#breadcrumb"},"inLanguage":"es","potentialAction":[{"@type":"ReadAction","target":["https:\/\/macambients.com\/es\/product\/vers-79\/"]}]},{"@type":"ImageObject","inLanguage":"es","@id":"https:\/\/macambients.com\/es\/product\/vers-79\/#primaryimage","url":"https:\/\/macambients.com\/wp-content\/uploads\/2023\/01\/Vers-79.jpg","contentUrl":"https:\/\/macambients.com\/wp-content\/uploads\/2023\/01\/Vers-79.jpg","width":1600,"height":1120},{"@type":"BreadcrumbList","@id":"https:\/\/macambients.com\/es\/product\/vers-79\/#breadcrumb","itemListElement":[{"@type":"ListItem","position":1,"name":"Home","item":"https:\/\/macambients.com\/es\/"},{"@type":"ListItem","position":2,"name":"Shop","item":"https:\/\/macambients.com\/es\/shop\/"},{"@type":"ListItem","position":3,"name":"VERS 79"}]},{"@type":"WebSite","@id":"https:\/\/macambients.com\/es\/#website","url":"https:\/\/macambients.com\/es\/","name":"MAC - Ambients Singulars","description":"","publisher":{"@id":"https:\/\/macambients.com\/es\/#organization"},"potentialAction":[{"@type":"SearchAction","target":{"@type":"EntryPoint","urlTemplate":"https:\/\/macambients.com\/es\/?s={search_term_string}"},"query-input":"required name=search_term_string"}],"inLanguage":"es"},{"@type":"Organization","@id":"https:\/\/macambients.com\/es\/#organization","name":"MAC - Ambients Singulars","url":"https:\/\/macambients.com\/es\/","logo":{"@type":"ImageObject","inLanguage":"es","@id":"https:\/\/macambients.com\/es\/#\/schema\/logo\/image\/","url":"https:\/\/macambients.com\/wp-content\/uploads\/2022\/12\/logo.png","contentUrl":"https:\/\/macambients.com\/wp-content\/uploads\/2022\/12\/logo.png","width":270,"height":55,"caption":"MAC - Ambients Singulars"},"image":{"@id":"https:\/\/macambients.com\/es\/#\/schema\/logo\/image\/"}}]}},"_links":{"self":[{"href":"https:\/\/macambients.com\/es\/wp-json\/wp\/v2\/product\/26686"}],"collection":[{"href":"https:\/\/macambients.com\/es\/wp-json\/wp\/v2\/product"}],"about":[{"href":"https:\/\/macambients.com\/es\/wp-json\/wp\/v2\/types\/product"}],"wp:featuredmedia":[{"embeddable":true,"href":"https:\/\/macambients.com\/es\/wp-json\/wp\/v2\/media\/26618"}],"wp:attachment":[{"href":"https:\/\/macambients.com\/es\/wp-json\/wp\/v2\/media?parent=26686"}],"wp:term":[{"taxonomy":"product_cat","embeddable":true,"href":"https:\/\/macambients.com\/es\/wp-json\/wp\/v2\/product_cat?post=26686"},{"taxonomy":"product_tag","embeddable":true,"href":"https:\/\/macambients.com\/es\/wp-json\/wp\/v2\/product_tag?post=26686"}],"curies":[{"name":"wp","href":"https:\/\/api.w.org\/{rel}","templated":true}]}}