{"id":26773,"date":"2023-01-31T10:38:24","date_gmt":"2023-01-31T10:38:24","guid":{"rendered":"https:\/\/macambients.com\/product\/vers-86\/"},"modified":"2023-02-24T12:27:42","modified_gmt":"2023-02-24T12:27:42","slug":"vers-86","status":"publish","type":"product","link":"https:\/\/macambients.com\/es\/product\/vers-86\/","title":{"rendered":"VERS 86"},"content":{"rendered":"<p>Composici\u00f3n de habitaci\u00f3n con cama de 135x190cm abatible vertical con sof\u00e1, juego de dos protectores de amortiguadores hidr\u00e1ulicos con cabezal tapizado, bastidor oculto de tres puertas con soporte met\u00e1lico, m\u00f3dulo auxiliar de dos cajones y con dos puertas y con cinco juegos de patas, armario de estantes y armario de una puerta.<\/p>\n<p>LOS COMPLEMENTOS NO EST\u00c1N INCLUIDOS.<\/p>\n<p>TRANSPORTE Y MONTAJE INCLUIDOS EN EL PRECIO.<\/p>\n<p>&nbsp;<\/p>\n<p>&nbsp;<\/p>\n","protected":false},"excerpt":{"rendered":"<p>Composici\u00f3n de habitaci\u00f3n con cama de 135x190cm abatible vertical con sof\u00e1, juego de dos protectores de amortiguadores hidr\u00e1ulicos con cabezal tapizado, bastidor oculto de tres puertas con soporte met\u00e1lico, m\u00f3dulo auxiliar de dos cajones y con dos puertas y con cinco juegos de patas, armario de estantes y armario de una puerta. LOS COMPLEMENTOS NO [&hellip;]<\/p>\n","protected":false},"featured_media":26706,"template":"","meta":{"_acf_changed":false,"_joinchat":[]},"product_cat":[2869,724,2763,679],"product_tag":[],"class_list":{"0":"post-26773","1":"product","2":"type-product","3":"status-publish","4":"has-post-thumbnail","6":"product_cat-vers-es-3","7":"product_cat-dormitorios-infantiles-y-juveniles","8":"product_cat-vers-es","9":"product_cat-camas-abatibles-juveniles","11":"first","12":"instock","13":"taxable","14":"shipping-taxable","15":"purchasable","16":"product-type-simple"},"acf":[],"yoast_head":"<!-- This site is optimized with the Yoast SEO plugin v23.3 - https:\/\/yoast.com\/wordpress\/plugins\/seo\/ -->\n<title>Cama abatible juvenil VERS 86 - MAC - Ambients Singulars<\/title>\n<meta name=\"description\" content=\"Cama abatible vertical juvenil VERS 86 de 135x190cm, con sof\u00e1, juego de dos protectores de amortiguadores hidr\u00e1ulicos con cabezal tapizado, bastidor oculto de tres puertas con soporte met\u00e1lico, m\u00f3dulo auxiliar de dos cajones y con dos puertas y con cinco juegos de patas, armario de estantes y armario de una puerta.\" \/>\n<meta name=\"robots\" content=\"index, follow, max-snippet:-1, max-image-preview:large, max-video-preview:-1\" \/>\n<link rel=\"canonical\" href=\"https:\/\/macambients.com\/es\/product\/vers-86\/\" \/>\n<meta property=\"og:locale\" content=\"es_ES\" \/>\n<meta property=\"og:type\" content=\"article\" \/>\n<meta property=\"og:title\" content=\"Cama abatible juvenil VERS 86 - MAC - Ambients Singulars\" \/>\n<meta property=\"og:description\" content=\"Cama abatible vertical juvenil VERS 86 de 135x190cm, con sof\u00e1, juego de dos protectores de amortiguadores hidr\u00e1ulicos con cabezal tapizado, bastidor oculto de tres puertas con soporte met\u00e1lico, m\u00f3dulo auxiliar de dos cajones y con dos puertas y con cinco juegos de patas, armario de estantes y armario de una puerta.\" \/>\n<meta property=\"og:url\" content=\"https:\/\/macambients.com\/es\/product\/vers-86\/\" \/>\n<meta property=\"og:site_name\" content=\"MAC - Ambients Singulars\" \/>\n<meta property=\"article:modified_time\" content=\"2023-02-24T12:27:42+00:00\" \/>\n<meta property=\"og:image\" content=\"https:\/\/macambients.com\/wp-content\/uploads\/2023\/01\/Vers-86.jpg\" \/>\n\t<meta property=\"og:image:width\" content=\"1600\" \/>\n\t<meta property=\"og:image:height\" content=\"1120\" \/>\n\t<meta property=\"og:image:type\" content=\"image\/jpeg\" \/>\n<meta name=\"twitter:card\" content=\"summary_large_image\" \/>\n<meta name=\"twitter:label1\" content=\"Tiempo de lectura\" \/>\n\t<meta name=\"twitter:data1\" content=\"1 minuto\" \/>\n<script type=\"application\/ld+json\" class=\"yoast-schema-graph\">{\"@context\":\"https:\/\/schema.org\",\"@graph\":[{\"@type\":\"WebPage\",\"@id\":\"https:\/\/macambients.com\/es\/product\/vers-86\/\",\"url\":\"https:\/\/macambients.com\/es\/product\/vers-86\/\",\"name\":\"Cama abatible juvenil VERS 86 - MAC - Ambients Singulars\",\"isPartOf\":{\"@id\":\"https:\/\/macambients.com\/es\/#website\"},\"primaryImageOfPage\":{\"@id\":\"https:\/\/macambients.com\/es\/product\/vers-86\/#primaryimage\"},\"image\":{\"@id\":\"https:\/\/macambients.com\/es\/product\/vers-86\/#primaryimage\"},\"thumbnailUrl\":\"https:\/\/macambients.com\/wp-content\/uploads\/2023\/01\/Vers-86.jpg\",\"datePublished\":\"2023-01-31T10:38:24+00:00\",\"dateModified\":\"2023-02-24T12:27:42+00:00\",\"description\":\"Cama abatible vertical juvenil VERS 86 de 135x190cm, con sof\u00e1, juego de dos protectores de amortiguadores hidr\u00e1ulicos con cabezal tapizado, bastidor oculto de tres puertas con soporte met\u00e1lico, m\u00f3dulo auxiliar de dos cajones y con dos puertas y con cinco juegos de patas, armario de estantes y armario de una puerta.\",\"breadcrumb\":{\"@id\":\"https:\/\/macambients.com\/es\/product\/vers-86\/#breadcrumb\"},\"inLanguage\":\"es\",\"potentialAction\":[{\"@type\":\"ReadAction\",\"target\":[\"https:\/\/macambients.com\/es\/product\/vers-86\/\"]}]},{\"@type\":\"ImageObject\",\"inLanguage\":\"es\",\"@id\":\"https:\/\/macambients.com\/es\/product\/vers-86\/#primaryimage\",\"url\":\"https:\/\/macambients.com\/wp-content\/uploads\/2023\/01\/Vers-86.jpg\",\"contentUrl\":\"https:\/\/macambients.com\/wp-content\/uploads\/2023\/01\/Vers-86.jpg\",\"width\":1600,\"height\":1120},{\"@type\":\"BreadcrumbList\",\"@id\":\"https:\/\/macambients.com\/es\/product\/vers-86\/#breadcrumb\",\"itemListElement\":[{\"@type\":\"ListItem\",\"position\":1,\"name\":\"Home\",\"item\":\"https:\/\/macambients.com\/es\/\"},{\"@type\":\"ListItem\",\"position\":2,\"name\":\"Shop\",\"item\":\"https:\/\/macambients.com\/es\/shop\/\"},{\"@type\":\"ListItem\",\"position\":3,\"name\":\"VERS 86\"}]},{\"@type\":\"WebSite\",\"@id\":\"https:\/\/macambients.com\/es\/#website\",\"url\":\"https:\/\/macambients.com\/es\/\",\"name\":\"MAC - Ambients Singulars\",\"description\":\"\",\"publisher\":{\"@id\":\"https:\/\/macambients.com\/es\/#organization\"},\"potentialAction\":[{\"@type\":\"SearchAction\",\"target\":{\"@type\":\"EntryPoint\",\"urlTemplate\":\"https:\/\/macambients.com\/es\/?s={search_term_string}\"},\"query-input\":\"required name=search_term_string\"}],\"inLanguage\":\"es\"},{\"@type\":\"Organization\",\"@id\":\"https:\/\/macambients.com\/es\/#organization\",\"name\":\"MAC - Ambients Singulars\",\"url\":\"https:\/\/macambients.com\/es\/\",\"logo\":{\"@type\":\"ImageObject\",\"inLanguage\":\"es\",\"@id\":\"https:\/\/macambients.com\/es\/#\/schema\/logo\/image\/\",\"url\":\"https:\/\/macambients.com\/wp-content\/uploads\/2022\/12\/logo.png\",\"contentUrl\":\"https:\/\/macambients.com\/wp-content\/uploads\/2022\/12\/logo.png\",\"width\":270,\"height\":55,\"caption\":\"MAC - Ambients Singulars\"},\"image\":{\"@id\":\"https:\/\/macambients.com\/es\/#\/schema\/logo\/image\/\"}}]}<\/script>\n<!-- \/ Yoast SEO plugin. -->","yoast_head_json":{"title":"Cama abatible juvenil VERS 86 - MAC - Ambients Singulars","description":"Cama abatible vertical juvenil VERS 86 de 135x190cm, con sof\u00e1, juego de dos protectores de amortiguadores hidr\u00e1ulicos con cabezal tapizado, bastidor oculto de tres puertas con soporte met\u00e1lico, m\u00f3dulo auxiliar de dos cajones y con dos puertas y con cinco juegos de patas, armario de estantes y armario de una puerta.","robots":{"index":"index","follow":"follow","max-snippet":"max-snippet:-1","max-image-preview":"max-image-preview:large","max-video-preview":"max-video-preview:-1"},"canonical":"https:\/\/macambients.com\/es\/product\/vers-86\/","og_locale":"es_ES","og_type":"article","og_title":"Cama abatible juvenil VERS 86 - MAC - Ambients Singulars","og_description":"Cama abatible vertical juvenil VERS 86 de 135x190cm, con sof\u00e1, juego de dos protectores de amortiguadores hidr\u00e1ulicos con cabezal tapizado, bastidor oculto de tres puertas con soporte met\u00e1lico, m\u00f3dulo auxiliar de dos cajones y con dos puertas y con cinco juegos de patas, armario de estantes y armario de una puerta.","og_url":"https:\/\/macambients.com\/es\/product\/vers-86\/","og_site_name":"MAC - Ambients Singulars","article_modified_time":"2023-02-24T12:27:42+00:00","og_image":[{"width":1600,"height":1120,"url":"https:\/\/macambients.com\/wp-content\/uploads\/2023\/01\/Vers-86.jpg","type":"image\/jpeg"}],"twitter_card":"summary_large_image","twitter_misc":{"Tiempo de lectura":"1 minuto"},"schema":{"@context":"https:\/\/schema.org","@graph":[{"@type":"WebPage","@id":"https:\/\/macambients.com\/es\/product\/vers-86\/","url":"https:\/\/macambients.com\/es\/product\/vers-86\/","name":"Cama abatible juvenil VERS 86 - MAC - Ambients Singulars","isPartOf":{"@id":"https:\/\/macambients.com\/es\/#website"},"primaryImageOfPage":{"@id":"https:\/\/macambients.com\/es\/product\/vers-86\/#primaryimage"},"image":{"@id":"https:\/\/macambients.com\/es\/product\/vers-86\/#primaryimage"},"thumbnailUrl":"https:\/\/macambients.com\/wp-content\/uploads\/2023\/01\/Vers-86.jpg","datePublished":"2023-01-31T10:38:24+00:00","dateModified":"2023-02-24T12:27:42+00:00","description":"Cama abatible vertical juvenil VERS 86 de 135x190cm, con sof\u00e1, juego de dos protectores de amortiguadores hidr\u00e1ulicos con cabezal tapizado, bastidor oculto de tres puertas con soporte met\u00e1lico, m\u00f3dulo auxiliar de dos cajones y con dos puertas y con cinco juegos de patas, armario de estantes y armario de una puerta.","breadcrumb":{"@id":"https:\/\/macambients.com\/es\/product\/vers-86\/#breadcrumb"},"inLanguage":"es","potentialAction":[{"@type":"ReadAction","target":["https:\/\/macambients.com\/es\/product\/vers-86\/"]}]},{"@type":"ImageObject","inLanguage":"es","@id":"https:\/\/macambients.com\/es\/product\/vers-86\/#primaryimage","url":"https:\/\/macambients.com\/wp-content\/uploads\/2023\/01\/Vers-86.jpg","contentUrl":"https:\/\/macambients.com\/wp-content\/uploads\/2023\/01\/Vers-86.jpg","width":1600,"height":1120},{"@type":"BreadcrumbList","@id":"https:\/\/macambients.com\/es\/product\/vers-86\/#breadcrumb","itemListElement":[{"@type":"ListItem","position":1,"name":"Home","item":"https:\/\/macambients.com\/es\/"},{"@type":"ListItem","position":2,"name":"Shop","item":"https:\/\/macambients.com\/es\/shop\/"},{"@type":"ListItem","position":3,"name":"VERS 86"}]},{"@type":"WebSite","@id":"https:\/\/macambients.com\/es\/#website","url":"https:\/\/macambients.com\/es\/","name":"MAC - Ambients Singulars","description":"","publisher":{"@id":"https:\/\/macambients.com\/es\/#organization"},"potentialAction":[{"@type":"SearchAction","target":{"@type":"EntryPoint","urlTemplate":"https:\/\/macambients.com\/es\/?s={search_term_string}"},"query-input":"required name=search_term_string"}],"inLanguage":"es"},{"@type":"Organization","@id":"https:\/\/macambients.com\/es\/#organization","name":"MAC - Ambients Singulars","url":"https:\/\/macambients.com\/es\/","logo":{"@type":"ImageObject","inLanguage":"es","@id":"https:\/\/macambients.com\/es\/#\/schema\/logo\/image\/","url":"https:\/\/macambients.com\/wp-content\/uploads\/2022\/12\/logo.png","contentUrl":"https:\/\/macambients.com\/wp-content\/uploads\/2022\/12\/logo.png","width":270,"height":55,"caption":"MAC - Ambients Singulars"},"image":{"@id":"https:\/\/macambients.com\/es\/#\/schema\/logo\/image\/"}}]}},"_links":{"self":[{"href":"https:\/\/macambients.com\/es\/wp-json\/wp\/v2\/product\/26773"}],"collection":[{"href":"https:\/\/macambients.com\/es\/wp-json\/wp\/v2\/product"}],"about":[{"href":"https:\/\/macambients.com\/es\/wp-json\/wp\/v2\/types\/product"}],"wp:featuredmedia":[{"embeddable":true,"href":"https:\/\/macambients.com\/es\/wp-json\/wp\/v2\/media\/26706"}],"wp:attachment":[{"href":"https:\/\/macambients.com\/es\/wp-json\/wp\/v2\/media?parent=26773"}],"wp:term":[{"taxonomy":"product_cat","embeddable":true,"href":"https:\/\/macambients.com\/es\/wp-json\/wp\/v2\/product_cat?post=26773"},{"taxonomy":"product_tag","embeddable":true,"href":"https:\/\/macambients.com\/es\/wp-json\/wp\/v2\/product_tag?post=26773"}],"curies":[{"name":"wp","href":"https:\/\/api.w.org\/{rel}","templated":true}]}}