{"id":27989,"date":"2023-02-21T09:45:36","date_gmt":"2023-02-21T09:45:36","guid":{"rendered":"https:\/\/macambients.com\/product\/sion-5\/"},"modified":"2025-08-28T07:22:38","modified_gmt":"2025-08-28T07:22:38","slug":"sion-5","status":"publish","type":"product","link":"https:\/\/macambients.com\/es\/product\/sion-5\/","title":{"rendered":"SION 5"},"content":{"rendered":"<p>Composici\u00f3n de comedor de 483,8 cm x 189,4 cm con melamina de alta calidad.<\/p>\n<p>Formado por m\u00f3dulo con panel para TV con dos estantes y un caj\u00f3n, m\u00f3dulo con cuatro estantes amplios y un caj\u00f3n, m\u00f3dulo de cuatro estantes y un caj\u00f3n, m\u00f3dulo de mesa abatible y con un hueco y m\u00f3dulo con estantes.<\/p>\n<p>Incluye tiradores de madera.<\/p>\n<p>Opci\u00f3n de iluminaci\u00f3n panel TV (324\u20ac).<\/p>\n<p>Disponible en gran variedad de colores, tama\u00f1os y acabados.<\/p>\n<p>TRANSPORTE Y MONTAJE INCLUIDOS EN EL PRECIO.<\/p>\n","protected":false},"excerpt":{"rendered":"<p>Composici\u00f3n de comedor de 483,8 cm x 189,4 cm con melamina de alta calidad. Formado por m\u00f3dulo con panel para TV con dos estantes y un caj\u00f3n, m\u00f3dulo con cuatro estantes amplios y un caj\u00f3n, m\u00f3dulo de cuatro estantes y un caj\u00f3n, m\u00f3dulo de mesa abatible y con un hueco y m\u00f3dulo con estantes. Incluye [&hellip;]<\/p>\n","protected":false},"featured_media":27949,"template":"","meta":{"_acf_changed":false,"_joinchat":[]},"product_cat":[654,2977,658,2979,666],"product_tag":[],"class_list":{"0":"post-27989","1":"product","2":"type-product","3":"status-publish","4":"has-post-thumbnail","6":"product_cat-comedores","7":"product_cat-coleccion-sion","8":"product_cat-composiciones-comedores","9":"product_cat-colleccion-sion","10":"product_cat-muebles-tv","12":"first","13":"instock","14":"taxable","15":"shipping-taxable","16":"purchasable","17":"product-type-simple"},"acf":[],"yoast_head":"<!-- This site is optimized with the Yoast SEO plugin v23.3 - https:\/\/yoast.com\/wordpress\/plugins\/seo\/ -->\n<title>SION 5 - MAC - Ambients Singulars<\/title>\n<meta name=\"robots\" content=\"index, follow, max-snippet:-1, max-image-preview:large, max-video-preview:-1\" \/>\n<link rel=\"canonical\" href=\"https:\/\/macambients.com\/es\/product\/sion-5\/\" \/>\n<meta property=\"og:locale\" content=\"es_ES\" \/>\n<meta property=\"og:type\" content=\"article\" \/>\n<meta property=\"og:title\" content=\"SION 5 - MAC - Ambients Singulars\" \/>\n<meta property=\"og:description\" content=\"Composici\u00f3n de comedor de 483,8 cm x 189,4 cm con melamina de alta calidad. Formado por m\u00f3dulo con panel para TV con dos estantes y un caj\u00f3n, m\u00f3dulo con cuatro estantes amplios y un caj\u00f3n, m\u00f3dulo de cuatro estantes y un caj\u00f3n, m\u00f3dulo de mesa abatible y con un hueco y m\u00f3dulo con estantes. Incluye [&hellip;]\" \/>\n<meta property=\"og:url\" content=\"https:\/\/macambients.com\/es\/product\/sion-5\/\" \/>\n<meta property=\"og:site_name\" content=\"MAC - Ambients Singulars\" \/>\n<meta property=\"article:modified_time\" content=\"2025-08-28T07:22:38+00:00\" \/>\n<meta property=\"og:image\" content=\"https:\/\/macambients.com\/wp-content\/uploads\/2023\/02\/SION-05.jpg\" \/>\n\t<meta property=\"og:image:width\" content=\"1600\" \/>\n\t<meta property=\"og:image:height\" content=\"1120\" \/>\n\t<meta property=\"og:image:type\" content=\"image\/jpeg\" \/>\n<meta name=\"twitter:card\" content=\"summary_large_image\" \/>\n<meta name=\"twitter:label1\" content=\"Tiempo de lectura\" \/>\n\t<meta name=\"twitter:data1\" content=\"1 minuto\" \/>\n<script type=\"application\/ld+json\" class=\"yoast-schema-graph\">{\"@context\":\"https:\/\/schema.org\",\"@graph\":[{\"@type\":\"WebPage\",\"@id\":\"https:\/\/macambients.com\/es\/product\/sion-5\/\",\"url\":\"https:\/\/macambients.com\/es\/product\/sion-5\/\",\"name\":\"SION 5 - MAC - Ambients Singulars\",\"isPartOf\":{\"@id\":\"https:\/\/macambients.com\/es\/#website\"},\"primaryImageOfPage\":{\"@id\":\"https:\/\/macambients.com\/es\/product\/sion-5\/#primaryimage\"},\"image\":{\"@id\":\"https:\/\/macambients.com\/es\/product\/sion-5\/#primaryimage\"},\"thumbnailUrl\":\"https:\/\/macambients.com\/wp-content\/uploads\/2023\/02\/SION-05.jpg\",\"datePublished\":\"2023-02-21T09:45:36+00:00\",\"dateModified\":\"2025-08-28T07:22:38+00:00\",\"breadcrumb\":{\"@id\":\"https:\/\/macambients.com\/es\/product\/sion-5\/#breadcrumb\"},\"inLanguage\":\"es\",\"potentialAction\":[{\"@type\":\"ReadAction\",\"target\":[\"https:\/\/macambients.com\/es\/product\/sion-5\/\"]}]},{\"@type\":\"ImageObject\",\"inLanguage\":\"es\",\"@id\":\"https:\/\/macambients.com\/es\/product\/sion-5\/#primaryimage\",\"url\":\"https:\/\/macambients.com\/wp-content\/uploads\/2023\/02\/SION-05.jpg\",\"contentUrl\":\"https:\/\/macambients.com\/wp-content\/uploads\/2023\/02\/SION-05.jpg\",\"width\":1600,\"height\":1120},{\"@type\":\"BreadcrumbList\",\"@id\":\"https:\/\/macambients.com\/es\/product\/sion-5\/#breadcrumb\",\"itemListElement\":[{\"@type\":\"ListItem\",\"position\":1,\"name\":\"Home\",\"item\":\"https:\/\/macambients.com\/es\/\"},{\"@type\":\"ListItem\",\"position\":2,\"name\":\"Shop\",\"item\":\"https:\/\/macambients.com\/es\/shop\/\"},{\"@type\":\"ListItem\",\"position\":3,\"name\":\"SION 5\"}]},{\"@type\":\"WebSite\",\"@id\":\"https:\/\/macambients.com\/es\/#website\",\"url\":\"https:\/\/macambients.com\/es\/\",\"name\":\"MAC - Ambients Singulars\",\"description\":\"\",\"publisher\":{\"@id\":\"https:\/\/macambients.com\/es\/#organization\"},\"potentialAction\":[{\"@type\":\"SearchAction\",\"target\":{\"@type\":\"EntryPoint\",\"urlTemplate\":\"https:\/\/macambients.com\/es\/?s={search_term_string}\"},\"query-input\":\"required name=search_term_string\"}],\"inLanguage\":\"es\"},{\"@type\":\"Organization\",\"@id\":\"https:\/\/macambients.com\/es\/#organization\",\"name\":\"MAC - Ambients Singulars\",\"url\":\"https:\/\/macambients.com\/es\/\",\"logo\":{\"@type\":\"ImageObject\",\"inLanguage\":\"es\",\"@id\":\"https:\/\/macambients.com\/es\/#\/schema\/logo\/image\/\",\"url\":\"https:\/\/macambients.com\/wp-content\/uploads\/2022\/12\/logo.png\",\"contentUrl\":\"https:\/\/macambients.com\/wp-content\/uploads\/2022\/12\/logo.png\",\"width\":270,\"height\":55,\"caption\":\"MAC - Ambients Singulars\"},\"image\":{\"@id\":\"https:\/\/macambients.com\/es\/#\/schema\/logo\/image\/\"}}]}<\/script>\n<!-- \/ Yoast SEO plugin. -->","yoast_head_json":{"title":"SION 5 - MAC - Ambients Singulars","robots":{"index":"index","follow":"follow","max-snippet":"max-snippet:-1","max-image-preview":"max-image-preview:large","max-video-preview":"max-video-preview:-1"},"canonical":"https:\/\/macambients.com\/es\/product\/sion-5\/","og_locale":"es_ES","og_type":"article","og_title":"SION 5 - MAC - Ambients Singulars","og_description":"Composici\u00f3n de comedor de 483,8 cm x 189,4 cm con melamina de alta calidad. Formado por m\u00f3dulo con panel para TV con dos estantes y un caj\u00f3n, m\u00f3dulo con cuatro estantes amplios y un caj\u00f3n, m\u00f3dulo de cuatro estantes y un caj\u00f3n, m\u00f3dulo de mesa abatible y con un hueco y m\u00f3dulo con estantes. Incluye [&hellip;]","og_url":"https:\/\/macambients.com\/es\/product\/sion-5\/","og_site_name":"MAC - Ambients Singulars","article_modified_time":"2025-08-28T07:22:38+00:00","og_image":[{"width":1600,"height":1120,"url":"https:\/\/macambients.com\/wp-content\/uploads\/2023\/02\/SION-05.jpg","type":"image\/jpeg"}],"twitter_card":"summary_large_image","twitter_misc":{"Tiempo de lectura":"1 minuto"},"schema":{"@context":"https:\/\/schema.org","@graph":[{"@type":"WebPage","@id":"https:\/\/macambients.com\/es\/product\/sion-5\/","url":"https:\/\/macambients.com\/es\/product\/sion-5\/","name":"SION 5 - MAC - Ambients Singulars","isPartOf":{"@id":"https:\/\/macambients.com\/es\/#website"},"primaryImageOfPage":{"@id":"https:\/\/macambients.com\/es\/product\/sion-5\/#primaryimage"},"image":{"@id":"https:\/\/macambients.com\/es\/product\/sion-5\/#primaryimage"},"thumbnailUrl":"https:\/\/macambients.com\/wp-content\/uploads\/2023\/02\/SION-05.jpg","datePublished":"2023-02-21T09:45:36+00:00","dateModified":"2025-08-28T07:22:38+00:00","breadcrumb":{"@id":"https:\/\/macambients.com\/es\/product\/sion-5\/#breadcrumb"},"inLanguage":"es","potentialAction":[{"@type":"ReadAction","target":["https:\/\/macambients.com\/es\/product\/sion-5\/"]}]},{"@type":"ImageObject","inLanguage":"es","@id":"https:\/\/macambients.com\/es\/product\/sion-5\/#primaryimage","url":"https:\/\/macambients.com\/wp-content\/uploads\/2023\/02\/SION-05.jpg","contentUrl":"https:\/\/macambients.com\/wp-content\/uploads\/2023\/02\/SION-05.jpg","width":1600,"height":1120},{"@type":"BreadcrumbList","@id":"https:\/\/macambients.com\/es\/product\/sion-5\/#breadcrumb","itemListElement":[{"@type":"ListItem","position":1,"name":"Home","item":"https:\/\/macambients.com\/es\/"},{"@type":"ListItem","position":2,"name":"Shop","item":"https:\/\/macambients.com\/es\/shop\/"},{"@type":"ListItem","position":3,"name":"SION 5"}]},{"@type":"WebSite","@id":"https:\/\/macambients.com\/es\/#website","url":"https:\/\/macambients.com\/es\/","name":"MAC - Ambients Singulars","description":"","publisher":{"@id":"https:\/\/macambients.com\/es\/#organization"},"potentialAction":[{"@type":"SearchAction","target":{"@type":"EntryPoint","urlTemplate":"https:\/\/macambients.com\/es\/?s={search_term_string}"},"query-input":"required name=search_term_string"}],"inLanguage":"es"},{"@type":"Organization","@id":"https:\/\/macambients.com\/es\/#organization","name":"MAC - Ambients Singulars","url":"https:\/\/macambients.com\/es\/","logo":{"@type":"ImageObject","inLanguage":"es","@id":"https:\/\/macambients.com\/es\/#\/schema\/logo\/image\/","url":"https:\/\/macambients.com\/wp-content\/uploads\/2022\/12\/logo.png","contentUrl":"https:\/\/macambients.com\/wp-content\/uploads\/2022\/12\/logo.png","width":270,"height":55,"caption":"MAC - Ambients Singulars"},"image":{"@id":"https:\/\/macambients.com\/es\/#\/schema\/logo\/image\/"}}]}},"_links":{"self":[{"href":"https:\/\/macambients.com\/es\/wp-json\/wp\/v2\/product\/27989"}],"collection":[{"href":"https:\/\/macambients.com\/es\/wp-json\/wp\/v2\/product"}],"about":[{"href":"https:\/\/macambients.com\/es\/wp-json\/wp\/v2\/types\/product"}],"wp:featuredmedia":[{"embeddable":true,"href":"https:\/\/macambients.com\/es\/wp-json\/wp\/v2\/media\/27949"}],"wp:attachment":[{"href":"https:\/\/macambients.com\/es\/wp-json\/wp\/v2\/media?parent=27989"}],"wp:term":[{"taxonomy":"product_cat","embeddable":true,"href":"https:\/\/macambients.com\/es\/wp-json\/wp\/v2\/product_cat?post=27989"},{"taxonomy":"product_tag","embeddable":true,"href":"https:\/\/macambients.com\/es\/wp-json\/wp\/v2\/product_tag?post=27989"}],"curies":[{"name":"wp","href":"https:\/\/api.w.org\/{rel}","templated":true}]}}