{"id":28776,"date":"2023-03-20T10:43:01","date_gmt":"2023-03-20T10:43:48","guid":{"rendered":"https:\/\/macambients.com\/?post_type=product&#038;p=28776"},"modified":"2026-04-01T09:24:31","modified_gmt":"2026-04-01T09:24:31","slug":"verona-29","status":"publish","type":"product","link":"https:\/\/macambients.com\/es\/product\/verona-29\/","title":{"rendered":"VERONA 29"},"content":{"rendered":"<p>Composici\u00f3n de comedor de madera y detalles de cristal transparente con melamina de alta calidad.<\/p>\n<p>Formado por m\u00f3dulo bajo de 183cm de tres puertas y con z\u00f3calo remitido y m\u00f3dulo de dos puertas de 137cm x 96cm con z\u00f3calo remitido.<\/p>\n<p>Opci\u00f3n de aparador de tres puertas de 183cm con z\u00f3calo remitido (810\u20ac).<\/p>\n<p>Opci\u00f3n de mesa rectangular de 140cm extensible a 200cm de madera con patas de madera (800\u20ac).<\/p>\n<p>Disponible en gran variedad de colores, tama\u00f1os y acabados.<\/p>\n<p>TRANSPORTE Y MONTAJE INCLUIDOS EN EL PRECIO.<\/p>\n","protected":false},"excerpt":{"rendered":"<p>Composici\u00f3n de comedor de madera y detalles de cristal transparente con melamina de alta calidad. Formado por m\u00f3dulo bajo de 183cm de tres puertas y con z\u00f3calo remitido y m\u00f3dulo de dos puertas de 137cm x 96cm con z\u00f3calo remitido. Opci\u00f3n de aparador de tres puertas de 183cm con z\u00f3calo remitido (810\u20ac). Opci\u00f3n de mesa [&hellip;]<\/p>\n","protected":false},"featured_media":29085,"template":"","meta":{"_acf_changed":false,"_joinchat":[]},"product_cat":[654,3034,658,3035],"product_tag":[],"class_list":{"0":"post-28776","1":"product","2":"type-product","3":"status-publish","4":"has-post-thumbnail","6":"product_cat-comedores","7":"product_cat-coleccion-verona","8":"product_cat-composiciones-comedores","9":"product_cat-coleccion-verona-es","11":"first","12":"instock","13":"taxable","14":"shipping-taxable","15":"purchasable","16":"product-type-simple"},"acf":[],"yoast_head":"<!-- This site is optimized with the Yoast SEO plugin v23.3 - https:\/\/yoast.com\/wordpress\/plugins\/seo\/ -->\n<title>VERONA 29 - MAC - Ambients Singulars<\/title>\n<meta name=\"robots\" content=\"index, follow, max-snippet:-1, max-image-preview:large, max-video-preview:-1\" \/>\n<link rel=\"canonical\" href=\"https:\/\/macambients.com\/es\/product\/verona-29\/\" \/>\n<meta property=\"og:locale\" content=\"es_ES\" \/>\n<meta property=\"og:type\" content=\"article\" \/>\n<meta property=\"og:title\" content=\"VERONA 29 - MAC - Ambients Singulars\" \/>\n<meta property=\"og:description\" content=\"Composici\u00f3n de comedor de madera y detalles de cristal transparente con melamina de alta calidad. Formado por m\u00f3dulo bajo de 183cm de tres puertas y con z\u00f3calo remitido y m\u00f3dulo de dos puertas de 137cm x 96cm con z\u00f3calo remitido. Opci\u00f3n de aparador de tres puertas de 183cm con z\u00f3calo remitido (810\u20ac). Opci\u00f3n de mesa [&hellip;]\" \/>\n<meta property=\"og:url\" content=\"https:\/\/macambients.com\/es\/product\/verona-29\/\" \/>\n<meta property=\"og:site_name\" content=\"MAC - Ambients Singulars\" \/>\n<meta property=\"article:modified_time\" content=\"2026-04-01T09:24:31+00:00\" \/>\n<meta property=\"og:image\" content=\"https:\/\/macambients.com\/wp-content\/uploads\/2023\/03\/Verona-29.jpg\" \/>\n\t<meta property=\"og:image:width\" content=\"1600\" \/>\n\t<meta property=\"og:image:height\" content=\"1120\" \/>\n\t<meta property=\"og:image:type\" content=\"image\/jpeg\" \/>\n<meta name=\"twitter:card\" content=\"summary_large_image\" \/>\n<meta name=\"twitter:label1\" content=\"Tiempo de lectura\" \/>\n\t<meta name=\"twitter:data1\" content=\"1 minuto\" \/>\n<script type=\"application\/ld+json\" class=\"yoast-schema-graph\">{\"@context\":\"https:\/\/schema.org\",\"@graph\":[{\"@type\":\"WebPage\",\"@id\":\"https:\/\/macambients.com\/es\/product\/verona-29\/\",\"url\":\"https:\/\/macambients.com\/es\/product\/verona-29\/\",\"name\":\"VERONA 29 - MAC - Ambients Singulars\",\"isPartOf\":{\"@id\":\"https:\/\/macambients.com\/es\/#website\"},\"primaryImageOfPage\":{\"@id\":\"https:\/\/macambients.com\/es\/product\/verona-29\/#primaryimage\"},\"image\":{\"@id\":\"https:\/\/macambients.com\/es\/product\/verona-29\/#primaryimage\"},\"thumbnailUrl\":\"https:\/\/macambients.com\/wp-content\/uploads\/2023\/03\/Verona-29.jpg\",\"datePublished\":\"2023-03-20T10:43:48+00:00\",\"dateModified\":\"2026-04-01T09:24:31+00:00\",\"breadcrumb\":{\"@id\":\"https:\/\/macambients.com\/es\/product\/verona-29\/#breadcrumb\"},\"inLanguage\":\"es\",\"potentialAction\":[{\"@type\":\"ReadAction\",\"target\":[\"https:\/\/macambients.com\/es\/product\/verona-29\/\"]}]},{\"@type\":\"ImageObject\",\"inLanguage\":\"es\",\"@id\":\"https:\/\/macambients.com\/es\/product\/verona-29\/#primaryimage\",\"url\":\"https:\/\/macambients.com\/wp-content\/uploads\/2023\/03\/Verona-29.jpg\",\"contentUrl\":\"https:\/\/macambients.com\/wp-content\/uploads\/2023\/03\/Verona-29.jpg\",\"width\":1600,\"height\":1120},{\"@type\":\"BreadcrumbList\",\"@id\":\"https:\/\/macambients.com\/es\/product\/verona-29\/#breadcrumb\",\"itemListElement\":[{\"@type\":\"ListItem\",\"position\":1,\"name\":\"Home\",\"item\":\"https:\/\/macambients.com\/es\/\"},{\"@type\":\"ListItem\",\"position\":2,\"name\":\"Shop\",\"item\":\"https:\/\/macambients.com\/es\/shop\/\"},{\"@type\":\"ListItem\",\"position\":3,\"name\":\"VERONA 29\"}]},{\"@type\":\"WebSite\",\"@id\":\"https:\/\/macambients.com\/es\/#website\",\"url\":\"https:\/\/macambients.com\/es\/\",\"name\":\"MAC - Ambients Singulars\",\"description\":\"\",\"publisher\":{\"@id\":\"https:\/\/macambients.com\/es\/#organization\"},\"potentialAction\":[{\"@type\":\"SearchAction\",\"target\":{\"@type\":\"EntryPoint\",\"urlTemplate\":\"https:\/\/macambients.com\/es\/?s={search_term_string}\"},\"query-input\":\"required name=search_term_string\"}],\"inLanguage\":\"es\"},{\"@type\":\"Organization\",\"@id\":\"https:\/\/macambients.com\/es\/#organization\",\"name\":\"MAC - Ambients Singulars\",\"url\":\"https:\/\/macambients.com\/es\/\",\"logo\":{\"@type\":\"ImageObject\",\"inLanguage\":\"es\",\"@id\":\"https:\/\/macambients.com\/es\/#\/schema\/logo\/image\/\",\"url\":\"https:\/\/macambients.com\/wp-content\/uploads\/2022\/12\/logo.png\",\"contentUrl\":\"https:\/\/macambients.com\/wp-content\/uploads\/2022\/12\/logo.png\",\"width\":270,\"height\":55,\"caption\":\"MAC - Ambients Singulars\"},\"image\":{\"@id\":\"https:\/\/macambients.com\/es\/#\/schema\/logo\/image\/\"}}]}<\/script>\n<!-- \/ Yoast SEO plugin. -->","yoast_head_json":{"title":"VERONA 29 - MAC - Ambients Singulars","robots":{"index":"index","follow":"follow","max-snippet":"max-snippet:-1","max-image-preview":"max-image-preview:large","max-video-preview":"max-video-preview:-1"},"canonical":"https:\/\/macambients.com\/es\/product\/verona-29\/","og_locale":"es_ES","og_type":"article","og_title":"VERONA 29 - MAC - Ambients Singulars","og_description":"Composici\u00f3n de comedor de madera y detalles de cristal transparente con melamina de alta calidad. Formado por m\u00f3dulo bajo de 183cm de tres puertas y con z\u00f3calo remitido y m\u00f3dulo de dos puertas de 137cm x 96cm con z\u00f3calo remitido. Opci\u00f3n de aparador de tres puertas de 183cm con z\u00f3calo remitido (810\u20ac). Opci\u00f3n de mesa [&hellip;]","og_url":"https:\/\/macambients.com\/es\/product\/verona-29\/","og_site_name":"MAC - Ambients Singulars","article_modified_time":"2026-04-01T09:24:31+00:00","og_image":[{"width":1600,"height":1120,"url":"https:\/\/macambients.com\/wp-content\/uploads\/2023\/03\/Verona-29.jpg","type":"image\/jpeg"}],"twitter_card":"summary_large_image","twitter_misc":{"Tiempo de lectura":"1 minuto"},"schema":{"@context":"https:\/\/schema.org","@graph":[{"@type":"WebPage","@id":"https:\/\/macambients.com\/es\/product\/verona-29\/","url":"https:\/\/macambients.com\/es\/product\/verona-29\/","name":"VERONA 29 - MAC - Ambients Singulars","isPartOf":{"@id":"https:\/\/macambients.com\/es\/#website"},"primaryImageOfPage":{"@id":"https:\/\/macambients.com\/es\/product\/verona-29\/#primaryimage"},"image":{"@id":"https:\/\/macambients.com\/es\/product\/verona-29\/#primaryimage"},"thumbnailUrl":"https:\/\/macambients.com\/wp-content\/uploads\/2023\/03\/Verona-29.jpg","datePublished":"2023-03-20T10:43:48+00:00","dateModified":"2026-04-01T09:24:31+00:00","breadcrumb":{"@id":"https:\/\/macambients.com\/es\/product\/verona-29\/#breadcrumb"},"inLanguage":"es","potentialAction":[{"@type":"ReadAction","target":["https:\/\/macambients.com\/es\/product\/verona-29\/"]}]},{"@type":"ImageObject","inLanguage":"es","@id":"https:\/\/macambients.com\/es\/product\/verona-29\/#primaryimage","url":"https:\/\/macambients.com\/wp-content\/uploads\/2023\/03\/Verona-29.jpg","contentUrl":"https:\/\/macambients.com\/wp-content\/uploads\/2023\/03\/Verona-29.jpg","width":1600,"height":1120},{"@type":"BreadcrumbList","@id":"https:\/\/macambients.com\/es\/product\/verona-29\/#breadcrumb","itemListElement":[{"@type":"ListItem","position":1,"name":"Home","item":"https:\/\/macambients.com\/es\/"},{"@type":"ListItem","position":2,"name":"Shop","item":"https:\/\/macambients.com\/es\/shop\/"},{"@type":"ListItem","position":3,"name":"VERONA 29"}]},{"@type":"WebSite","@id":"https:\/\/macambients.com\/es\/#website","url":"https:\/\/macambients.com\/es\/","name":"MAC - Ambients Singulars","description":"","publisher":{"@id":"https:\/\/macambients.com\/es\/#organization"},"potentialAction":[{"@type":"SearchAction","target":{"@type":"EntryPoint","urlTemplate":"https:\/\/macambients.com\/es\/?s={search_term_string}"},"query-input":"required name=search_term_string"}],"inLanguage":"es"},{"@type":"Organization","@id":"https:\/\/macambients.com\/es\/#organization","name":"MAC - Ambients Singulars","url":"https:\/\/macambients.com\/es\/","logo":{"@type":"ImageObject","inLanguage":"es","@id":"https:\/\/macambients.com\/es\/#\/schema\/logo\/image\/","url":"https:\/\/macambients.com\/wp-content\/uploads\/2022\/12\/logo.png","contentUrl":"https:\/\/macambients.com\/wp-content\/uploads\/2022\/12\/logo.png","width":270,"height":55,"caption":"MAC - Ambients Singulars"},"image":{"@id":"https:\/\/macambients.com\/es\/#\/schema\/logo\/image\/"}}]}},"_links":{"self":[{"href":"https:\/\/macambients.com\/es\/wp-json\/wp\/v2\/product\/28776"}],"collection":[{"href":"https:\/\/macambients.com\/es\/wp-json\/wp\/v2\/product"}],"about":[{"href":"https:\/\/macambients.com\/es\/wp-json\/wp\/v2\/types\/product"}],"wp:featuredmedia":[{"embeddable":true,"href":"https:\/\/macambients.com\/es\/wp-json\/wp\/v2\/media\/29085"}],"wp:attachment":[{"href":"https:\/\/macambients.com\/es\/wp-json\/wp\/v2\/media?parent=28776"}],"wp:term":[{"taxonomy":"product_cat","embeddable":true,"href":"https:\/\/macambients.com\/es\/wp-json\/wp\/v2\/product_cat?post=28776"},{"taxonomy":"product_tag","embeddable":true,"href":"https:\/\/macambients.com\/es\/wp-json\/wp\/v2\/product_tag?post=28776"}],"curies":[{"name":"wp","href":"https:\/\/api.w.org\/{rel}","templated":true}]}}