{"id":31220,"date":"2023-04-19T07:20:14","date_gmt":"2023-04-19T07:20:14","guid":{"rendered":"https:\/\/macambients.com\/product\/yc-2100\/"},"modified":"2026-03-31T08:37:37","modified_gmt":"2026-03-31T08:37:37","slug":"vesta","status":"publish","type":"product","link":"https:\/\/macambients.com\/es\/product\/vesta\/","title":{"rendered":"VESTA"},"content":{"rendered":"<p>Canap\u00e9 de madera.<\/p>\n<p>\u2022 Tapa en 3d. (Colores chocolate, blanco, negro, beige o plata) tapa fabricada en tablero de 8mm con estructura met\u00e1lica de 30&#215;30 con 16 agujeros de ventilaci\u00f3n<br \/>\n\u2022 Tiradores de madera o met\u00e1licos atornillados a la estructura de la tapa<br \/>\n\u2022 Fondo del canap\u00e9 fabricado en tablero de 10 mm.<br \/>\n\u2022 Estructura del exterior del canap\u00e9 fabricada en tablero melam\u00ednico de 30mm.<br \/>\n\u2022 Interior del canap\u00e9 en melamina.<br \/>\n\u2022 Patas macizas a haya con grosor de 11,5 x 4 cm.<br \/>\n\u2022 Altura 34 cm. Opci\u00f3n tambi\u00e9n en 30 cm<\/p>\n<p>En tama\u00f1os superiores a 160 cm ser\u00e1 tapa partida.<\/p>\n<p>\u2022 COLORES DISPONIBLES:<br \/>\n\u2022 Blanco, Cambrian, Cerezo, Mozart, Tabaco, Wengue, DKP, Nogal, \u00c1rtico, Snow, Natural, Nuevo, Cemento, Carb\u00f3n, N\u00f3rdico y Co\u00f1ac<br \/>\nEQUIPAMIENTO DE SERIE<br \/>\n\u2022 V\u00e1lvulas exteriores de aireaci\u00f3n<br \/>\n\u2022 Bloqueo de seguridad<\/p>\n<p>EQUIPAMIENTO OPCINAL<\/p>\n<p>\u2022 Esquinera tapa tapizada en polipiel o ropa:<br \/>\n-Serie b\u00e1sica: 43\u20ac -Serie 1: 68\u20ac -Serie 2: 81\u20ac -Serie 3: 92\u20ac -Serie 4: 112\u20ac<\/p>\n","protected":false},"excerpt":{"rendered":"<p>Canap\u00e9 de madera. \u2022 Tapa en 3d. (Colores chocolate, blanco, negro, beige o plata) tapa fabricada en tablero de 8mm con estructura met\u00e1lica de 30&#215;30 con 16 agujeros de ventilaci\u00f3n \u2022 Tiradores de madera o met\u00e1licos atornillados a la estructura de la tapa \u2022 Fondo del canap\u00e9 fabricado en tablero de 10 mm. \u2022 Estructura [&hellip;]<\/p>\n","protected":false},"featured_media":31158,"template":"","meta":{"_acf_changed":false,"_joinchat":[]},"product_cat":[725,613,642],"product_tag":[],"class_list":{"0":"post-31220","1":"product","2":"type-product","3":"status-publish","4":"has-post-thumbnail","6":"product_cat-descanso","7":"product_cat-bases","8":"product_cat-canapes-madera","9":"pa_mida-90x180-es","10":"pa_mida-90x190-es","11":"pa_mida-90x200-es","12":"pa_mida-105x180-es","13":"pa_mida-105x190-es","14":"pa_mida-105x200-es","15":"pa_mida-120x180-es","16":"pa_mida-120x190-es","17":"pa_mida-120x200-es","18":"pa_mida-135x180-es","19":"pa_mida-135x190-es","20":"pa_mida-135x200-es","21":"pa_mida-140x200-es","22":"pa_mida-150x180-es","23":"pa_mida-150x190-es","24":"pa_mida-150x200-es","25":"pa_mida-160x180-es","26":"pa_mida-160x190-es","27":"pa_mida-160x200-es","28":"pa_mida-180x180-es","29":"pa_mida-180x190-es","30":"pa_mida-180x200-es","31":"pa_mida-200x180-es","32":"pa_mida-200x190-es","33":"pa_mida-200x200-es","35":"first","36":"instock","37":"sale","38":"taxable","39":"shipping-taxable","40":"purchasable","41":"product-type-variable"},"acf":[],"yoast_head":"<!-- This site is optimized with the Yoast SEO plugin v23.3 - https:\/\/yoast.com\/wordpress\/plugins\/seo\/ -->\n<title>VESTA - MAC - Ambients Singulars<\/title>\n<meta name=\"robots\" content=\"index, follow, max-snippet:-1, max-image-preview:large, max-video-preview:-1\" \/>\n<link rel=\"canonical\" href=\"https:\/\/macambients.com\/es\/product\/vesta\/\" \/>\n<meta property=\"og:locale\" content=\"es_ES\" \/>\n<meta property=\"og:type\" content=\"article\" \/>\n<meta property=\"og:title\" content=\"VESTA - MAC - Ambients Singulars\" \/>\n<meta property=\"og:description\" content=\"Canap\u00e9 de madera. \u2022 Tapa en 3d. (Colores chocolate, blanco, negro, beige o plata) tapa fabricada en tablero de 8mm con estructura met\u00e1lica de 30&#215;30 con 16 agujeros de ventilaci\u00f3n \u2022 Tiradores de madera o met\u00e1licos atornillados a la estructura de la tapa \u2022 Fondo del canap\u00e9 fabricado en tablero de 10 mm. \u2022 Estructura [&hellip;]\" \/>\n<meta property=\"og:url\" content=\"https:\/\/macambients.com\/es\/product\/vesta\/\" \/>\n<meta property=\"og:site_name\" content=\"MAC - Ambients Singulars\" \/>\n<meta property=\"article:modified_time\" content=\"2026-03-31T08:37:37+00:00\" \/>\n<meta property=\"og:image\" content=\"https:\/\/macambients.com\/wp-content\/uploads\/2023\/04\/YC-2100_Zeus.jpg\" \/>\n\t<meta property=\"og:image:width\" content=\"2000\" \/>\n\t<meta property=\"og:image:height\" content=\"1120\" \/>\n\t<meta property=\"og:image:type\" content=\"image\/jpeg\" \/>\n<meta name=\"twitter:card\" content=\"summary_large_image\" \/>\n<meta name=\"twitter:label1\" content=\"Tiempo de lectura\" \/>\n\t<meta name=\"twitter:data1\" content=\"2 minutos\" \/>\n<script type=\"application\/ld+json\" class=\"yoast-schema-graph\">{\"@context\":\"https:\/\/schema.org\",\"@graph\":[{\"@type\":\"WebPage\",\"@id\":\"https:\/\/macambients.com\/es\/product\/vesta\/\",\"url\":\"https:\/\/macambients.com\/es\/product\/vesta\/\",\"name\":\"VESTA - MAC - Ambients Singulars\",\"isPartOf\":{\"@id\":\"https:\/\/macambients.com\/es\/#website\"},\"primaryImageOfPage\":{\"@id\":\"https:\/\/macambients.com\/es\/product\/vesta\/#primaryimage\"},\"image\":{\"@id\":\"https:\/\/macambients.com\/es\/product\/vesta\/#primaryimage\"},\"thumbnailUrl\":\"https:\/\/macambients.com\/wp-content\/uploads\/2023\/04\/YC-2100_Zeus.jpg\",\"datePublished\":\"2023-04-19T07:20:14+00:00\",\"dateModified\":\"2026-03-31T08:37:37+00:00\",\"breadcrumb\":{\"@id\":\"https:\/\/macambients.com\/es\/product\/vesta\/#breadcrumb\"},\"inLanguage\":\"es\",\"potentialAction\":[{\"@type\":\"ReadAction\",\"target\":[\"https:\/\/macambients.com\/es\/product\/vesta\/\"]}]},{\"@type\":\"ImageObject\",\"inLanguage\":\"es\",\"@id\":\"https:\/\/macambients.com\/es\/product\/vesta\/#primaryimage\",\"url\":\"https:\/\/macambients.com\/wp-content\/uploads\/2023\/04\/YC-2100_Zeus.jpg\",\"contentUrl\":\"https:\/\/macambients.com\/wp-content\/uploads\/2023\/04\/YC-2100_Zeus.jpg\",\"width\":2000,\"height\":1120},{\"@type\":\"BreadcrumbList\",\"@id\":\"https:\/\/macambients.com\/es\/product\/vesta\/#breadcrumb\",\"itemListElement\":[{\"@type\":\"ListItem\",\"position\":1,\"name\":\"Home\",\"item\":\"https:\/\/macambients.com\/es\/\"},{\"@type\":\"ListItem\",\"position\":2,\"name\":\"Shop\",\"item\":\"https:\/\/macambients.com\/es\/shop\/\"},{\"@type\":\"ListItem\",\"position\":3,\"name\":\"VESTA\"}]},{\"@type\":\"WebSite\",\"@id\":\"https:\/\/macambients.com\/es\/#website\",\"url\":\"https:\/\/macambients.com\/es\/\",\"name\":\"MAC - Ambients Singulars\",\"description\":\"\",\"publisher\":{\"@id\":\"https:\/\/macambients.com\/es\/#organization\"},\"potentialAction\":[{\"@type\":\"SearchAction\",\"target\":{\"@type\":\"EntryPoint\",\"urlTemplate\":\"https:\/\/macambients.com\/es\/?s={search_term_string}\"},\"query-input\":\"required name=search_term_string\"}],\"inLanguage\":\"es\"},{\"@type\":\"Organization\",\"@id\":\"https:\/\/macambients.com\/es\/#organization\",\"name\":\"MAC - Ambients Singulars\",\"url\":\"https:\/\/macambients.com\/es\/\",\"logo\":{\"@type\":\"ImageObject\",\"inLanguage\":\"es\",\"@id\":\"https:\/\/macambients.com\/es\/#\/schema\/logo\/image\/\",\"url\":\"https:\/\/macambients.com\/wp-content\/uploads\/2022\/12\/logo.png\",\"contentUrl\":\"https:\/\/macambients.com\/wp-content\/uploads\/2022\/12\/logo.png\",\"width\":270,\"height\":55,\"caption\":\"MAC - Ambients Singulars\"},\"image\":{\"@id\":\"https:\/\/macambients.com\/es\/#\/schema\/logo\/image\/\"}}]}<\/script>\n<!-- \/ Yoast SEO plugin. -->","yoast_head_json":{"title":"VESTA - MAC - Ambients Singulars","robots":{"index":"index","follow":"follow","max-snippet":"max-snippet:-1","max-image-preview":"max-image-preview:large","max-video-preview":"max-video-preview:-1"},"canonical":"https:\/\/macambients.com\/es\/product\/vesta\/","og_locale":"es_ES","og_type":"article","og_title":"VESTA - MAC - Ambients Singulars","og_description":"Canap\u00e9 de madera. \u2022 Tapa en 3d. (Colores chocolate, blanco, negro, beige o plata) tapa fabricada en tablero de 8mm con estructura met\u00e1lica de 30&#215;30 con 16 agujeros de ventilaci\u00f3n \u2022 Tiradores de madera o met\u00e1licos atornillados a la estructura de la tapa \u2022 Fondo del canap\u00e9 fabricado en tablero de 10 mm. \u2022 Estructura [&hellip;]","og_url":"https:\/\/macambients.com\/es\/product\/vesta\/","og_site_name":"MAC - Ambients Singulars","article_modified_time":"2026-03-31T08:37:37+00:00","og_image":[{"width":2000,"height":1120,"url":"https:\/\/macambients.com\/wp-content\/uploads\/2023\/04\/YC-2100_Zeus.jpg","type":"image\/jpeg"}],"twitter_card":"summary_large_image","twitter_misc":{"Tiempo de lectura":"2 minutos"},"schema":{"@context":"https:\/\/schema.org","@graph":[{"@type":"WebPage","@id":"https:\/\/macambients.com\/es\/product\/vesta\/","url":"https:\/\/macambients.com\/es\/product\/vesta\/","name":"VESTA - MAC - Ambients Singulars","isPartOf":{"@id":"https:\/\/macambients.com\/es\/#website"},"primaryImageOfPage":{"@id":"https:\/\/macambients.com\/es\/product\/vesta\/#primaryimage"},"image":{"@id":"https:\/\/macambients.com\/es\/product\/vesta\/#primaryimage"},"thumbnailUrl":"https:\/\/macambients.com\/wp-content\/uploads\/2023\/04\/YC-2100_Zeus.jpg","datePublished":"2023-04-19T07:20:14+00:00","dateModified":"2026-03-31T08:37:37+00:00","breadcrumb":{"@id":"https:\/\/macambients.com\/es\/product\/vesta\/#breadcrumb"},"inLanguage":"es","potentialAction":[{"@type":"ReadAction","target":["https:\/\/macambients.com\/es\/product\/vesta\/"]}]},{"@type":"ImageObject","inLanguage":"es","@id":"https:\/\/macambients.com\/es\/product\/vesta\/#primaryimage","url":"https:\/\/macambients.com\/wp-content\/uploads\/2023\/04\/YC-2100_Zeus.jpg","contentUrl":"https:\/\/macambients.com\/wp-content\/uploads\/2023\/04\/YC-2100_Zeus.jpg","width":2000,"height":1120},{"@type":"BreadcrumbList","@id":"https:\/\/macambients.com\/es\/product\/vesta\/#breadcrumb","itemListElement":[{"@type":"ListItem","position":1,"name":"Home","item":"https:\/\/macambients.com\/es\/"},{"@type":"ListItem","position":2,"name":"Shop","item":"https:\/\/macambients.com\/es\/shop\/"},{"@type":"ListItem","position":3,"name":"VESTA"}]},{"@type":"WebSite","@id":"https:\/\/macambients.com\/es\/#website","url":"https:\/\/macambients.com\/es\/","name":"MAC - Ambients Singulars","description":"","publisher":{"@id":"https:\/\/macambients.com\/es\/#organization"},"potentialAction":[{"@type":"SearchAction","target":{"@type":"EntryPoint","urlTemplate":"https:\/\/macambients.com\/es\/?s={search_term_string}"},"query-input":"required name=search_term_string"}],"inLanguage":"es"},{"@type":"Organization","@id":"https:\/\/macambients.com\/es\/#organization","name":"MAC - Ambients Singulars","url":"https:\/\/macambients.com\/es\/","logo":{"@type":"ImageObject","inLanguage":"es","@id":"https:\/\/macambients.com\/es\/#\/schema\/logo\/image\/","url":"https:\/\/macambients.com\/wp-content\/uploads\/2022\/12\/logo.png","contentUrl":"https:\/\/macambients.com\/wp-content\/uploads\/2022\/12\/logo.png","width":270,"height":55,"caption":"MAC - Ambients Singulars"},"image":{"@id":"https:\/\/macambients.com\/es\/#\/schema\/logo\/image\/"}}]}},"_links":{"self":[{"href":"https:\/\/macambients.com\/es\/wp-json\/wp\/v2\/product\/31220"}],"collection":[{"href":"https:\/\/macambients.com\/es\/wp-json\/wp\/v2\/product"}],"about":[{"href":"https:\/\/macambients.com\/es\/wp-json\/wp\/v2\/types\/product"}],"wp:featuredmedia":[{"embeddable":true,"href":"https:\/\/macambients.com\/es\/wp-json\/wp\/v2\/media\/31158"}],"wp:attachment":[{"href":"https:\/\/macambients.com\/es\/wp-json\/wp\/v2\/media?parent=31220"}],"wp:term":[{"taxonomy":"product_cat","embeddable":true,"href":"https:\/\/macambients.com\/es\/wp-json\/wp\/v2\/product_cat?post=31220"},{"taxonomy":"product_tag","embeddable":true,"href":"https:\/\/macambients.com\/es\/wp-json\/wp\/v2\/product_tag?post=31220"}],"curies":[{"name":"wp","href":"https:\/\/api.w.org\/{rel}","templated":true}]}}