{"id":31343,"date":"2023-04-19T08:07:02","date_gmt":"2023-04-19T08:07:02","guid":{"rendered":"https:\/\/macambients.com\/product\/yc-2500\/"},"modified":"2024-05-24T10:26:22","modified_gmt":"2024-05-24T10:26:22","slug":"juno","status":"publish","type":"product","link":"https:\/\/macambients.com\/es\/product\/juno\/","title":{"rendered":"JUNO"},"content":{"rendered":"<p>Canap\u00e9 de madera con caj\u00f3n<\/p>\n<p>Tapa en 3D\u00a0 Tapa con estructura met\u00e1lica de 40\u00d730 con 16 agujeros de ventilaci\u00f3n<\/p>\n<p>Fondo fabricado en tablero de 10mm.<\/p>\n<p>Estructura del exterior del canap\u00e9 fabricada en tablero melam\u00ednico de 25mm.<\/p>\n<p>Acabado con goma a la parte inferior del canap\u00e9 (para evitar la entrada de polvo).<\/p>\n<p>El m\u00f3dulo caj\u00f3n se sirve totalmente montado.<\/p>\n<p>Colores: blanco, cambrian, cerezo, tabaco y wengu\u00e9<\/p>\n<p>Canap\u00e9 con caj\u00f3n.<\/p>\n","protected":false},"excerpt":{"rendered":"<p>Canap\u00e9 de madera con caj\u00f3n Tapa en 3D\u00a0 Tapa con estructura met\u00e1lica de 40\u00d730 con 16 agujeros de ventilaci\u00f3n Fondo fabricado en tablero de 10mm. Estructura del exterior del canap\u00e9 fabricada en tablero melam\u00ednico de 25mm. Acabado con goma a la parte inferior del canap\u00e9 (para evitar la entrada de polvo). El m\u00f3dulo caj\u00f3n se [&hellip;]<\/p>\n","protected":false},"featured_media":35048,"template":"","meta":{"_acf_changed":false,"_joinchat":[]},"product_cat":[725,613,642],"product_tag":[],"class_list":{"0":"post-31343","1":"product","2":"type-product","3":"status-publish","4":"has-post-thumbnail","6":"product_cat-descanso","7":"product_cat-bases","8":"product_cat-canapes-madera","9":"pa_mida-135x180-es","10":"pa_mida-135x190-es","11":"pa_mida-135x200-es","12":"pa_mida-140x180-es","13":"pa_mida-140x190-es","14":"pa_mida-140x200-es","15":"pa_mida-150x180-es","16":"pa_mida-150x190-es","17":"pa_mida-150x200-es","18":"pa_mida-160x180-es","19":"pa_mida-160x190-es","20":"pa_mida-160x200-es","21":"pa_mida-160x190-doble-tapa-es","22":"pa_mida-160x180-doble-tapa-es","23":"pa_mida-180x180-doble-tapa-es","24":"pa_mida-160x200-doble-tapa-es","25":"pa_mida-180x190-doble-tapa-es","26":"pa_mida-180x200-doble-tapa-es","27":"pa_mida-200x190-doble-tapa-es","28":"pa_mida-200x180-doble-tapa-es","29":"pa_mida-200x200-doble-tapa-es","31":"first","32":"instock","33":"sale","34":"taxable","35":"shipping-taxable","36":"purchasable","37":"product-type-variable"},"acf":[],"yoast_head":"<!-- This site is optimized with the Yoast SEO plugin v23.3 - https:\/\/yoast.com\/wordpress\/plugins\/seo\/ -->\n<title>JUNO - MAC - Ambients Singulars<\/title>\n<meta name=\"robots\" content=\"index, follow, max-snippet:-1, max-image-preview:large, max-video-preview:-1\" \/>\n<link rel=\"canonical\" href=\"https:\/\/macambients.com\/es\/product\/juno\/\" \/>\n<meta property=\"og:locale\" content=\"es_ES\" \/>\n<meta property=\"og:type\" content=\"article\" \/>\n<meta property=\"og:title\" content=\"JUNO - MAC - Ambients Singulars\" \/>\n<meta property=\"og:description\" content=\"Canap\u00e9 de madera con caj\u00f3n Tapa en 3D\u00a0 Tapa con estructura met\u00e1lica de 40\u00d730 con 16 agujeros de ventilaci\u00f3n Fondo fabricado en tablero de 10mm. Estructura del exterior del canap\u00e9 fabricada en tablero melam\u00ednico de 25mm. Acabado con goma a la parte inferior del canap\u00e9 (para evitar la entrada de polvo). El m\u00f3dulo caj\u00f3n se [&hellip;]\" \/>\n<meta property=\"og:url\" content=\"https:\/\/macambients.com\/es\/product\/juno\/\" \/>\n<meta property=\"og:site_name\" content=\"MAC - Ambients Singulars\" \/>\n<meta property=\"article:modified_time\" content=\"2024-05-24T10:26:22+00:00\" \/>\n<meta property=\"og:image\" content=\"https:\/\/macambients.com\/wp-content\/uploads\/2023\/04\/YC-2500_Natalia.jpg\" \/>\n\t<meta property=\"og:image:width\" content=\"1600\" \/>\n\t<meta property=\"og:image:height\" content=\"1120\" \/>\n\t<meta property=\"og:image:type\" content=\"image\/jpeg\" \/>\n<meta name=\"twitter:card\" content=\"summary_large_image\" \/>\n<meta name=\"twitter:label1\" content=\"Tiempo de lectura\" \/>\n\t<meta name=\"twitter:data1\" content=\"1 minuto\" \/>\n<script type=\"application\/ld+json\" class=\"yoast-schema-graph\">{\"@context\":\"https:\/\/schema.org\",\"@graph\":[{\"@type\":\"WebPage\",\"@id\":\"https:\/\/macambients.com\/es\/product\/juno\/\",\"url\":\"https:\/\/macambients.com\/es\/product\/juno\/\",\"name\":\"JUNO - MAC - Ambients Singulars\",\"isPartOf\":{\"@id\":\"https:\/\/macambients.com\/es\/#website\"},\"primaryImageOfPage\":{\"@id\":\"https:\/\/macambients.com\/es\/product\/juno\/#primaryimage\"},\"image\":{\"@id\":\"https:\/\/macambients.com\/es\/product\/juno\/#primaryimage\"},\"thumbnailUrl\":\"https:\/\/macambients.com\/wp-content\/uploads\/2023\/04\/YC-2500_Natalia.jpg\",\"datePublished\":\"2023-04-19T08:07:02+00:00\",\"dateModified\":\"2024-05-24T10:26:22+00:00\",\"breadcrumb\":{\"@id\":\"https:\/\/macambients.com\/es\/product\/juno\/#breadcrumb\"},\"inLanguage\":\"es\",\"potentialAction\":[{\"@type\":\"ReadAction\",\"target\":[\"https:\/\/macambients.com\/es\/product\/juno\/\"]}]},{\"@type\":\"ImageObject\",\"inLanguage\":\"es\",\"@id\":\"https:\/\/macambients.com\/es\/product\/juno\/#primaryimage\",\"url\":\"https:\/\/macambients.com\/wp-content\/uploads\/2023\/04\/YC-2500_Natalia.jpg\",\"contentUrl\":\"https:\/\/macambients.com\/wp-content\/uploads\/2023\/04\/YC-2500_Natalia.jpg\",\"width\":1600,\"height\":1120},{\"@type\":\"BreadcrumbList\",\"@id\":\"https:\/\/macambients.com\/es\/product\/juno\/#breadcrumb\",\"itemListElement\":[{\"@type\":\"ListItem\",\"position\":1,\"name\":\"Home\",\"item\":\"https:\/\/macambients.com\/es\/\"},{\"@type\":\"ListItem\",\"position\":2,\"name\":\"Shop\",\"item\":\"https:\/\/macambients.com\/es\/shop\/\"},{\"@type\":\"ListItem\",\"position\":3,\"name\":\"JUNO\"}]},{\"@type\":\"WebSite\",\"@id\":\"https:\/\/macambients.com\/es\/#website\",\"url\":\"https:\/\/macambients.com\/es\/\",\"name\":\"MAC - Ambients Singulars\",\"description\":\"\",\"publisher\":{\"@id\":\"https:\/\/macambients.com\/es\/#organization\"},\"potentialAction\":[{\"@type\":\"SearchAction\",\"target\":{\"@type\":\"EntryPoint\",\"urlTemplate\":\"https:\/\/macambients.com\/es\/?s={search_term_string}\"},\"query-input\":\"required name=search_term_string\"}],\"inLanguage\":\"es\"},{\"@type\":\"Organization\",\"@id\":\"https:\/\/macambients.com\/es\/#organization\",\"name\":\"MAC - Ambients Singulars\",\"url\":\"https:\/\/macambients.com\/es\/\",\"logo\":{\"@type\":\"ImageObject\",\"inLanguage\":\"es\",\"@id\":\"https:\/\/macambients.com\/es\/#\/schema\/logo\/image\/\",\"url\":\"https:\/\/macambients.com\/wp-content\/uploads\/2022\/12\/logo.png\",\"contentUrl\":\"https:\/\/macambients.com\/wp-content\/uploads\/2022\/12\/logo.png\",\"width\":270,\"height\":55,\"caption\":\"MAC - Ambients Singulars\"},\"image\":{\"@id\":\"https:\/\/macambients.com\/es\/#\/schema\/logo\/image\/\"}}]}<\/script>\n<!-- \/ Yoast SEO plugin. -->","yoast_head_json":{"title":"JUNO - MAC - Ambients Singulars","robots":{"index":"index","follow":"follow","max-snippet":"max-snippet:-1","max-image-preview":"max-image-preview:large","max-video-preview":"max-video-preview:-1"},"canonical":"https:\/\/macambients.com\/es\/product\/juno\/","og_locale":"es_ES","og_type":"article","og_title":"JUNO - MAC - Ambients Singulars","og_description":"Canap\u00e9 de madera con caj\u00f3n Tapa en 3D\u00a0 Tapa con estructura met\u00e1lica de 40\u00d730 con 16 agujeros de ventilaci\u00f3n Fondo fabricado en tablero de 10mm. Estructura del exterior del canap\u00e9 fabricada en tablero melam\u00ednico de 25mm. Acabado con goma a la parte inferior del canap\u00e9 (para evitar la entrada de polvo). El m\u00f3dulo caj\u00f3n se [&hellip;]","og_url":"https:\/\/macambients.com\/es\/product\/juno\/","og_site_name":"MAC - Ambients Singulars","article_modified_time":"2024-05-24T10:26:22+00:00","og_image":[{"width":1600,"height":1120,"url":"https:\/\/macambients.com\/wp-content\/uploads\/2023\/04\/YC-2500_Natalia.jpg","type":"image\/jpeg"}],"twitter_card":"summary_large_image","twitter_misc":{"Tiempo de lectura":"1 minuto"},"schema":{"@context":"https:\/\/schema.org","@graph":[{"@type":"WebPage","@id":"https:\/\/macambients.com\/es\/product\/juno\/","url":"https:\/\/macambients.com\/es\/product\/juno\/","name":"JUNO - MAC - Ambients Singulars","isPartOf":{"@id":"https:\/\/macambients.com\/es\/#website"},"primaryImageOfPage":{"@id":"https:\/\/macambients.com\/es\/product\/juno\/#primaryimage"},"image":{"@id":"https:\/\/macambients.com\/es\/product\/juno\/#primaryimage"},"thumbnailUrl":"https:\/\/macambients.com\/wp-content\/uploads\/2023\/04\/YC-2500_Natalia.jpg","datePublished":"2023-04-19T08:07:02+00:00","dateModified":"2024-05-24T10:26:22+00:00","breadcrumb":{"@id":"https:\/\/macambients.com\/es\/product\/juno\/#breadcrumb"},"inLanguage":"es","potentialAction":[{"@type":"ReadAction","target":["https:\/\/macambients.com\/es\/product\/juno\/"]}]},{"@type":"ImageObject","inLanguage":"es","@id":"https:\/\/macambients.com\/es\/product\/juno\/#primaryimage","url":"https:\/\/macambients.com\/wp-content\/uploads\/2023\/04\/YC-2500_Natalia.jpg","contentUrl":"https:\/\/macambients.com\/wp-content\/uploads\/2023\/04\/YC-2500_Natalia.jpg","width":1600,"height":1120},{"@type":"BreadcrumbList","@id":"https:\/\/macambients.com\/es\/product\/juno\/#breadcrumb","itemListElement":[{"@type":"ListItem","position":1,"name":"Home","item":"https:\/\/macambients.com\/es\/"},{"@type":"ListItem","position":2,"name":"Shop","item":"https:\/\/macambients.com\/es\/shop\/"},{"@type":"ListItem","position":3,"name":"JUNO"}]},{"@type":"WebSite","@id":"https:\/\/macambients.com\/es\/#website","url":"https:\/\/macambients.com\/es\/","name":"MAC - Ambients Singulars","description":"","publisher":{"@id":"https:\/\/macambients.com\/es\/#organization"},"potentialAction":[{"@type":"SearchAction","target":{"@type":"EntryPoint","urlTemplate":"https:\/\/macambients.com\/es\/?s={search_term_string}"},"query-input":"required name=search_term_string"}],"inLanguage":"es"},{"@type":"Organization","@id":"https:\/\/macambients.com\/es\/#organization","name":"MAC - Ambients Singulars","url":"https:\/\/macambients.com\/es\/","logo":{"@type":"ImageObject","inLanguage":"es","@id":"https:\/\/macambients.com\/es\/#\/schema\/logo\/image\/","url":"https:\/\/macambients.com\/wp-content\/uploads\/2022\/12\/logo.png","contentUrl":"https:\/\/macambients.com\/wp-content\/uploads\/2022\/12\/logo.png","width":270,"height":55,"caption":"MAC - Ambients Singulars"},"image":{"@id":"https:\/\/macambients.com\/es\/#\/schema\/logo\/image\/"}}]}},"_links":{"self":[{"href":"https:\/\/macambients.com\/es\/wp-json\/wp\/v2\/product\/31343"}],"collection":[{"href":"https:\/\/macambients.com\/es\/wp-json\/wp\/v2\/product"}],"about":[{"href":"https:\/\/macambients.com\/es\/wp-json\/wp\/v2\/types\/product"}],"wp:featuredmedia":[{"embeddable":true,"href":"https:\/\/macambients.com\/es\/wp-json\/wp\/v2\/media\/35048"}],"wp:attachment":[{"href":"https:\/\/macambients.com\/es\/wp-json\/wp\/v2\/media?parent=31343"}],"wp:term":[{"taxonomy":"product_cat","embeddable":true,"href":"https:\/\/macambients.com\/es\/wp-json\/wp\/v2\/product_cat?post=31343"},{"taxonomy":"product_tag","embeddable":true,"href":"https:\/\/macambients.com\/es\/wp-json\/wp\/v2\/product_tag?post=31343"}],"curies":[{"name":"wp","href":"https:\/\/api.w.org\/{rel}","templated":true}]}}