{"id":33061,"date":"2023-05-31T08:01:23","date_gmt":"2023-05-31T08:01:23","guid":{"rendered":"https:\/\/macambients.com\/product\/pack-07\/"},"modified":"2025-03-18T10:42:13","modified_gmt":"2025-03-18T10:42:13","slug":"pack-07","status":"publish","type":"product","link":"https:\/\/macambients.com\/es\/product\/pack-07\/","title":{"rendered":"PACK 07"},"content":{"rendered":"<p>Mesa rectangular extensible de comedor de 140x90cm o 160x90cm con un extensible de 70cm con melamina de alta calidad y patas met\u00e1licas.<\/p>\n<p>Sillas con asiento tapizado y patas met\u00e1licas.<\/p>\n<p>Opci\u00f3n individual:<\/p>\n<p>Precio mesa 1.349\u20ac<\/p>\n<p>Precio silla 222\u20ac<\/p>\n<p>Disponible en gran variedad de colores, tama\u00f1os y acabados.<\/p>\n<p>EL PRECIO INCLUYE TRANSPORTE Y MONTAJE<\/p>\n","protected":false},"excerpt":{"rendered":"<p>Mesa rectangular extensible de comedor de 140x90cm o 160x90cm con un extensible de 70cm con melamina de alta calidad y patas met\u00e1licas. Sillas con asiento tapizado y patas met\u00e1licas. Opci\u00f3n individual: Precio mesa 1.349\u20ac Precio silla 222\u20ac Disponible en gran variedad de colores, tama\u00f1os y acabados. EL PRECIO INCLUYE TRANSPORTE Y MONTAJE<\/p>\n","protected":false},"featured_media":33049,"template":"","meta":{"_acf_changed":false,"_joinchat":[]},"product_cat":[736,660],"product_tag":[],"class_list":{"0":"post-33061","1":"product","2":"type-product","3":"status-publish","4":"has-post-thumbnail","6":"product_cat-mesas","7":"product_cat-mesas-comedor","8":"pa_mida-taules-cadires-pack-de-mesa-4-sillas-es","9":"pa_mida-taules-cadires-pack-de-mesa-6-sillas-es","11":"first","12":"instock","13":"taxable","14":"shipping-taxable","15":"purchasable","16":"product-type-variable"},"acf":[],"yoast_head":"<!-- This site is optimized with the Yoast SEO plugin v23.3 - https:\/\/yoast.com\/wordpress\/plugins\/seo\/ -->\n<title>PACK 07 - MAC - Ambients Singulars<\/title>\n<meta name=\"robots\" content=\"index, follow, max-snippet:-1, max-image-preview:large, max-video-preview:-1\" \/>\n<link rel=\"canonical\" href=\"https:\/\/macambients.com\/es\/product\/pack-07\/\" \/>\n<meta property=\"og:locale\" content=\"es_ES\" \/>\n<meta property=\"og:type\" content=\"article\" \/>\n<meta property=\"og:title\" content=\"PACK 07 - MAC - Ambients Singulars\" \/>\n<meta property=\"og:description\" content=\"Mesa rectangular extensible de comedor de 140x90cm o 160x90cm con un extensible de 70cm con melamina de alta calidad y patas met\u00e1licas. Sillas con asiento tapizado y patas met\u00e1licas. Opci\u00f3n individual: Precio mesa 1.349\u20ac Precio silla 222\u20ac Disponible en gran variedad de colores, tama\u00f1os y acabados. EL PRECIO INCLUYE TRANSPORTE Y MONTAJE\" \/>\n<meta property=\"og:url\" content=\"https:\/\/macambients.com\/es\/product\/pack-07\/\" \/>\n<meta property=\"og:site_name\" content=\"MAC - Ambients Singulars\" \/>\n<meta property=\"article:modified_time\" content=\"2025-03-18T10:42:13+00:00\" \/>\n<meta property=\"og:image\" content=\"https:\/\/macambients.com\/wp-content\/uploads\/2023\/05\/01-MON-MESA-RECTANGULAR.jpg\" \/>\n\t<meta property=\"og:image:width\" content=\"1600\" \/>\n\t<meta property=\"og:image:height\" content=\"1120\" \/>\n\t<meta property=\"og:image:type\" content=\"image\/jpeg\" \/>\n<meta name=\"twitter:card\" content=\"summary_large_image\" \/>\n<meta name=\"twitter:label1\" content=\"Tiempo de lectura\" \/>\n\t<meta name=\"twitter:data1\" content=\"1 minuto\" \/>\n<script type=\"application\/ld+json\" class=\"yoast-schema-graph\">{\"@context\":\"https:\/\/schema.org\",\"@graph\":[{\"@type\":\"WebPage\",\"@id\":\"https:\/\/macambients.com\/es\/product\/pack-07\/\",\"url\":\"https:\/\/macambients.com\/es\/product\/pack-07\/\",\"name\":\"PACK 07 - MAC - Ambients Singulars\",\"isPartOf\":{\"@id\":\"https:\/\/macambients.com\/es\/#website\"},\"primaryImageOfPage\":{\"@id\":\"https:\/\/macambients.com\/es\/product\/pack-07\/#primaryimage\"},\"image\":{\"@id\":\"https:\/\/macambients.com\/es\/product\/pack-07\/#primaryimage\"},\"thumbnailUrl\":\"https:\/\/macambients.com\/wp-content\/uploads\/2023\/05\/01-MON-MESA-RECTANGULAR.jpg\",\"datePublished\":\"2023-05-31T08:01:23+00:00\",\"dateModified\":\"2025-03-18T10:42:13+00:00\",\"breadcrumb\":{\"@id\":\"https:\/\/macambients.com\/es\/product\/pack-07\/#breadcrumb\"},\"inLanguage\":\"es\",\"potentialAction\":[{\"@type\":\"ReadAction\",\"target\":[\"https:\/\/macambients.com\/es\/product\/pack-07\/\"]}]},{\"@type\":\"ImageObject\",\"inLanguage\":\"es\",\"@id\":\"https:\/\/macambients.com\/es\/product\/pack-07\/#primaryimage\",\"url\":\"https:\/\/macambients.com\/wp-content\/uploads\/2023\/05\/01-MON-MESA-RECTANGULAR.jpg\",\"contentUrl\":\"https:\/\/macambients.com\/wp-content\/uploads\/2023\/05\/01-MON-MESA-RECTANGULAR.jpg\",\"width\":1600,\"height\":1120},{\"@type\":\"BreadcrumbList\",\"@id\":\"https:\/\/macambients.com\/es\/product\/pack-07\/#breadcrumb\",\"itemListElement\":[{\"@type\":\"ListItem\",\"position\":1,\"name\":\"Home\",\"item\":\"https:\/\/macambients.com\/es\/\"},{\"@type\":\"ListItem\",\"position\":2,\"name\":\"Shop\",\"item\":\"https:\/\/macambients.com\/es\/shop\/\"},{\"@type\":\"ListItem\",\"position\":3,\"name\":\"PACK 07\"}]},{\"@type\":\"WebSite\",\"@id\":\"https:\/\/macambients.com\/es\/#website\",\"url\":\"https:\/\/macambients.com\/es\/\",\"name\":\"MAC - Ambients Singulars\",\"description\":\"\",\"publisher\":{\"@id\":\"https:\/\/macambients.com\/es\/#organization\"},\"potentialAction\":[{\"@type\":\"SearchAction\",\"target\":{\"@type\":\"EntryPoint\",\"urlTemplate\":\"https:\/\/macambients.com\/es\/?s={search_term_string}\"},\"query-input\":\"required name=search_term_string\"}],\"inLanguage\":\"es\"},{\"@type\":\"Organization\",\"@id\":\"https:\/\/macambients.com\/es\/#organization\",\"name\":\"MAC - Ambients Singulars\",\"url\":\"https:\/\/macambients.com\/es\/\",\"logo\":{\"@type\":\"ImageObject\",\"inLanguage\":\"es\",\"@id\":\"https:\/\/macambients.com\/es\/#\/schema\/logo\/image\/\",\"url\":\"https:\/\/macambients.com\/wp-content\/uploads\/2022\/12\/logo.png\",\"contentUrl\":\"https:\/\/macambients.com\/wp-content\/uploads\/2022\/12\/logo.png\",\"width\":270,\"height\":55,\"caption\":\"MAC - Ambients Singulars\"},\"image\":{\"@id\":\"https:\/\/macambients.com\/es\/#\/schema\/logo\/image\/\"}}]}<\/script>\n<!-- \/ Yoast SEO plugin. -->","yoast_head_json":{"title":"PACK 07 - MAC - Ambients Singulars","robots":{"index":"index","follow":"follow","max-snippet":"max-snippet:-1","max-image-preview":"max-image-preview:large","max-video-preview":"max-video-preview:-1"},"canonical":"https:\/\/macambients.com\/es\/product\/pack-07\/","og_locale":"es_ES","og_type":"article","og_title":"PACK 07 - MAC - Ambients Singulars","og_description":"Mesa rectangular extensible de comedor de 140x90cm o 160x90cm con un extensible de 70cm con melamina de alta calidad y patas met\u00e1licas. Sillas con asiento tapizado y patas met\u00e1licas. Opci\u00f3n individual: Precio mesa 1.349\u20ac Precio silla 222\u20ac Disponible en gran variedad de colores, tama\u00f1os y acabados. EL PRECIO INCLUYE TRANSPORTE Y MONTAJE","og_url":"https:\/\/macambients.com\/es\/product\/pack-07\/","og_site_name":"MAC - Ambients Singulars","article_modified_time":"2025-03-18T10:42:13+00:00","og_image":[{"width":1600,"height":1120,"url":"https:\/\/macambients.com\/wp-content\/uploads\/2023\/05\/01-MON-MESA-RECTANGULAR.jpg","type":"image\/jpeg"}],"twitter_card":"summary_large_image","twitter_misc":{"Tiempo de lectura":"1 minuto"},"schema":{"@context":"https:\/\/schema.org","@graph":[{"@type":"WebPage","@id":"https:\/\/macambients.com\/es\/product\/pack-07\/","url":"https:\/\/macambients.com\/es\/product\/pack-07\/","name":"PACK 07 - MAC - Ambients Singulars","isPartOf":{"@id":"https:\/\/macambients.com\/es\/#website"},"primaryImageOfPage":{"@id":"https:\/\/macambients.com\/es\/product\/pack-07\/#primaryimage"},"image":{"@id":"https:\/\/macambients.com\/es\/product\/pack-07\/#primaryimage"},"thumbnailUrl":"https:\/\/macambients.com\/wp-content\/uploads\/2023\/05\/01-MON-MESA-RECTANGULAR.jpg","datePublished":"2023-05-31T08:01:23+00:00","dateModified":"2025-03-18T10:42:13+00:00","breadcrumb":{"@id":"https:\/\/macambients.com\/es\/product\/pack-07\/#breadcrumb"},"inLanguage":"es","potentialAction":[{"@type":"ReadAction","target":["https:\/\/macambients.com\/es\/product\/pack-07\/"]}]},{"@type":"ImageObject","inLanguage":"es","@id":"https:\/\/macambients.com\/es\/product\/pack-07\/#primaryimage","url":"https:\/\/macambients.com\/wp-content\/uploads\/2023\/05\/01-MON-MESA-RECTANGULAR.jpg","contentUrl":"https:\/\/macambients.com\/wp-content\/uploads\/2023\/05\/01-MON-MESA-RECTANGULAR.jpg","width":1600,"height":1120},{"@type":"BreadcrumbList","@id":"https:\/\/macambients.com\/es\/product\/pack-07\/#breadcrumb","itemListElement":[{"@type":"ListItem","position":1,"name":"Home","item":"https:\/\/macambients.com\/es\/"},{"@type":"ListItem","position":2,"name":"Shop","item":"https:\/\/macambients.com\/es\/shop\/"},{"@type":"ListItem","position":3,"name":"PACK 07"}]},{"@type":"WebSite","@id":"https:\/\/macambients.com\/es\/#website","url":"https:\/\/macambients.com\/es\/","name":"MAC - Ambients Singulars","description":"","publisher":{"@id":"https:\/\/macambients.com\/es\/#organization"},"potentialAction":[{"@type":"SearchAction","target":{"@type":"EntryPoint","urlTemplate":"https:\/\/macambients.com\/es\/?s={search_term_string}"},"query-input":"required name=search_term_string"}],"inLanguage":"es"},{"@type":"Organization","@id":"https:\/\/macambients.com\/es\/#organization","name":"MAC - Ambients Singulars","url":"https:\/\/macambients.com\/es\/","logo":{"@type":"ImageObject","inLanguage":"es","@id":"https:\/\/macambients.com\/es\/#\/schema\/logo\/image\/","url":"https:\/\/macambients.com\/wp-content\/uploads\/2022\/12\/logo.png","contentUrl":"https:\/\/macambients.com\/wp-content\/uploads\/2022\/12\/logo.png","width":270,"height":55,"caption":"MAC - Ambients Singulars"},"image":{"@id":"https:\/\/macambients.com\/es\/#\/schema\/logo\/image\/"}}]}},"_links":{"self":[{"href":"https:\/\/macambients.com\/es\/wp-json\/wp\/v2\/product\/33061"}],"collection":[{"href":"https:\/\/macambients.com\/es\/wp-json\/wp\/v2\/product"}],"about":[{"href":"https:\/\/macambients.com\/es\/wp-json\/wp\/v2\/types\/product"}],"wp:featuredmedia":[{"embeddable":true,"href":"https:\/\/macambients.com\/es\/wp-json\/wp\/v2\/media\/33049"}],"wp:attachment":[{"href":"https:\/\/macambients.com\/es\/wp-json\/wp\/v2\/media?parent=33061"}],"wp:term":[{"taxonomy":"product_cat","embeddable":true,"href":"https:\/\/macambients.com\/es\/wp-json\/wp\/v2\/product_cat?post=33061"},{"taxonomy":"product_tag","embeddable":true,"href":"https:\/\/macambients.com\/es\/wp-json\/wp\/v2\/product_tag?post=33061"}],"curies":[{"name":"wp","href":"https:\/\/api.w.org\/{rel}","templated":true}]}}