{"id":33564,"date":"2023-06-05T12:21:51","date_gmt":"2023-06-05T12:22:02","guid":{"rendered":"https:\/\/macambients.com\/?post_type=product&#038;p=33564"},"modified":"2025-12-01T18:29:10","modified_gmt":"2025-12-01T18:29:10","slug":"trento-2","status":"publish","type":"product","link":"https:\/\/macambients.com\/es\/product\/trento-2\/","title":{"rendered":"TRENTO"},"content":{"rendered":"<p>Si buscas mejorar tu descanso, no olvides renovar tu colch\u00f3n. Con el modelo TRENTO te garantizamos dormir como un tronco. Descubre c\u00f3mo. Colch\u00f3n de viscoel\u00e1stica con n\u00facleo de muelles ensacados, de gran elasticidad, que te aporta sensaci\u00f3n de comodidad y flexibilidad a la hora de tumbarte sobre \u00e9l.<\/p>\n<p>Destacamos, su n\u00facleo HR con aceites naturales. Principales beneficios:<\/p>\n<p>Proporciona frescura, optimiza el descanso, acelera la recuperaci\u00f3n muscular, proporciona independencia entre los usuarios, alta transpiraci\u00f3n.<\/p>\n<p>1- Tejido de gran elasticidad que da sensaci\u00f3n de comodidad y flexibilidad a la hora de tumbarse sobre \u00e9l.<br \/>\n2- Viscoel\u00e1stica formada por part\u00edculas de hielo y de titanio, patentada. Proporciona frescura, optimiza el descanso y acelera la recuperaci\u00f3n muscular. 55 K de densidad.<br \/>\n3- Espuma con estructura regular de c\u00e9lulas abiertas que facilitan el paso de aire por su interior.<br \/>\n4- Fibra que permite que el aire circule constantemente por su interior permitiendo y potenciando la evaporaci\u00f3n de la humedad.<br \/>\n5- Tejido sin tejer, estabilizador de las capas interiores del colch\u00f3n.<br \/>\n6- N\u00facleo HR elaborado con aceites naturales. Posee una alta resiliencia y densidad de 55 kg \/ m\u00b3.<br \/>\n7- N\u00facleo de estructura de c\u00e9lulas abiertas con alta transpiraci\u00f3n. Evita humedades en el colch\u00f3n. Posee una alta firmeza. 30 K de densidad.<br \/>\n8- N\u00facleo de muelles ensacados que proporciona independencia de los usuarios, evita molestias en los movimientos y consigue una adaptabilidad total y alta transpiraci\u00f3n.<br \/>\n9- Marco perimetral extra firme, al sentarse sobre el borde de la cama impide que los muelles se desplacen hacia los lados, est\u00e1 perforado para que transpire mejor. 35 K de densidad.<br \/>\n10- Tejido que permite que el aire circule proporcionando una agradable sensaci\u00f3n de frescor.<\/p>\n<p><strong>Altura total:<\/strong> 30cm +\/-<\/p>\n<p>CAPAS:<\/p>\n<p>1.Teixit estretch 4d Acotxat<br \/>\n2.Visco titanium gel<br \/>\n3.High foam<br \/>\n4.Thermo fiber<br \/>\n5.Tex reforced<br \/>\n6.Aquapur Bio 55K<br \/>\n7.Aquapur Firm<br \/>\n8.SpringSac Firm<br \/>\n9.Reforced Frame<br \/>\n10.Airfresh 3D<\/p>\n","protected":false},"excerpt":{"rendered":"<p>Si buscas mejorar tu descanso, no olvides renovar tu colch\u00f3n. Con el modelo TRENTO te garantizamos dormir como un tronco. Descubre c\u00f3mo. Colch\u00f3n de viscoel\u00e1stica con n\u00facleo de muelles ensacados, de gran elasticidad, que te aporta sensaci\u00f3n de comodidad y flexibilidad a la hora de tumbarte sobre \u00e9l. Destacamos, su n\u00facleo HR con aceites naturales. [&hellip;]<\/p>\n","protected":false},"featured_media":18778,"template":"","meta":{"_acf_changed":false,"_joinchat":[]},"product_cat":[725,607,611],"product_tag":[],"class_list":{"0":"post-33564","1":"product","2":"type-product","3":"status-publish","4":"has-post-thumbnail","6":"product_cat-descanso","7":"product_cat-colchones","8":"product_cat-muelles-ensacados","9":"pa_medida-ancho-x-largo-80x180","10":"pa_medida-ancho-x-largo-80x190","11":"pa_medida-ancho-x-largo-80x200","12":"pa_medida-ancho-x-largo-90x180","13":"pa_medida-ancho-x-largo-90x190","14":"pa_medida-ancho-x-largo-90x200","15":"pa_medida-ancho-x-largo-105x180","16":"pa_medida-ancho-x-largo-105x190","17":"pa_medida-ancho-x-largo-105x200","18":"pa_medida-ancho-x-largo-110x180","19":"pa_medida-ancho-x-largo-110x190","20":"pa_medida-ancho-x-largo-110x200","21":"pa_medida-ancho-x-largo-120x180","22":"pa_medida-ancho-x-largo-120x190","23":"pa_medida-ancho-x-largo-120x200","24":"pa_medida-ancho-x-largo-135x180","25":"pa_medida-ancho-x-largo-135x190","26":"pa_medida-ancho-x-largo-135x200","27":"pa_medida-ancho-x-largo-140x180","28":"pa_medida-ancho-x-largo-140x190","29":"pa_medida-ancho-x-largo-140x200","30":"pa_medida-ancho-x-largo-150x180","31":"pa_medida-ancho-x-largo-150x190","32":"pa_medida-ancho-x-largo-150x200","33":"pa_medida-ancho-x-largo-160x180","34":"pa_medida-ancho-x-largo-160x190","35":"pa_medida-ancho-x-largo-160x200","36":"pa_medida-ancho-x-largo-180x180","37":"pa_medida-ancho-x-largo-180x190","38":"pa_medida-ancho-x-largo-180x200","39":"pa_medida-ancho-x-largo-200x180","40":"pa_medida-ancho-x-largo-200x190","41":"pa_medida-ancho-x-largo-200x200","42":"pa_mida-80x180-es","43":"pa_mida-80x190-es","44":"pa_mida-80x200-es","45":"pa_mida-90x180-es","46":"pa_mida-90x190-es","47":"pa_mida-90x200-es","48":"pa_mida-105x180-es","49":"pa_mida-105x190-es","50":"pa_mida-105x200-es","51":"pa_mida-110x180-es","52":"pa_mida-110x190-es","53":"pa_mida-110x200-es","54":"pa_mida-120x180-es","55":"pa_mida-120x190-es","56":"pa_mida-120x200-es","57":"pa_mida-135x180-es","58":"pa_mida-135x190-es","59":"pa_mida-135x200-es","60":"pa_mida-140x180-es","61":"pa_mida-140x190-es","62":"pa_mida-140x200-es","63":"pa_mida-150x180-es","64":"pa_mida-150x190-es","65":"pa_mida-150x200-es","66":"pa_mida-160x180-es","67":"pa_mida-160x190-es","68":"pa_mida-160x200-es","69":"pa_mida-180x180-es","70":"pa_mida-180x190-es","71":"pa_mida-180x200-es","72":"pa_mida-200x180-es","73":"pa_mida-200x190-es","74":"pa_mida-200x200-es","76":"first","77":"instock","78":"sale","79":"taxable","80":"shipping-taxable","81":"purchasable","82":"product-type-variable"},"acf":[],"yoast_head":"<!-- This site is optimized with the Yoast SEO plugin v23.3 - https:\/\/yoast.com\/wordpress\/plugins\/seo\/ -->\n<title>TRENTO - MAC - Ambients Singulars<\/title>\n<meta name=\"robots\" content=\"index, follow, max-snippet:-1, max-image-preview:large, max-video-preview:-1\" \/>\n<link rel=\"canonical\" href=\"https:\/\/macambients.com\/es\/product\/trento-2\/\" \/>\n<meta property=\"og:locale\" content=\"es_ES\" \/>\n<meta property=\"og:type\" content=\"article\" \/>\n<meta property=\"og:title\" content=\"TRENTO - MAC - Ambients Singulars\" \/>\n<meta property=\"og:description\" content=\"Si buscas mejorar tu descanso, no olvides renovar tu colch\u00f3n. Con el modelo TRENTO te garantizamos dormir como un tronco. Descubre c\u00f3mo. Colch\u00f3n de viscoel\u00e1stica con n\u00facleo de muelles ensacados, de gran elasticidad, que te aporta sensaci\u00f3n de comodidad y flexibilidad a la hora de tumbarte sobre \u00e9l. Destacamos, su n\u00facleo HR con aceites naturales. [&hellip;]\" \/>\n<meta property=\"og:url\" content=\"https:\/\/macambients.com\/es\/product\/trento-2\/\" \/>\n<meta property=\"og:site_name\" content=\"MAC - Ambients Singulars\" \/>\n<meta property=\"article:modified_time\" content=\"2025-12-01T18:29:10+00:00\" \/>\n<meta property=\"og:image\" content=\"https:\/\/macambients.com\/wp-content\/uploads\/2022\/10\/TRENTO-2.jpg\" \/>\n\t<meta property=\"og:image:width\" content=\"1600\" \/>\n\t<meta property=\"og:image:height\" content=\"1120\" \/>\n\t<meta property=\"og:image:type\" content=\"image\/jpeg\" \/>\n<meta name=\"twitter:card\" content=\"summary_large_image\" \/>\n<meta name=\"twitter:label1\" content=\"Tiempo de lectura\" \/>\n\t<meta name=\"twitter:data1\" content=\"2 minutos\" \/>\n<script type=\"application\/ld+json\" class=\"yoast-schema-graph\">{\"@context\":\"https:\/\/schema.org\",\"@graph\":[{\"@type\":\"WebPage\",\"@id\":\"https:\/\/macambients.com\/es\/product\/trento-2\/\",\"url\":\"https:\/\/macambients.com\/es\/product\/trento-2\/\",\"name\":\"TRENTO - MAC - Ambients Singulars\",\"isPartOf\":{\"@id\":\"https:\/\/macambients.com\/es\/#website\"},\"primaryImageOfPage\":{\"@id\":\"https:\/\/macambients.com\/es\/product\/trento-2\/#primaryimage\"},\"image\":{\"@id\":\"https:\/\/macambients.com\/es\/product\/trento-2\/#primaryimage\"},\"thumbnailUrl\":\"https:\/\/macambients.com\/wp-content\/uploads\/2022\/10\/TRENTO-2.jpg\",\"datePublished\":\"2023-06-05T12:22:02+00:00\",\"dateModified\":\"2025-12-01T18:29:10+00:00\",\"breadcrumb\":{\"@id\":\"https:\/\/macambients.com\/es\/product\/trento-2\/#breadcrumb\"},\"inLanguage\":\"es\",\"potentialAction\":[{\"@type\":\"ReadAction\",\"target\":[\"https:\/\/macambients.com\/es\/product\/trento-2\/\"]}]},{\"@type\":\"ImageObject\",\"inLanguage\":\"es\",\"@id\":\"https:\/\/macambients.com\/es\/product\/trento-2\/#primaryimage\",\"url\":\"https:\/\/macambients.com\/wp-content\/uploads\/2022\/10\/TRENTO-2.jpg\",\"contentUrl\":\"https:\/\/macambients.com\/wp-content\/uploads\/2022\/10\/TRENTO-2.jpg\",\"width\":1600,\"height\":1120},{\"@type\":\"BreadcrumbList\",\"@id\":\"https:\/\/macambients.com\/es\/product\/trento-2\/#breadcrumb\",\"itemListElement\":[{\"@type\":\"ListItem\",\"position\":1,\"name\":\"Home\",\"item\":\"https:\/\/macambients.com\/es\/\"},{\"@type\":\"ListItem\",\"position\":2,\"name\":\"Shop\",\"item\":\"https:\/\/macambients.com\/es\/shop\/\"},{\"@type\":\"ListItem\",\"position\":3,\"name\":\"TRENTO\"}]},{\"@type\":\"WebSite\",\"@id\":\"https:\/\/macambients.com\/es\/#website\",\"url\":\"https:\/\/macambients.com\/es\/\",\"name\":\"MAC - Ambients Singulars\",\"description\":\"\",\"publisher\":{\"@id\":\"https:\/\/macambients.com\/es\/#organization\"},\"potentialAction\":[{\"@type\":\"SearchAction\",\"target\":{\"@type\":\"EntryPoint\",\"urlTemplate\":\"https:\/\/macambients.com\/es\/?s={search_term_string}\"},\"query-input\":\"required name=search_term_string\"}],\"inLanguage\":\"es\"},{\"@type\":\"Organization\",\"@id\":\"https:\/\/macambients.com\/es\/#organization\",\"name\":\"MAC - Ambients Singulars\",\"url\":\"https:\/\/macambients.com\/es\/\",\"logo\":{\"@type\":\"ImageObject\",\"inLanguage\":\"es\",\"@id\":\"https:\/\/macambients.com\/es\/#\/schema\/logo\/image\/\",\"url\":\"https:\/\/macambients.com\/wp-content\/uploads\/2022\/12\/logo.png\",\"contentUrl\":\"https:\/\/macambients.com\/wp-content\/uploads\/2022\/12\/logo.png\",\"width\":270,\"height\":55,\"caption\":\"MAC - Ambients Singulars\"},\"image\":{\"@id\":\"https:\/\/macambients.com\/es\/#\/schema\/logo\/image\/\"}}]}<\/script>\n<!-- \/ Yoast SEO plugin. -->","yoast_head_json":{"title":"TRENTO - MAC - Ambients Singulars","robots":{"index":"index","follow":"follow","max-snippet":"max-snippet:-1","max-image-preview":"max-image-preview:large","max-video-preview":"max-video-preview:-1"},"canonical":"https:\/\/macambients.com\/es\/product\/trento-2\/","og_locale":"es_ES","og_type":"article","og_title":"TRENTO - MAC - Ambients Singulars","og_description":"Si buscas mejorar tu descanso, no olvides renovar tu colch\u00f3n. Con el modelo TRENTO te garantizamos dormir como un tronco. Descubre c\u00f3mo. Colch\u00f3n de viscoel\u00e1stica con n\u00facleo de muelles ensacados, de gran elasticidad, que te aporta sensaci\u00f3n de comodidad y flexibilidad a la hora de tumbarte sobre \u00e9l. Destacamos, su n\u00facleo HR con aceites naturales. [&hellip;]","og_url":"https:\/\/macambients.com\/es\/product\/trento-2\/","og_site_name":"MAC - Ambients Singulars","article_modified_time":"2025-12-01T18:29:10+00:00","og_image":[{"width":1600,"height":1120,"url":"https:\/\/macambients.com\/wp-content\/uploads\/2022\/10\/TRENTO-2.jpg","type":"image\/jpeg"}],"twitter_card":"summary_large_image","twitter_misc":{"Tiempo de lectura":"2 minutos"},"schema":{"@context":"https:\/\/schema.org","@graph":[{"@type":"WebPage","@id":"https:\/\/macambients.com\/es\/product\/trento-2\/","url":"https:\/\/macambients.com\/es\/product\/trento-2\/","name":"TRENTO - MAC - Ambients Singulars","isPartOf":{"@id":"https:\/\/macambients.com\/es\/#website"},"primaryImageOfPage":{"@id":"https:\/\/macambients.com\/es\/product\/trento-2\/#primaryimage"},"image":{"@id":"https:\/\/macambients.com\/es\/product\/trento-2\/#primaryimage"},"thumbnailUrl":"https:\/\/macambients.com\/wp-content\/uploads\/2022\/10\/TRENTO-2.jpg","datePublished":"2023-06-05T12:22:02+00:00","dateModified":"2025-12-01T18:29:10+00:00","breadcrumb":{"@id":"https:\/\/macambients.com\/es\/product\/trento-2\/#breadcrumb"},"inLanguage":"es","potentialAction":[{"@type":"ReadAction","target":["https:\/\/macambients.com\/es\/product\/trento-2\/"]}]},{"@type":"ImageObject","inLanguage":"es","@id":"https:\/\/macambients.com\/es\/product\/trento-2\/#primaryimage","url":"https:\/\/macambients.com\/wp-content\/uploads\/2022\/10\/TRENTO-2.jpg","contentUrl":"https:\/\/macambients.com\/wp-content\/uploads\/2022\/10\/TRENTO-2.jpg","width":1600,"height":1120},{"@type":"BreadcrumbList","@id":"https:\/\/macambients.com\/es\/product\/trento-2\/#breadcrumb","itemListElement":[{"@type":"ListItem","position":1,"name":"Home","item":"https:\/\/macambients.com\/es\/"},{"@type":"ListItem","position":2,"name":"Shop","item":"https:\/\/macambients.com\/es\/shop\/"},{"@type":"ListItem","position":3,"name":"TRENTO"}]},{"@type":"WebSite","@id":"https:\/\/macambients.com\/es\/#website","url":"https:\/\/macambients.com\/es\/","name":"MAC - Ambients Singulars","description":"","publisher":{"@id":"https:\/\/macambients.com\/es\/#organization"},"potentialAction":[{"@type":"SearchAction","target":{"@type":"EntryPoint","urlTemplate":"https:\/\/macambients.com\/es\/?s={search_term_string}"},"query-input":"required name=search_term_string"}],"inLanguage":"es"},{"@type":"Organization","@id":"https:\/\/macambients.com\/es\/#organization","name":"MAC - Ambients Singulars","url":"https:\/\/macambients.com\/es\/","logo":{"@type":"ImageObject","inLanguage":"es","@id":"https:\/\/macambients.com\/es\/#\/schema\/logo\/image\/","url":"https:\/\/macambients.com\/wp-content\/uploads\/2022\/12\/logo.png","contentUrl":"https:\/\/macambients.com\/wp-content\/uploads\/2022\/12\/logo.png","width":270,"height":55,"caption":"MAC - Ambients Singulars"},"image":{"@id":"https:\/\/macambients.com\/es\/#\/schema\/logo\/image\/"}}]}},"_links":{"self":[{"href":"https:\/\/macambients.com\/es\/wp-json\/wp\/v2\/product\/33564"}],"collection":[{"href":"https:\/\/macambients.com\/es\/wp-json\/wp\/v2\/product"}],"about":[{"href":"https:\/\/macambients.com\/es\/wp-json\/wp\/v2\/types\/product"}],"wp:featuredmedia":[{"embeddable":true,"href":"https:\/\/macambients.com\/es\/wp-json\/wp\/v2\/media\/18778"}],"wp:attachment":[{"href":"https:\/\/macambients.com\/es\/wp-json\/wp\/v2\/media?parent=33564"}],"wp:term":[{"taxonomy":"product_cat","embeddable":true,"href":"https:\/\/macambients.com\/es\/wp-json\/wp\/v2\/product_cat?post=33564"},{"taxonomy":"product_tag","embeddable":true,"href":"https:\/\/macambients.com\/es\/wp-json\/wp\/v2\/product_tag?post=33564"}],"curies":[{"name":"wp","href":"https:\/\/api.w.org\/{rel}","templated":true}]}}