{"id":34321,"date":"2023-06-06T15:04:54","date_gmt":"2023-06-06T15:04:54","guid":{"rendered":"https:\/\/macambients.com\/product\/sl-111-2\/"},"modified":"2025-12-01T18:15:48","modified_gmt":"2025-12-01T18:15:48","slug":"sl-111-2","status":"publish","type":"product","link":"https:\/\/macambients.com\/es\/product\/sl-111-2\/","title":{"rendered":"SL-111"},"content":{"rendered":"<p>Colch\u00f3n con n\u00facleo de 14cm de HR y densidad 20kg y viscoel\u00e0stica de 50kg.<br \/>\nAcolchado con fibra antial\u00e9rgica.<br \/>\nTapizado con tejido Stretch, dando una gran sensaci\u00f3n de comodidad y flexibilidad. Es tambi\u00e9n un tejido muy transpirable que evita las humedades causantes de \u00e1caros y bacterias.<br \/>\nSe presenta enrollado<\/p>\n<p>Articulable: No<br \/>\nFunda: Cerrado<br \/>\nAltura total: 18 cm +\/-<\/p>\n","protected":false},"excerpt":{"rendered":"<p>Colch\u00f3n con n\u00facleo de 14cm de HR y densidad 20kg y viscoel\u00e0stica de 50kg. Acolchado con fibra antial\u00e9rgica. Tapizado con tejido Stretch, dando una gran sensaci\u00f3n de comodidad y flexibilidad. Es tambi\u00e9n un tejido muy transpirable que evita las humedades causantes de \u00e1caros y bacterias. Se presenta enrollado Articulable: No Funda: Cerrado Altura total: 18 [&hellip;]<\/p>\n","protected":false},"featured_media":34303,"template":"","meta":{"_acf_changed":false,"_joinchat":[]},"product_cat":[725,607,608,609],"product_tag":[],"class_list":{"0":"post-34321","1":"product","2":"type-product","3":"status-publish","4":"has-post-thumbnail","6":"product_cat-descanso","7":"product_cat-colchones","8":"product_cat-h-r","9":"product_cat-viscoelastico","10":"pa_mida-80x180-es","11":"pa_mida-80x190-es","12":"pa_mida-80x200-es","13":"pa_mida-90x180-es","14":"pa_mida-90x190-es","15":"pa_mida-90x200-es","16":"pa_mida-105x180-es","17":"pa_mida-105x190-es","18":"pa_mida-105x200-es","19":"pa_mida-135x180-es","20":"pa_mida-135x190-es","21":"pa_mida-135x200-es","22":"pa_mida-150x180-es","23":"pa_mida-150x190-es","24":"pa_mida-150x200-es","26":"first","27":"instock","28":"sale","29":"taxable","30":"shipping-taxable","31":"purchasable","32":"product-type-variable"},"acf":[],"yoast_head":"<!-- This site is optimized with the Yoast SEO plugin v23.3 - https:\/\/yoast.com\/wordpress\/plugins\/seo\/ -->\n<title>SL-111 - MAC - Ambients Singulars<\/title>\n<meta name=\"robots\" content=\"index, follow, max-snippet:-1, max-image-preview:large, max-video-preview:-1\" \/>\n<link rel=\"canonical\" href=\"https:\/\/macambients.com\/es\/product\/sl-111-2\/\" \/>\n<meta property=\"og:locale\" content=\"es_ES\" \/>\n<meta property=\"og:type\" content=\"article\" \/>\n<meta property=\"og:title\" content=\"SL-111 - MAC - Ambients Singulars\" \/>\n<meta property=\"og:description\" content=\"Colch\u00f3n con n\u00facleo de 14cm de HR y densidad 20kg y viscoel\u00e0stica de 50kg. Acolchado con fibra antial\u00e9rgica. Tapizado con tejido Stretch, dando una gran sensaci\u00f3n de comodidad y flexibilidad. Es tambi\u00e9n un tejido muy transpirable que evita las humedades causantes de \u00e1caros y bacterias. Se presenta enrollado Articulable: No Funda: Cerrado Altura total: 18 [&hellip;]\" \/>\n<meta property=\"og:url\" content=\"https:\/\/macambients.com\/es\/product\/sl-111-2\/\" \/>\n<meta property=\"og:site_name\" content=\"MAC - Ambients Singulars\" \/>\n<meta property=\"article:modified_time\" content=\"2025-12-01T18:15:48+00:00\" \/>\n<meta property=\"og:image\" content=\"https:\/\/macambients.com\/wp-content\/uploads\/2023\/06\/SL-111_2023.jpg\" \/>\n\t<meta property=\"og:image:width\" content=\"1600\" \/>\n\t<meta property=\"og:image:height\" content=\"1120\" \/>\n\t<meta property=\"og:image:type\" content=\"image\/jpeg\" \/>\n<meta name=\"twitter:card\" content=\"summary_large_image\" \/>\n<meta name=\"twitter:label1\" content=\"Tiempo de lectura\" \/>\n\t<meta name=\"twitter:data1\" content=\"1 minuto\" \/>\n<script type=\"application\/ld+json\" class=\"yoast-schema-graph\">{\"@context\":\"https:\/\/schema.org\",\"@graph\":[{\"@type\":\"WebPage\",\"@id\":\"https:\/\/macambients.com\/es\/product\/sl-111-2\/\",\"url\":\"https:\/\/macambients.com\/es\/product\/sl-111-2\/\",\"name\":\"SL-111 - MAC - Ambients Singulars\",\"isPartOf\":{\"@id\":\"https:\/\/macambients.com\/es\/#website\"},\"primaryImageOfPage\":{\"@id\":\"https:\/\/macambients.com\/es\/product\/sl-111-2\/#primaryimage\"},\"image\":{\"@id\":\"https:\/\/macambients.com\/es\/product\/sl-111-2\/#primaryimage\"},\"thumbnailUrl\":\"https:\/\/macambients.com\/wp-content\/uploads\/2023\/06\/SL-111_2023.jpg\",\"datePublished\":\"2023-06-06T15:04:54+00:00\",\"dateModified\":\"2025-12-01T18:15:48+00:00\",\"breadcrumb\":{\"@id\":\"https:\/\/macambients.com\/es\/product\/sl-111-2\/#breadcrumb\"},\"inLanguage\":\"es\",\"potentialAction\":[{\"@type\":\"ReadAction\",\"target\":[\"https:\/\/macambients.com\/es\/product\/sl-111-2\/\"]}]},{\"@type\":\"ImageObject\",\"inLanguage\":\"es\",\"@id\":\"https:\/\/macambients.com\/es\/product\/sl-111-2\/#primaryimage\",\"url\":\"https:\/\/macambients.com\/wp-content\/uploads\/2023\/06\/SL-111_2023.jpg\",\"contentUrl\":\"https:\/\/macambients.com\/wp-content\/uploads\/2023\/06\/SL-111_2023.jpg\",\"width\":1600,\"height\":1120},{\"@type\":\"BreadcrumbList\",\"@id\":\"https:\/\/macambients.com\/es\/product\/sl-111-2\/#breadcrumb\",\"itemListElement\":[{\"@type\":\"ListItem\",\"position\":1,\"name\":\"Home\",\"item\":\"https:\/\/macambients.com\/es\/\"},{\"@type\":\"ListItem\",\"position\":2,\"name\":\"Shop\",\"item\":\"https:\/\/macambients.com\/es\/shop\/\"},{\"@type\":\"ListItem\",\"position\":3,\"name\":\"SL-111\"}]},{\"@type\":\"WebSite\",\"@id\":\"https:\/\/macambients.com\/es\/#website\",\"url\":\"https:\/\/macambients.com\/es\/\",\"name\":\"MAC - Ambients Singulars\",\"description\":\"\",\"publisher\":{\"@id\":\"https:\/\/macambients.com\/es\/#organization\"},\"potentialAction\":[{\"@type\":\"SearchAction\",\"target\":{\"@type\":\"EntryPoint\",\"urlTemplate\":\"https:\/\/macambients.com\/es\/?s={search_term_string}\"},\"query-input\":\"required name=search_term_string\"}],\"inLanguage\":\"es\"},{\"@type\":\"Organization\",\"@id\":\"https:\/\/macambients.com\/es\/#organization\",\"name\":\"MAC - Ambients Singulars\",\"url\":\"https:\/\/macambients.com\/es\/\",\"logo\":{\"@type\":\"ImageObject\",\"inLanguage\":\"es\",\"@id\":\"https:\/\/macambients.com\/es\/#\/schema\/logo\/image\/\",\"url\":\"https:\/\/macambients.com\/wp-content\/uploads\/2022\/12\/logo.png\",\"contentUrl\":\"https:\/\/macambients.com\/wp-content\/uploads\/2022\/12\/logo.png\",\"width\":270,\"height\":55,\"caption\":\"MAC - Ambients Singulars\"},\"image\":{\"@id\":\"https:\/\/macambients.com\/es\/#\/schema\/logo\/image\/\"}}]}<\/script>\n<!-- \/ Yoast SEO plugin. -->","yoast_head_json":{"title":"SL-111 - MAC - Ambients Singulars","robots":{"index":"index","follow":"follow","max-snippet":"max-snippet:-1","max-image-preview":"max-image-preview:large","max-video-preview":"max-video-preview:-1"},"canonical":"https:\/\/macambients.com\/es\/product\/sl-111-2\/","og_locale":"es_ES","og_type":"article","og_title":"SL-111 - MAC - Ambients Singulars","og_description":"Colch\u00f3n con n\u00facleo de 14cm de HR y densidad 20kg y viscoel\u00e0stica de 50kg. Acolchado con fibra antial\u00e9rgica. Tapizado con tejido Stretch, dando una gran sensaci\u00f3n de comodidad y flexibilidad. Es tambi\u00e9n un tejido muy transpirable que evita las humedades causantes de \u00e1caros y bacterias. Se presenta enrollado Articulable: No Funda: Cerrado Altura total: 18 [&hellip;]","og_url":"https:\/\/macambients.com\/es\/product\/sl-111-2\/","og_site_name":"MAC - Ambients Singulars","article_modified_time":"2025-12-01T18:15:48+00:00","og_image":[{"width":1600,"height":1120,"url":"https:\/\/macambients.com\/wp-content\/uploads\/2023\/06\/SL-111_2023.jpg","type":"image\/jpeg"}],"twitter_card":"summary_large_image","twitter_misc":{"Tiempo de lectura":"1 minuto"},"schema":{"@context":"https:\/\/schema.org","@graph":[{"@type":"WebPage","@id":"https:\/\/macambients.com\/es\/product\/sl-111-2\/","url":"https:\/\/macambients.com\/es\/product\/sl-111-2\/","name":"SL-111 - MAC - Ambients Singulars","isPartOf":{"@id":"https:\/\/macambients.com\/es\/#website"},"primaryImageOfPage":{"@id":"https:\/\/macambients.com\/es\/product\/sl-111-2\/#primaryimage"},"image":{"@id":"https:\/\/macambients.com\/es\/product\/sl-111-2\/#primaryimage"},"thumbnailUrl":"https:\/\/macambients.com\/wp-content\/uploads\/2023\/06\/SL-111_2023.jpg","datePublished":"2023-06-06T15:04:54+00:00","dateModified":"2025-12-01T18:15:48+00:00","breadcrumb":{"@id":"https:\/\/macambients.com\/es\/product\/sl-111-2\/#breadcrumb"},"inLanguage":"es","potentialAction":[{"@type":"ReadAction","target":["https:\/\/macambients.com\/es\/product\/sl-111-2\/"]}]},{"@type":"ImageObject","inLanguage":"es","@id":"https:\/\/macambients.com\/es\/product\/sl-111-2\/#primaryimage","url":"https:\/\/macambients.com\/wp-content\/uploads\/2023\/06\/SL-111_2023.jpg","contentUrl":"https:\/\/macambients.com\/wp-content\/uploads\/2023\/06\/SL-111_2023.jpg","width":1600,"height":1120},{"@type":"BreadcrumbList","@id":"https:\/\/macambients.com\/es\/product\/sl-111-2\/#breadcrumb","itemListElement":[{"@type":"ListItem","position":1,"name":"Home","item":"https:\/\/macambients.com\/es\/"},{"@type":"ListItem","position":2,"name":"Shop","item":"https:\/\/macambients.com\/es\/shop\/"},{"@type":"ListItem","position":3,"name":"SL-111"}]},{"@type":"WebSite","@id":"https:\/\/macambients.com\/es\/#website","url":"https:\/\/macambients.com\/es\/","name":"MAC - Ambients Singulars","description":"","publisher":{"@id":"https:\/\/macambients.com\/es\/#organization"},"potentialAction":[{"@type":"SearchAction","target":{"@type":"EntryPoint","urlTemplate":"https:\/\/macambients.com\/es\/?s={search_term_string}"},"query-input":"required name=search_term_string"}],"inLanguage":"es"},{"@type":"Organization","@id":"https:\/\/macambients.com\/es\/#organization","name":"MAC - Ambients Singulars","url":"https:\/\/macambients.com\/es\/","logo":{"@type":"ImageObject","inLanguage":"es","@id":"https:\/\/macambients.com\/es\/#\/schema\/logo\/image\/","url":"https:\/\/macambients.com\/wp-content\/uploads\/2022\/12\/logo.png","contentUrl":"https:\/\/macambients.com\/wp-content\/uploads\/2022\/12\/logo.png","width":270,"height":55,"caption":"MAC - Ambients Singulars"},"image":{"@id":"https:\/\/macambients.com\/es\/#\/schema\/logo\/image\/"}}]}},"_links":{"self":[{"href":"https:\/\/macambients.com\/es\/wp-json\/wp\/v2\/product\/34321"}],"collection":[{"href":"https:\/\/macambients.com\/es\/wp-json\/wp\/v2\/product"}],"about":[{"href":"https:\/\/macambients.com\/es\/wp-json\/wp\/v2\/types\/product"}],"wp:featuredmedia":[{"embeddable":true,"href":"https:\/\/macambients.com\/es\/wp-json\/wp\/v2\/media\/34303"}],"wp:attachment":[{"href":"https:\/\/macambients.com\/es\/wp-json\/wp\/v2\/media?parent=34321"}],"wp:term":[{"taxonomy":"product_cat","embeddable":true,"href":"https:\/\/macambients.com\/es\/wp-json\/wp\/v2\/product_cat?post=34321"},{"taxonomy":"product_tag","embeddable":true,"href":"https:\/\/macambients.com\/es\/wp-json\/wp\/v2\/product_tag?post=34321"}],"curies":[{"name":"wp","href":"https:\/\/api.w.org\/{rel}","templated":true}]}}