{"id":34367,"date":"2023-06-07T08:24:49","date_gmt":"2023-06-07T08:24:49","guid":{"rendered":"https:\/\/macambients.com\/product\/sl-555-2\/"},"modified":"2025-12-01T18:15:46","modified_gmt":"2025-12-01T18:15:46","slug":"sl-555-2","status":"publish","type":"product","link":"https:\/\/macambients.com\/es\/product\/sl-555-2\/","title":{"rendered":"SL-555"},"content":{"rendered":"<p>El colch\u00f3n SL-555 combina materiales de alta calidad para ofrecer un descanso \u00f3ptimo y saludable. Su estructura se compone de las siguientes capas:<\/p>\n<p><strong>Tejido Stretch Acolchado Continuo HQ<\/strong>: Proporciona una superficie suave y el\u00e1stica, favoreciendo una excelente adaptabilidad al cuerpo.<\/p>\n<p><strong>Viscoel\u00e1stica con Carbono y Grafeno (1 cm en cada cara, densidad de 50 kg\/m\u00b3)<\/strong>: Esta capa ofrece una adaptaci\u00f3n precisa a los contornos del cuerpo, reduciendo los puntos de presi\u00f3n y mejorando la circulaci\u00f3n sangu\u00ednea durante el descanso.<\/p>\n<p><strong>Fibra Antial\u00e9rgica (170 g\/m\u00b2)<\/strong>: Situada bajo la capa de viscoel\u00e1stica, esta fibra previene la acumulaci\u00f3n de \u00e1caros y otros al\u00e9rgenos, asegurando un entorno de descanso m\u00e1s higi\u00e9nico.<\/p>\n<p><strong>Eliocel Foam de Alta Densidad (1 cm)<\/strong>: Esta capa de espuma de alta densidad proporciona una base de soporte adicional, contribuyendo a la durabilidad y firmeza del colch\u00f3n.<\/p>\n<p><strong>N\u00facleo HR (18 cm, densidad de 25 kg\/m\u00b3)<\/strong>: El coraz\u00f3n del colch\u00f3n est\u00e1 formado por un n\u00facleo de espuma de alta resiliencia, que ofrece un soporte firme y una larga durabilidad.<\/p>\n<p><strong>Eliocel Foam de Alta Densidad (1 cm)<\/strong>: Una segunda capa de espuma que complementa la estructura, asegurando una distribuci\u00f3n uniforme del peso.<\/p>\n<p><strong>Fibra Antial\u00e9rgica (120 g\/m\u00b2)<\/strong>: Finaliza la estructura con una capa adicional de fibra que refuerza las propiedades higi\u00e9nicas del colch\u00f3n.<\/p>\n<p>Este colch\u00f3n no es articulable y presenta una funda cerrada. Est\u00e1 disponible en dos alturas: 16 cm y 23 cm (aproximadamente).<\/p>\n<p>Con esta combinaci\u00f3n de materiales, <strong>el colch\u00f3n ofrece una excelente adaptabilidad, soporte firme y un entorno de descanso saludable,<\/strong> ideal para quienes buscan calidad y confort en su descanso.<\/p>\n<p><strong><span style=\"color: #333399;\">Para qui\u00e9n est\u00e1 indicado este colch\u00f3n<\/span><\/strong><\/p>\n<p>Personas que buscan un soporte firme y duradero.<\/p>\n<p>Personas con sensibilidad al\u00e9rgica.<\/p>\n<p>Usuarios que buscan una regulaci\u00f3n t\u00e9rmica eficiente.<\/p>\n<p>Personas que valoran la adaptabilidad y confort<\/p>\n<p>&nbsp;<\/p>\n<div>\n<p><strong>ENV\u00cdO GRATIS A TODO EL TERRITORIO PENINSULAR<\/strong><\/p>\n<p><strong>TIEMPO DE ENTREGA: DE 7 A <\/strong><strong>15 D\u00cdAS LABORABLES<\/strong><\/p>\n<p><strong>PUEDES FINANCIAR ESTA COMPRA ONLINE SI ELIGES LA FORMA DE PAGO KLARNA<\/strong> en el momento de la compra.<\/p>\n<\/div>\n","protected":false},"excerpt":{"rendered":"<p>El colch\u00f3n SL-555 combina materiales de alta calidad para ofrecer un descanso \u00f3ptimo y saludable. Su estructura se compone de las siguientes capas: Tejido Stretch Acolchado Continuo HQ: Proporciona una superficie suave y el\u00e1stica, favoreciendo una excelente adaptabilidad al cuerpo. Viscoel\u00e1stica con Carbono y Grafeno (1 cm en cada cara, densidad de 50 kg\/m\u00b3): Esta [&hellip;]<\/p>\n","protected":false},"featured_media":34350,"template":"","meta":{"_acf_changed":false,"_joinchat":[]},"product_cat":[725,607,608,609],"product_tag":[],"class_list":{"0":"post-34367","1":"product","2":"type-product","3":"status-publish","4":"has-post-thumbnail","6":"product_cat-descanso","7":"product_cat-colchones","8":"product_cat-h-r","9":"product_cat-viscoelastico","10":"pa_altura-total-23cm","11":"pa_altura-total-16-cm-es","12":"pa_mida-80x180-es","13":"pa_mida-80x190-es","14":"pa_mida-80x200-es","15":"pa_mida-90x180-es","16":"pa_mida-90x190-es","17":"pa_mida-90x200-es","18":"pa_mida-105x180-es","19":"pa_mida-105x190-es","20":"pa_mida-105x200-es","21":"pa_mida-135x180-es","22":"pa_mida-135x190-es","23":"pa_mida-135x200-es","24":"pa_mida-150x180-es","25":"pa_mida-150x190-es","26":"pa_mida-150x200-es","28":"first","29":"instock","30":"sale","31":"taxable","32":"shipping-taxable","33":"purchasable","34":"product-type-variable"},"acf":[],"yoast_head":"<!-- This site is optimized with the Yoast SEO plugin v23.3 - https:\/\/yoast.com\/wordpress\/plugins\/seo\/ -->\n<title>SL-555 - MAC - Ambients Singulars<\/title>\n<meta name=\"description\" content=\"Colch\u00f3n viscoel\u00e1stica. Soporte firme. Alta adaptabilidad. Fibra antial\u00e9rgica.\" \/>\n<meta name=\"robots\" content=\"index, follow, max-snippet:-1, max-image-preview:large, max-video-preview:-1\" \/>\n<link rel=\"canonical\" href=\"https:\/\/macambients.com\/es\/product\/sl-555-2\/\" \/>\n<meta property=\"og:locale\" content=\"es_ES\" \/>\n<meta property=\"og:type\" content=\"article\" \/>\n<meta property=\"og:title\" content=\"SL-555 - MAC - Ambients Singulars\" \/>\n<meta property=\"og:description\" content=\"Colch\u00f3n viscoel\u00e1stica. Soporte firme. Alta adaptabilidad. Fibra antial\u00e9rgica.\" \/>\n<meta property=\"og:url\" content=\"https:\/\/macambients.com\/es\/product\/sl-555-2\/\" \/>\n<meta property=\"og:site_name\" content=\"MAC - Ambients Singulars\" \/>\n<meta property=\"article:modified_time\" content=\"2025-12-01T18:15:46+00:00\" \/>\n<meta property=\"og:image\" content=\"https:\/\/macambients.com\/wp-content\/uploads\/2023\/06\/SL-555_2023.jpg\" \/>\n\t<meta property=\"og:image:width\" content=\"1600\" \/>\n\t<meta property=\"og:image:height\" content=\"1120\" \/>\n\t<meta property=\"og:image:type\" content=\"image\/jpeg\" \/>\n<meta name=\"twitter:card\" content=\"summary_large_image\" \/>\n<meta name=\"twitter:label1\" content=\"Tiempo de lectura\" \/>\n\t<meta name=\"twitter:data1\" content=\"2 minutos\" \/>\n<script type=\"application\/ld+json\" class=\"yoast-schema-graph\">{\"@context\":\"https:\/\/schema.org\",\"@graph\":[{\"@type\":\"WebPage\",\"@id\":\"https:\/\/macambients.com\/es\/product\/sl-555-2\/\",\"url\":\"https:\/\/macambients.com\/es\/product\/sl-555-2\/\",\"name\":\"SL-555 - MAC - Ambients Singulars\",\"isPartOf\":{\"@id\":\"https:\/\/macambients.com\/es\/#website\"},\"primaryImageOfPage\":{\"@id\":\"https:\/\/macambients.com\/es\/product\/sl-555-2\/#primaryimage\"},\"image\":{\"@id\":\"https:\/\/macambients.com\/es\/product\/sl-555-2\/#primaryimage\"},\"thumbnailUrl\":\"https:\/\/macambients.com\/wp-content\/uploads\/2023\/06\/SL-555_2023.jpg\",\"datePublished\":\"2023-06-07T08:24:49+00:00\",\"dateModified\":\"2025-12-01T18:15:46+00:00\",\"description\":\"Colch\u00f3n viscoel\u00e1stica. Soporte firme. Alta adaptabilidad. Fibra antial\u00e9rgica.\",\"breadcrumb\":{\"@id\":\"https:\/\/macambients.com\/es\/product\/sl-555-2\/#breadcrumb\"},\"inLanguage\":\"es\",\"potentialAction\":[{\"@type\":\"ReadAction\",\"target\":[\"https:\/\/macambients.com\/es\/product\/sl-555-2\/\"]}]},{\"@type\":\"ImageObject\",\"inLanguage\":\"es\",\"@id\":\"https:\/\/macambients.com\/es\/product\/sl-555-2\/#primaryimage\",\"url\":\"https:\/\/macambients.com\/wp-content\/uploads\/2023\/06\/SL-555_2023.jpg\",\"contentUrl\":\"https:\/\/macambients.com\/wp-content\/uploads\/2023\/06\/SL-555_2023.jpg\",\"width\":1600,\"height\":1120},{\"@type\":\"BreadcrumbList\",\"@id\":\"https:\/\/macambients.com\/es\/product\/sl-555-2\/#breadcrumb\",\"itemListElement\":[{\"@type\":\"ListItem\",\"position\":1,\"name\":\"Home\",\"item\":\"https:\/\/macambients.com\/es\/\"},{\"@type\":\"ListItem\",\"position\":2,\"name\":\"Shop\",\"item\":\"https:\/\/macambients.com\/es\/shop\/\"},{\"@type\":\"ListItem\",\"position\":3,\"name\":\"SL-555\"}]},{\"@type\":\"WebSite\",\"@id\":\"https:\/\/macambients.com\/es\/#website\",\"url\":\"https:\/\/macambients.com\/es\/\",\"name\":\"MAC - Ambients Singulars\",\"description\":\"\",\"publisher\":{\"@id\":\"https:\/\/macambients.com\/es\/#organization\"},\"potentialAction\":[{\"@type\":\"SearchAction\",\"target\":{\"@type\":\"EntryPoint\",\"urlTemplate\":\"https:\/\/macambients.com\/es\/?s={search_term_string}\"},\"query-input\":\"required name=search_term_string\"}],\"inLanguage\":\"es\"},{\"@type\":\"Organization\",\"@id\":\"https:\/\/macambients.com\/es\/#organization\",\"name\":\"MAC - Ambients Singulars\",\"url\":\"https:\/\/macambients.com\/es\/\",\"logo\":{\"@type\":\"ImageObject\",\"inLanguage\":\"es\",\"@id\":\"https:\/\/macambients.com\/es\/#\/schema\/logo\/image\/\",\"url\":\"https:\/\/macambients.com\/wp-content\/uploads\/2022\/12\/logo.png\",\"contentUrl\":\"https:\/\/macambients.com\/wp-content\/uploads\/2022\/12\/logo.png\",\"width\":270,\"height\":55,\"caption\":\"MAC - Ambients Singulars\"},\"image\":{\"@id\":\"https:\/\/macambients.com\/es\/#\/schema\/logo\/image\/\"}}]}<\/script>\n<!-- \/ Yoast SEO plugin. -->","yoast_head_json":{"title":"SL-555 - MAC - Ambients Singulars","description":"Colch\u00f3n viscoel\u00e1stica. Soporte firme. Alta adaptabilidad. Fibra antial\u00e9rgica.","robots":{"index":"index","follow":"follow","max-snippet":"max-snippet:-1","max-image-preview":"max-image-preview:large","max-video-preview":"max-video-preview:-1"},"canonical":"https:\/\/macambients.com\/es\/product\/sl-555-2\/","og_locale":"es_ES","og_type":"article","og_title":"SL-555 - MAC - Ambients Singulars","og_description":"Colch\u00f3n viscoel\u00e1stica. Soporte firme. Alta adaptabilidad. Fibra antial\u00e9rgica.","og_url":"https:\/\/macambients.com\/es\/product\/sl-555-2\/","og_site_name":"MAC - Ambients Singulars","article_modified_time":"2025-12-01T18:15:46+00:00","og_image":[{"width":1600,"height":1120,"url":"https:\/\/macambients.com\/wp-content\/uploads\/2023\/06\/SL-555_2023.jpg","type":"image\/jpeg"}],"twitter_card":"summary_large_image","twitter_misc":{"Tiempo de lectura":"2 minutos"},"schema":{"@context":"https:\/\/schema.org","@graph":[{"@type":"WebPage","@id":"https:\/\/macambients.com\/es\/product\/sl-555-2\/","url":"https:\/\/macambients.com\/es\/product\/sl-555-2\/","name":"SL-555 - MAC - Ambients Singulars","isPartOf":{"@id":"https:\/\/macambients.com\/es\/#website"},"primaryImageOfPage":{"@id":"https:\/\/macambients.com\/es\/product\/sl-555-2\/#primaryimage"},"image":{"@id":"https:\/\/macambients.com\/es\/product\/sl-555-2\/#primaryimage"},"thumbnailUrl":"https:\/\/macambients.com\/wp-content\/uploads\/2023\/06\/SL-555_2023.jpg","datePublished":"2023-06-07T08:24:49+00:00","dateModified":"2025-12-01T18:15:46+00:00","description":"Colch\u00f3n viscoel\u00e1stica. Soporte firme. Alta adaptabilidad. Fibra antial\u00e9rgica.","breadcrumb":{"@id":"https:\/\/macambients.com\/es\/product\/sl-555-2\/#breadcrumb"},"inLanguage":"es","potentialAction":[{"@type":"ReadAction","target":["https:\/\/macambients.com\/es\/product\/sl-555-2\/"]}]},{"@type":"ImageObject","inLanguage":"es","@id":"https:\/\/macambients.com\/es\/product\/sl-555-2\/#primaryimage","url":"https:\/\/macambients.com\/wp-content\/uploads\/2023\/06\/SL-555_2023.jpg","contentUrl":"https:\/\/macambients.com\/wp-content\/uploads\/2023\/06\/SL-555_2023.jpg","width":1600,"height":1120},{"@type":"BreadcrumbList","@id":"https:\/\/macambients.com\/es\/product\/sl-555-2\/#breadcrumb","itemListElement":[{"@type":"ListItem","position":1,"name":"Home","item":"https:\/\/macambients.com\/es\/"},{"@type":"ListItem","position":2,"name":"Shop","item":"https:\/\/macambients.com\/es\/shop\/"},{"@type":"ListItem","position":3,"name":"SL-555"}]},{"@type":"WebSite","@id":"https:\/\/macambients.com\/es\/#website","url":"https:\/\/macambients.com\/es\/","name":"MAC - Ambients Singulars","description":"","publisher":{"@id":"https:\/\/macambients.com\/es\/#organization"},"potentialAction":[{"@type":"SearchAction","target":{"@type":"EntryPoint","urlTemplate":"https:\/\/macambients.com\/es\/?s={search_term_string}"},"query-input":"required name=search_term_string"}],"inLanguage":"es"},{"@type":"Organization","@id":"https:\/\/macambients.com\/es\/#organization","name":"MAC - Ambients Singulars","url":"https:\/\/macambients.com\/es\/","logo":{"@type":"ImageObject","inLanguage":"es","@id":"https:\/\/macambients.com\/es\/#\/schema\/logo\/image\/","url":"https:\/\/macambients.com\/wp-content\/uploads\/2022\/12\/logo.png","contentUrl":"https:\/\/macambients.com\/wp-content\/uploads\/2022\/12\/logo.png","width":270,"height":55,"caption":"MAC - Ambients Singulars"},"image":{"@id":"https:\/\/macambients.com\/es\/#\/schema\/logo\/image\/"}}]}},"_links":{"self":[{"href":"https:\/\/macambients.com\/es\/wp-json\/wp\/v2\/product\/34367"}],"collection":[{"href":"https:\/\/macambients.com\/es\/wp-json\/wp\/v2\/product"}],"about":[{"href":"https:\/\/macambients.com\/es\/wp-json\/wp\/v2\/types\/product"}],"wp:featuredmedia":[{"embeddable":true,"href":"https:\/\/macambients.com\/es\/wp-json\/wp\/v2\/media\/34350"}],"wp:attachment":[{"href":"https:\/\/macambients.com\/es\/wp-json\/wp\/v2\/media?parent=34367"}],"wp:term":[{"taxonomy":"product_cat","embeddable":true,"href":"https:\/\/macambients.com\/es\/wp-json\/wp\/v2\/product_cat?post=34367"},{"taxonomy":"product_tag","embeddable":true,"href":"https:\/\/macambients.com\/es\/wp-json\/wp\/v2\/product_tag?post=34367"}],"curies":[{"name":"wp","href":"https:\/\/api.w.org\/{rel}","templated":true}]}}