{"id":34640,"date":"2023-06-07T12:08:40","date_gmt":"2023-06-07T12:08:40","guid":{"rendered":"https:\/\/macambients.com\/product\/sm-8000\/"},"modified":"2025-12-01T18:22:47","modified_gmt":"2025-12-01T18:22:47","slug":"sm-8000","status":"publish","type":"product","link":"https:\/\/macambients.com\/es\/product\/sm-8000\/","title":{"rendered":"SM-8000"},"content":{"rendered":"<p>Colch\u00f3n de l\u00e1tex natural.<br \/>\n\u2022 Anti\u00e1caros y antimicrobiano.<br \/>\n\u2022 Alta flexibilidad.<br \/>\n\u2022 Gran adaptabilidad.<br \/>\n\u2022 N\u00daCLEO: L\u00e1tex 100% Natural.<br \/>\n\u2022 -Sistema A.S.N. (Air Stream Natural). con 7 zonas diferenciadas de descanso y autoventilaci\u00f3n vertical, para una \u00f3ptima regulaci\u00f3n t\u00e9rmica.<br \/>\nAltura n\u00facleo de l\u00e1tex natulado: 18 cm.<br \/>\n\u2022 FUNDA<br \/>\n\u2022 Dos opciones: funda o cerrada con ribete y platabanda.<br \/>\n\u2022 Interior: Tejido el\u00e1stico 50% Algod\u00f3n y 50% Poli\u00e9ster.<br \/>\n\u2022 Exterior: MICROTENCEL. Fibra natural, procedente de la madera que absorbe la humedad liber\u00e1ndola en el exterior.<br \/>\n\u2022 Acolchada con algod\u00f3n 100% proporcionando sensaci\u00f3n de frescura.<br \/>\n\u2022 Cremallera que separa la funda en dos partes, facilitando as\u00ed el desmontaje y limpieza<\/p>\n<p>Altura colch\u00f3n: 22 cm +\/-<\/p>\n","protected":false},"excerpt":{"rendered":"<p>Colch\u00f3n de l\u00e1tex natural. \u2022 Anti\u00e1caros y antimicrobiano. \u2022 Alta flexibilidad. \u2022 Gran adaptabilidad. \u2022 N\u00daCLEO: L\u00e1tex 100% Natural. \u2022 -Sistema A.S.N. (Air Stream Natural). con 7 zonas diferenciadas de descanso y autoventilaci\u00f3n vertical, para una \u00f3ptima regulaci\u00f3n t\u00e9rmica. Altura n\u00facleo de l\u00e1tex natulado: 18 cm. \u2022 FUNDA \u2022 Dos opciones: funda o cerrada con [&hellip;]<\/p>\n","protected":false},"featured_media":34635,"template":"","meta":{"_acf_changed":false,"_joinchat":[]},"product_cat":[725,607,622],"product_tag":[],"class_list":{"0":"post-34640","1":"product","2":"type-product","3":"status-publish","4":"has-post-thumbnail","6":"product_cat-descanso","7":"product_cat-colchones","8":"product_cat-latex","9":"pa_mida-80x180-es","10":"pa_mida-80x190-es","11":"pa_mida-80x200-es","12":"pa_mida-90x180-es","13":"pa_mida-90x190-es","14":"pa_mida-90x200-es","15":"pa_mida-105x180-es","16":"pa_mida-105x190-es","17":"pa_mida-105x200-es","18":"pa_mida-135x180-es","19":"pa_mida-135x190-es","20":"pa_mida-135x200-es","21":"pa_mida-150x180-es","22":"pa_mida-150x190-es","23":"pa_mida-150x200-es","24":"pa_mida-160x180-es","25":"pa_mida-160x190-es","26":"pa_mida-160x200-es","27":"pa_mida-180x180-es","28":"pa_mida-180x190-es","29":"pa_mida-180x200-es","31":"first","32":"instock","33":"sale","34":"taxable","35":"shipping-taxable","36":"purchasable","37":"product-type-variable"},"acf":[],"yoast_head":"<!-- This site is optimized with the Yoast SEO plugin v23.3 - https:\/\/yoast.com\/wordpress\/plugins\/seo\/ -->\n<title>SM-8000 - MAC - Ambients Singulars<\/title>\n<meta name=\"robots\" content=\"index, follow, max-snippet:-1, max-image-preview:large, max-video-preview:-1\" \/>\n<link rel=\"canonical\" href=\"https:\/\/macambients.com\/es\/product\/sm-8000\/\" \/>\n<meta property=\"og:locale\" content=\"es_ES\" \/>\n<meta property=\"og:type\" content=\"article\" \/>\n<meta property=\"og:title\" content=\"SM-8000 - MAC - Ambients Singulars\" \/>\n<meta property=\"og:description\" content=\"Colch\u00f3n de l\u00e1tex natural. \u2022 Anti\u00e1caros y antimicrobiano. \u2022 Alta flexibilidad. \u2022 Gran adaptabilidad. \u2022 N\u00daCLEO: L\u00e1tex 100% Natural. \u2022 -Sistema A.S.N. (Air Stream Natural). con 7 zonas diferenciadas de descanso y autoventilaci\u00f3n vertical, para una \u00f3ptima regulaci\u00f3n t\u00e9rmica. Altura n\u00facleo de l\u00e1tex natulado: 18 cm. \u2022 FUNDA \u2022 Dos opciones: funda o cerrada con [&hellip;]\" \/>\n<meta property=\"og:url\" content=\"https:\/\/macambients.com\/es\/product\/sm-8000\/\" \/>\n<meta property=\"og:site_name\" content=\"MAC - Ambients Singulars\" \/>\n<meta property=\"article:modified_time\" content=\"2025-12-01T18:22:47+00:00\" \/>\n<meta property=\"og:image\" content=\"https:\/\/macambients.com\/wp-content\/uploads\/2023\/06\/SM-8000.jpg\" \/>\n\t<meta property=\"og:image:width\" content=\"1600\" \/>\n\t<meta property=\"og:image:height\" content=\"1120\" \/>\n\t<meta property=\"og:image:type\" content=\"image\/jpeg\" \/>\n<meta name=\"twitter:card\" content=\"summary_large_image\" \/>\n<meta name=\"twitter:label1\" content=\"Tiempo de lectura\" \/>\n\t<meta name=\"twitter:data1\" content=\"1 minuto\" \/>\n<script type=\"application\/ld+json\" class=\"yoast-schema-graph\">{\"@context\":\"https:\/\/schema.org\",\"@graph\":[{\"@type\":\"WebPage\",\"@id\":\"https:\/\/macambients.com\/es\/product\/sm-8000\/\",\"url\":\"https:\/\/macambients.com\/es\/product\/sm-8000\/\",\"name\":\"SM-8000 - MAC - Ambients Singulars\",\"isPartOf\":{\"@id\":\"https:\/\/macambients.com\/es\/#website\"},\"primaryImageOfPage\":{\"@id\":\"https:\/\/macambients.com\/es\/product\/sm-8000\/#primaryimage\"},\"image\":{\"@id\":\"https:\/\/macambients.com\/es\/product\/sm-8000\/#primaryimage\"},\"thumbnailUrl\":\"https:\/\/macambients.com\/wp-content\/uploads\/2023\/06\/SM-8000.jpg\",\"datePublished\":\"2023-06-07T12:08:40+00:00\",\"dateModified\":\"2025-12-01T18:22:47+00:00\",\"breadcrumb\":{\"@id\":\"https:\/\/macambients.com\/es\/product\/sm-8000\/#breadcrumb\"},\"inLanguage\":\"es\",\"potentialAction\":[{\"@type\":\"ReadAction\",\"target\":[\"https:\/\/macambients.com\/es\/product\/sm-8000\/\"]}]},{\"@type\":\"ImageObject\",\"inLanguage\":\"es\",\"@id\":\"https:\/\/macambients.com\/es\/product\/sm-8000\/#primaryimage\",\"url\":\"https:\/\/macambients.com\/wp-content\/uploads\/2023\/06\/SM-8000.jpg\",\"contentUrl\":\"https:\/\/macambients.com\/wp-content\/uploads\/2023\/06\/SM-8000.jpg\",\"width\":1600,\"height\":1120},{\"@type\":\"BreadcrumbList\",\"@id\":\"https:\/\/macambients.com\/es\/product\/sm-8000\/#breadcrumb\",\"itemListElement\":[{\"@type\":\"ListItem\",\"position\":1,\"name\":\"Home\",\"item\":\"https:\/\/macambients.com\/es\/\"},{\"@type\":\"ListItem\",\"position\":2,\"name\":\"Shop\",\"item\":\"https:\/\/macambients.com\/es\/shop\/\"},{\"@type\":\"ListItem\",\"position\":3,\"name\":\"SM-8000\"}]},{\"@type\":\"WebSite\",\"@id\":\"https:\/\/macambients.com\/es\/#website\",\"url\":\"https:\/\/macambients.com\/es\/\",\"name\":\"MAC - Ambients Singulars\",\"description\":\"\",\"publisher\":{\"@id\":\"https:\/\/macambients.com\/es\/#organization\"},\"potentialAction\":[{\"@type\":\"SearchAction\",\"target\":{\"@type\":\"EntryPoint\",\"urlTemplate\":\"https:\/\/macambients.com\/es\/?s={search_term_string}\"},\"query-input\":\"required name=search_term_string\"}],\"inLanguage\":\"es\"},{\"@type\":\"Organization\",\"@id\":\"https:\/\/macambients.com\/es\/#organization\",\"name\":\"MAC - Ambients Singulars\",\"url\":\"https:\/\/macambients.com\/es\/\",\"logo\":{\"@type\":\"ImageObject\",\"inLanguage\":\"es\",\"@id\":\"https:\/\/macambients.com\/es\/#\/schema\/logo\/image\/\",\"url\":\"https:\/\/macambients.com\/wp-content\/uploads\/2022\/12\/logo.png\",\"contentUrl\":\"https:\/\/macambients.com\/wp-content\/uploads\/2022\/12\/logo.png\",\"width\":270,\"height\":55,\"caption\":\"MAC - Ambients Singulars\"},\"image\":{\"@id\":\"https:\/\/macambients.com\/es\/#\/schema\/logo\/image\/\"}}]}<\/script>\n<!-- \/ Yoast SEO plugin. -->","yoast_head_json":{"title":"SM-8000 - MAC - Ambients Singulars","robots":{"index":"index","follow":"follow","max-snippet":"max-snippet:-1","max-image-preview":"max-image-preview:large","max-video-preview":"max-video-preview:-1"},"canonical":"https:\/\/macambients.com\/es\/product\/sm-8000\/","og_locale":"es_ES","og_type":"article","og_title":"SM-8000 - MAC - Ambients Singulars","og_description":"Colch\u00f3n de l\u00e1tex natural. \u2022 Anti\u00e1caros y antimicrobiano. \u2022 Alta flexibilidad. \u2022 Gran adaptabilidad. \u2022 N\u00daCLEO: L\u00e1tex 100% Natural. \u2022 -Sistema A.S.N. (Air Stream Natural). con 7 zonas diferenciadas de descanso y autoventilaci\u00f3n vertical, para una \u00f3ptima regulaci\u00f3n t\u00e9rmica. Altura n\u00facleo de l\u00e1tex natulado: 18 cm. \u2022 FUNDA \u2022 Dos opciones: funda o cerrada con [&hellip;]","og_url":"https:\/\/macambients.com\/es\/product\/sm-8000\/","og_site_name":"MAC - Ambients Singulars","article_modified_time":"2025-12-01T18:22:47+00:00","og_image":[{"width":1600,"height":1120,"url":"https:\/\/macambients.com\/wp-content\/uploads\/2023\/06\/SM-8000.jpg","type":"image\/jpeg"}],"twitter_card":"summary_large_image","twitter_misc":{"Tiempo de lectura":"1 minuto"},"schema":{"@context":"https:\/\/schema.org","@graph":[{"@type":"WebPage","@id":"https:\/\/macambients.com\/es\/product\/sm-8000\/","url":"https:\/\/macambients.com\/es\/product\/sm-8000\/","name":"SM-8000 - MAC - Ambients Singulars","isPartOf":{"@id":"https:\/\/macambients.com\/es\/#website"},"primaryImageOfPage":{"@id":"https:\/\/macambients.com\/es\/product\/sm-8000\/#primaryimage"},"image":{"@id":"https:\/\/macambients.com\/es\/product\/sm-8000\/#primaryimage"},"thumbnailUrl":"https:\/\/macambients.com\/wp-content\/uploads\/2023\/06\/SM-8000.jpg","datePublished":"2023-06-07T12:08:40+00:00","dateModified":"2025-12-01T18:22:47+00:00","breadcrumb":{"@id":"https:\/\/macambients.com\/es\/product\/sm-8000\/#breadcrumb"},"inLanguage":"es","potentialAction":[{"@type":"ReadAction","target":["https:\/\/macambients.com\/es\/product\/sm-8000\/"]}]},{"@type":"ImageObject","inLanguage":"es","@id":"https:\/\/macambients.com\/es\/product\/sm-8000\/#primaryimage","url":"https:\/\/macambients.com\/wp-content\/uploads\/2023\/06\/SM-8000.jpg","contentUrl":"https:\/\/macambients.com\/wp-content\/uploads\/2023\/06\/SM-8000.jpg","width":1600,"height":1120},{"@type":"BreadcrumbList","@id":"https:\/\/macambients.com\/es\/product\/sm-8000\/#breadcrumb","itemListElement":[{"@type":"ListItem","position":1,"name":"Home","item":"https:\/\/macambients.com\/es\/"},{"@type":"ListItem","position":2,"name":"Shop","item":"https:\/\/macambients.com\/es\/shop\/"},{"@type":"ListItem","position":3,"name":"SM-8000"}]},{"@type":"WebSite","@id":"https:\/\/macambients.com\/es\/#website","url":"https:\/\/macambients.com\/es\/","name":"MAC - Ambients Singulars","description":"","publisher":{"@id":"https:\/\/macambients.com\/es\/#organization"},"potentialAction":[{"@type":"SearchAction","target":{"@type":"EntryPoint","urlTemplate":"https:\/\/macambients.com\/es\/?s={search_term_string}"},"query-input":"required name=search_term_string"}],"inLanguage":"es"},{"@type":"Organization","@id":"https:\/\/macambients.com\/es\/#organization","name":"MAC - Ambients Singulars","url":"https:\/\/macambients.com\/es\/","logo":{"@type":"ImageObject","inLanguage":"es","@id":"https:\/\/macambients.com\/es\/#\/schema\/logo\/image\/","url":"https:\/\/macambients.com\/wp-content\/uploads\/2022\/12\/logo.png","contentUrl":"https:\/\/macambients.com\/wp-content\/uploads\/2022\/12\/logo.png","width":270,"height":55,"caption":"MAC - Ambients Singulars"},"image":{"@id":"https:\/\/macambients.com\/es\/#\/schema\/logo\/image\/"}}]}},"_links":{"self":[{"href":"https:\/\/macambients.com\/es\/wp-json\/wp\/v2\/product\/34640"}],"collection":[{"href":"https:\/\/macambients.com\/es\/wp-json\/wp\/v2\/product"}],"about":[{"href":"https:\/\/macambients.com\/es\/wp-json\/wp\/v2\/types\/product"}],"wp:featuredmedia":[{"embeddable":true,"href":"https:\/\/macambients.com\/es\/wp-json\/wp\/v2\/media\/34635"}],"wp:attachment":[{"href":"https:\/\/macambients.com\/es\/wp-json\/wp\/v2\/media?parent=34640"}],"wp:term":[{"taxonomy":"product_cat","embeddable":true,"href":"https:\/\/macambients.com\/es\/wp-json\/wp\/v2\/product_cat?post=34640"},{"taxonomy":"product_tag","embeddable":true,"href":"https:\/\/macambients.com\/es\/wp-json\/wp\/v2\/product_tag?post=34640"}],"curies":[{"name":"wp","href":"https:\/\/api.w.org\/{rel}","templated":true}]}}