{"id":36414,"date":"2023-06-27T10:50:43","date_gmt":"2023-06-27T10:50:43","guid":{"rendered":"https:\/\/macambients.com\/product\/nordic-himalaya-2\/"},"modified":"2024-11-25T18:16:32","modified_gmt":"2024-11-25T18:16:32","slug":"nordic-himalaya-2","status":"publish","type":"product","link":"https:\/\/macambients.com\/es\/product\/nordic-himalaya-2\/","title":{"rendered":"N\u00d3RDICO HIMALAYA"},"content":{"rendered":"<p><span style=\"color: #333399;\"><strong>Edred\u00f3n N\u00f3rdico<\/strong><\/span><\/p>\n<p><span style=\"color: #333399;\"><strong>Relleno sostenible e innovador<\/strong>: <strong>25% fibra Lyocell<\/strong> (obtenida de bosques gestionados de manera sostenible) <strong>+ 75% fibra poli\u00e9ster Ergotex<\/strong>.<\/span><\/p>\n<p><span style=\"color: #333399;\"><strong>Gran capacidad de absorci\u00f3n<\/strong>: La fibra Lyocell elimina la humedad, garantizando un descanso seco y saludable.<\/span><\/p>\n<p><span style=\"color: #333399;\"><strong>Transpirable y fresco<\/strong>: Absorbe el vapor de agua del cuerpo durante la noche y lo evapora r\u00e1pidamente.<\/span><\/p>\n<p><span style=\"color: #333399;\"><strong>Tacto excepcional<\/strong>: <strong>Tejido 100% poli\u00e9ster microfibra<\/strong> con acabado piel de melocot\u00f3n, suave y agradable.<\/span><\/p>\n<p><span style=\"color: #333399;\"><strong>F\u00e1cil de cuidar<\/strong>: Lavable y de f\u00e1cil mantenimiento, ideal para el d\u00eda a d\u00eda.<\/span><\/p>\n<p><span style=\"color: #333399;\"><strong>Densidades disponibles<\/strong>: Elige entre 3 opciones para adaptarlo a tus necesidades.<\/span><\/p>\n<p><span style=\"color: #333399;\"><strong>\u00a1Confort y sostenibilidad al alcance de tu mano con el edred\u00f3n Himalaia!<\/strong><\/span><\/p>\n<p><span style=\"color: #333399;\">La fibra Lyocell se obtiene a partir de la celulosa extra\u00edda en bosques gestionados de manera sostenible. Esta fibra se caracteriza por su gran capacidad de absorci\u00f3n y eliminaci\u00f3n de la humedad. En el edred\u00f3n n\u00f3rdico Himalaya se ha utilizado un relleno que combina las fibras Ergotex y Lyocell, lo que proporciona un grado de transpirabilidad y frescor \u00f3ptimos para el sue\u00f1o, destacando su capacidad de absorber el vapor de agua desprendido por el cuerpo durante el descanso y su posterior evaporaci\u00f3n. Adem\u00e1s, su tejido 100% poli\u00e9ster microfibra, con acabado piel de melocot\u00f3n, convierte a este edred\u00f3n en un art\u00edculo muy agradable al contacto con la piel.<\/span><\/p>\n<p><strong><span style=\"color: #333399;\">ENV\u00cdO Y ENTREGA<\/span><\/strong><\/p>\n<p><strong><span style=\"color: #333399;\">ENV\u00cdO GRATIS A TODO EL TERRITORIO PENINSULAR<\/span><\/strong><\/p>\n<p><strong><span style=\"color: #333399;\">TIEMPO DE ENTREGA: DE 5 A 10 D\u00cdAS LABORABLES<\/span><\/strong><\/p>\n<p><strong><span style=\"color: #333399;\">OPCIONES DE FINANCIACI\u00d3N ONLINE<\/span><\/strong><\/p>\n<p><strong><span style=\"color: #333399;\">PUEDES FINANCIAR ESTA COMPRA ONLINE SI ELIGES LA FORMA DE PAGO KLARNA\u00a0en el momento de la compra.<\/span><\/strong><\/p>\n<p>&nbsp;<\/p>\n","protected":false},"excerpt":{"rendered":"<p>Edred\u00f3n N\u00f3rdico Relleno sostenible e innovador: 25% fibra Lyocell (obtenida de bosques gestionados de manera sostenible) + 75% fibra poli\u00e9ster Ergotex. Gran capacidad de absorci\u00f3n: La fibra Lyocell elimina la humedad, garantizando un descanso seco y saludable. Transpirable y fresco: Absorbe el vapor de agua del cuerpo durante la noche y lo evapora r\u00e1pidamente. Tacto [&hellip;]<\/p>\n","protected":false},"featured_media":36392,"template":"","meta":{"_acf_changed":false,"_joinchat":[]},"product_cat":[616,650],"product_tag":[],"class_list":{"0":"post-36414","1":"product","2":"type-product","3":"status-publish","4":"has-post-thumbnail","6":"product_cat-complementos","7":"product_cat-edredon-nordico","8":"pa_gramage-150gr-m2","9":"pa_gramage-250gr-m2","10":"pa_gramage-400gr-m2","11":"pa_medida-edredon-150x220","12":"pa_medida-edredon-180x220","13":"pa_medida-edredon-220x220","14":"pa_medida-edredon-240x220","15":"pa_medida-edredon-120x100-es","16":"pa_medida-edredon-260x240-es","17":"pa_medida-edredon-280x240-es","19":"first","20":"instock","21":"sale","22":"taxable","23":"shipping-taxable","24":"purchasable","25":"product-type-variable"},"acf":[],"yoast_head":"<!-- This site is optimized with the Yoast SEO plugin v23.3 - https:\/\/yoast.com\/wordpress\/plugins\/seo\/ -->\n<title>N\u00d3RDICO HIMALAYA - MAC - Ambients Singulars<\/title>\n<meta name=\"description\" content=\"Edred\u00f3n n\u00f3rdico. Relleno de 25% fibra Lyocell + 75% fibra poli\u00e9ster Ergotex. Tejido 100% poli\u00e9ster microfibra.\" \/>\n<meta name=\"robots\" content=\"index, follow, max-snippet:-1, max-image-preview:large, max-video-preview:-1\" \/>\n<link rel=\"canonical\" href=\"https:\/\/macambients.com\/es\/product\/nordic-himalaya-2\/\" \/>\n<meta property=\"og:locale\" content=\"es_ES\" \/>\n<meta property=\"og:type\" content=\"article\" \/>\n<meta property=\"og:title\" content=\"N\u00d3RDICO HIMALAYA - MAC - Ambients Singulars\" \/>\n<meta property=\"og:description\" content=\"Edred\u00f3n n\u00f3rdico. Relleno de 25% fibra Lyocell + 75% fibra poli\u00e9ster Ergotex. Tejido 100% poli\u00e9ster microfibra.\" \/>\n<meta property=\"og:url\" content=\"https:\/\/macambients.com\/es\/product\/nordic-himalaya-2\/\" \/>\n<meta property=\"og:site_name\" content=\"MAC - Ambients Singulars\" \/>\n<meta property=\"article:modified_time\" content=\"2024-11-25T18:16:32+00:00\" \/>\n<meta property=\"og:image\" content=\"https:\/\/macambients.com\/wp-content\/uploads\/2023\/06\/Nordic-Himalaya-1.jpg\" \/>\n\t<meta property=\"og:image:width\" content=\"2000\" \/>\n\t<meta property=\"og:image:height\" content=\"1100\" \/>\n\t<meta property=\"og:image:type\" content=\"image\/jpeg\" \/>\n<meta name=\"twitter:card\" content=\"summary_large_image\" \/>\n<meta name=\"twitter:label1\" content=\"Tiempo de lectura\" \/>\n\t<meta name=\"twitter:data1\" content=\"2 minutos\" \/>\n<script type=\"application\/ld+json\" class=\"yoast-schema-graph\">{\"@context\":\"https:\/\/schema.org\",\"@graph\":[{\"@type\":\"WebPage\",\"@id\":\"https:\/\/macambients.com\/es\/product\/nordic-himalaya-2\/\",\"url\":\"https:\/\/macambients.com\/es\/product\/nordic-himalaya-2\/\",\"name\":\"N\u00d3RDICO HIMALAYA - MAC - Ambients Singulars\",\"isPartOf\":{\"@id\":\"https:\/\/macambients.com\/es\/#website\"},\"primaryImageOfPage\":{\"@id\":\"https:\/\/macambients.com\/es\/product\/nordic-himalaya-2\/#primaryimage\"},\"image\":{\"@id\":\"https:\/\/macambients.com\/es\/product\/nordic-himalaya-2\/#primaryimage\"},\"thumbnailUrl\":\"https:\/\/macambients.com\/wp-content\/uploads\/2023\/06\/Nordic-Himalaya-1.jpg\",\"datePublished\":\"2023-06-27T10:50:43+00:00\",\"dateModified\":\"2024-11-25T18:16:32+00:00\",\"description\":\"Edred\u00f3n n\u00f3rdico. Relleno de 25% fibra Lyocell + 75% fibra poli\u00e9ster Ergotex. Tejido 100% poli\u00e9ster microfibra.\",\"breadcrumb\":{\"@id\":\"https:\/\/macambients.com\/es\/product\/nordic-himalaya-2\/#breadcrumb\"},\"inLanguage\":\"es\",\"potentialAction\":[{\"@type\":\"ReadAction\",\"target\":[\"https:\/\/macambients.com\/es\/product\/nordic-himalaya-2\/\"]}]},{\"@type\":\"ImageObject\",\"inLanguage\":\"es\",\"@id\":\"https:\/\/macambients.com\/es\/product\/nordic-himalaya-2\/#primaryimage\",\"url\":\"https:\/\/macambients.com\/wp-content\/uploads\/2023\/06\/Nordic-Himalaya-1.jpg\",\"contentUrl\":\"https:\/\/macambients.com\/wp-content\/uploads\/2023\/06\/Nordic-Himalaya-1.jpg\",\"width\":2000,\"height\":1100},{\"@type\":\"BreadcrumbList\",\"@id\":\"https:\/\/macambients.com\/es\/product\/nordic-himalaya-2\/#breadcrumb\",\"itemListElement\":[{\"@type\":\"ListItem\",\"position\":1,\"name\":\"Home\",\"item\":\"https:\/\/macambients.com\/es\/\"},{\"@type\":\"ListItem\",\"position\":2,\"name\":\"Shop\",\"item\":\"https:\/\/macambients.com\/es\/shop\/\"},{\"@type\":\"ListItem\",\"position\":3,\"name\":\"N\u00d3RDICO HIMALAYA\"}]},{\"@type\":\"WebSite\",\"@id\":\"https:\/\/macambients.com\/es\/#website\",\"url\":\"https:\/\/macambients.com\/es\/\",\"name\":\"MAC - Ambients Singulars\",\"description\":\"\",\"publisher\":{\"@id\":\"https:\/\/macambients.com\/es\/#organization\"},\"potentialAction\":[{\"@type\":\"SearchAction\",\"target\":{\"@type\":\"EntryPoint\",\"urlTemplate\":\"https:\/\/macambients.com\/es\/?s={search_term_string}\"},\"query-input\":\"required name=search_term_string\"}],\"inLanguage\":\"es\"},{\"@type\":\"Organization\",\"@id\":\"https:\/\/macambients.com\/es\/#organization\",\"name\":\"MAC - Ambients Singulars\",\"url\":\"https:\/\/macambients.com\/es\/\",\"logo\":{\"@type\":\"ImageObject\",\"inLanguage\":\"es\",\"@id\":\"https:\/\/macambients.com\/es\/#\/schema\/logo\/image\/\",\"url\":\"https:\/\/macambients.com\/wp-content\/uploads\/2022\/12\/logo.png\",\"contentUrl\":\"https:\/\/macambients.com\/wp-content\/uploads\/2022\/12\/logo.png\",\"width\":270,\"height\":55,\"caption\":\"MAC - Ambients Singulars\"},\"image\":{\"@id\":\"https:\/\/macambients.com\/es\/#\/schema\/logo\/image\/\"}}]}<\/script>\n<!-- \/ Yoast SEO plugin. -->","yoast_head_json":{"title":"N\u00d3RDICO HIMALAYA - MAC - Ambients Singulars","description":"Edred\u00f3n n\u00f3rdico. Relleno de 25% fibra Lyocell + 75% fibra poli\u00e9ster Ergotex. Tejido 100% poli\u00e9ster microfibra.","robots":{"index":"index","follow":"follow","max-snippet":"max-snippet:-1","max-image-preview":"max-image-preview:large","max-video-preview":"max-video-preview:-1"},"canonical":"https:\/\/macambients.com\/es\/product\/nordic-himalaya-2\/","og_locale":"es_ES","og_type":"article","og_title":"N\u00d3RDICO HIMALAYA - MAC - Ambients Singulars","og_description":"Edred\u00f3n n\u00f3rdico. Relleno de 25% fibra Lyocell + 75% fibra poli\u00e9ster Ergotex. Tejido 100% poli\u00e9ster microfibra.","og_url":"https:\/\/macambients.com\/es\/product\/nordic-himalaya-2\/","og_site_name":"MAC - Ambients Singulars","article_modified_time":"2024-11-25T18:16:32+00:00","og_image":[{"width":2000,"height":1100,"url":"https:\/\/macambients.com\/wp-content\/uploads\/2023\/06\/Nordic-Himalaya-1.jpg","type":"image\/jpeg"}],"twitter_card":"summary_large_image","twitter_misc":{"Tiempo de lectura":"2 minutos"},"schema":{"@context":"https:\/\/schema.org","@graph":[{"@type":"WebPage","@id":"https:\/\/macambients.com\/es\/product\/nordic-himalaya-2\/","url":"https:\/\/macambients.com\/es\/product\/nordic-himalaya-2\/","name":"N\u00d3RDICO HIMALAYA - MAC - Ambients Singulars","isPartOf":{"@id":"https:\/\/macambients.com\/es\/#website"},"primaryImageOfPage":{"@id":"https:\/\/macambients.com\/es\/product\/nordic-himalaya-2\/#primaryimage"},"image":{"@id":"https:\/\/macambients.com\/es\/product\/nordic-himalaya-2\/#primaryimage"},"thumbnailUrl":"https:\/\/macambients.com\/wp-content\/uploads\/2023\/06\/Nordic-Himalaya-1.jpg","datePublished":"2023-06-27T10:50:43+00:00","dateModified":"2024-11-25T18:16:32+00:00","description":"Edred\u00f3n n\u00f3rdico. Relleno de 25% fibra Lyocell + 75% fibra poli\u00e9ster Ergotex. Tejido 100% poli\u00e9ster microfibra.","breadcrumb":{"@id":"https:\/\/macambients.com\/es\/product\/nordic-himalaya-2\/#breadcrumb"},"inLanguage":"es","potentialAction":[{"@type":"ReadAction","target":["https:\/\/macambients.com\/es\/product\/nordic-himalaya-2\/"]}]},{"@type":"ImageObject","inLanguage":"es","@id":"https:\/\/macambients.com\/es\/product\/nordic-himalaya-2\/#primaryimage","url":"https:\/\/macambients.com\/wp-content\/uploads\/2023\/06\/Nordic-Himalaya-1.jpg","contentUrl":"https:\/\/macambients.com\/wp-content\/uploads\/2023\/06\/Nordic-Himalaya-1.jpg","width":2000,"height":1100},{"@type":"BreadcrumbList","@id":"https:\/\/macambients.com\/es\/product\/nordic-himalaya-2\/#breadcrumb","itemListElement":[{"@type":"ListItem","position":1,"name":"Home","item":"https:\/\/macambients.com\/es\/"},{"@type":"ListItem","position":2,"name":"Shop","item":"https:\/\/macambients.com\/es\/shop\/"},{"@type":"ListItem","position":3,"name":"N\u00d3RDICO HIMALAYA"}]},{"@type":"WebSite","@id":"https:\/\/macambients.com\/es\/#website","url":"https:\/\/macambients.com\/es\/","name":"MAC - Ambients Singulars","description":"","publisher":{"@id":"https:\/\/macambients.com\/es\/#organization"},"potentialAction":[{"@type":"SearchAction","target":{"@type":"EntryPoint","urlTemplate":"https:\/\/macambients.com\/es\/?s={search_term_string}"},"query-input":"required name=search_term_string"}],"inLanguage":"es"},{"@type":"Organization","@id":"https:\/\/macambients.com\/es\/#organization","name":"MAC - Ambients Singulars","url":"https:\/\/macambients.com\/es\/","logo":{"@type":"ImageObject","inLanguage":"es","@id":"https:\/\/macambients.com\/es\/#\/schema\/logo\/image\/","url":"https:\/\/macambients.com\/wp-content\/uploads\/2022\/12\/logo.png","contentUrl":"https:\/\/macambients.com\/wp-content\/uploads\/2022\/12\/logo.png","width":270,"height":55,"caption":"MAC - Ambients Singulars"},"image":{"@id":"https:\/\/macambients.com\/es\/#\/schema\/logo\/image\/"}}]}},"_links":{"self":[{"href":"https:\/\/macambients.com\/es\/wp-json\/wp\/v2\/product\/36414"}],"collection":[{"href":"https:\/\/macambients.com\/es\/wp-json\/wp\/v2\/product"}],"about":[{"href":"https:\/\/macambients.com\/es\/wp-json\/wp\/v2\/types\/product"}],"wp:featuredmedia":[{"embeddable":true,"href":"https:\/\/macambients.com\/es\/wp-json\/wp\/v2\/media\/36392"}],"wp:attachment":[{"href":"https:\/\/macambients.com\/es\/wp-json\/wp\/v2\/media?parent=36414"}],"wp:term":[{"taxonomy":"product_cat","embeddable":true,"href":"https:\/\/macambients.com\/es\/wp-json\/wp\/v2\/product_cat?post=36414"},{"taxonomy":"product_tag","embeddable":true,"href":"https:\/\/macambients.com\/es\/wp-json\/wp\/v2\/product_tag?post=36414"}],"curies":[{"name":"wp","href":"https:\/\/api.w.org\/{rel}","templated":true}]}}