{"id":36718,"date":"2023-06-28T09:48:45","date_gmt":"2023-06-28T09:48:45","guid":{"rendered":"https:\/\/macambients.com\/product\/mini-peque-2\/"},"modified":"2023-06-28T09:49:18","modified_gmt":"2023-06-28T09:49:18","slug":"mini-peque-2","status":"publish","type":"product","link":"https:\/\/macambients.com\/es\/product\/mini-peque-2\/","title":{"rendered":"MINI PEQUE"},"content":{"rendered":"<p style=\"line-height: 12.75pt; background: white; margin: 0cm 0cm 15.0pt 0cm;\"><span style=\"font-size: 10.5pt; font-family: 'Arial',sans-serif; color: #10069f;\">Almohada infantil con relleno de fibra virgen Ergotex, es extremadamente adaptable y aporta un suave tacto plum\u00f3n y comportamiento anti-\u00e1caros. Presenta una doble funda con cierre de cremallera 100% poli\u00e9ster microfibra termograbada para facilitar su lavado y limpieza.<\/span><\/p>\n<p style=\"line-height: 12.75pt; background: white; box-sizing: border-box; font-variant-ligatures: normal; font-variant-caps: normal; orphans: 2; widows: 2; -webkit-text-stroke-width: 0px; text-decoration-thickness: initial; text-decoration-style: initial; text-decoration-color: initial; word-spacing: 0px; margin: 0cm 0cm 15.0pt 0cm;\"><span style=\"font-size: 10.5pt; font-family: 'Arial',sans-serif; color: #10069f;\">Funda exterior:\u00a0Termograbada 100% microfibra de poli\u00e9ster. Cierre de cremallera.<br style=\"box-sizing: border-box;\" \/>Funda interior:\u00a0Tafet\u00e1n 100% microfibra de poli\u00e9ster.<br style=\"box-sizing: border-box;\" \/>Relleno: Fibra virgen y hueca, 100% poli\u00e9ster Ergotex + fibra anti-\u00e1caros.<br style=\"box-sizing: border-box;\" \/>Altura: Muy baja<\/span><\/p>\n<p style=\"line-height: 12.75pt; background: white; box-sizing: border-box; margin: 0cm 0cm 15.0pt 0cm;\"><span style=\"font-size: 10.5pt; font-family: 'Arial',sans-serif; color: #10069f;\">Almohada infantil de fibra.<\/span><\/p>\n","protected":false},"excerpt":{"rendered":"<p>Almohada infantil con relleno de fibra virgen Ergotex, es extremadamente adaptable y aporta un suave tacto plum\u00f3n y comportamiento anti-\u00e1caros. Presenta una doble funda con cierre de cremallera 100% poli\u00e9ster microfibra termograbada para facilitar su lavado y limpieza. Funda exterior:\u00a0Termograbada 100% microfibra de poli\u00e9ster. Cierre de cremallera.Funda interior:\u00a0Tafet\u00e1n 100% microfibra de poli\u00e9ster.Relleno: Fibra virgen y [&hellip;]<\/p>\n","protected":false},"featured_media":36711,"template":"","meta":{"_acf_changed":false,"_joinchat":[]},"product_cat":[616,620],"product_tag":[],"class_list":{"0":"post-36718","1":"product","2":"type-product","3":"status-publish","4":"has-post-thumbnail","6":"product_cat-complementos","7":"product_cat-almohada-de-fibra","8":"pa_mida-llargada-coixi-60-es","9":"pa_mida-llargada-coixi-70-es-2","10":"pa_mida-llargada-coixi-75-es-2","11":"pa_mida-llargada-coixi-80-es-2","12":"pa_mida-llargada-coixi-90-es-2","13":"pa_mida-llargada-coixi-105-es","15":"first","16":"instock","17":"sale","18":"taxable","19":"shipping-taxable","20":"purchasable","21":"product-type-variable"},"acf":[],"yoast_head":"<!-- This site is optimized with the Yoast SEO plugin v23.3 - https:\/\/yoast.com\/wordpress\/plugins\/seo\/ -->\n<title>MINI PEQUE - MAC - Ambients Singulars<\/title>\n<meta name=\"robots\" content=\"index, follow, max-snippet:-1, max-image-preview:large, max-video-preview:-1\" \/>\n<link rel=\"canonical\" href=\"https:\/\/macambients.com\/es\/product\/mini-peque-2\/\" \/>\n<meta property=\"og:locale\" content=\"es_ES\" \/>\n<meta property=\"og:type\" content=\"article\" \/>\n<meta property=\"og:title\" content=\"MINI PEQUE - MAC - Ambients Singulars\" \/>\n<meta property=\"og:description\" content=\"Almohada infantil con relleno de fibra virgen Ergotex, es extremadamente adaptable y aporta un suave tacto plum\u00f3n y comportamiento anti-\u00e1caros. Presenta una doble funda con cierre de cremallera 100% poli\u00e9ster microfibra termograbada para facilitar su lavado y limpieza. Funda exterior:\u00a0Termograbada 100% microfibra de poli\u00e9ster. Cierre de cremallera.Funda interior:\u00a0Tafet\u00e1n 100% microfibra de poli\u00e9ster.Relleno: Fibra virgen y [&hellip;]\" \/>\n<meta property=\"og:url\" content=\"https:\/\/macambients.com\/es\/product\/mini-peque-2\/\" \/>\n<meta property=\"og:site_name\" content=\"MAC - Ambients Singulars\" \/>\n<meta property=\"article:modified_time\" content=\"2023-06-28T09:49:18+00:00\" \/>\n<meta property=\"og:image\" content=\"https:\/\/macambients.com\/wp-content\/uploads\/2023\/06\/Coixi\u0301-Mini-Peque-1-3-1.jpg\" \/>\n\t<meta property=\"og:image:width\" content=\"2000\" \/>\n\t<meta property=\"og:image:height\" content=\"1120\" \/>\n\t<meta property=\"og:image:type\" content=\"image\/jpeg\" \/>\n<meta name=\"twitter:card\" content=\"summary_large_image\" \/>\n<meta name=\"twitter:label1\" content=\"Tiempo de lectura\" \/>\n\t<meta name=\"twitter:data1\" content=\"1 minuto\" \/>\n<script type=\"application\/ld+json\" class=\"yoast-schema-graph\">{\"@context\":\"https:\/\/schema.org\",\"@graph\":[{\"@type\":\"WebPage\",\"@id\":\"https:\/\/macambients.com\/es\/product\/mini-peque-2\/\",\"url\":\"https:\/\/macambients.com\/es\/product\/mini-peque-2\/\",\"name\":\"MINI PEQUE - MAC - Ambients Singulars\",\"isPartOf\":{\"@id\":\"https:\/\/macambients.com\/es\/#website\"},\"primaryImageOfPage\":{\"@id\":\"https:\/\/macambients.com\/es\/product\/mini-peque-2\/#primaryimage\"},\"image\":{\"@id\":\"https:\/\/macambients.com\/es\/product\/mini-peque-2\/#primaryimage\"},\"thumbnailUrl\":\"https:\/\/macambients.com\/wp-content\/uploads\/2023\/06\/Coixi\u0301-Mini-Peque-1-3-1.jpg\",\"datePublished\":\"2023-06-28T09:48:45+00:00\",\"dateModified\":\"2023-06-28T09:49:18+00:00\",\"breadcrumb\":{\"@id\":\"https:\/\/macambients.com\/es\/product\/mini-peque-2\/#breadcrumb\"},\"inLanguage\":\"es\",\"potentialAction\":[{\"@type\":\"ReadAction\",\"target\":[\"https:\/\/macambients.com\/es\/product\/mini-peque-2\/\"]}]},{\"@type\":\"ImageObject\",\"inLanguage\":\"es\",\"@id\":\"https:\/\/macambients.com\/es\/product\/mini-peque-2\/#primaryimage\",\"url\":\"https:\/\/macambients.com\/wp-content\/uploads\/2023\/06\/Coixi\u0301-Mini-Peque-1-3-1.jpg\",\"contentUrl\":\"https:\/\/macambients.com\/wp-content\/uploads\/2023\/06\/Coixi\u0301-Mini-Peque-1-3-1.jpg\",\"width\":2000,\"height\":1120},{\"@type\":\"BreadcrumbList\",\"@id\":\"https:\/\/macambients.com\/es\/product\/mini-peque-2\/#breadcrumb\",\"itemListElement\":[{\"@type\":\"ListItem\",\"position\":1,\"name\":\"Home\",\"item\":\"https:\/\/macambients.com\/es\/\"},{\"@type\":\"ListItem\",\"position\":2,\"name\":\"Shop\",\"item\":\"https:\/\/macambients.com\/es\/shop\/\"},{\"@type\":\"ListItem\",\"position\":3,\"name\":\"MINI PEQUE\"}]},{\"@type\":\"WebSite\",\"@id\":\"https:\/\/macambients.com\/es\/#website\",\"url\":\"https:\/\/macambients.com\/es\/\",\"name\":\"MAC - Ambients Singulars\",\"description\":\"\",\"publisher\":{\"@id\":\"https:\/\/macambients.com\/es\/#organization\"},\"potentialAction\":[{\"@type\":\"SearchAction\",\"target\":{\"@type\":\"EntryPoint\",\"urlTemplate\":\"https:\/\/macambients.com\/es\/?s={search_term_string}\"},\"query-input\":\"required name=search_term_string\"}],\"inLanguage\":\"es\"},{\"@type\":\"Organization\",\"@id\":\"https:\/\/macambients.com\/es\/#organization\",\"name\":\"MAC - Ambients Singulars\",\"url\":\"https:\/\/macambients.com\/es\/\",\"logo\":{\"@type\":\"ImageObject\",\"inLanguage\":\"es\",\"@id\":\"https:\/\/macambients.com\/es\/#\/schema\/logo\/image\/\",\"url\":\"https:\/\/macambients.com\/wp-content\/uploads\/2022\/12\/logo.png\",\"contentUrl\":\"https:\/\/macambients.com\/wp-content\/uploads\/2022\/12\/logo.png\",\"width\":270,\"height\":55,\"caption\":\"MAC - Ambients Singulars\"},\"image\":{\"@id\":\"https:\/\/macambients.com\/es\/#\/schema\/logo\/image\/\"}}]}<\/script>\n<!-- \/ Yoast SEO plugin. -->","yoast_head_json":{"title":"MINI PEQUE - MAC - Ambients Singulars","robots":{"index":"index","follow":"follow","max-snippet":"max-snippet:-1","max-image-preview":"max-image-preview:large","max-video-preview":"max-video-preview:-1"},"canonical":"https:\/\/macambients.com\/es\/product\/mini-peque-2\/","og_locale":"es_ES","og_type":"article","og_title":"MINI PEQUE - MAC - Ambients Singulars","og_description":"Almohada infantil con relleno de fibra virgen Ergotex, es extremadamente adaptable y aporta un suave tacto plum\u00f3n y comportamiento anti-\u00e1caros. Presenta una doble funda con cierre de cremallera 100% poli\u00e9ster microfibra termograbada para facilitar su lavado y limpieza. Funda exterior:\u00a0Termograbada 100% microfibra de poli\u00e9ster. Cierre de cremallera.Funda interior:\u00a0Tafet\u00e1n 100% microfibra de poli\u00e9ster.Relleno: Fibra virgen y [&hellip;]","og_url":"https:\/\/macambients.com\/es\/product\/mini-peque-2\/","og_site_name":"MAC - Ambients Singulars","article_modified_time":"2023-06-28T09:49:18+00:00","og_image":[{"width":2000,"height":1120,"url":"https:\/\/macambients.com\/wp-content\/uploads\/2023\/06\/Coixi\u0301-Mini-Peque-1-3-1.jpg","type":"image\/jpeg"}],"twitter_card":"summary_large_image","twitter_misc":{"Tiempo de lectura":"1 minuto"},"schema":{"@context":"https:\/\/schema.org","@graph":[{"@type":"WebPage","@id":"https:\/\/macambients.com\/es\/product\/mini-peque-2\/","url":"https:\/\/macambients.com\/es\/product\/mini-peque-2\/","name":"MINI PEQUE - MAC - Ambients Singulars","isPartOf":{"@id":"https:\/\/macambients.com\/es\/#website"},"primaryImageOfPage":{"@id":"https:\/\/macambients.com\/es\/product\/mini-peque-2\/#primaryimage"},"image":{"@id":"https:\/\/macambients.com\/es\/product\/mini-peque-2\/#primaryimage"},"thumbnailUrl":"https:\/\/macambients.com\/wp-content\/uploads\/2023\/06\/Coixi\u0301-Mini-Peque-1-3-1.jpg","datePublished":"2023-06-28T09:48:45+00:00","dateModified":"2023-06-28T09:49:18+00:00","breadcrumb":{"@id":"https:\/\/macambients.com\/es\/product\/mini-peque-2\/#breadcrumb"},"inLanguage":"es","potentialAction":[{"@type":"ReadAction","target":["https:\/\/macambients.com\/es\/product\/mini-peque-2\/"]}]},{"@type":"ImageObject","inLanguage":"es","@id":"https:\/\/macambients.com\/es\/product\/mini-peque-2\/#primaryimage","url":"https:\/\/macambients.com\/wp-content\/uploads\/2023\/06\/Coixi\u0301-Mini-Peque-1-3-1.jpg","contentUrl":"https:\/\/macambients.com\/wp-content\/uploads\/2023\/06\/Coixi\u0301-Mini-Peque-1-3-1.jpg","width":2000,"height":1120},{"@type":"BreadcrumbList","@id":"https:\/\/macambients.com\/es\/product\/mini-peque-2\/#breadcrumb","itemListElement":[{"@type":"ListItem","position":1,"name":"Home","item":"https:\/\/macambients.com\/es\/"},{"@type":"ListItem","position":2,"name":"Shop","item":"https:\/\/macambients.com\/es\/shop\/"},{"@type":"ListItem","position":3,"name":"MINI PEQUE"}]},{"@type":"WebSite","@id":"https:\/\/macambients.com\/es\/#website","url":"https:\/\/macambients.com\/es\/","name":"MAC - Ambients Singulars","description":"","publisher":{"@id":"https:\/\/macambients.com\/es\/#organization"},"potentialAction":[{"@type":"SearchAction","target":{"@type":"EntryPoint","urlTemplate":"https:\/\/macambients.com\/es\/?s={search_term_string}"},"query-input":"required name=search_term_string"}],"inLanguage":"es"},{"@type":"Organization","@id":"https:\/\/macambients.com\/es\/#organization","name":"MAC - Ambients Singulars","url":"https:\/\/macambients.com\/es\/","logo":{"@type":"ImageObject","inLanguage":"es","@id":"https:\/\/macambients.com\/es\/#\/schema\/logo\/image\/","url":"https:\/\/macambients.com\/wp-content\/uploads\/2022\/12\/logo.png","contentUrl":"https:\/\/macambients.com\/wp-content\/uploads\/2022\/12\/logo.png","width":270,"height":55,"caption":"MAC - Ambients Singulars"},"image":{"@id":"https:\/\/macambients.com\/es\/#\/schema\/logo\/image\/"}}]}},"_links":{"self":[{"href":"https:\/\/macambients.com\/es\/wp-json\/wp\/v2\/product\/36718"}],"collection":[{"href":"https:\/\/macambients.com\/es\/wp-json\/wp\/v2\/product"}],"about":[{"href":"https:\/\/macambients.com\/es\/wp-json\/wp\/v2\/types\/product"}],"wp:featuredmedia":[{"embeddable":true,"href":"https:\/\/macambients.com\/es\/wp-json\/wp\/v2\/media\/36711"}],"wp:attachment":[{"href":"https:\/\/macambients.com\/es\/wp-json\/wp\/v2\/media?parent=36718"}],"wp:term":[{"taxonomy":"product_cat","embeddable":true,"href":"https:\/\/macambients.com\/es\/wp-json\/wp\/v2\/product_cat?post=36718"},{"taxonomy":"product_tag","embeddable":true,"href":"https:\/\/macambients.com\/es\/wp-json\/wp\/v2\/product_tag?post=36718"}],"curies":[{"name":"wp","href":"https:\/\/api.w.org\/{rel}","templated":true}]}}