{"id":38075,"date":"2023-07-12T08:09:54","date_gmt":"2023-07-12T08:09:54","guid":{"rendered":"https:\/\/macambients.com\/product\/tunis-33\/"},"modified":"2023-07-12T08:10:23","modified_gmt":"2023-07-12T08:10:23","slug":"tunis-33","status":"publish","type":"product","link":"https:\/\/macambients.com\/es\/product\/tunis-33\/","title":{"rendered":"TUNIS 33"},"content":{"rendered":"<p>Composici\u00f3n de habitaci\u00f3n formada por ba\u00f1era de 190&#215;90 cm con somier elevable con apertura lateral, cabezal con panel de 206&#215;110 cm con LED y cabezal de 101&#215;110 cm con LED, mesita de tres cajones, mesa de escritorio de 150&#215;150 cm con angular y terminaci\u00f3n corva y con pata met\u00e1lica y m\u00f3dulo alto con puerta para colgar con pulsador.<\/p>\n<p>Incluye tiradores.<\/p>\n<p>Disponible en gran variedad de colores, tama\u00f1os y acabados.<\/p>\n<p>TRANSPORTE Y MONTAJE INCLUIDOS EN EL PRECIO.<\/p>\n","protected":false},"excerpt":{"rendered":"<p>Composici\u00f3n de habitaci\u00f3n formada por ba\u00f1era de 190&#215;90 cm con somier elevable con apertura lateral, cabezal con panel de 206&#215;110 cm con LED y cabezal de 101&#215;110 cm con LED, mesita de tres cajones, mesa de escritorio de 150&#215;150 cm con angular y terminaci\u00f3n corva y con pata met\u00e1lica y m\u00f3dulo alto con puerta para [&hellip;]<\/p>\n","protected":false},"featured_media":38005,"template":"","meta":{"_acf_changed":false,"_joinchat":[]},"product_cat":[724,3590,672,3591],"product_tag":[],"class_list":{"0":"post-38075","1":"product","2":"type-product","3":"status-publish","4":"has-post-thumbnail","6":"product_cat-dormitorios-infantiles-y-juveniles","7":"product_cat-colecccion-tunis-es","8":"product_cat-composiciones-ninos-y-jovenes","9":"product_cat-coleccion-tunis","11":"first","12":"instock","13":"taxable","14":"shipping-taxable","15":"purchasable","16":"product-type-simple"},"acf":[],"yoast_head":"<!-- This site is optimized with the Yoast SEO plugin v23.3 - https:\/\/yoast.com\/wordpress\/plugins\/seo\/ -->\n<title>TUNIS 33 - MAC - Ambients Singulars<\/title>\n<meta name=\"robots\" content=\"index, follow, max-snippet:-1, max-image-preview:large, max-video-preview:-1\" \/>\n<link rel=\"canonical\" href=\"https:\/\/macambients.com\/es\/product\/tunis-33\/\" \/>\n<meta property=\"og:locale\" content=\"es_ES\" \/>\n<meta property=\"og:type\" content=\"article\" \/>\n<meta property=\"og:title\" content=\"TUNIS 33 - MAC - Ambients Singulars\" \/>\n<meta property=\"og:description\" content=\"Composici\u00f3n de habitaci\u00f3n formada por ba\u00f1era de 190&#215;90 cm con somier elevable con apertura lateral, cabezal con panel de 206&#215;110 cm con LED y cabezal de 101&#215;110 cm con LED, mesita de tres cajones, mesa de escritorio de 150&#215;150 cm con angular y terminaci\u00f3n corva y con pata met\u00e1lica y m\u00f3dulo alto con puerta para [&hellip;]\" \/>\n<meta property=\"og:url\" content=\"https:\/\/macambients.com\/es\/product\/tunis-33\/\" \/>\n<meta property=\"og:site_name\" content=\"MAC - Ambients Singulars\" \/>\n<meta property=\"article:modified_time\" content=\"2023-07-12T08:10:23+00:00\" \/>\n<meta property=\"og:image\" content=\"https:\/\/macambients.com\/wp-content\/uploads\/2023\/07\/33.jpg\" \/>\n\t<meta property=\"og:image:width\" content=\"1600\" \/>\n\t<meta property=\"og:image:height\" content=\"1120\" \/>\n\t<meta property=\"og:image:type\" content=\"image\/jpeg\" \/>\n<meta name=\"twitter:card\" content=\"summary_large_image\" \/>\n<meta name=\"twitter:label1\" content=\"Tiempo de lectura\" \/>\n\t<meta name=\"twitter:data1\" content=\"1 minuto\" \/>\n<script type=\"application\/ld+json\" class=\"yoast-schema-graph\">{\"@context\":\"https:\/\/schema.org\",\"@graph\":[{\"@type\":\"WebPage\",\"@id\":\"https:\/\/macambients.com\/es\/product\/tunis-33\/\",\"url\":\"https:\/\/macambients.com\/es\/product\/tunis-33\/\",\"name\":\"TUNIS 33 - MAC - Ambients Singulars\",\"isPartOf\":{\"@id\":\"https:\/\/macambients.com\/es\/#website\"},\"primaryImageOfPage\":{\"@id\":\"https:\/\/macambients.com\/es\/product\/tunis-33\/#primaryimage\"},\"image\":{\"@id\":\"https:\/\/macambients.com\/es\/product\/tunis-33\/#primaryimage\"},\"thumbnailUrl\":\"https:\/\/macambients.com\/wp-content\/uploads\/2023\/07\/33.jpg\",\"datePublished\":\"2023-07-12T08:09:54+00:00\",\"dateModified\":\"2023-07-12T08:10:23+00:00\",\"breadcrumb\":{\"@id\":\"https:\/\/macambients.com\/es\/product\/tunis-33\/#breadcrumb\"},\"inLanguage\":\"es\",\"potentialAction\":[{\"@type\":\"ReadAction\",\"target\":[\"https:\/\/macambients.com\/es\/product\/tunis-33\/\"]}]},{\"@type\":\"ImageObject\",\"inLanguage\":\"es\",\"@id\":\"https:\/\/macambients.com\/es\/product\/tunis-33\/#primaryimage\",\"url\":\"https:\/\/macambients.com\/wp-content\/uploads\/2023\/07\/33.jpg\",\"contentUrl\":\"https:\/\/macambients.com\/wp-content\/uploads\/2023\/07\/33.jpg\",\"width\":1600,\"height\":1120},{\"@type\":\"BreadcrumbList\",\"@id\":\"https:\/\/macambients.com\/es\/product\/tunis-33\/#breadcrumb\",\"itemListElement\":[{\"@type\":\"ListItem\",\"position\":1,\"name\":\"Home\",\"item\":\"https:\/\/macambients.com\/es\/\"},{\"@type\":\"ListItem\",\"position\":2,\"name\":\"Shop\",\"item\":\"https:\/\/macambients.com\/es\/shop\/\"},{\"@type\":\"ListItem\",\"position\":3,\"name\":\"TUNIS 33\"}]},{\"@type\":\"WebSite\",\"@id\":\"https:\/\/macambients.com\/es\/#website\",\"url\":\"https:\/\/macambients.com\/es\/\",\"name\":\"MAC - Ambients Singulars\",\"description\":\"\",\"publisher\":{\"@id\":\"https:\/\/macambients.com\/es\/#organization\"},\"potentialAction\":[{\"@type\":\"SearchAction\",\"target\":{\"@type\":\"EntryPoint\",\"urlTemplate\":\"https:\/\/macambients.com\/es\/?s={search_term_string}\"},\"query-input\":\"required name=search_term_string\"}],\"inLanguage\":\"es\"},{\"@type\":\"Organization\",\"@id\":\"https:\/\/macambients.com\/es\/#organization\",\"name\":\"MAC - Ambients Singulars\",\"url\":\"https:\/\/macambients.com\/es\/\",\"logo\":{\"@type\":\"ImageObject\",\"inLanguage\":\"es\",\"@id\":\"https:\/\/macambients.com\/es\/#\/schema\/logo\/image\/\",\"url\":\"https:\/\/macambients.com\/wp-content\/uploads\/2022\/12\/logo.png\",\"contentUrl\":\"https:\/\/macambients.com\/wp-content\/uploads\/2022\/12\/logo.png\",\"width\":270,\"height\":55,\"caption\":\"MAC - Ambients Singulars\"},\"image\":{\"@id\":\"https:\/\/macambients.com\/es\/#\/schema\/logo\/image\/\"}}]}<\/script>\n<!-- \/ Yoast SEO plugin. -->","yoast_head_json":{"title":"TUNIS 33 - MAC - Ambients Singulars","robots":{"index":"index","follow":"follow","max-snippet":"max-snippet:-1","max-image-preview":"max-image-preview:large","max-video-preview":"max-video-preview:-1"},"canonical":"https:\/\/macambients.com\/es\/product\/tunis-33\/","og_locale":"es_ES","og_type":"article","og_title":"TUNIS 33 - MAC - Ambients Singulars","og_description":"Composici\u00f3n de habitaci\u00f3n formada por ba\u00f1era de 190&#215;90 cm con somier elevable con apertura lateral, cabezal con panel de 206&#215;110 cm con LED y cabezal de 101&#215;110 cm con LED, mesita de tres cajones, mesa de escritorio de 150&#215;150 cm con angular y terminaci\u00f3n corva y con pata met\u00e1lica y m\u00f3dulo alto con puerta para [&hellip;]","og_url":"https:\/\/macambients.com\/es\/product\/tunis-33\/","og_site_name":"MAC - Ambients Singulars","article_modified_time":"2023-07-12T08:10:23+00:00","og_image":[{"width":1600,"height":1120,"url":"https:\/\/macambients.com\/wp-content\/uploads\/2023\/07\/33.jpg","type":"image\/jpeg"}],"twitter_card":"summary_large_image","twitter_misc":{"Tiempo de lectura":"1 minuto"},"schema":{"@context":"https:\/\/schema.org","@graph":[{"@type":"WebPage","@id":"https:\/\/macambients.com\/es\/product\/tunis-33\/","url":"https:\/\/macambients.com\/es\/product\/tunis-33\/","name":"TUNIS 33 - MAC - Ambients Singulars","isPartOf":{"@id":"https:\/\/macambients.com\/es\/#website"},"primaryImageOfPage":{"@id":"https:\/\/macambients.com\/es\/product\/tunis-33\/#primaryimage"},"image":{"@id":"https:\/\/macambients.com\/es\/product\/tunis-33\/#primaryimage"},"thumbnailUrl":"https:\/\/macambients.com\/wp-content\/uploads\/2023\/07\/33.jpg","datePublished":"2023-07-12T08:09:54+00:00","dateModified":"2023-07-12T08:10:23+00:00","breadcrumb":{"@id":"https:\/\/macambients.com\/es\/product\/tunis-33\/#breadcrumb"},"inLanguage":"es","potentialAction":[{"@type":"ReadAction","target":["https:\/\/macambients.com\/es\/product\/tunis-33\/"]}]},{"@type":"ImageObject","inLanguage":"es","@id":"https:\/\/macambients.com\/es\/product\/tunis-33\/#primaryimage","url":"https:\/\/macambients.com\/wp-content\/uploads\/2023\/07\/33.jpg","contentUrl":"https:\/\/macambients.com\/wp-content\/uploads\/2023\/07\/33.jpg","width":1600,"height":1120},{"@type":"BreadcrumbList","@id":"https:\/\/macambients.com\/es\/product\/tunis-33\/#breadcrumb","itemListElement":[{"@type":"ListItem","position":1,"name":"Home","item":"https:\/\/macambients.com\/es\/"},{"@type":"ListItem","position":2,"name":"Shop","item":"https:\/\/macambients.com\/es\/shop\/"},{"@type":"ListItem","position":3,"name":"TUNIS 33"}]},{"@type":"WebSite","@id":"https:\/\/macambients.com\/es\/#website","url":"https:\/\/macambients.com\/es\/","name":"MAC - Ambients Singulars","description":"","publisher":{"@id":"https:\/\/macambients.com\/es\/#organization"},"potentialAction":[{"@type":"SearchAction","target":{"@type":"EntryPoint","urlTemplate":"https:\/\/macambients.com\/es\/?s={search_term_string}"},"query-input":"required name=search_term_string"}],"inLanguage":"es"},{"@type":"Organization","@id":"https:\/\/macambients.com\/es\/#organization","name":"MAC - Ambients Singulars","url":"https:\/\/macambients.com\/es\/","logo":{"@type":"ImageObject","inLanguage":"es","@id":"https:\/\/macambients.com\/es\/#\/schema\/logo\/image\/","url":"https:\/\/macambients.com\/wp-content\/uploads\/2022\/12\/logo.png","contentUrl":"https:\/\/macambients.com\/wp-content\/uploads\/2022\/12\/logo.png","width":270,"height":55,"caption":"MAC - Ambients Singulars"},"image":{"@id":"https:\/\/macambients.com\/es\/#\/schema\/logo\/image\/"}}]}},"_links":{"self":[{"href":"https:\/\/macambients.com\/es\/wp-json\/wp\/v2\/product\/38075"}],"collection":[{"href":"https:\/\/macambients.com\/es\/wp-json\/wp\/v2\/product"}],"about":[{"href":"https:\/\/macambients.com\/es\/wp-json\/wp\/v2\/types\/product"}],"wp:featuredmedia":[{"embeddable":true,"href":"https:\/\/macambients.com\/es\/wp-json\/wp\/v2\/media\/38005"}],"wp:attachment":[{"href":"https:\/\/macambients.com\/es\/wp-json\/wp\/v2\/media?parent=38075"}],"wp:term":[{"taxonomy":"product_cat","embeddable":true,"href":"https:\/\/macambients.com\/es\/wp-json\/wp\/v2\/product_cat?post=38075"},{"taxonomy":"product_tag","embeddable":true,"href":"https:\/\/macambients.com\/es\/wp-json\/wp\/v2\/product_tag?post=38075"}],"curies":[{"name":"wp","href":"https:\/\/api.w.org\/{rel}","templated":true}]}}