{"id":38178,"date":"2023-07-19T07:22:19","date_gmt":"2023-07-19T07:23:45","guid":{"rendered":"https:\/\/macambients.com\/?post_type=product&#038;p=38178"},"modified":"2024-03-06T11:15:51","modified_gmt":"2024-03-06T11:15:51","slug":"sabana-bajera-para-ninos-naturzinc__trashed","status":"publish","type":"product","link":"https:\/\/macambients.com\/es\/product\/sabana-bajera-para-ninos-naturzinc__trashed\/","title":{"rendered":"S\u00c1BANA BAJERA PARA NI\u00d1OS NATURZINC"},"content":{"rendered":"<p>S\u00e1bana impermeable y transpirable BSensible\u00ae 2 en 1: s\u00e1bana bajera ajustable + protector de colch\u00f3n<\/p>\n<p>BSensible\u00ae utiliza la tecnolog\u00eda DERMOFRESH\u00ae: la perfecta combinaci\u00f3n de la mejor fibra natural TENCEL\u2122, la fibra SMARTCEL\u2122sensitive y la membrana de poliuretano innovadora que act\u00faa como una segunda piel.<\/p>\n<p>Se adapta perfectamente al colch\u00f3n y es imperceptible como una segunda piel. Conserva las cualidades del colch\u00f3n, mientras mima la piel.<\/p>\n","protected":false},"excerpt":{"rendered":"<p>S\u00e1bana impermeable y transpirable BSensible\u00ae 2 en 1: s\u00e1bana bajera ajustable + protector de colch\u00f3n BSensible\u00ae utiliza la tecnolog\u00eda DERMOFRESH\u00ae: la perfecta combinaci\u00f3n de la mejor fibra natural TENCEL\u2122, la fibra SMARTCEL\u2122sensitive y la membrana de poliuretano innovadora que act\u00faa como una segunda piel. Se adapta perfectamente al colch\u00f3n y es imperceptible como una segunda [&hellip;]<\/p>\n","protected":false},"featured_media":38158,"template":"","meta":{"_acf_changed":false,"_joinchat":[]},"product_cat":[725,616,3593],"product_tag":[],"class_list":{"0":"post-38178","1":"product","2":"type-product","3":"status-publish","4":"has-post-thumbnail","6":"product_cat-descanso","7":"product_cat-complementos","8":"product_cat-coleccion-b-sensible","9":"pa_colors-azul-brisa","10":"pa_colors-beige","11":"pa_colors-blanco","12":"pa_colors-blau-cel-es","13":"pa_colors-blau-fosc-es","14":"pa_colors-cru-es","15":"pa_colors-fucsia-es","16":"pa_colors-granat-es","17":"pa_colors-gris-es","18":"pa_colors-lavanda-es","19":"pa_colors-malva-es","20":"pa_colors-negre-es","21":"pa_colors-pistatxo-es","22":"pa_colors-rosa-es","23":"pa_colors-rosa-petal-es","24":"pa_colors-verd-es","25":"pa_colors-verd-aloe-es","27":"first","28":"instock","29":"sale","30":"taxable","31":"shipping-taxable","32":"purchasable","33":"product-type-variable"},"acf":[],"yoast_head":"<!-- This site is optimized with the Yoast SEO plugin v23.3 - https:\/\/yoast.com\/wordpress\/plugins\/seo\/ -->\n<title>S\u00c1BANA BAJERA PARA NI\u00d1OS NATURZINC - MAC - Ambients Singulars<\/title>\n<meta name=\"robots\" content=\"index, follow, max-snippet:-1, max-image-preview:large, max-video-preview:-1\" \/>\n<link rel=\"canonical\" href=\"https:\/\/macambients.com\/es\/product\/sabana-bajera-para-ninos-naturzinc__trashed\/\" \/>\n<meta property=\"og:locale\" content=\"es_ES\" \/>\n<meta property=\"og:type\" content=\"article\" \/>\n<meta property=\"og:title\" content=\"S\u00c1BANA BAJERA PARA NI\u00d1OS NATURZINC - MAC - Ambients Singulars\" \/>\n<meta property=\"og:description\" content=\"S\u00e1bana impermeable y transpirable BSensible\u00ae 2 en 1: s\u00e1bana bajera ajustable + protector de colch\u00f3n BSensible\u00ae utiliza la tecnolog\u00eda DERMOFRESH\u00ae: la perfecta combinaci\u00f3n de la mejor fibra natural TENCEL\u2122, la fibra SMARTCEL\u2122sensitive y la membrana de poliuretano innovadora que act\u00faa como una segunda piel. Se adapta perfectamente al colch\u00f3n y es imperceptible como una segunda [&hellip;]\" \/>\n<meta property=\"og:url\" content=\"https:\/\/macambients.com\/es\/product\/sabana-bajera-para-ninos-naturzinc__trashed\/\" \/>\n<meta property=\"og:site_name\" content=\"MAC - Ambients Singulars\" \/>\n<meta property=\"article:modified_time\" content=\"2024-03-06T11:15:51+00:00\" \/>\n<meta property=\"og:image\" content=\"https:\/\/macambients.com\/wp-content\/uploads\/2023\/07\/Llencol-de-sota-per-nens-NATURZINC.jpg\" \/>\n\t<meta property=\"og:image:width\" content=\"1600\" \/>\n\t<meta property=\"og:image:height\" content=\"1120\" \/>\n\t<meta property=\"og:image:type\" content=\"image\/jpeg\" \/>\n<meta name=\"twitter:card\" content=\"summary_large_image\" \/>\n<meta name=\"twitter:label1\" content=\"Tiempo de lectura\" \/>\n\t<meta name=\"twitter:data1\" content=\"1 minuto\" \/>\n<script type=\"application\/ld+json\" class=\"yoast-schema-graph\">{\"@context\":\"https:\/\/schema.org\",\"@graph\":[{\"@type\":\"WebPage\",\"@id\":\"https:\/\/macambients.com\/es\/product\/sabana-bajera-para-ninos-naturzinc__trashed\/\",\"url\":\"https:\/\/macambients.com\/es\/product\/sabana-bajera-para-ninos-naturzinc__trashed\/\",\"name\":\"S\u00c1BANA BAJERA PARA NI\u00d1OS NATURZINC - MAC - Ambients Singulars\",\"isPartOf\":{\"@id\":\"https:\/\/macambients.com\/es\/#website\"},\"primaryImageOfPage\":{\"@id\":\"https:\/\/macambients.com\/es\/product\/sabana-bajera-para-ninos-naturzinc__trashed\/#primaryimage\"},\"image\":{\"@id\":\"https:\/\/macambients.com\/es\/product\/sabana-bajera-para-ninos-naturzinc__trashed\/#primaryimage\"},\"thumbnailUrl\":\"https:\/\/macambients.com\/wp-content\/uploads\/2023\/07\/Llencol-de-sota-per-nens-NATURZINC.jpg\",\"datePublished\":\"2023-07-19T07:23:45+00:00\",\"dateModified\":\"2024-03-06T11:15:51+00:00\",\"breadcrumb\":{\"@id\":\"https:\/\/macambients.com\/es\/product\/sabana-bajera-para-ninos-naturzinc__trashed\/#breadcrumb\"},\"inLanguage\":\"es\",\"potentialAction\":[{\"@type\":\"ReadAction\",\"target\":[\"https:\/\/macambients.com\/es\/product\/sabana-bajera-para-ninos-naturzinc__trashed\/\"]}]},{\"@type\":\"ImageObject\",\"inLanguage\":\"es\",\"@id\":\"https:\/\/macambients.com\/es\/product\/sabana-bajera-para-ninos-naturzinc__trashed\/#primaryimage\",\"url\":\"https:\/\/macambients.com\/wp-content\/uploads\/2023\/07\/Llencol-de-sota-per-nens-NATURZINC.jpg\",\"contentUrl\":\"https:\/\/macambients.com\/wp-content\/uploads\/2023\/07\/Llencol-de-sota-per-nens-NATURZINC.jpg\",\"width\":1600,\"height\":1120},{\"@type\":\"BreadcrumbList\",\"@id\":\"https:\/\/macambients.com\/es\/product\/sabana-bajera-para-ninos-naturzinc__trashed\/#breadcrumb\",\"itemListElement\":[{\"@type\":\"ListItem\",\"position\":1,\"name\":\"Home\",\"item\":\"https:\/\/macambients.com\/es\/\"},{\"@type\":\"ListItem\",\"position\":2,\"name\":\"Shop\",\"item\":\"https:\/\/macambients.com\/es\/shop\/\"},{\"@type\":\"ListItem\",\"position\":3,\"name\":\"S\u00c1BANA BAJERA PARA NI\u00d1OS NATURZINC\"}]},{\"@type\":\"WebSite\",\"@id\":\"https:\/\/macambients.com\/es\/#website\",\"url\":\"https:\/\/macambients.com\/es\/\",\"name\":\"MAC - Ambients Singulars\",\"description\":\"\",\"publisher\":{\"@id\":\"https:\/\/macambients.com\/es\/#organization\"},\"potentialAction\":[{\"@type\":\"SearchAction\",\"target\":{\"@type\":\"EntryPoint\",\"urlTemplate\":\"https:\/\/macambients.com\/es\/?s={search_term_string}\"},\"query-input\":\"required name=search_term_string\"}],\"inLanguage\":\"es\"},{\"@type\":\"Organization\",\"@id\":\"https:\/\/macambients.com\/es\/#organization\",\"name\":\"MAC - Ambients Singulars\",\"url\":\"https:\/\/macambients.com\/es\/\",\"logo\":{\"@type\":\"ImageObject\",\"inLanguage\":\"es\",\"@id\":\"https:\/\/macambients.com\/es\/#\/schema\/logo\/image\/\",\"url\":\"https:\/\/macambients.com\/wp-content\/uploads\/2022\/12\/logo.png\",\"contentUrl\":\"https:\/\/macambients.com\/wp-content\/uploads\/2022\/12\/logo.png\",\"width\":270,\"height\":55,\"caption\":\"MAC - Ambients Singulars\"},\"image\":{\"@id\":\"https:\/\/macambients.com\/es\/#\/schema\/logo\/image\/\"}}]}<\/script>\n<!-- \/ Yoast SEO plugin. -->","yoast_head_json":{"title":"S\u00c1BANA BAJERA PARA NI\u00d1OS NATURZINC - MAC - Ambients Singulars","robots":{"index":"index","follow":"follow","max-snippet":"max-snippet:-1","max-image-preview":"max-image-preview:large","max-video-preview":"max-video-preview:-1"},"canonical":"https:\/\/macambients.com\/es\/product\/sabana-bajera-para-ninos-naturzinc__trashed\/","og_locale":"es_ES","og_type":"article","og_title":"S\u00c1BANA BAJERA PARA NI\u00d1OS NATURZINC - MAC - Ambients Singulars","og_description":"S\u00e1bana impermeable y transpirable BSensible\u00ae 2 en 1: s\u00e1bana bajera ajustable + protector de colch\u00f3n BSensible\u00ae utiliza la tecnolog\u00eda DERMOFRESH\u00ae: la perfecta combinaci\u00f3n de la mejor fibra natural TENCEL\u2122, la fibra SMARTCEL\u2122sensitive y la membrana de poliuretano innovadora que act\u00faa como una segunda piel. Se adapta perfectamente al colch\u00f3n y es imperceptible como una segunda [&hellip;]","og_url":"https:\/\/macambients.com\/es\/product\/sabana-bajera-para-ninos-naturzinc__trashed\/","og_site_name":"MAC - Ambients Singulars","article_modified_time":"2024-03-06T11:15:51+00:00","og_image":[{"width":1600,"height":1120,"url":"https:\/\/macambients.com\/wp-content\/uploads\/2023\/07\/Llencol-de-sota-per-nens-NATURZINC.jpg","type":"image\/jpeg"}],"twitter_card":"summary_large_image","twitter_misc":{"Tiempo de lectura":"1 minuto"},"schema":{"@context":"https:\/\/schema.org","@graph":[{"@type":"WebPage","@id":"https:\/\/macambients.com\/es\/product\/sabana-bajera-para-ninos-naturzinc__trashed\/","url":"https:\/\/macambients.com\/es\/product\/sabana-bajera-para-ninos-naturzinc__trashed\/","name":"S\u00c1BANA BAJERA PARA NI\u00d1OS NATURZINC - MAC - Ambients Singulars","isPartOf":{"@id":"https:\/\/macambients.com\/es\/#website"},"primaryImageOfPage":{"@id":"https:\/\/macambients.com\/es\/product\/sabana-bajera-para-ninos-naturzinc__trashed\/#primaryimage"},"image":{"@id":"https:\/\/macambients.com\/es\/product\/sabana-bajera-para-ninos-naturzinc__trashed\/#primaryimage"},"thumbnailUrl":"https:\/\/macambients.com\/wp-content\/uploads\/2023\/07\/Llencol-de-sota-per-nens-NATURZINC.jpg","datePublished":"2023-07-19T07:23:45+00:00","dateModified":"2024-03-06T11:15:51+00:00","breadcrumb":{"@id":"https:\/\/macambients.com\/es\/product\/sabana-bajera-para-ninos-naturzinc__trashed\/#breadcrumb"},"inLanguage":"es","potentialAction":[{"@type":"ReadAction","target":["https:\/\/macambients.com\/es\/product\/sabana-bajera-para-ninos-naturzinc__trashed\/"]}]},{"@type":"ImageObject","inLanguage":"es","@id":"https:\/\/macambients.com\/es\/product\/sabana-bajera-para-ninos-naturzinc__trashed\/#primaryimage","url":"https:\/\/macambients.com\/wp-content\/uploads\/2023\/07\/Llencol-de-sota-per-nens-NATURZINC.jpg","contentUrl":"https:\/\/macambients.com\/wp-content\/uploads\/2023\/07\/Llencol-de-sota-per-nens-NATURZINC.jpg","width":1600,"height":1120},{"@type":"BreadcrumbList","@id":"https:\/\/macambients.com\/es\/product\/sabana-bajera-para-ninos-naturzinc__trashed\/#breadcrumb","itemListElement":[{"@type":"ListItem","position":1,"name":"Home","item":"https:\/\/macambients.com\/es\/"},{"@type":"ListItem","position":2,"name":"Shop","item":"https:\/\/macambients.com\/es\/shop\/"},{"@type":"ListItem","position":3,"name":"S\u00c1BANA BAJERA PARA NI\u00d1OS NATURZINC"}]},{"@type":"WebSite","@id":"https:\/\/macambients.com\/es\/#website","url":"https:\/\/macambients.com\/es\/","name":"MAC - Ambients Singulars","description":"","publisher":{"@id":"https:\/\/macambients.com\/es\/#organization"},"potentialAction":[{"@type":"SearchAction","target":{"@type":"EntryPoint","urlTemplate":"https:\/\/macambients.com\/es\/?s={search_term_string}"},"query-input":"required name=search_term_string"}],"inLanguage":"es"},{"@type":"Organization","@id":"https:\/\/macambients.com\/es\/#organization","name":"MAC - Ambients Singulars","url":"https:\/\/macambients.com\/es\/","logo":{"@type":"ImageObject","inLanguage":"es","@id":"https:\/\/macambients.com\/es\/#\/schema\/logo\/image\/","url":"https:\/\/macambients.com\/wp-content\/uploads\/2022\/12\/logo.png","contentUrl":"https:\/\/macambients.com\/wp-content\/uploads\/2022\/12\/logo.png","width":270,"height":55,"caption":"MAC - Ambients Singulars"},"image":{"@id":"https:\/\/macambients.com\/es\/#\/schema\/logo\/image\/"}}]}},"_links":{"self":[{"href":"https:\/\/macambients.com\/es\/wp-json\/wp\/v2\/product\/38178"}],"collection":[{"href":"https:\/\/macambients.com\/es\/wp-json\/wp\/v2\/product"}],"about":[{"href":"https:\/\/macambients.com\/es\/wp-json\/wp\/v2\/types\/product"}],"wp:featuredmedia":[{"embeddable":true,"href":"https:\/\/macambients.com\/es\/wp-json\/wp\/v2\/media\/38158"}],"wp:attachment":[{"href":"https:\/\/macambients.com\/es\/wp-json\/wp\/v2\/media?parent=38178"}],"wp:term":[{"taxonomy":"product_cat","embeddable":true,"href":"https:\/\/macambients.com\/es\/wp-json\/wp\/v2\/product_cat?post=38178"},{"taxonomy":"product_tag","embeddable":true,"href":"https:\/\/macambients.com\/es\/wp-json\/wp\/v2\/product_tag?post=38178"}],"curies":[{"name":"wp","href":"https:\/\/api.w.org\/{rel}","templated":true}]}}