{"id":38234,"date":"2023-07-13T09:52:07","date_gmt":"2023-07-13T09:54:46","guid":{"rendered":"https:\/\/macambients.com\/?post_type=product&#038;p=38234"},"modified":"2023-07-18T09:20:51","modified_gmt":"2023-07-18T09:20:51","slug":"protector-de-colchon-cosmetic","status":"publish","type":"product","link":"https:\/\/macambients.com\/es\/product\/protector-de-colchon-cosmetic\/","title":{"rendered":"Protector de colch\u00f3n COSMETIC"},"content":{"rendered":"<p>Es la nueva generaci\u00f3n de acolchados que se adapta perfectamente al colch\u00f3n y aporta un extra de comodidad. Adem\u00e1s de protegerlo, es tambi\u00e9n impermeable y transpirable.<\/p>\n<p>Re\u00fane las siguientes propiedades:<\/p>\n<p>\u2022 Actividad antibacteriana permanente.<br \/>\n\u2022 Propiedades cosm\u00e9ticas, con materiales que aceleran la regeneraci\u00f3n de las c\u00e9lulas de la piel.<br \/>\n\u2022 Barrera protectora contra \u00e1caros, hongos y bacterias.<br \/>\n\u2022 Efecto permanente, sin tratamientos qu\u00edmicos.<br \/>\n\u2022 Tela de cama producida con responsabilidad social, trazabilidad total y sostenibilidad ambiental, fabricada totalmente en Europa.<\/p>\n","protected":false},"excerpt":{"rendered":"<p>Es la nueva generaci\u00f3n de acolchados que se adapta perfectamente al colch\u00f3n y aporta un extra de comodidad. Adem\u00e1s de protegerlo, es tambi\u00e9n impermeable y transpirable. Re\u00fane las siguientes propiedades: \u2022 Actividad antibacteriana permanente. \u2022 Propiedades cosm\u00e9ticas, con materiales que aceleran la regeneraci\u00f3n de las c\u00e9lulas de la piel. \u2022 Barrera protectora contra \u00e1caros, hongos [&hellip;]<\/p>\n","protected":false},"featured_media":39408,"template":"","meta":{"_acf_changed":false,"_joinchat":[]},"product_cat":[725,616,3593],"product_tag":[],"class_list":{"0":"post-38234","1":"product","2":"type-product","3":"status-publish","4":"has-post-thumbnail","6":"product_cat-descanso","7":"product_cat-complementos","8":"product_cat-coleccion-b-sensible","9":"pa_amplada-x-llargada-80x190-es","10":"pa_amplada-x-llargada-80x200-es","11":"pa_amplada-x-llargada-90x190-es","12":"pa_amplada-x-llargada-90x200-es","13":"pa_amplada-x-llargada-105x190-es","14":"pa_amplada-x-llargada-105x200-es","15":"pa_amplada-x-llargada-120x190-es","16":"pa_amplada-x-llargada-120x200-es","17":"pa_amplada-x-llargada-135x190-es","18":"pa_amplada-x-llargada-135x200-es","19":"pa_amplada-x-llargada-140x190-es","20":"pa_amplada-x-llargada-140x200-es","21":"pa_amplada-x-llargada-150x190-es","22":"pa_amplada-x-llargada-150x200-es","23":"pa_amplada-x-llargada-160x190-es","24":"pa_amplada-x-llargada-160x200-es","25":"pa_amplada-x-llargada-180x190-es","26":"pa_amplada-x-llargada-180x200-es","27":"pa_amplada-x-llargada-200x200-es","29":"first","30":"instock","31":"sale","32":"taxable","33":"shipping-taxable","34":"purchasable","35":"product-type-variable"},"acf":[],"yoast_head":"<!-- This site is optimized with the Yoast SEO plugin v23.3 - https:\/\/yoast.com\/wordpress\/plugins\/seo\/ -->\n<title>Protector de colch\u00f3n COSMETIC - MAC - Ambients Singulars<\/title>\n<meta name=\"robots\" content=\"index, follow, max-snippet:-1, max-image-preview:large, max-video-preview:-1\" \/>\n<link rel=\"canonical\" href=\"https:\/\/macambients.com\/es\/product\/protector-de-colchon-cosmetic\/\" \/>\n<meta property=\"og:locale\" content=\"es_ES\" \/>\n<meta property=\"og:type\" content=\"article\" \/>\n<meta property=\"og:title\" content=\"Protector de colch\u00f3n COSMETIC - MAC - Ambients Singulars\" \/>\n<meta property=\"og:description\" content=\"Es la nueva generaci\u00f3n de acolchados que se adapta perfectamente al colch\u00f3n y aporta un extra de comodidad. Adem\u00e1s de protegerlo, es tambi\u00e9n impermeable y transpirable. Re\u00fane las siguientes propiedades: \u2022 Actividad antibacteriana permanente. \u2022 Propiedades cosm\u00e9ticas, con materiales que aceleran la regeneraci\u00f3n de las c\u00e9lulas de la piel. \u2022 Barrera protectora contra \u00e1caros, hongos [&hellip;]\" \/>\n<meta property=\"og:url\" content=\"https:\/\/macambients.com\/es\/product\/protector-de-colchon-cosmetic\/\" \/>\n<meta property=\"og:site_name\" content=\"MAC - Ambients Singulars\" \/>\n<meta property=\"article:modified_time\" content=\"2023-07-18T09:20:51+00:00\" \/>\n<meta property=\"og:image\" content=\"https:\/\/macambients.com\/wp-content\/uploads\/2023\/07\/Protector-de-matalas-COSMETIC.jpg\" \/>\n\t<meta property=\"og:image:width\" content=\"1600\" \/>\n\t<meta property=\"og:image:height\" content=\"1120\" \/>\n\t<meta property=\"og:image:type\" content=\"image\/jpeg\" \/>\n<meta name=\"twitter:card\" content=\"summary_large_image\" \/>\n<meta name=\"twitter:label1\" content=\"Tiempo de lectura\" \/>\n\t<meta name=\"twitter:data1\" content=\"1 minuto\" \/>\n<script type=\"application\/ld+json\" class=\"yoast-schema-graph\">{\"@context\":\"https:\/\/schema.org\",\"@graph\":[{\"@type\":\"WebPage\",\"@id\":\"https:\/\/macambients.com\/es\/product\/protector-de-colchon-cosmetic\/\",\"url\":\"https:\/\/macambients.com\/es\/product\/protector-de-colchon-cosmetic\/\",\"name\":\"Protector de colch\u00f3n COSMETIC - MAC - Ambients Singulars\",\"isPartOf\":{\"@id\":\"https:\/\/macambients.com\/es\/#website\"},\"primaryImageOfPage\":{\"@id\":\"https:\/\/macambients.com\/es\/product\/protector-de-colchon-cosmetic\/#primaryimage\"},\"image\":{\"@id\":\"https:\/\/macambients.com\/es\/product\/protector-de-colchon-cosmetic\/#primaryimage\"},\"thumbnailUrl\":\"https:\/\/macambients.com\/wp-content\/uploads\/2023\/07\/Protector-de-matalas-COSMETIC.jpg\",\"datePublished\":\"2023-07-13T09:54:46+00:00\",\"dateModified\":\"2023-07-18T09:20:51+00:00\",\"breadcrumb\":{\"@id\":\"https:\/\/macambients.com\/es\/product\/protector-de-colchon-cosmetic\/#breadcrumb\"},\"inLanguage\":\"es\",\"potentialAction\":[{\"@type\":\"ReadAction\",\"target\":[\"https:\/\/macambients.com\/es\/product\/protector-de-colchon-cosmetic\/\"]}]},{\"@type\":\"ImageObject\",\"inLanguage\":\"es\",\"@id\":\"https:\/\/macambients.com\/es\/product\/protector-de-colchon-cosmetic\/#primaryimage\",\"url\":\"https:\/\/macambients.com\/wp-content\/uploads\/2023\/07\/Protector-de-matalas-COSMETIC.jpg\",\"contentUrl\":\"https:\/\/macambients.com\/wp-content\/uploads\/2023\/07\/Protector-de-matalas-COSMETIC.jpg\",\"width\":1600,\"height\":1120},{\"@type\":\"BreadcrumbList\",\"@id\":\"https:\/\/macambients.com\/es\/product\/protector-de-colchon-cosmetic\/#breadcrumb\",\"itemListElement\":[{\"@type\":\"ListItem\",\"position\":1,\"name\":\"Home\",\"item\":\"https:\/\/macambients.com\/es\/\"},{\"@type\":\"ListItem\",\"position\":2,\"name\":\"Shop\",\"item\":\"https:\/\/macambients.com\/es\/shop\/\"},{\"@type\":\"ListItem\",\"position\":3,\"name\":\"Protector de colch\u00f3n COSMETIC\"}]},{\"@type\":\"WebSite\",\"@id\":\"https:\/\/macambients.com\/es\/#website\",\"url\":\"https:\/\/macambients.com\/es\/\",\"name\":\"MAC - Ambients Singulars\",\"description\":\"\",\"publisher\":{\"@id\":\"https:\/\/macambients.com\/es\/#organization\"},\"potentialAction\":[{\"@type\":\"SearchAction\",\"target\":{\"@type\":\"EntryPoint\",\"urlTemplate\":\"https:\/\/macambients.com\/es\/?s={search_term_string}\"},\"query-input\":\"required name=search_term_string\"}],\"inLanguage\":\"es\"},{\"@type\":\"Organization\",\"@id\":\"https:\/\/macambients.com\/es\/#organization\",\"name\":\"MAC - Ambients Singulars\",\"url\":\"https:\/\/macambients.com\/es\/\",\"logo\":{\"@type\":\"ImageObject\",\"inLanguage\":\"es\",\"@id\":\"https:\/\/macambients.com\/es\/#\/schema\/logo\/image\/\",\"url\":\"https:\/\/macambients.com\/wp-content\/uploads\/2022\/12\/logo.png\",\"contentUrl\":\"https:\/\/macambients.com\/wp-content\/uploads\/2022\/12\/logo.png\",\"width\":270,\"height\":55,\"caption\":\"MAC - Ambients Singulars\"},\"image\":{\"@id\":\"https:\/\/macambients.com\/es\/#\/schema\/logo\/image\/\"}}]}<\/script>\n<!-- \/ Yoast SEO plugin. -->","yoast_head_json":{"title":"Protector de colch\u00f3n COSMETIC - MAC - Ambients Singulars","robots":{"index":"index","follow":"follow","max-snippet":"max-snippet:-1","max-image-preview":"max-image-preview:large","max-video-preview":"max-video-preview:-1"},"canonical":"https:\/\/macambients.com\/es\/product\/protector-de-colchon-cosmetic\/","og_locale":"es_ES","og_type":"article","og_title":"Protector de colch\u00f3n COSMETIC - MAC - Ambients Singulars","og_description":"Es la nueva generaci\u00f3n de acolchados que se adapta perfectamente al colch\u00f3n y aporta un extra de comodidad. Adem\u00e1s de protegerlo, es tambi\u00e9n impermeable y transpirable. Re\u00fane las siguientes propiedades: \u2022 Actividad antibacteriana permanente. \u2022 Propiedades cosm\u00e9ticas, con materiales que aceleran la regeneraci\u00f3n de las c\u00e9lulas de la piel. \u2022 Barrera protectora contra \u00e1caros, hongos [&hellip;]","og_url":"https:\/\/macambients.com\/es\/product\/protector-de-colchon-cosmetic\/","og_site_name":"MAC - Ambients Singulars","article_modified_time":"2023-07-18T09:20:51+00:00","og_image":[{"width":1600,"height":1120,"url":"https:\/\/macambients.com\/wp-content\/uploads\/2023\/07\/Protector-de-matalas-COSMETIC.jpg","type":"image\/jpeg"}],"twitter_card":"summary_large_image","twitter_misc":{"Tiempo de lectura":"1 minuto"},"schema":{"@context":"https:\/\/schema.org","@graph":[{"@type":"WebPage","@id":"https:\/\/macambients.com\/es\/product\/protector-de-colchon-cosmetic\/","url":"https:\/\/macambients.com\/es\/product\/protector-de-colchon-cosmetic\/","name":"Protector de colch\u00f3n COSMETIC - MAC - Ambients Singulars","isPartOf":{"@id":"https:\/\/macambients.com\/es\/#website"},"primaryImageOfPage":{"@id":"https:\/\/macambients.com\/es\/product\/protector-de-colchon-cosmetic\/#primaryimage"},"image":{"@id":"https:\/\/macambients.com\/es\/product\/protector-de-colchon-cosmetic\/#primaryimage"},"thumbnailUrl":"https:\/\/macambients.com\/wp-content\/uploads\/2023\/07\/Protector-de-matalas-COSMETIC.jpg","datePublished":"2023-07-13T09:54:46+00:00","dateModified":"2023-07-18T09:20:51+00:00","breadcrumb":{"@id":"https:\/\/macambients.com\/es\/product\/protector-de-colchon-cosmetic\/#breadcrumb"},"inLanguage":"es","potentialAction":[{"@type":"ReadAction","target":["https:\/\/macambients.com\/es\/product\/protector-de-colchon-cosmetic\/"]}]},{"@type":"ImageObject","inLanguage":"es","@id":"https:\/\/macambients.com\/es\/product\/protector-de-colchon-cosmetic\/#primaryimage","url":"https:\/\/macambients.com\/wp-content\/uploads\/2023\/07\/Protector-de-matalas-COSMETIC.jpg","contentUrl":"https:\/\/macambients.com\/wp-content\/uploads\/2023\/07\/Protector-de-matalas-COSMETIC.jpg","width":1600,"height":1120},{"@type":"BreadcrumbList","@id":"https:\/\/macambients.com\/es\/product\/protector-de-colchon-cosmetic\/#breadcrumb","itemListElement":[{"@type":"ListItem","position":1,"name":"Home","item":"https:\/\/macambients.com\/es\/"},{"@type":"ListItem","position":2,"name":"Shop","item":"https:\/\/macambients.com\/es\/shop\/"},{"@type":"ListItem","position":3,"name":"Protector de colch\u00f3n COSMETIC"}]},{"@type":"WebSite","@id":"https:\/\/macambients.com\/es\/#website","url":"https:\/\/macambients.com\/es\/","name":"MAC - Ambients Singulars","description":"","publisher":{"@id":"https:\/\/macambients.com\/es\/#organization"},"potentialAction":[{"@type":"SearchAction","target":{"@type":"EntryPoint","urlTemplate":"https:\/\/macambients.com\/es\/?s={search_term_string}"},"query-input":"required name=search_term_string"}],"inLanguage":"es"},{"@type":"Organization","@id":"https:\/\/macambients.com\/es\/#organization","name":"MAC - Ambients Singulars","url":"https:\/\/macambients.com\/es\/","logo":{"@type":"ImageObject","inLanguage":"es","@id":"https:\/\/macambients.com\/es\/#\/schema\/logo\/image\/","url":"https:\/\/macambients.com\/wp-content\/uploads\/2022\/12\/logo.png","contentUrl":"https:\/\/macambients.com\/wp-content\/uploads\/2022\/12\/logo.png","width":270,"height":55,"caption":"MAC - Ambients Singulars"},"image":{"@id":"https:\/\/macambients.com\/es\/#\/schema\/logo\/image\/"}}]}},"_links":{"self":[{"href":"https:\/\/macambients.com\/es\/wp-json\/wp\/v2\/product\/38234"}],"collection":[{"href":"https:\/\/macambients.com\/es\/wp-json\/wp\/v2\/product"}],"about":[{"href":"https:\/\/macambients.com\/es\/wp-json\/wp\/v2\/types\/product"}],"wp:featuredmedia":[{"embeddable":true,"href":"https:\/\/macambients.com\/es\/wp-json\/wp\/v2\/media\/39408"}],"wp:attachment":[{"href":"https:\/\/macambients.com\/es\/wp-json\/wp\/v2\/media?parent=38234"}],"wp:term":[{"taxonomy":"product_cat","embeddable":true,"href":"https:\/\/macambients.com\/es\/wp-json\/wp\/v2\/product_cat?post=38234"},{"taxonomy":"product_tag","embeddable":true,"href":"https:\/\/macambients.com\/es\/wp-json\/wp\/v2\/product_tag?post=38234"}],"curies":[{"name":"wp","href":"https:\/\/api.w.org\/{rel}","templated":true}]}}