{"id":38332,"date":"2023-07-13T09:42:05","date_gmt":"2023-07-13T09:42:18","guid":{"rendered":"https:\/\/macambients.com\/?post_type=product&#038;p=38332"},"modified":"2024-03-06T11:00:36","modified_gmt":"2024-03-06T11:00:36","slug":"almohada-de-viaje-traveller","status":"publish","type":"product","link":"https:\/\/macambients.com\/es\/product\/almohada-de-viaje-traveller\/","title":{"rendered":"ALMOHADA DE VIAJE TRAVELLER"},"content":{"rendered":"<p><span style=\"color: #000080;\">Almohada viscoel\u00e1stica de viaje de 46\u00d732 cm equipada con una funda impermeable extra\u00edble y una bolsa para transportar la almohada de forma enrollada para que ocupe el m\u00ednimo espacio posible.<\/span><\/p>\n<p><span style=\"color: #000080;\">Re\u00fane las siguientes propiedades:<\/span><\/p>\n<p><span style=\"color: #000080;\">\u2022 Actividad antibacteriana permanente libre de sustancias nocivas.<br \/>\n<\/span><span style=\"color: #000080;\">\u2022 Excelente tolerancia dermatol\u00f3gica testada cl\u00ednicamente.<br \/>\n<\/span><span style=\"color: #000080;\">\u2022 Reducci\u00f3n de malos olores.<br \/>\n<\/span><span style=\"color: #000080;\">\u2022 Barrera protectora (\u00e1caros, hongos, \u2026) adecuada para personas que padecen alergias.<br \/>\n<\/span><span style=\"color: #000080;\">\u2022 Efecto permanente, sin tratamientos qu\u00edmicos.<br \/>\n<\/span><span style=\"color: #000080;\">\u2022 Tela de cama producida con responsabilidad social, trazabilidad total y sostenibilidad ambiental, fabricada totalmente en Europa.<\/span><\/p>\n","protected":false},"excerpt":{"rendered":"<p>Almohada viscoel\u00e1stica de viaje de 46\u00d732 cm equipada con una funda impermeable extra\u00edble y una bolsa para transportar la almohada de forma enrollada para que ocupe el m\u00ednimo espacio posible. Re\u00fane las siguientes propiedades: \u2022 Actividad antibacteriana permanente libre de sustancias nocivas. \u2022 Excelente tolerancia dermatol\u00f3gica testada cl\u00ednicamente. \u2022 Reducci\u00f3n de malos olores. \u2022 Barrera [&hellip;]<\/p>\n","protected":false},"featured_media":39393,"template":"","meta":{"_acf_changed":false,"_joinchat":[]},"product_cat":[725,616,3593],"product_tag":[],"class_list":{"0":"post-38332","1":"product","2":"type-product","3":"status-publish","4":"has-post-thumbnail","6":"product_cat-descanso","7":"product_cat-complementos","8":"product_cat-coleccion-b-sensible","10":"first","11":"instock","12":"sale","13":"taxable","14":"shipping-taxable","15":"purchasable","16":"product-type-simple"},"acf":[],"yoast_head":"<!-- This site is optimized with the Yoast SEO plugin v23.3 - https:\/\/yoast.com\/wordpress\/plugins\/seo\/ -->\n<title>ALMOHADA DE VIAJE TRAVELLER - MAC - Ambients Singulars<\/title>\n<meta name=\"robots\" content=\"index, follow, max-snippet:-1, max-image-preview:large, max-video-preview:-1\" \/>\n<link rel=\"canonical\" href=\"https:\/\/macambients.com\/es\/product\/almohada-de-viaje-traveller\/\" \/>\n<meta property=\"og:locale\" content=\"es_ES\" \/>\n<meta property=\"og:type\" content=\"article\" \/>\n<meta property=\"og:title\" content=\"ALMOHADA DE VIAJE TRAVELLER - MAC - Ambients Singulars\" \/>\n<meta property=\"og:description\" content=\"Almohada viscoel\u00e1stica de viaje de 46\u00d732 cm equipada con una funda impermeable extra\u00edble y una bolsa para transportar la almohada de forma enrollada para que ocupe el m\u00ednimo espacio posible. Re\u00fane las siguientes propiedades: \u2022 Actividad antibacteriana permanente libre de sustancias nocivas. \u2022 Excelente tolerancia dermatol\u00f3gica testada cl\u00ednicamente. \u2022 Reducci\u00f3n de malos olores. \u2022 Barrera [&hellip;]\" \/>\n<meta property=\"og:url\" content=\"https:\/\/macambients.com\/es\/product\/almohada-de-viaje-traveller\/\" \/>\n<meta property=\"og:site_name\" content=\"MAC - Ambients Singulars\" \/>\n<meta property=\"article:modified_time\" content=\"2024-03-06T11:00:36+00:00\" \/>\n<meta property=\"og:image\" content=\"https:\/\/macambients.com\/wp-content\/uploads\/2023\/07\/COIXI-de-viatge-TRAVELLER.jpg\" \/>\n\t<meta property=\"og:image:width\" content=\"1600\" \/>\n\t<meta property=\"og:image:height\" content=\"1120\" \/>\n\t<meta property=\"og:image:type\" content=\"image\/jpeg\" \/>\n<meta name=\"twitter:card\" content=\"summary_large_image\" \/>\n<meta name=\"twitter:label1\" content=\"Tiempo de lectura\" \/>\n\t<meta name=\"twitter:data1\" content=\"1 minuto\" \/>\n<script type=\"application\/ld+json\" class=\"yoast-schema-graph\">{\"@context\":\"https:\/\/schema.org\",\"@graph\":[{\"@type\":\"WebPage\",\"@id\":\"https:\/\/macambients.com\/es\/product\/almohada-de-viaje-traveller\/\",\"url\":\"https:\/\/macambients.com\/es\/product\/almohada-de-viaje-traveller\/\",\"name\":\"ALMOHADA DE VIAJE TRAVELLER - MAC - Ambients Singulars\",\"isPartOf\":{\"@id\":\"https:\/\/macambients.com\/es\/#website\"},\"primaryImageOfPage\":{\"@id\":\"https:\/\/macambients.com\/es\/product\/almohada-de-viaje-traveller\/#primaryimage\"},\"image\":{\"@id\":\"https:\/\/macambients.com\/es\/product\/almohada-de-viaje-traveller\/#primaryimage\"},\"thumbnailUrl\":\"https:\/\/macambients.com\/wp-content\/uploads\/2023\/07\/COIXI-de-viatge-TRAVELLER.jpg\",\"datePublished\":\"2023-07-13T09:42:18+00:00\",\"dateModified\":\"2024-03-06T11:00:36+00:00\",\"breadcrumb\":{\"@id\":\"https:\/\/macambients.com\/es\/product\/almohada-de-viaje-traveller\/#breadcrumb\"},\"inLanguage\":\"es\",\"potentialAction\":[{\"@type\":\"ReadAction\",\"target\":[\"https:\/\/macambients.com\/es\/product\/almohada-de-viaje-traveller\/\"]}]},{\"@type\":\"ImageObject\",\"inLanguage\":\"es\",\"@id\":\"https:\/\/macambients.com\/es\/product\/almohada-de-viaje-traveller\/#primaryimage\",\"url\":\"https:\/\/macambients.com\/wp-content\/uploads\/2023\/07\/COIXI-de-viatge-TRAVELLER.jpg\",\"contentUrl\":\"https:\/\/macambients.com\/wp-content\/uploads\/2023\/07\/COIXI-de-viatge-TRAVELLER.jpg\",\"width\":1600,\"height\":1120},{\"@type\":\"BreadcrumbList\",\"@id\":\"https:\/\/macambients.com\/es\/product\/almohada-de-viaje-traveller\/#breadcrumb\",\"itemListElement\":[{\"@type\":\"ListItem\",\"position\":1,\"name\":\"Home\",\"item\":\"https:\/\/macambients.com\/es\/\"},{\"@type\":\"ListItem\",\"position\":2,\"name\":\"Shop\",\"item\":\"https:\/\/macambients.com\/es\/shop\/\"},{\"@type\":\"ListItem\",\"position\":3,\"name\":\"ALMOHADA DE VIAJE TRAVELLER\"}]},{\"@type\":\"WebSite\",\"@id\":\"https:\/\/macambients.com\/es\/#website\",\"url\":\"https:\/\/macambients.com\/es\/\",\"name\":\"MAC - Ambients Singulars\",\"description\":\"\",\"publisher\":{\"@id\":\"https:\/\/macambients.com\/es\/#organization\"},\"potentialAction\":[{\"@type\":\"SearchAction\",\"target\":{\"@type\":\"EntryPoint\",\"urlTemplate\":\"https:\/\/macambients.com\/es\/?s={search_term_string}\"},\"query-input\":\"required name=search_term_string\"}],\"inLanguage\":\"es\"},{\"@type\":\"Organization\",\"@id\":\"https:\/\/macambients.com\/es\/#organization\",\"name\":\"MAC - Ambients Singulars\",\"url\":\"https:\/\/macambients.com\/es\/\",\"logo\":{\"@type\":\"ImageObject\",\"inLanguage\":\"es\",\"@id\":\"https:\/\/macambients.com\/es\/#\/schema\/logo\/image\/\",\"url\":\"https:\/\/macambients.com\/wp-content\/uploads\/2022\/12\/logo.png\",\"contentUrl\":\"https:\/\/macambients.com\/wp-content\/uploads\/2022\/12\/logo.png\",\"width\":270,\"height\":55,\"caption\":\"MAC - Ambients Singulars\"},\"image\":{\"@id\":\"https:\/\/macambients.com\/es\/#\/schema\/logo\/image\/\"}}]}<\/script>\n<!-- \/ Yoast SEO plugin. -->","yoast_head_json":{"title":"ALMOHADA DE VIAJE TRAVELLER - MAC - Ambients Singulars","robots":{"index":"index","follow":"follow","max-snippet":"max-snippet:-1","max-image-preview":"max-image-preview:large","max-video-preview":"max-video-preview:-1"},"canonical":"https:\/\/macambients.com\/es\/product\/almohada-de-viaje-traveller\/","og_locale":"es_ES","og_type":"article","og_title":"ALMOHADA DE VIAJE TRAVELLER - MAC - Ambients Singulars","og_description":"Almohada viscoel\u00e1stica de viaje de 46\u00d732 cm equipada con una funda impermeable extra\u00edble y una bolsa para transportar la almohada de forma enrollada para que ocupe el m\u00ednimo espacio posible. Re\u00fane las siguientes propiedades: \u2022 Actividad antibacteriana permanente libre de sustancias nocivas. \u2022 Excelente tolerancia dermatol\u00f3gica testada cl\u00ednicamente. \u2022 Reducci\u00f3n de malos olores. \u2022 Barrera [&hellip;]","og_url":"https:\/\/macambients.com\/es\/product\/almohada-de-viaje-traveller\/","og_site_name":"MAC - Ambients Singulars","article_modified_time":"2024-03-06T11:00:36+00:00","og_image":[{"width":1600,"height":1120,"url":"https:\/\/macambients.com\/wp-content\/uploads\/2023\/07\/COIXI-de-viatge-TRAVELLER.jpg","type":"image\/jpeg"}],"twitter_card":"summary_large_image","twitter_misc":{"Tiempo de lectura":"1 minuto"},"schema":{"@context":"https:\/\/schema.org","@graph":[{"@type":"WebPage","@id":"https:\/\/macambients.com\/es\/product\/almohada-de-viaje-traveller\/","url":"https:\/\/macambients.com\/es\/product\/almohada-de-viaje-traveller\/","name":"ALMOHADA DE VIAJE TRAVELLER - MAC - Ambients Singulars","isPartOf":{"@id":"https:\/\/macambients.com\/es\/#website"},"primaryImageOfPage":{"@id":"https:\/\/macambients.com\/es\/product\/almohada-de-viaje-traveller\/#primaryimage"},"image":{"@id":"https:\/\/macambients.com\/es\/product\/almohada-de-viaje-traveller\/#primaryimage"},"thumbnailUrl":"https:\/\/macambients.com\/wp-content\/uploads\/2023\/07\/COIXI-de-viatge-TRAVELLER.jpg","datePublished":"2023-07-13T09:42:18+00:00","dateModified":"2024-03-06T11:00:36+00:00","breadcrumb":{"@id":"https:\/\/macambients.com\/es\/product\/almohada-de-viaje-traveller\/#breadcrumb"},"inLanguage":"es","potentialAction":[{"@type":"ReadAction","target":["https:\/\/macambients.com\/es\/product\/almohada-de-viaje-traveller\/"]}]},{"@type":"ImageObject","inLanguage":"es","@id":"https:\/\/macambients.com\/es\/product\/almohada-de-viaje-traveller\/#primaryimage","url":"https:\/\/macambients.com\/wp-content\/uploads\/2023\/07\/COIXI-de-viatge-TRAVELLER.jpg","contentUrl":"https:\/\/macambients.com\/wp-content\/uploads\/2023\/07\/COIXI-de-viatge-TRAVELLER.jpg","width":1600,"height":1120},{"@type":"BreadcrumbList","@id":"https:\/\/macambients.com\/es\/product\/almohada-de-viaje-traveller\/#breadcrumb","itemListElement":[{"@type":"ListItem","position":1,"name":"Home","item":"https:\/\/macambients.com\/es\/"},{"@type":"ListItem","position":2,"name":"Shop","item":"https:\/\/macambients.com\/es\/shop\/"},{"@type":"ListItem","position":3,"name":"ALMOHADA DE VIAJE TRAVELLER"}]},{"@type":"WebSite","@id":"https:\/\/macambients.com\/es\/#website","url":"https:\/\/macambients.com\/es\/","name":"MAC - Ambients Singulars","description":"","publisher":{"@id":"https:\/\/macambients.com\/es\/#organization"},"potentialAction":[{"@type":"SearchAction","target":{"@type":"EntryPoint","urlTemplate":"https:\/\/macambients.com\/es\/?s={search_term_string}"},"query-input":"required name=search_term_string"}],"inLanguage":"es"},{"@type":"Organization","@id":"https:\/\/macambients.com\/es\/#organization","name":"MAC - Ambients Singulars","url":"https:\/\/macambients.com\/es\/","logo":{"@type":"ImageObject","inLanguage":"es","@id":"https:\/\/macambients.com\/es\/#\/schema\/logo\/image\/","url":"https:\/\/macambients.com\/wp-content\/uploads\/2022\/12\/logo.png","contentUrl":"https:\/\/macambients.com\/wp-content\/uploads\/2022\/12\/logo.png","width":270,"height":55,"caption":"MAC - Ambients Singulars"},"image":{"@id":"https:\/\/macambients.com\/es\/#\/schema\/logo\/image\/"}}]}},"_links":{"self":[{"href":"https:\/\/macambients.com\/es\/wp-json\/wp\/v2\/product\/38332"}],"collection":[{"href":"https:\/\/macambients.com\/es\/wp-json\/wp\/v2\/product"}],"about":[{"href":"https:\/\/macambients.com\/es\/wp-json\/wp\/v2\/types\/product"}],"wp:featuredmedia":[{"embeddable":true,"href":"https:\/\/macambients.com\/es\/wp-json\/wp\/v2\/media\/39393"}],"wp:attachment":[{"href":"https:\/\/macambients.com\/es\/wp-json\/wp\/v2\/media?parent=38332"}],"wp:term":[{"taxonomy":"product_cat","embeddable":true,"href":"https:\/\/macambients.com\/es\/wp-json\/wp\/v2\/product_cat?post=38332"},{"taxonomy":"product_tag","embeddable":true,"href":"https:\/\/macambients.com\/es\/wp-json\/wp\/v2\/product_tag?post=38332"}],"curies":[{"name":"wp","href":"https:\/\/api.w.org\/{rel}","templated":true}]}}