{"id":38939,"date":"2023-07-17T10:59:53","date_gmt":"2023-07-17T10:59:53","guid":{"rendered":"https:\/\/macambients.com\/product\/llencol-de-sota-impermeable-naturzinc\/"},"modified":"2023-07-18T09:26:13","modified_gmt":"2023-07-18T09:26:13","slug":"llencol-de-sota-impermeable-naturzinc","status":"publish","type":"product","link":"https:\/\/macambients.com\/es\/product\/llencol-de-sota-impermeable-naturzinc\/","title":{"rendered":"S\u00e1bana bajera impermeable NATURZINC"},"content":{"rendered":"<p><span style=\"color: #000080;\">La s\u00e1bana bajera BSensible NaturZinc mantiene la cama saludable y, al mismo tiempo, protege el colch\u00f3n.<\/span><\/p>\n<p><span style=\"color: #000080;\">Re\u00fane las siguientes propiedades:<\/span><\/p>\n<p><span style=\"color: #000080;\">\u2022 Actividad antibacteriana permanente libre de sustancias nocivas.<br \/>\n<\/span><span style=\"color: #000080;\">\u2022 Excelente tolerancia dermatol\u00f3gica testada cl\u00ednicamente.<br \/>\n<\/span><span style=\"color: #000080;\">\u2022 Reducci\u00f3n de malos olores.<br \/>\n<\/span><span style=\"color: #000080;\">\u2022 Barrera protectora (\u00e1caros, hongos, \u2026) adecuada para personas que padecen alergias.<br \/>\n<\/span><span style=\"color: #000080;\">\u2022 Origen natural y sostenible.<br \/>\n<\/span><span style=\"color: #000080;\">\u2022 Efecto permanente, sin tratamientos qu\u00edmicos.<br \/>\n<\/span><span style=\"color: #000080;\">\u2022 Tela de cama producida con responsabilidad social, trazabilidad total y sostenibilidad ambiental, fabricada totalmente en Europa.<\/span><\/p>\n","protected":false},"excerpt":{"rendered":"<p>La s\u00e1bana bajera BSensible NaturZinc mantiene la cama saludable y, al mismo tiempo, protege el colch\u00f3n. Re\u00fane las siguientes propiedades: \u2022 Actividad antibacteriana permanente libre de sustancias nocivas. \u2022 Excelente tolerancia dermatol\u00f3gica testada cl\u00ednicamente. \u2022 Reducci\u00f3n de malos olores. \u2022 Barrera protectora (\u00e1caros, hongos, \u2026) adecuada para personas que padecen alergias. \u2022 Origen natural y [&hellip;]<\/p>\n","protected":false},"featured_media":38608,"template":"","meta":{"_acf_changed":false,"_joinchat":[]},"product_cat":[725,616,3593],"product_tag":[],"class_list":{"0":"post-38939","1":"product","2":"type-product","3":"status-publish","4":"has-post-thumbnail","6":"product_cat-descanso","7":"product_cat-complementos","8":"product_cat-coleccion-b-sensible","9":"pa_amplada-x-llargada-80x190-es","10":"pa_amplada-x-llargada-80x200-es","11":"pa_amplada-x-llargada-90x190-es","12":"pa_amplada-x-llargada-90x200-es","13":"pa_amplada-x-llargada-105x190-es","14":"pa_amplada-x-llargada-105x200-es","15":"pa_amplada-x-llargada-120x190-es","16":"pa_amplada-x-llargada-120x200-es","17":"pa_amplada-x-llargada-135x190-es","18":"pa_amplada-x-llargada-135x200-es","19":"pa_amplada-x-llargada-140x190-es","20":"pa_amplada-x-llargada-140x200-es","21":"pa_amplada-x-llargada-150x190-es","22":"pa_amplada-x-llargada-150x200-es","23":"pa_amplada-x-llargada-160x190-es","24":"pa_amplada-x-llargada-160x200-es","25":"pa_amplada-x-llargada-180x190-es","26":"pa_amplada-x-llargada-180x200-es","27":"pa_amplada-x-llargada-200x200-es","28":"pa_colors-azul-brisa","29":"pa_colors-beige","30":"pa_colors-blanco","31":"pa_colors-blau-cel-es","32":"pa_colors-blau-fosc-es","33":"pa_colors-cru-es","34":"pa_colors-fucsia-es","35":"pa_colors-granat-es","36":"pa_colors-gris-es","37":"pa_colors-lavanda-es","38":"pa_colors-malva-es","39":"pa_colors-negre-es","40":"pa_colors-pistatxo-es","41":"pa_colors-rosa-es","42":"pa_colors-rosa-petal-es","43":"pa_colors-verd-es","44":"pa_colors-verd-aloe-es","46":"first","47":"instock","48":"sale","49":"taxable","50":"shipping-taxable","51":"purchasable","52":"product-type-variable"},"acf":[],"yoast_head":"<!-- This site is optimized with the Yoast SEO plugin v23.3 - https:\/\/yoast.com\/wordpress\/plugins\/seo\/ -->\n<title>S\u00e1bana bajera impermeable NATURZINC - MAC - Ambients Singulars<\/title>\n<meta name=\"robots\" content=\"index, follow, max-snippet:-1, max-image-preview:large, max-video-preview:-1\" \/>\n<link rel=\"canonical\" href=\"https:\/\/macambients.com\/es\/product\/llencol-de-sota-impermeable-naturzinc\/\" \/>\n<meta property=\"og:locale\" content=\"es_ES\" \/>\n<meta property=\"og:type\" content=\"article\" \/>\n<meta property=\"og:title\" content=\"S\u00e1bana bajera impermeable NATURZINC - MAC - Ambients Singulars\" \/>\n<meta property=\"og:description\" content=\"La s\u00e1bana bajera BSensible NaturZinc mantiene la cama saludable y, al mismo tiempo, protege el colch\u00f3n. Re\u00fane las siguientes propiedades: \u2022 Actividad antibacteriana permanente libre de sustancias nocivas. \u2022 Excelente tolerancia dermatol\u00f3gica testada cl\u00ednicamente. \u2022 Reducci\u00f3n de malos olores. \u2022 Barrera protectora (\u00e1caros, hongos, \u2026) adecuada para personas que padecen alergias. \u2022 Origen natural y [&hellip;]\" \/>\n<meta property=\"og:url\" content=\"https:\/\/macambients.com\/es\/product\/llencol-de-sota-impermeable-naturzinc\/\" \/>\n<meta property=\"og:site_name\" content=\"MAC - Ambients Singulars\" \/>\n<meta property=\"article:modified_time\" content=\"2023-07-18T09:26:13+00:00\" \/>\n<meta property=\"og:image\" content=\"https:\/\/macambients.com\/wp-content\/uploads\/2023\/07\/Llencol-de-sota-impermeable-NATURZINC.jpg\" \/>\n\t<meta property=\"og:image:width\" content=\"1600\" \/>\n\t<meta property=\"og:image:height\" content=\"1120\" \/>\n\t<meta property=\"og:image:type\" content=\"image\/jpeg\" \/>\n<meta name=\"twitter:card\" content=\"summary_large_image\" \/>\n<meta name=\"twitter:label1\" content=\"Tiempo de lectura\" \/>\n\t<meta name=\"twitter:data1\" content=\"1 minuto\" \/>\n<script type=\"application\/ld+json\" class=\"yoast-schema-graph\">{\"@context\":\"https:\/\/schema.org\",\"@graph\":[{\"@type\":\"WebPage\",\"@id\":\"https:\/\/macambients.com\/es\/product\/llencol-de-sota-impermeable-naturzinc\/\",\"url\":\"https:\/\/macambients.com\/es\/product\/llencol-de-sota-impermeable-naturzinc\/\",\"name\":\"S\u00e1bana bajera impermeable NATURZINC - MAC - Ambients Singulars\",\"isPartOf\":{\"@id\":\"https:\/\/macambients.com\/es\/#website\"},\"primaryImageOfPage\":{\"@id\":\"https:\/\/macambients.com\/es\/product\/llencol-de-sota-impermeable-naturzinc\/#primaryimage\"},\"image\":{\"@id\":\"https:\/\/macambients.com\/es\/product\/llencol-de-sota-impermeable-naturzinc\/#primaryimage\"},\"thumbnailUrl\":\"https:\/\/macambients.com\/wp-content\/uploads\/2023\/07\/Llencol-de-sota-impermeable-NATURZINC.jpg\",\"datePublished\":\"2023-07-17T10:59:53+00:00\",\"dateModified\":\"2023-07-18T09:26:13+00:00\",\"breadcrumb\":{\"@id\":\"https:\/\/macambients.com\/es\/product\/llencol-de-sota-impermeable-naturzinc\/#breadcrumb\"},\"inLanguage\":\"es\",\"potentialAction\":[{\"@type\":\"ReadAction\",\"target\":[\"https:\/\/macambients.com\/es\/product\/llencol-de-sota-impermeable-naturzinc\/\"]}]},{\"@type\":\"ImageObject\",\"inLanguage\":\"es\",\"@id\":\"https:\/\/macambients.com\/es\/product\/llencol-de-sota-impermeable-naturzinc\/#primaryimage\",\"url\":\"https:\/\/macambients.com\/wp-content\/uploads\/2023\/07\/Llencol-de-sota-impermeable-NATURZINC.jpg\",\"contentUrl\":\"https:\/\/macambients.com\/wp-content\/uploads\/2023\/07\/Llencol-de-sota-impermeable-NATURZINC.jpg\",\"width\":1600,\"height\":1120},{\"@type\":\"BreadcrumbList\",\"@id\":\"https:\/\/macambients.com\/es\/product\/llencol-de-sota-impermeable-naturzinc\/#breadcrumb\",\"itemListElement\":[{\"@type\":\"ListItem\",\"position\":1,\"name\":\"Home\",\"item\":\"https:\/\/macambients.com\/es\/\"},{\"@type\":\"ListItem\",\"position\":2,\"name\":\"Shop\",\"item\":\"https:\/\/macambients.com\/es\/shop\/\"},{\"@type\":\"ListItem\",\"position\":3,\"name\":\"S\u00e1bana bajera impermeable NATURZINC\"}]},{\"@type\":\"WebSite\",\"@id\":\"https:\/\/macambients.com\/es\/#website\",\"url\":\"https:\/\/macambients.com\/es\/\",\"name\":\"MAC - Ambients Singulars\",\"description\":\"\",\"publisher\":{\"@id\":\"https:\/\/macambients.com\/es\/#organization\"},\"potentialAction\":[{\"@type\":\"SearchAction\",\"target\":{\"@type\":\"EntryPoint\",\"urlTemplate\":\"https:\/\/macambients.com\/es\/?s={search_term_string}\"},\"query-input\":\"required name=search_term_string\"}],\"inLanguage\":\"es\"},{\"@type\":\"Organization\",\"@id\":\"https:\/\/macambients.com\/es\/#organization\",\"name\":\"MAC - Ambients Singulars\",\"url\":\"https:\/\/macambients.com\/es\/\",\"logo\":{\"@type\":\"ImageObject\",\"inLanguage\":\"es\",\"@id\":\"https:\/\/macambients.com\/es\/#\/schema\/logo\/image\/\",\"url\":\"https:\/\/macambients.com\/wp-content\/uploads\/2022\/12\/logo.png\",\"contentUrl\":\"https:\/\/macambients.com\/wp-content\/uploads\/2022\/12\/logo.png\",\"width\":270,\"height\":55,\"caption\":\"MAC - Ambients Singulars\"},\"image\":{\"@id\":\"https:\/\/macambients.com\/es\/#\/schema\/logo\/image\/\"}}]}<\/script>\n<!-- \/ Yoast SEO plugin. -->","yoast_head_json":{"title":"S\u00e1bana bajera impermeable NATURZINC - MAC - Ambients Singulars","robots":{"index":"index","follow":"follow","max-snippet":"max-snippet:-1","max-image-preview":"max-image-preview:large","max-video-preview":"max-video-preview:-1"},"canonical":"https:\/\/macambients.com\/es\/product\/llencol-de-sota-impermeable-naturzinc\/","og_locale":"es_ES","og_type":"article","og_title":"S\u00e1bana bajera impermeable NATURZINC - MAC - Ambients Singulars","og_description":"La s\u00e1bana bajera BSensible NaturZinc mantiene la cama saludable y, al mismo tiempo, protege el colch\u00f3n. Re\u00fane las siguientes propiedades: \u2022 Actividad antibacteriana permanente libre de sustancias nocivas. \u2022 Excelente tolerancia dermatol\u00f3gica testada cl\u00ednicamente. \u2022 Reducci\u00f3n de malos olores. \u2022 Barrera protectora (\u00e1caros, hongos, \u2026) adecuada para personas que padecen alergias. \u2022 Origen natural y [&hellip;]","og_url":"https:\/\/macambients.com\/es\/product\/llencol-de-sota-impermeable-naturzinc\/","og_site_name":"MAC - Ambients Singulars","article_modified_time":"2023-07-18T09:26:13+00:00","og_image":[{"width":1600,"height":1120,"url":"https:\/\/macambients.com\/wp-content\/uploads\/2023\/07\/Llencol-de-sota-impermeable-NATURZINC.jpg","type":"image\/jpeg"}],"twitter_card":"summary_large_image","twitter_misc":{"Tiempo de lectura":"1 minuto"},"schema":{"@context":"https:\/\/schema.org","@graph":[{"@type":"WebPage","@id":"https:\/\/macambients.com\/es\/product\/llencol-de-sota-impermeable-naturzinc\/","url":"https:\/\/macambients.com\/es\/product\/llencol-de-sota-impermeable-naturzinc\/","name":"S\u00e1bana bajera impermeable NATURZINC - MAC - Ambients Singulars","isPartOf":{"@id":"https:\/\/macambients.com\/es\/#website"},"primaryImageOfPage":{"@id":"https:\/\/macambients.com\/es\/product\/llencol-de-sota-impermeable-naturzinc\/#primaryimage"},"image":{"@id":"https:\/\/macambients.com\/es\/product\/llencol-de-sota-impermeable-naturzinc\/#primaryimage"},"thumbnailUrl":"https:\/\/macambients.com\/wp-content\/uploads\/2023\/07\/Llencol-de-sota-impermeable-NATURZINC.jpg","datePublished":"2023-07-17T10:59:53+00:00","dateModified":"2023-07-18T09:26:13+00:00","breadcrumb":{"@id":"https:\/\/macambients.com\/es\/product\/llencol-de-sota-impermeable-naturzinc\/#breadcrumb"},"inLanguage":"es","potentialAction":[{"@type":"ReadAction","target":["https:\/\/macambients.com\/es\/product\/llencol-de-sota-impermeable-naturzinc\/"]}]},{"@type":"ImageObject","inLanguage":"es","@id":"https:\/\/macambients.com\/es\/product\/llencol-de-sota-impermeable-naturzinc\/#primaryimage","url":"https:\/\/macambients.com\/wp-content\/uploads\/2023\/07\/Llencol-de-sota-impermeable-NATURZINC.jpg","contentUrl":"https:\/\/macambients.com\/wp-content\/uploads\/2023\/07\/Llencol-de-sota-impermeable-NATURZINC.jpg","width":1600,"height":1120},{"@type":"BreadcrumbList","@id":"https:\/\/macambients.com\/es\/product\/llencol-de-sota-impermeable-naturzinc\/#breadcrumb","itemListElement":[{"@type":"ListItem","position":1,"name":"Home","item":"https:\/\/macambients.com\/es\/"},{"@type":"ListItem","position":2,"name":"Shop","item":"https:\/\/macambients.com\/es\/shop\/"},{"@type":"ListItem","position":3,"name":"S\u00e1bana bajera impermeable NATURZINC"}]},{"@type":"WebSite","@id":"https:\/\/macambients.com\/es\/#website","url":"https:\/\/macambients.com\/es\/","name":"MAC - Ambients Singulars","description":"","publisher":{"@id":"https:\/\/macambients.com\/es\/#organization"},"potentialAction":[{"@type":"SearchAction","target":{"@type":"EntryPoint","urlTemplate":"https:\/\/macambients.com\/es\/?s={search_term_string}"},"query-input":"required name=search_term_string"}],"inLanguage":"es"},{"@type":"Organization","@id":"https:\/\/macambients.com\/es\/#organization","name":"MAC - Ambients Singulars","url":"https:\/\/macambients.com\/es\/","logo":{"@type":"ImageObject","inLanguage":"es","@id":"https:\/\/macambients.com\/es\/#\/schema\/logo\/image\/","url":"https:\/\/macambients.com\/wp-content\/uploads\/2022\/12\/logo.png","contentUrl":"https:\/\/macambients.com\/wp-content\/uploads\/2022\/12\/logo.png","width":270,"height":55,"caption":"MAC - Ambients Singulars"},"image":{"@id":"https:\/\/macambients.com\/es\/#\/schema\/logo\/image\/"}}]}},"_links":{"self":[{"href":"https:\/\/macambients.com\/es\/wp-json\/wp\/v2\/product\/38939"}],"collection":[{"href":"https:\/\/macambients.com\/es\/wp-json\/wp\/v2\/product"}],"about":[{"href":"https:\/\/macambients.com\/es\/wp-json\/wp\/v2\/types\/product"}],"wp:featuredmedia":[{"embeddable":true,"href":"https:\/\/macambients.com\/es\/wp-json\/wp\/v2\/media\/38608"}],"wp:attachment":[{"href":"https:\/\/macambients.com\/es\/wp-json\/wp\/v2\/media?parent=38939"}],"wp:term":[{"taxonomy":"product_cat","embeddable":true,"href":"https:\/\/macambients.com\/es\/wp-json\/wp\/v2\/product_cat?post=38939"},{"taxonomy":"product_tag","embeddable":true,"href":"https:\/\/macambients.com\/es\/wp-json\/wp\/v2\/product_tag?post=38939"}],"curies":[{"name":"wp","href":"https:\/\/api.w.org\/{rel}","templated":true}]}}