{"id":41447,"date":"2023-09-05T10:36:31","date_gmt":"2023-09-05T10:36:31","guid":{"rendered":"https:\/\/macambients.com\/product\/work-3-2\/"},"modified":"2023-12-20T09:28:08","modified_gmt":"2023-12-20T09:28:08","slug":"work-3-2","status":"publish","type":"product","link":"https:\/\/macambients.com\/es\/product\/work-3-2\/","title":{"rendered":"WORK-3"},"content":{"rendered":"<p>Silla giratoria de respaldo anat\u00f3mico alto de malla con cabezal regulable.<br \/>\nReposa brazos regulables 1D en altura. Mecanismo SINCRON multiposici\u00f3n.<br \/>\nRespaldo con apoyo lumbar regulable, sistema anti-retorno y regulaci\u00f3n de presi\u00f3n.<br \/>\nAcolchado en poliuretano de alta densidad en asiento 30 Kg\/m3.<br \/>\nRegulaci\u00f3n de altura mediante columna neum\u00e1tica.<br \/>\nBase giratoria en poliamida negra de cinco radios reforzados con fibra de vidrio.<br \/>\nRuedas de rodadura blandas.<\/p>\n","protected":false},"excerpt":{"rendered":"<p>Silla giratoria de respaldo anat\u00f3mico alto de malla con cabezal regulable. Reposa brazos regulables 1D en altura. Mecanismo SINCRON multiposici\u00f3n. Respaldo con apoyo lumbar regulable, sistema anti-retorno y regulaci\u00f3n de presi\u00f3n. Acolchado en poliuretano de alta densidad en asiento 30 Kg\/m3. Regulaci\u00f3n de altura mediante columna neum\u00e1tica. Base giratoria en poliamida negra de cinco radios [&hellip;]<\/p>\n","protected":false},"featured_media":41446,"template":"","meta":{"_acf_changed":false,"_joinchat":[]},"product_cat":[659,665,664,3002,3008],"product_tag":[],"class_list":{"0":"post-41447","1":"product","2":"type-product","3":"status-publish","4":"has-post-thumbnail","6":"product_cat-sillas","7":"product_cat-sillas-de-escritorio","8":"product_cat-ninos-y-jovenes","9":"product_cat-oficinas-i-estudios","10":"product_cat-sillas-de-oficina","12":"first","13":"instock","14":"taxable","15":"shipping-taxable","16":"purchasable","17":"product-type-simple"},"acf":[],"yoast_head":"<!-- This site is optimized with the Yoast SEO plugin v23.3 - https:\/\/yoast.com\/wordpress\/plugins\/seo\/ -->\n<title>WORK-3 - MAC - Ambients Singulars<\/title>\n<meta name=\"robots\" content=\"index, follow, max-snippet:-1, max-image-preview:large, max-video-preview:-1\" \/>\n<link rel=\"canonical\" href=\"https:\/\/macambients.com\/es\/product\/work-3-2\/\" \/>\n<meta property=\"og:locale\" content=\"es_ES\" \/>\n<meta property=\"og:type\" content=\"article\" \/>\n<meta property=\"og:title\" content=\"WORK-3 - MAC - Ambients Singulars\" \/>\n<meta property=\"og:description\" content=\"Silla giratoria de respaldo anat\u00f3mico alto de malla con cabezal regulable. Reposa brazos regulables 1D en altura. Mecanismo SINCRON multiposici\u00f3n. Respaldo con apoyo lumbar regulable, sistema anti-retorno y regulaci\u00f3n de presi\u00f3n. Acolchado en poliuretano de alta densidad en asiento 30 Kg\/m3. Regulaci\u00f3n de altura mediante columna neum\u00e1tica. Base giratoria en poliamida negra de cinco radios [&hellip;]\" \/>\n<meta property=\"og:url\" content=\"https:\/\/macambients.com\/es\/product\/work-3-2\/\" \/>\n<meta property=\"og:site_name\" content=\"MAC - Ambients Singulars\" \/>\n<meta property=\"article:modified_time\" content=\"2023-12-20T09:28:08+00:00\" \/>\n<meta property=\"og:image\" content=\"https:\/\/macambients.com\/wp-content\/uploads\/2023\/09\/PM10FR.jpg\" \/>\n\t<meta property=\"og:image:width\" content=\"800\" \/>\n\t<meta property=\"og:image:height\" content=\"560\" \/>\n\t<meta property=\"og:image:type\" content=\"image\/jpeg\" \/>\n<meta name=\"twitter:card\" content=\"summary_large_image\" \/>\n<meta name=\"twitter:label1\" content=\"Tiempo de lectura\" \/>\n\t<meta name=\"twitter:data1\" content=\"1 minuto\" \/>\n<script type=\"application\/ld+json\" class=\"yoast-schema-graph\">{\"@context\":\"https:\/\/schema.org\",\"@graph\":[{\"@type\":\"WebPage\",\"@id\":\"https:\/\/macambients.com\/es\/product\/work-3-2\/\",\"url\":\"https:\/\/macambients.com\/es\/product\/work-3-2\/\",\"name\":\"WORK-3 - MAC - Ambients Singulars\",\"isPartOf\":{\"@id\":\"https:\/\/macambients.com\/es\/#website\"},\"primaryImageOfPage\":{\"@id\":\"https:\/\/macambients.com\/es\/product\/work-3-2\/#primaryimage\"},\"image\":{\"@id\":\"https:\/\/macambients.com\/es\/product\/work-3-2\/#primaryimage\"},\"thumbnailUrl\":\"https:\/\/macambients.com\/wp-content\/uploads\/2023\/09\/PM10FR.jpg\",\"datePublished\":\"2023-09-05T10:36:31+00:00\",\"dateModified\":\"2023-12-20T09:28:08+00:00\",\"breadcrumb\":{\"@id\":\"https:\/\/macambients.com\/es\/product\/work-3-2\/#breadcrumb\"},\"inLanguage\":\"es\",\"potentialAction\":[{\"@type\":\"ReadAction\",\"target\":[\"https:\/\/macambients.com\/es\/product\/work-3-2\/\"]}]},{\"@type\":\"ImageObject\",\"inLanguage\":\"es\",\"@id\":\"https:\/\/macambients.com\/es\/product\/work-3-2\/#primaryimage\",\"url\":\"https:\/\/macambients.com\/wp-content\/uploads\/2023\/09\/PM10FR.jpg\",\"contentUrl\":\"https:\/\/macambients.com\/wp-content\/uploads\/2023\/09\/PM10FR.jpg\",\"width\":800,\"height\":560},{\"@type\":\"BreadcrumbList\",\"@id\":\"https:\/\/macambients.com\/es\/product\/work-3-2\/#breadcrumb\",\"itemListElement\":[{\"@type\":\"ListItem\",\"position\":1,\"name\":\"Home\",\"item\":\"https:\/\/macambients.com\/es\/\"},{\"@type\":\"ListItem\",\"position\":2,\"name\":\"Shop\",\"item\":\"https:\/\/macambients.com\/es\/shop\/\"},{\"@type\":\"ListItem\",\"position\":3,\"name\":\"WORK-3\"}]},{\"@type\":\"WebSite\",\"@id\":\"https:\/\/macambients.com\/es\/#website\",\"url\":\"https:\/\/macambients.com\/es\/\",\"name\":\"MAC - Ambients Singulars\",\"description\":\"\",\"publisher\":{\"@id\":\"https:\/\/macambients.com\/es\/#organization\"},\"potentialAction\":[{\"@type\":\"SearchAction\",\"target\":{\"@type\":\"EntryPoint\",\"urlTemplate\":\"https:\/\/macambients.com\/es\/?s={search_term_string}\"},\"query-input\":\"required name=search_term_string\"}],\"inLanguage\":\"es\"},{\"@type\":\"Organization\",\"@id\":\"https:\/\/macambients.com\/es\/#organization\",\"name\":\"MAC - Ambients Singulars\",\"url\":\"https:\/\/macambients.com\/es\/\",\"logo\":{\"@type\":\"ImageObject\",\"inLanguage\":\"es\",\"@id\":\"https:\/\/macambients.com\/es\/#\/schema\/logo\/image\/\",\"url\":\"https:\/\/macambients.com\/wp-content\/uploads\/2022\/12\/logo.png\",\"contentUrl\":\"https:\/\/macambients.com\/wp-content\/uploads\/2022\/12\/logo.png\",\"width\":270,\"height\":55,\"caption\":\"MAC - Ambients Singulars\"},\"image\":{\"@id\":\"https:\/\/macambients.com\/es\/#\/schema\/logo\/image\/\"}}]}<\/script>\n<!-- \/ Yoast SEO plugin. -->","yoast_head_json":{"title":"WORK-3 - MAC - Ambients Singulars","robots":{"index":"index","follow":"follow","max-snippet":"max-snippet:-1","max-image-preview":"max-image-preview:large","max-video-preview":"max-video-preview:-1"},"canonical":"https:\/\/macambients.com\/es\/product\/work-3-2\/","og_locale":"es_ES","og_type":"article","og_title":"WORK-3 - MAC - Ambients Singulars","og_description":"Silla giratoria de respaldo anat\u00f3mico alto de malla con cabezal regulable. Reposa brazos regulables 1D en altura. Mecanismo SINCRON multiposici\u00f3n. Respaldo con apoyo lumbar regulable, sistema anti-retorno y regulaci\u00f3n de presi\u00f3n. Acolchado en poliuretano de alta densidad en asiento 30 Kg\/m3. Regulaci\u00f3n de altura mediante columna neum\u00e1tica. Base giratoria en poliamida negra de cinco radios [&hellip;]","og_url":"https:\/\/macambients.com\/es\/product\/work-3-2\/","og_site_name":"MAC - Ambients Singulars","article_modified_time":"2023-12-20T09:28:08+00:00","og_image":[{"width":800,"height":560,"url":"https:\/\/macambients.com\/wp-content\/uploads\/2023\/09\/PM10FR.jpg","type":"image\/jpeg"}],"twitter_card":"summary_large_image","twitter_misc":{"Tiempo de lectura":"1 minuto"},"schema":{"@context":"https:\/\/schema.org","@graph":[{"@type":"WebPage","@id":"https:\/\/macambients.com\/es\/product\/work-3-2\/","url":"https:\/\/macambients.com\/es\/product\/work-3-2\/","name":"WORK-3 - MAC - Ambients Singulars","isPartOf":{"@id":"https:\/\/macambients.com\/es\/#website"},"primaryImageOfPage":{"@id":"https:\/\/macambients.com\/es\/product\/work-3-2\/#primaryimage"},"image":{"@id":"https:\/\/macambients.com\/es\/product\/work-3-2\/#primaryimage"},"thumbnailUrl":"https:\/\/macambients.com\/wp-content\/uploads\/2023\/09\/PM10FR.jpg","datePublished":"2023-09-05T10:36:31+00:00","dateModified":"2023-12-20T09:28:08+00:00","breadcrumb":{"@id":"https:\/\/macambients.com\/es\/product\/work-3-2\/#breadcrumb"},"inLanguage":"es","potentialAction":[{"@type":"ReadAction","target":["https:\/\/macambients.com\/es\/product\/work-3-2\/"]}]},{"@type":"ImageObject","inLanguage":"es","@id":"https:\/\/macambients.com\/es\/product\/work-3-2\/#primaryimage","url":"https:\/\/macambients.com\/wp-content\/uploads\/2023\/09\/PM10FR.jpg","contentUrl":"https:\/\/macambients.com\/wp-content\/uploads\/2023\/09\/PM10FR.jpg","width":800,"height":560},{"@type":"BreadcrumbList","@id":"https:\/\/macambients.com\/es\/product\/work-3-2\/#breadcrumb","itemListElement":[{"@type":"ListItem","position":1,"name":"Home","item":"https:\/\/macambients.com\/es\/"},{"@type":"ListItem","position":2,"name":"Shop","item":"https:\/\/macambients.com\/es\/shop\/"},{"@type":"ListItem","position":3,"name":"WORK-3"}]},{"@type":"WebSite","@id":"https:\/\/macambients.com\/es\/#website","url":"https:\/\/macambients.com\/es\/","name":"MAC - Ambients Singulars","description":"","publisher":{"@id":"https:\/\/macambients.com\/es\/#organization"},"potentialAction":[{"@type":"SearchAction","target":{"@type":"EntryPoint","urlTemplate":"https:\/\/macambients.com\/es\/?s={search_term_string}"},"query-input":"required name=search_term_string"}],"inLanguage":"es"},{"@type":"Organization","@id":"https:\/\/macambients.com\/es\/#organization","name":"MAC - Ambients Singulars","url":"https:\/\/macambients.com\/es\/","logo":{"@type":"ImageObject","inLanguage":"es","@id":"https:\/\/macambients.com\/es\/#\/schema\/logo\/image\/","url":"https:\/\/macambients.com\/wp-content\/uploads\/2022\/12\/logo.png","contentUrl":"https:\/\/macambients.com\/wp-content\/uploads\/2022\/12\/logo.png","width":270,"height":55,"caption":"MAC - Ambients Singulars"},"image":{"@id":"https:\/\/macambients.com\/es\/#\/schema\/logo\/image\/"}}]}},"_links":{"self":[{"href":"https:\/\/macambients.com\/es\/wp-json\/wp\/v2\/product\/41447"}],"collection":[{"href":"https:\/\/macambients.com\/es\/wp-json\/wp\/v2\/product"}],"about":[{"href":"https:\/\/macambients.com\/es\/wp-json\/wp\/v2\/types\/product"}],"wp:featuredmedia":[{"embeddable":true,"href":"https:\/\/macambients.com\/es\/wp-json\/wp\/v2\/media\/41446"}],"wp:attachment":[{"href":"https:\/\/macambients.com\/es\/wp-json\/wp\/v2\/media?parent=41447"}],"wp:term":[{"taxonomy":"product_cat","embeddable":true,"href":"https:\/\/macambients.com\/es\/wp-json\/wp\/v2\/product_cat?post=41447"},{"taxonomy":"product_tag","embeddable":true,"href":"https:\/\/macambients.com\/es\/wp-json\/wp\/v2\/product_tag?post=41447"}],"curies":[{"name":"wp","href":"https:\/\/api.w.org\/{rel}","templated":true}]}}