{"id":41452,"date":"2023-09-05T10:41:21","date_gmt":"2023-09-05T10:41:21","guid":{"rendered":"https:\/\/macambients.com\/product\/work-4-3\/"},"modified":"2023-12-20T09:29:41","modified_gmt":"2023-12-20T09:29:41","slug":"work-4-3","status":"publish","type":"product","link":"https:\/\/macambients.com\/es\/product\/work-4-3\/","title":{"rendered":"WORK-4"},"content":{"rendered":"<p>Silla giratoria de soporte anat\u00f3mico alto de malla.<br \/>\nReposabrazos regulable 1D de altura.<br \/>\nMecanismo Sincron multiposici\u00f3n.<br \/>\nRespaldo con soporte lumbar regulable, sistema antiretorno y regulaci\u00f3n de presi\u00f3n.<br \/>\nAcolchado en poliuretano de alta densidad en asiento.<br \/>\nRegulaci\u00f3n de altura mediante columna neum\u00e1tica.<br \/>\nBase giratoria en poliamida blanca de cinco radios reforzados con fibra de vidrio.<br \/>\nRuedas de rodadura blanda.<\/p>\n","protected":false},"excerpt":{"rendered":"<p>Silla giratoria de soporte anat\u00f3mico alto de malla. Reposabrazos regulable 1D de altura. Mecanismo Sincron multiposici\u00f3n. Respaldo con soporte lumbar regulable, sistema antiretorno y regulaci\u00f3n de presi\u00f3n. Acolchado en poliuretano de alta densidad en asiento. Regulaci\u00f3n de altura mediante columna neum\u00e1tica. Base giratoria en poliamida blanca de cinco radios reforzados con fibra de vidrio. Ruedas [&hellip;]<\/p>\n","protected":false},"featured_media":41449,"template":"","meta":{"_acf_changed":false,"_joinchat":[]},"product_cat":[659,665,664,3002,3008],"product_tag":[],"class_list":{"0":"post-41452","1":"product","2":"type-product","3":"status-publish","4":"has-post-thumbnail","6":"product_cat-sillas","7":"product_cat-sillas-de-escritorio","8":"product_cat-ninos-y-jovenes","9":"product_cat-oficinas-i-estudios","10":"product_cat-sillas-de-oficina","12":"first","13":"instock","14":"taxable","15":"shipping-taxable","16":"purchasable","17":"product-type-simple"},"acf":[],"yoast_head":"<!-- This site is optimized with the Yoast SEO plugin v23.3 - https:\/\/yoast.com\/wordpress\/plugins\/seo\/ -->\n<title>WORK-4 - MAC - Ambients Singulars<\/title>\n<meta name=\"robots\" content=\"index, follow, max-snippet:-1, max-image-preview:large, max-video-preview:-1\" \/>\n<link rel=\"canonical\" href=\"https:\/\/macambients.com\/es\/product\/work-4-3\/\" \/>\n<meta property=\"og:locale\" content=\"es_ES\" \/>\n<meta property=\"og:type\" content=\"article\" \/>\n<meta property=\"og:title\" content=\"WORK-4 - MAC - Ambients Singulars\" \/>\n<meta property=\"og:description\" content=\"Silla giratoria de soporte anat\u00f3mico alto de malla. Reposabrazos regulable 1D de altura. Mecanismo Sincron multiposici\u00f3n. Respaldo con soporte lumbar regulable, sistema antiretorno y regulaci\u00f3n de presi\u00f3n. Acolchado en poliuretano de alta densidad en asiento. Regulaci\u00f3n de altura mediante columna neum\u00e1tica. Base giratoria en poliamida blanca de cinco radios reforzados con fibra de vidrio. Ruedas [&hellip;]\" \/>\n<meta property=\"og:url\" content=\"https:\/\/macambients.com\/es\/product\/work-4-3\/\" \/>\n<meta property=\"og:site_name\" content=\"MAC - Ambients Singulars\" \/>\n<meta property=\"article:modified_time\" content=\"2023-12-20T09:29:41+00:00\" \/>\n<meta property=\"og:image\" content=\"https:\/\/macambients.com\/wp-content\/uploads\/2023\/09\/Intacor-1.png\" \/>\n\t<meta property=\"og:image:width\" content=\"800\" \/>\n\t<meta property=\"og:image:height\" content=\"560\" \/>\n\t<meta property=\"og:image:type\" content=\"image\/png\" \/>\n<meta name=\"twitter:card\" content=\"summary_large_image\" \/>\n<meta name=\"twitter:label1\" content=\"Tiempo de lectura\" \/>\n\t<meta name=\"twitter:data1\" content=\"1 minuto\" \/>\n<script type=\"application\/ld+json\" class=\"yoast-schema-graph\">{\"@context\":\"https:\/\/schema.org\",\"@graph\":[{\"@type\":\"WebPage\",\"@id\":\"https:\/\/macambients.com\/es\/product\/work-4-3\/\",\"url\":\"https:\/\/macambients.com\/es\/product\/work-4-3\/\",\"name\":\"WORK-4 - MAC - Ambients Singulars\",\"isPartOf\":{\"@id\":\"https:\/\/macambients.com\/es\/#website\"},\"primaryImageOfPage\":{\"@id\":\"https:\/\/macambients.com\/es\/product\/work-4-3\/#primaryimage\"},\"image\":{\"@id\":\"https:\/\/macambients.com\/es\/product\/work-4-3\/#primaryimage\"},\"thumbnailUrl\":\"https:\/\/macambients.com\/wp-content\/uploads\/2023\/09\/Intacor-1.png\",\"datePublished\":\"2023-09-05T10:41:21+00:00\",\"dateModified\":\"2023-12-20T09:29:41+00:00\",\"breadcrumb\":{\"@id\":\"https:\/\/macambients.com\/es\/product\/work-4-3\/#breadcrumb\"},\"inLanguage\":\"es\",\"potentialAction\":[{\"@type\":\"ReadAction\",\"target\":[\"https:\/\/macambients.com\/es\/product\/work-4-3\/\"]}]},{\"@type\":\"ImageObject\",\"inLanguage\":\"es\",\"@id\":\"https:\/\/macambients.com\/es\/product\/work-4-3\/#primaryimage\",\"url\":\"https:\/\/macambients.com\/wp-content\/uploads\/2023\/09\/Intacor-1.png\",\"contentUrl\":\"https:\/\/macambients.com\/wp-content\/uploads\/2023\/09\/Intacor-1.png\",\"width\":800,\"height\":560},{\"@type\":\"BreadcrumbList\",\"@id\":\"https:\/\/macambients.com\/es\/product\/work-4-3\/#breadcrumb\",\"itemListElement\":[{\"@type\":\"ListItem\",\"position\":1,\"name\":\"Home\",\"item\":\"https:\/\/macambients.com\/es\/\"},{\"@type\":\"ListItem\",\"position\":2,\"name\":\"Shop\",\"item\":\"https:\/\/macambients.com\/es\/shop\/\"},{\"@type\":\"ListItem\",\"position\":3,\"name\":\"WORK-4\"}]},{\"@type\":\"WebSite\",\"@id\":\"https:\/\/macambients.com\/es\/#website\",\"url\":\"https:\/\/macambients.com\/es\/\",\"name\":\"MAC - Ambients Singulars\",\"description\":\"\",\"publisher\":{\"@id\":\"https:\/\/macambients.com\/es\/#organization\"},\"potentialAction\":[{\"@type\":\"SearchAction\",\"target\":{\"@type\":\"EntryPoint\",\"urlTemplate\":\"https:\/\/macambients.com\/es\/?s={search_term_string}\"},\"query-input\":\"required name=search_term_string\"}],\"inLanguage\":\"es\"},{\"@type\":\"Organization\",\"@id\":\"https:\/\/macambients.com\/es\/#organization\",\"name\":\"MAC - Ambients Singulars\",\"url\":\"https:\/\/macambients.com\/es\/\",\"logo\":{\"@type\":\"ImageObject\",\"inLanguage\":\"es\",\"@id\":\"https:\/\/macambients.com\/es\/#\/schema\/logo\/image\/\",\"url\":\"https:\/\/macambients.com\/wp-content\/uploads\/2022\/12\/logo.png\",\"contentUrl\":\"https:\/\/macambients.com\/wp-content\/uploads\/2022\/12\/logo.png\",\"width\":270,\"height\":55,\"caption\":\"MAC - Ambients Singulars\"},\"image\":{\"@id\":\"https:\/\/macambients.com\/es\/#\/schema\/logo\/image\/\"}}]}<\/script>\n<!-- \/ Yoast SEO plugin. -->","yoast_head_json":{"title":"WORK-4 - MAC - Ambients Singulars","robots":{"index":"index","follow":"follow","max-snippet":"max-snippet:-1","max-image-preview":"max-image-preview:large","max-video-preview":"max-video-preview:-1"},"canonical":"https:\/\/macambients.com\/es\/product\/work-4-3\/","og_locale":"es_ES","og_type":"article","og_title":"WORK-4 - MAC - Ambients Singulars","og_description":"Silla giratoria de soporte anat\u00f3mico alto de malla. Reposabrazos regulable 1D de altura. Mecanismo Sincron multiposici\u00f3n. Respaldo con soporte lumbar regulable, sistema antiretorno y regulaci\u00f3n de presi\u00f3n. Acolchado en poliuretano de alta densidad en asiento. Regulaci\u00f3n de altura mediante columna neum\u00e1tica. Base giratoria en poliamida blanca de cinco radios reforzados con fibra de vidrio. Ruedas [&hellip;]","og_url":"https:\/\/macambients.com\/es\/product\/work-4-3\/","og_site_name":"MAC - Ambients Singulars","article_modified_time":"2023-12-20T09:29:41+00:00","og_image":[{"width":800,"height":560,"url":"https:\/\/macambients.com\/wp-content\/uploads\/2023\/09\/Intacor-1.png","type":"image\/png"}],"twitter_card":"summary_large_image","twitter_misc":{"Tiempo de lectura":"1 minuto"},"schema":{"@context":"https:\/\/schema.org","@graph":[{"@type":"WebPage","@id":"https:\/\/macambients.com\/es\/product\/work-4-3\/","url":"https:\/\/macambients.com\/es\/product\/work-4-3\/","name":"WORK-4 - MAC - Ambients Singulars","isPartOf":{"@id":"https:\/\/macambients.com\/es\/#website"},"primaryImageOfPage":{"@id":"https:\/\/macambients.com\/es\/product\/work-4-3\/#primaryimage"},"image":{"@id":"https:\/\/macambients.com\/es\/product\/work-4-3\/#primaryimage"},"thumbnailUrl":"https:\/\/macambients.com\/wp-content\/uploads\/2023\/09\/Intacor-1.png","datePublished":"2023-09-05T10:41:21+00:00","dateModified":"2023-12-20T09:29:41+00:00","breadcrumb":{"@id":"https:\/\/macambients.com\/es\/product\/work-4-3\/#breadcrumb"},"inLanguage":"es","potentialAction":[{"@type":"ReadAction","target":["https:\/\/macambients.com\/es\/product\/work-4-3\/"]}]},{"@type":"ImageObject","inLanguage":"es","@id":"https:\/\/macambients.com\/es\/product\/work-4-3\/#primaryimage","url":"https:\/\/macambients.com\/wp-content\/uploads\/2023\/09\/Intacor-1.png","contentUrl":"https:\/\/macambients.com\/wp-content\/uploads\/2023\/09\/Intacor-1.png","width":800,"height":560},{"@type":"BreadcrumbList","@id":"https:\/\/macambients.com\/es\/product\/work-4-3\/#breadcrumb","itemListElement":[{"@type":"ListItem","position":1,"name":"Home","item":"https:\/\/macambients.com\/es\/"},{"@type":"ListItem","position":2,"name":"Shop","item":"https:\/\/macambients.com\/es\/shop\/"},{"@type":"ListItem","position":3,"name":"WORK-4"}]},{"@type":"WebSite","@id":"https:\/\/macambients.com\/es\/#website","url":"https:\/\/macambients.com\/es\/","name":"MAC - Ambients Singulars","description":"","publisher":{"@id":"https:\/\/macambients.com\/es\/#organization"},"potentialAction":[{"@type":"SearchAction","target":{"@type":"EntryPoint","urlTemplate":"https:\/\/macambients.com\/es\/?s={search_term_string}"},"query-input":"required name=search_term_string"}],"inLanguage":"es"},{"@type":"Organization","@id":"https:\/\/macambients.com\/es\/#organization","name":"MAC - Ambients Singulars","url":"https:\/\/macambients.com\/es\/","logo":{"@type":"ImageObject","inLanguage":"es","@id":"https:\/\/macambients.com\/es\/#\/schema\/logo\/image\/","url":"https:\/\/macambients.com\/wp-content\/uploads\/2022\/12\/logo.png","contentUrl":"https:\/\/macambients.com\/wp-content\/uploads\/2022\/12\/logo.png","width":270,"height":55,"caption":"MAC - Ambients Singulars"},"image":{"@id":"https:\/\/macambients.com\/es\/#\/schema\/logo\/image\/"}}]}},"_links":{"self":[{"href":"https:\/\/macambients.com\/es\/wp-json\/wp\/v2\/product\/41452"}],"collection":[{"href":"https:\/\/macambients.com\/es\/wp-json\/wp\/v2\/product"}],"about":[{"href":"https:\/\/macambients.com\/es\/wp-json\/wp\/v2\/types\/product"}],"wp:featuredmedia":[{"embeddable":true,"href":"https:\/\/macambients.com\/es\/wp-json\/wp\/v2\/media\/41449"}],"wp:attachment":[{"href":"https:\/\/macambients.com\/es\/wp-json\/wp\/v2\/media?parent=41452"}],"wp:term":[{"taxonomy":"product_cat","embeddable":true,"href":"https:\/\/macambients.com\/es\/wp-json\/wp\/v2\/product_cat?post=41452"},{"taxonomy":"product_tag","embeddable":true,"href":"https:\/\/macambients.com\/es\/wp-json\/wp\/v2\/product_tag?post=41452"}],"curies":[{"name":"wp","href":"https:\/\/api.w.org\/{rel}","templated":true}]}}