{"id":42835,"date":"2023-12-14T12:04:08","date_gmt":"2023-12-14T12:04:08","guid":{"rendered":"https:\/\/macambients.com\/product\/bambo-10\/"},"modified":"2025-07-21T08:04:34","modified_gmt":"2025-07-21T08:04:34","slug":"bambo-10","status":"publish","type":"product","link":"https:\/\/macambients.com\/es\/product\/bambo-10\/","title":{"rendered":"BAMBO-10"},"content":{"rendered":"<p>Cuna convertible en cama con barandilla fija para colch\u00f3n de 140&#215;70 cm.<\/p>\n<p>Opcional: estanter\u00eda vers\u00e1til de 98 cm 104\u20ac\/u, cambiador con ruedecillas para colchoneta de 70&#215;50 cm 260\u20ac, y cesta de fibras naturales de 42 cm 60\u20ac.<\/p>\n<p>&nbsp;<\/p>\n<p>Disponible en gran variedad de colores, medidas y acabados.<\/p>\n<p><strong>TRANSPORTE Y MONTAJE INCLUIDOS EN EL PRECIO.<\/strong><\/p>\n","protected":false},"excerpt":{"rendered":"<p>Cuna convertible en cama con barandilla fija para colch\u00f3n de 140&#215;70 cm. Opcional: estanter\u00eda vers\u00e1til de 98 cm 104\u20ac\/u, cambiador con ruedecillas para colchoneta de 70&#215;50 cm 260\u20ac, y cesta de fibras naturales de 42 cm 60\u20ac. &nbsp; Disponible en gran variedad de colores, medidas y acabados. TRANSPORTE Y MONTAJE INCLUIDOS EN EL PRECIO.<\/p>\n","protected":false},"featured_media":42793,"template":"","meta":{"_acf_changed":false,"_joinchat":[]},"product_cat":[724,3771,668,672,3772,677,664,667],"product_tag":[],"class_list":{"0":"post-42835","1":"product","2":"type-product","3":"status-publish","4":"has-post-thumbnail","6":"product_cat-dormitorios-infantiles-y-juveniles","7":"product_cat-coleccion-bambo","8":"product_cat-cunas","9":"product_cat-composiciones-ninos-y-jovenes","10":"product_cat-coleccion-bambo-es","11":"product_cat-camas-convertibles","12":"product_cat-ninos-y-jovenes","13":"product_cat-infantil-y-bebe","15":"first","16":"instock","17":"taxable","18":"shipping-taxable","19":"purchasable","20":"product-type-simple"},"acf":[],"yoast_head":"<!-- This site is optimized with the Yoast SEO plugin v23.3 - https:\/\/yoast.com\/wordpress\/plugins\/seo\/ -->\n<title>BAMBO-10 - MAC - Ambients Singulars<\/title>\n<meta name=\"robots\" content=\"index, follow, max-snippet:-1, max-image-preview:large, max-video-preview:-1\" \/>\n<link rel=\"canonical\" href=\"https:\/\/macambients.com\/es\/product\/bambo-10\/\" \/>\n<meta property=\"og:locale\" content=\"es_ES\" \/>\n<meta property=\"og:type\" content=\"article\" \/>\n<meta property=\"og:title\" content=\"BAMBO-10 - MAC - Ambients Singulars\" \/>\n<meta property=\"og:description\" content=\"Cuna convertible en cama con barandilla fija para colch\u00f3n de 140&#215;70 cm. Opcional: estanter\u00eda vers\u00e1til de 98 cm 104\u20ac\/u, cambiador con ruedecillas para colchoneta de 70&#215;50 cm 260\u20ac, y cesta de fibras naturales de 42 cm 60\u20ac. &nbsp; Disponible en gran variedad de colores, medidas y acabados. TRANSPORTE Y MONTAJE INCLUIDOS EN EL PRECIO.\" \/>\n<meta property=\"og:url\" content=\"https:\/\/macambients.com\/es\/product\/bambo-10\/\" \/>\n<meta property=\"og:site_name\" content=\"MAC - Ambients Singulars\" \/>\n<meta property=\"article:modified_time\" content=\"2025-07-21T08:04:34+00:00\" \/>\n<meta property=\"og:image\" content=\"https:\/\/macambients.com\/wp-content\/uploads\/2023\/12\/Bambo-10.jpg\" \/>\n\t<meta property=\"og:image:width\" content=\"1600\" \/>\n\t<meta property=\"og:image:height\" content=\"1120\" \/>\n\t<meta property=\"og:image:type\" content=\"image\/jpeg\" \/>\n<meta name=\"twitter:card\" content=\"summary_large_image\" \/>\n<meta name=\"twitter:label1\" content=\"Tiempo de lectura\" \/>\n\t<meta name=\"twitter:data1\" content=\"1 minuto\" \/>\n<script type=\"application\/ld+json\" class=\"yoast-schema-graph\">{\"@context\":\"https:\/\/schema.org\",\"@graph\":[{\"@type\":\"WebPage\",\"@id\":\"https:\/\/macambients.com\/es\/product\/bambo-10\/\",\"url\":\"https:\/\/macambients.com\/es\/product\/bambo-10\/\",\"name\":\"BAMBO-10 - MAC - Ambients Singulars\",\"isPartOf\":{\"@id\":\"https:\/\/macambients.com\/es\/#website\"},\"primaryImageOfPage\":{\"@id\":\"https:\/\/macambients.com\/es\/product\/bambo-10\/#primaryimage\"},\"image\":{\"@id\":\"https:\/\/macambients.com\/es\/product\/bambo-10\/#primaryimage\"},\"thumbnailUrl\":\"https:\/\/macambients.com\/wp-content\/uploads\/2023\/12\/Bambo-10.jpg\",\"datePublished\":\"2023-12-14T12:04:08+00:00\",\"dateModified\":\"2025-07-21T08:04:34+00:00\",\"breadcrumb\":{\"@id\":\"https:\/\/macambients.com\/es\/product\/bambo-10\/#breadcrumb\"},\"inLanguage\":\"es\",\"potentialAction\":[{\"@type\":\"ReadAction\",\"target\":[\"https:\/\/macambients.com\/es\/product\/bambo-10\/\"]}]},{\"@type\":\"ImageObject\",\"inLanguage\":\"es\",\"@id\":\"https:\/\/macambients.com\/es\/product\/bambo-10\/#primaryimage\",\"url\":\"https:\/\/macambients.com\/wp-content\/uploads\/2023\/12\/Bambo-10.jpg\",\"contentUrl\":\"https:\/\/macambients.com\/wp-content\/uploads\/2023\/12\/Bambo-10.jpg\",\"width\":1600,\"height\":1120},{\"@type\":\"BreadcrumbList\",\"@id\":\"https:\/\/macambients.com\/es\/product\/bambo-10\/#breadcrumb\",\"itemListElement\":[{\"@type\":\"ListItem\",\"position\":1,\"name\":\"Home\",\"item\":\"https:\/\/macambients.com\/es\/\"},{\"@type\":\"ListItem\",\"position\":2,\"name\":\"Shop\",\"item\":\"https:\/\/macambients.com\/es\/shop\/\"},{\"@type\":\"ListItem\",\"position\":3,\"name\":\"BAMBO-10\"}]},{\"@type\":\"WebSite\",\"@id\":\"https:\/\/macambients.com\/es\/#website\",\"url\":\"https:\/\/macambients.com\/es\/\",\"name\":\"MAC - Ambients Singulars\",\"description\":\"\",\"publisher\":{\"@id\":\"https:\/\/macambients.com\/es\/#organization\"},\"potentialAction\":[{\"@type\":\"SearchAction\",\"target\":{\"@type\":\"EntryPoint\",\"urlTemplate\":\"https:\/\/macambients.com\/es\/?s={search_term_string}\"},\"query-input\":\"required name=search_term_string\"}],\"inLanguage\":\"es\"},{\"@type\":\"Organization\",\"@id\":\"https:\/\/macambients.com\/es\/#organization\",\"name\":\"MAC - Ambients Singulars\",\"url\":\"https:\/\/macambients.com\/es\/\",\"logo\":{\"@type\":\"ImageObject\",\"inLanguage\":\"es\",\"@id\":\"https:\/\/macambients.com\/es\/#\/schema\/logo\/image\/\",\"url\":\"https:\/\/macambients.com\/wp-content\/uploads\/2022\/12\/logo.png\",\"contentUrl\":\"https:\/\/macambients.com\/wp-content\/uploads\/2022\/12\/logo.png\",\"width\":270,\"height\":55,\"caption\":\"MAC - Ambients Singulars\"},\"image\":{\"@id\":\"https:\/\/macambients.com\/es\/#\/schema\/logo\/image\/\"}}]}<\/script>\n<!-- \/ Yoast SEO plugin. -->","yoast_head_json":{"title":"BAMBO-10 - MAC - Ambients Singulars","robots":{"index":"index","follow":"follow","max-snippet":"max-snippet:-1","max-image-preview":"max-image-preview:large","max-video-preview":"max-video-preview:-1"},"canonical":"https:\/\/macambients.com\/es\/product\/bambo-10\/","og_locale":"es_ES","og_type":"article","og_title":"BAMBO-10 - MAC - Ambients Singulars","og_description":"Cuna convertible en cama con barandilla fija para colch\u00f3n de 140&#215;70 cm. Opcional: estanter\u00eda vers\u00e1til de 98 cm 104\u20ac\/u, cambiador con ruedecillas para colchoneta de 70&#215;50 cm 260\u20ac, y cesta de fibras naturales de 42 cm 60\u20ac. &nbsp; Disponible en gran variedad de colores, medidas y acabados. TRANSPORTE Y MONTAJE INCLUIDOS EN EL PRECIO.","og_url":"https:\/\/macambients.com\/es\/product\/bambo-10\/","og_site_name":"MAC - Ambients Singulars","article_modified_time":"2025-07-21T08:04:34+00:00","og_image":[{"width":1600,"height":1120,"url":"https:\/\/macambients.com\/wp-content\/uploads\/2023\/12\/Bambo-10.jpg","type":"image\/jpeg"}],"twitter_card":"summary_large_image","twitter_misc":{"Tiempo de lectura":"1 minuto"},"schema":{"@context":"https:\/\/schema.org","@graph":[{"@type":"WebPage","@id":"https:\/\/macambients.com\/es\/product\/bambo-10\/","url":"https:\/\/macambients.com\/es\/product\/bambo-10\/","name":"BAMBO-10 - MAC - Ambients Singulars","isPartOf":{"@id":"https:\/\/macambients.com\/es\/#website"},"primaryImageOfPage":{"@id":"https:\/\/macambients.com\/es\/product\/bambo-10\/#primaryimage"},"image":{"@id":"https:\/\/macambients.com\/es\/product\/bambo-10\/#primaryimage"},"thumbnailUrl":"https:\/\/macambients.com\/wp-content\/uploads\/2023\/12\/Bambo-10.jpg","datePublished":"2023-12-14T12:04:08+00:00","dateModified":"2025-07-21T08:04:34+00:00","breadcrumb":{"@id":"https:\/\/macambients.com\/es\/product\/bambo-10\/#breadcrumb"},"inLanguage":"es","potentialAction":[{"@type":"ReadAction","target":["https:\/\/macambients.com\/es\/product\/bambo-10\/"]}]},{"@type":"ImageObject","inLanguage":"es","@id":"https:\/\/macambients.com\/es\/product\/bambo-10\/#primaryimage","url":"https:\/\/macambients.com\/wp-content\/uploads\/2023\/12\/Bambo-10.jpg","contentUrl":"https:\/\/macambients.com\/wp-content\/uploads\/2023\/12\/Bambo-10.jpg","width":1600,"height":1120},{"@type":"BreadcrumbList","@id":"https:\/\/macambients.com\/es\/product\/bambo-10\/#breadcrumb","itemListElement":[{"@type":"ListItem","position":1,"name":"Home","item":"https:\/\/macambients.com\/es\/"},{"@type":"ListItem","position":2,"name":"Shop","item":"https:\/\/macambients.com\/es\/shop\/"},{"@type":"ListItem","position":3,"name":"BAMBO-10"}]},{"@type":"WebSite","@id":"https:\/\/macambients.com\/es\/#website","url":"https:\/\/macambients.com\/es\/","name":"MAC - Ambients Singulars","description":"","publisher":{"@id":"https:\/\/macambients.com\/es\/#organization"},"potentialAction":[{"@type":"SearchAction","target":{"@type":"EntryPoint","urlTemplate":"https:\/\/macambients.com\/es\/?s={search_term_string}"},"query-input":"required name=search_term_string"}],"inLanguage":"es"},{"@type":"Organization","@id":"https:\/\/macambients.com\/es\/#organization","name":"MAC - Ambients Singulars","url":"https:\/\/macambients.com\/es\/","logo":{"@type":"ImageObject","inLanguage":"es","@id":"https:\/\/macambients.com\/es\/#\/schema\/logo\/image\/","url":"https:\/\/macambients.com\/wp-content\/uploads\/2022\/12\/logo.png","contentUrl":"https:\/\/macambients.com\/wp-content\/uploads\/2022\/12\/logo.png","width":270,"height":55,"caption":"MAC - Ambients Singulars"},"image":{"@id":"https:\/\/macambients.com\/es\/#\/schema\/logo\/image\/"}}]}},"_links":{"self":[{"href":"https:\/\/macambients.com\/es\/wp-json\/wp\/v2\/product\/42835"}],"collection":[{"href":"https:\/\/macambients.com\/es\/wp-json\/wp\/v2\/product"}],"about":[{"href":"https:\/\/macambients.com\/es\/wp-json\/wp\/v2\/types\/product"}],"wp:featuredmedia":[{"embeddable":true,"href":"https:\/\/macambients.com\/es\/wp-json\/wp\/v2\/media\/42793"}],"wp:attachment":[{"href":"https:\/\/macambients.com\/es\/wp-json\/wp\/v2\/media?parent=42835"}],"wp:term":[{"taxonomy":"product_cat","embeddable":true,"href":"https:\/\/macambients.com\/es\/wp-json\/wp\/v2\/product_cat?post=42835"},{"taxonomy":"product_tag","embeddable":true,"href":"https:\/\/macambients.com\/es\/wp-json\/wp\/v2\/product_tag?post=42835"}],"curies":[{"name":"wp","href":"https:\/\/api.w.org\/{rel}","templated":true}]}}