{"id":43953,"date":"2024-02-28T09:12:56","date_gmt":"2024-02-28T09:12:56","guid":{"rendered":"https:\/\/macambients.com\/product\/milan\/"},"modified":"2025-12-01T18:10:37","modified_gmt":"2025-12-01T18:10:37","slug":"milan","status":"publish","type":"product","link":"https:\/\/macambients.com\/es\/product\/milan\/","title":{"rendered":"MILAN"},"content":{"rendered":"<p>Colch\u00f3n de muelle ensacado con 7 zonas de firmeza con una plancha de fibra de coco que le proporciona una \u00f3ptima ventilaci\u00f3n. Consta diferentes capas de distintos materiales para ofrecer el m\u00e1ximo de confort y transpirabilidad.<\/p>\n<p>1- Tejido de viscosa, se caracteriza por tener una suavidad excepcional y una durabilidad alta.<br \/>\n2- Capa de lana de cashmere, excelente para los meses de fr\u00edo, es termorregulador.<br \/>\n3- Supersoft es una espuma suave con una acogida progresiva que ofrece un gran confort.<br \/>\n4- Material natural formado por fibras de algod\u00f3n, es termorregulador y anti\u00e1caros natural.<br \/>\n5- Tejido sin tejer, estabilizador de las capas interiores del colch\u00f3n.<br \/>\n6- N\u00facleo de estructura de c\u00e9lulas abiertos con alta transpiraci\u00f3n. Evita humedades en el colch\u00f3n. Posee una alta firmeza. 30 K densidad.<br \/>\n7- Material natural con alta transpiraci\u00f3n. Evita humedades en el colch\u00f3n. Es anti\u00e1caros e hipoalerg\u00e9nico natural.<br \/>\n8- N\u00facleo de muelles ensacados que proporciona independencia de los usuarios, evita molestias de movimientos y consigue una adaptabilidad total y alta transpiraci\u00f3n.<br \/>\n9- Marco perimetral extra firme, al sentarse sobre el borde de la cama impide que los muelles se desplace hacia los lados, est\u00e1 perforado para que transpire mejor. 35 K de densidad.<\/p>\n<p>Altura del colch\u00f3n 30 cm +\/-<\/p>\n<p>&nbsp;<\/p>\n<p>&nbsp;<\/p>\n","protected":false},"excerpt":{"rendered":"<p>Colch\u00f3n de muelle ensacado con 7 zonas de firmeza con una plancha de fibra de coco que le proporciona una \u00f3ptima ventilaci\u00f3n. Consta diferentes capas de distintos materiales para ofrecer el m\u00e1ximo de confort y transpirabilidad. 1- Tejido de viscosa, se caracteriza por tener una suavidad excepcional y una durabilidad alta. 2- Capa de lana [&hellip;]<\/p>\n","protected":false},"featured_media":43947,"template":"","meta":{"_acf_changed":false,"_joinchat":[]},"product_cat":[725,607,611],"product_tag":[],"class_list":{"0":"post-43953","1":"product","2":"type-product","3":"status-publish","4":"has-post-thumbnail","6":"product_cat-descanso","7":"product_cat-colchones","8":"product_cat-muelles-ensacados","9":"pa_mida-80x180-es","10":"pa_mida-80x190-es","11":"pa_mida-80x200-es","12":"pa_mida-90x180-es","13":"pa_mida-90x190-es","14":"pa_mida-90x200-es","15":"pa_mida-100x180-es","16":"pa_mida-100x190-es","17":"pa_mida-100x200-es","18":"pa_mida-105x180-es","19":"pa_mida-105x190-es","20":"pa_mida-105x200-es","21":"pa_mida-120x180-es","22":"pa_mida-120x190-es","23":"pa_mida-120x200-es","24":"pa_mida-135x180-es","25":"pa_mida-135x190-es","26":"pa_mida-135x200-es","27":"pa_mida-140x180-es","28":"pa_mida-140x190-es","29":"pa_mida-140x200-es","30":"pa_mida-150x180-es","31":"pa_mida-150x190-es","32":"pa_mida-150x200-es","33":"pa_mida-160x180-es","34":"pa_mida-160x190-es","35":"pa_mida-160x200-es","36":"pa_mida-180x180-es","37":"pa_mida-180x190-es","38":"pa_mida-180x200-es","39":"pa_mida-200x180-es","40":"pa_mida-200x190-es","41":"pa_mida-200x200-es","43":"first","44":"instock","45":"sale","46":"taxable","47":"shipping-taxable","48":"purchasable","49":"product-type-variable"},"acf":[],"yoast_head":"<!-- This site is optimized with the Yoast SEO plugin v23.3 - https:\/\/yoast.com\/wordpress\/plugins\/seo\/ -->\n<title>MILAN - MAC - Ambients Singulars<\/title>\n<meta name=\"robots\" content=\"index, follow, max-snippet:-1, max-image-preview:large, max-video-preview:-1\" \/>\n<link rel=\"canonical\" href=\"https:\/\/macambients.com\/es\/product\/milan\/\" \/>\n<meta property=\"og:locale\" content=\"es_ES\" \/>\n<meta property=\"og:type\" content=\"article\" \/>\n<meta property=\"og:title\" content=\"MILAN - MAC - Ambients Singulars\" \/>\n<meta property=\"og:description\" content=\"Colch\u00f3n de muelle ensacado con 7 zonas de firmeza con una plancha de fibra de coco que le proporciona una \u00f3ptima ventilaci\u00f3n. Consta diferentes capas de distintos materiales para ofrecer el m\u00e1ximo de confort y transpirabilidad. 1- Tejido de viscosa, se caracteriza por tener una suavidad excepcional y una durabilidad alta. 2- Capa de lana [&hellip;]\" \/>\n<meta property=\"og:url\" content=\"https:\/\/macambients.com\/es\/product\/milan\/\" \/>\n<meta property=\"og:site_name\" content=\"MAC - Ambients Singulars\" \/>\n<meta property=\"article:modified_time\" content=\"2025-12-01T18:10:37+00:00\" \/>\n<meta property=\"og:image\" content=\"https:\/\/macambients.com\/wp-content\/uploads\/2024\/02\/MILAN-CICL-scaled.jpg\" \/>\n\t<meta property=\"og:image:width\" content=\"2560\" \/>\n\t<meta property=\"og:image:height\" content=\"1707\" \/>\n\t<meta property=\"og:image:type\" content=\"image\/jpeg\" \/>\n<meta name=\"twitter:card\" content=\"summary_large_image\" \/>\n<meta name=\"twitter:label1\" content=\"Tiempo de lectura\" \/>\n\t<meta name=\"twitter:data1\" content=\"2 minutos\" \/>\n<script type=\"application\/ld+json\" class=\"yoast-schema-graph\">{\"@context\":\"https:\/\/schema.org\",\"@graph\":[{\"@type\":\"WebPage\",\"@id\":\"https:\/\/macambients.com\/es\/product\/milan\/\",\"url\":\"https:\/\/macambients.com\/es\/product\/milan\/\",\"name\":\"MILAN - MAC - Ambients Singulars\",\"isPartOf\":{\"@id\":\"https:\/\/macambients.com\/es\/#website\"},\"primaryImageOfPage\":{\"@id\":\"https:\/\/macambients.com\/es\/product\/milan\/#primaryimage\"},\"image\":{\"@id\":\"https:\/\/macambients.com\/es\/product\/milan\/#primaryimage\"},\"thumbnailUrl\":\"https:\/\/macambients.com\/wp-content\/uploads\/2024\/02\/MILAN-CICL-scaled.jpg\",\"datePublished\":\"2024-02-28T09:12:56+00:00\",\"dateModified\":\"2025-12-01T18:10:37+00:00\",\"breadcrumb\":{\"@id\":\"https:\/\/macambients.com\/es\/product\/milan\/#breadcrumb\"},\"inLanguage\":\"es\",\"potentialAction\":[{\"@type\":\"ReadAction\",\"target\":[\"https:\/\/macambients.com\/es\/product\/milan\/\"]}]},{\"@type\":\"ImageObject\",\"inLanguage\":\"es\",\"@id\":\"https:\/\/macambients.com\/es\/product\/milan\/#primaryimage\",\"url\":\"https:\/\/macambients.com\/wp-content\/uploads\/2024\/02\/MILAN-CICL-scaled.jpg\",\"contentUrl\":\"https:\/\/macambients.com\/wp-content\/uploads\/2024\/02\/MILAN-CICL-scaled.jpg\",\"width\":2560,\"height\":1707},{\"@type\":\"BreadcrumbList\",\"@id\":\"https:\/\/macambients.com\/es\/product\/milan\/#breadcrumb\",\"itemListElement\":[{\"@type\":\"ListItem\",\"position\":1,\"name\":\"Home\",\"item\":\"https:\/\/macambients.com\/es\/\"},{\"@type\":\"ListItem\",\"position\":2,\"name\":\"Shop\",\"item\":\"https:\/\/macambients.com\/es\/shop\/\"},{\"@type\":\"ListItem\",\"position\":3,\"name\":\"MILAN\"}]},{\"@type\":\"WebSite\",\"@id\":\"https:\/\/macambients.com\/es\/#website\",\"url\":\"https:\/\/macambients.com\/es\/\",\"name\":\"MAC - Ambients Singulars\",\"description\":\"\",\"publisher\":{\"@id\":\"https:\/\/macambients.com\/es\/#organization\"},\"potentialAction\":[{\"@type\":\"SearchAction\",\"target\":{\"@type\":\"EntryPoint\",\"urlTemplate\":\"https:\/\/macambients.com\/es\/?s={search_term_string}\"},\"query-input\":\"required name=search_term_string\"}],\"inLanguage\":\"es\"},{\"@type\":\"Organization\",\"@id\":\"https:\/\/macambients.com\/es\/#organization\",\"name\":\"MAC - Ambients Singulars\",\"url\":\"https:\/\/macambients.com\/es\/\",\"logo\":{\"@type\":\"ImageObject\",\"inLanguage\":\"es\",\"@id\":\"https:\/\/macambients.com\/es\/#\/schema\/logo\/image\/\",\"url\":\"https:\/\/macambients.com\/wp-content\/uploads\/2022\/12\/logo.png\",\"contentUrl\":\"https:\/\/macambients.com\/wp-content\/uploads\/2022\/12\/logo.png\",\"width\":270,\"height\":55,\"caption\":\"MAC - Ambients Singulars\"},\"image\":{\"@id\":\"https:\/\/macambients.com\/es\/#\/schema\/logo\/image\/\"}}]}<\/script>\n<!-- \/ Yoast SEO plugin. -->","yoast_head_json":{"title":"MILAN - MAC - Ambients Singulars","robots":{"index":"index","follow":"follow","max-snippet":"max-snippet:-1","max-image-preview":"max-image-preview:large","max-video-preview":"max-video-preview:-1"},"canonical":"https:\/\/macambients.com\/es\/product\/milan\/","og_locale":"es_ES","og_type":"article","og_title":"MILAN - MAC - Ambients Singulars","og_description":"Colch\u00f3n de muelle ensacado con 7 zonas de firmeza con una plancha de fibra de coco que le proporciona una \u00f3ptima ventilaci\u00f3n. Consta diferentes capas de distintos materiales para ofrecer el m\u00e1ximo de confort y transpirabilidad. 1- Tejido de viscosa, se caracteriza por tener una suavidad excepcional y una durabilidad alta. 2- Capa de lana [&hellip;]","og_url":"https:\/\/macambients.com\/es\/product\/milan\/","og_site_name":"MAC - Ambients Singulars","article_modified_time":"2025-12-01T18:10:37+00:00","og_image":[{"width":2560,"height":1707,"url":"https:\/\/macambients.com\/wp-content\/uploads\/2024\/02\/MILAN-CICL-scaled.jpg","type":"image\/jpeg"}],"twitter_card":"summary_large_image","twitter_misc":{"Tiempo de lectura":"2 minutos"},"schema":{"@context":"https:\/\/schema.org","@graph":[{"@type":"WebPage","@id":"https:\/\/macambients.com\/es\/product\/milan\/","url":"https:\/\/macambients.com\/es\/product\/milan\/","name":"MILAN - MAC - Ambients Singulars","isPartOf":{"@id":"https:\/\/macambients.com\/es\/#website"},"primaryImageOfPage":{"@id":"https:\/\/macambients.com\/es\/product\/milan\/#primaryimage"},"image":{"@id":"https:\/\/macambients.com\/es\/product\/milan\/#primaryimage"},"thumbnailUrl":"https:\/\/macambients.com\/wp-content\/uploads\/2024\/02\/MILAN-CICL-scaled.jpg","datePublished":"2024-02-28T09:12:56+00:00","dateModified":"2025-12-01T18:10:37+00:00","breadcrumb":{"@id":"https:\/\/macambients.com\/es\/product\/milan\/#breadcrumb"},"inLanguage":"es","potentialAction":[{"@type":"ReadAction","target":["https:\/\/macambients.com\/es\/product\/milan\/"]}]},{"@type":"ImageObject","inLanguage":"es","@id":"https:\/\/macambients.com\/es\/product\/milan\/#primaryimage","url":"https:\/\/macambients.com\/wp-content\/uploads\/2024\/02\/MILAN-CICL-scaled.jpg","contentUrl":"https:\/\/macambients.com\/wp-content\/uploads\/2024\/02\/MILAN-CICL-scaled.jpg","width":2560,"height":1707},{"@type":"BreadcrumbList","@id":"https:\/\/macambients.com\/es\/product\/milan\/#breadcrumb","itemListElement":[{"@type":"ListItem","position":1,"name":"Home","item":"https:\/\/macambients.com\/es\/"},{"@type":"ListItem","position":2,"name":"Shop","item":"https:\/\/macambients.com\/es\/shop\/"},{"@type":"ListItem","position":3,"name":"MILAN"}]},{"@type":"WebSite","@id":"https:\/\/macambients.com\/es\/#website","url":"https:\/\/macambients.com\/es\/","name":"MAC - Ambients Singulars","description":"","publisher":{"@id":"https:\/\/macambients.com\/es\/#organization"},"potentialAction":[{"@type":"SearchAction","target":{"@type":"EntryPoint","urlTemplate":"https:\/\/macambients.com\/es\/?s={search_term_string}"},"query-input":"required name=search_term_string"}],"inLanguage":"es"},{"@type":"Organization","@id":"https:\/\/macambients.com\/es\/#organization","name":"MAC - Ambients Singulars","url":"https:\/\/macambients.com\/es\/","logo":{"@type":"ImageObject","inLanguage":"es","@id":"https:\/\/macambients.com\/es\/#\/schema\/logo\/image\/","url":"https:\/\/macambients.com\/wp-content\/uploads\/2022\/12\/logo.png","contentUrl":"https:\/\/macambients.com\/wp-content\/uploads\/2022\/12\/logo.png","width":270,"height":55,"caption":"MAC - Ambients Singulars"},"image":{"@id":"https:\/\/macambients.com\/es\/#\/schema\/logo\/image\/"}}]}},"_links":{"self":[{"href":"https:\/\/macambients.com\/es\/wp-json\/wp\/v2\/product\/43953"}],"collection":[{"href":"https:\/\/macambients.com\/es\/wp-json\/wp\/v2\/product"}],"about":[{"href":"https:\/\/macambients.com\/es\/wp-json\/wp\/v2\/types\/product"}],"wp:featuredmedia":[{"embeddable":true,"href":"https:\/\/macambients.com\/es\/wp-json\/wp\/v2\/media\/43947"}],"wp:attachment":[{"href":"https:\/\/macambients.com\/es\/wp-json\/wp\/v2\/media?parent=43953"}],"wp:term":[{"taxonomy":"product_cat","embeddable":true,"href":"https:\/\/macambients.com\/es\/wp-json\/wp\/v2\/product_cat?post=43953"},{"taxonomy":"product_tag","embeddable":true,"href":"https:\/\/macambients.com\/es\/wp-json\/wp\/v2\/product_tag?post=43953"}],"curies":[{"name":"wp","href":"https:\/\/api.w.org\/{rel}","templated":true}]}}