{"id":47919,"date":"2024-03-27T10:06:31","date_gmt":"2024-03-27T10:06:31","guid":{"rendered":"https:\/\/macambients.com\/product\/funda-de-coixi-polaris\/"},"modified":"2024-03-27T12:22:48","modified_gmt":"2024-03-27T12:22:48","slug":"funda-de-coixi-polaris","status":"publish","type":"product","link":"https:\/\/macambients.com\/es\/product\/funda-de-coixi-polaris\/","title":{"rendered":"FUNDA DE ALMOHADA IMPERMEABLE Y FRESCA POLARIS"},"content":{"rendered":"<p>La funda de almohada POLARIS disipa el calor corporal mejorando as\u00ed la calidad del descanso.<\/p>\n<p>Su efectividad se mantiene despu\u00e9s de m\u00faltiples ciclos de lavado ya que las calidades se alcanzan gracias a la combinaci\u00f3n de fibras y no por ning\u00fan tratamiento posterior.<\/p>\n<p>La colecci\u00f3n POLARIS reduce la temperatura de la piel alrededor de 1\u00baC, cient\u00edficamente probado!<\/p>\n","protected":false},"excerpt":{"rendered":"<p>La funda de almohada POLARIS disipa el calor corporal mejorando as\u00ed la calidad del descanso. Su efectividad se mantiene despu\u00e9s de m\u00faltiples ciclos de lavado ya que las calidades se alcanzan gracias a la combinaci\u00f3n de fibras y no por ning\u00fan tratamiento posterior. La colecci\u00f3n POLARIS reduce la temperatura de la piel alrededor de 1\u00baC, [&hellip;]<\/p>\n","protected":false},"featured_media":47869,"template":"","meta":{"_acf_changed":false,"_joinchat":[]},"product_cat":[725,616,3593,753],"product_tag":[],"class_list":{"0":"post-47919","1":"product","2":"type-product","3":"status-publish","4":"has-post-thumbnail","6":"product_cat-descanso","7":"product_cat-complementos","8":"product_cat-coleccion-b-sensible","9":"product_cat-fundas-de-almohada","10":"pa_amplada-x-llargada-cojin-60x60-es","11":"pa_amplada-x-llargada-cojin-70x50-es","12":"pa_amplada-x-llargada-cojin-80x50-es","13":"pa_amplada-x-llargada-cojin-80x80-es","14":"pa_amplada-x-llargada-cojin-70x40-es","15":"pa_amplada-x-llargada-cojin-75x40-es","16":"pa_amplada-x-llargada-cojin-80x40-es","17":"pa_amplada-x-llargada-cojin-90x40-es","18":"pa_amplada-x-llargada-cojin-105x40-es","19":"pa_amplada-x-llargada-cojin-120x40-es","20":"pa_amplada-x-llargada-cojin-135x40-es","21":"pa_amplada-x-llargada-cojin-150x40-es","22":"pa_colors-beige","23":"pa_colors-gris-es","24":"pa_colors-lavanda-es","25":"pa_colors-natural-es","27":"first","28":"instock","29":"sale","30":"taxable","31":"shipping-taxable","32":"purchasable","33":"product-type-variable"},"acf":[],"yoast_head":"<!-- This site is optimized with the Yoast SEO plugin v23.3 - https:\/\/yoast.com\/wordpress\/plugins\/seo\/ -->\n<title>FUNDA DE ALMOHADA IMPERMEABLE Y FRESCA POLARIS - MAC - Ambients Singulars<\/title>\n<meta name=\"robots\" content=\"index, follow, max-snippet:-1, max-image-preview:large, max-video-preview:-1\" \/>\n<link rel=\"canonical\" href=\"https:\/\/macambients.com\/es\/product\/funda-de-coixi-polaris\/\" \/>\n<meta property=\"og:locale\" content=\"es_ES\" \/>\n<meta property=\"og:type\" content=\"article\" \/>\n<meta property=\"og:title\" content=\"FUNDA DE ALMOHADA IMPERMEABLE Y FRESCA POLARIS - MAC - Ambients Singulars\" \/>\n<meta property=\"og:description\" content=\"La funda de almohada POLARIS disipa el calor corporal mejorando as\u00ed la calidad del descanso. Su efectividad se mantiene despu\u00e9s de m\u00faltiples ciclos de lavado ya que las calidades se alcanzan gracias a la combinaci\u00f3n de fibras y no por ning\u00fan tratamiento posterior. La colecci\u00f3n POLARIS reduce la temperatura de la piel alrededor de 1\u00baC, [&hellip;]\" \/>\n<meta property=\"og:url\" content=\"https:\/\/macambients.com\/es\/product\/funda-de-coixi-polaris\/\" \/>\n<meta property=\"og:site_name\" content=\"MAC - Ambients Singulars\" \/>\n<meta property=\"article:modified_time\" content=\"2024-03-27T12:22:48+00:00\" \/>\n<meta property=\"og:image\" content=\"https:\/\/macambients.com\/wp-content\/uploads\/2024\/03\/POLARIS-coixinera-gris.jpg\" \/>\n\t<meta property=\"og:image:width\" content=\"1600\" \/>\n\t<meta property=\"og:image:height\" content=\"1120\" \/>\n\t<meta property=\"og:image:type\" content=\"image\/jpeg\" \/>\n<meta name=\"twitter:card\" content=\"summary_large_image\" \/>\n<meta name=\"twitter:label1\" content=\"Tiempo de lectura\" \/>\n\t<meta name=\"twitter:data1\" content=\"1 minuto\" \/>\n<script type=\"application\/ld+json\" class=\"yoast-schema-graph\">{\"@context\":\"https:\/\/schema.org\",\"@graph\":[{\"@type\":\"WebPage\",\"@id\":\"https:\/\/macambients.com\/es\/product\/funda-de-coixi-polaris\/\",\"url\":\"https:\/\/macambients.com\/es\/product\/funda-de-coixi-polaris\/\",\"name\":\"FUNDA DE ALMOHADA IMPERMEABLE Y FRESCA POLARIS - MAC - Ambients Singulars\",\"isPartOf\":{\"@id\":\"https:\/\/macambients.com\/es\/#website\"},\"primaryImageOfPage\":{\"@id\":\"https:\/\/macambients.com\/es\/product\/funda-de-coixi-polaris\/#primaryimage\"},\"image\":{\"@id\":\"https:\/\/macambients.com\/es\/product\/funda-de-coixi-polaris\/#primaryimage\"},\"thumbnailUrl\":\"https:\/\/macambients.com\/wp-content\/uploads\/2024\/03\/POLARIS-coixinera-gris.jpg\",\"datePublished\":\"2024-03-27T10:06:31+00:00\",\"dateModified\":\"2024-03-27T12:22:48+00:00\",\"breadcrumb\":{\"@id\":\"https:\/\/macambients.com\/es\/product\/funda-de-coixi-polaris\/#breadcrumb\"},\"inLanguage\":\"es\",\"potentialAction\":[{\"@type\":\"ReadAction\",\"target\":[\"https:\/\/macambients.com\/es\/product\/funda-de-coixi-polaris\/\"]}]},{\"@type\":\"ImageObject\",\"inLanguage\":\"es\",\"@id\":\"https:\/\/macambients.com\/es\/product\/funda-de-coixi-polaris\/#primaryimage\",\"url\":\"https:\/\/macambients.com\/wp-content\/uploads\/2024\/03\/POLARIS-coixinera-gris.jpg\",\"contentUrl\":\"https:\/\/macambients.com\/wp-content\/uploads\/2024\/03\/POLARIS-coixinera-gris.jpg\",\"width\":1600,\"height\":1120},{\"@type\":\"BreadcrumbList\",\"@id\":\"https:\/\/macambients.com\/es\/product\/funda-de-coixi-polaris\/#breadcrumb\",\"itemListElement\":[{\"@type\":\"ListItem\",\"position\":1,\"name\":\"Home\",\"item\":\"https:\/\/macambients.com\/es\/\"},{\"@type\":\"ListItem\",\"position\":2,\"name\":\"Shop\",\"item\":\"https:\/\/macambients.com\/es\/shop\/\"},{\"@type\":\"ListItem\",\"position\":3,\"name\":\"FUNDA DE ALMOHADA IMPERMEABLE Y FRESCA POLARIS\"}]},{\"@type\":\"WebSite\",\"@id\":\"https:\/\/macambients.com\/es\/#website\",\"url\":\"https:\/\/macambients.com\/es\/\",\"name\":\"MAC - Ambients Singulars\",\"description\":\"\",\"publisher\":{\"@id\":\"https:\/\/macambients.com\/es\/#organization\"},\"potentialAction\":[{\"@type\":\"SearchAction\",\"target\":{\"@type\":\"EntryPoint\",\"urlTemplate\":\"https:\/\/macambients.com\/es\/?s={search_term_string}\"},\"query-input\":\"required name=search_term_string\"}],\"inLanguage\":\"es\"},{\"@type\":\"Organization\",\"@id\":\"https:\/\/macambients.com\/es\/#organization\",\"name\":\"MAC - Ambients Singulars\",\"url\":\"https:\/\/macambients.com\/es\/\",\"logo\":{\"@type\":\"ImageObject\",\"inLanguage\":\"es\",\"@id\":\"https:\/\/macambients.com\/es\/#\/schema\/logo\/image\/\",\"url\":\"https:\/\/macambients.com\/wp-content\/uploads\/2022\/12\/logo.png\",\"contentUrl\":\"https:\/\/macambients.com\/wp-content\/uploads\/2022\/12\/logo.png\",\"width\":270,\"height\":55,\"caption\":\"MAC - Ambients Singulars\"},\"image\":{\"@id\":\"https:\/\/macambients.com\/es\/#\/schema\/logo\/image\/\"}}]}<\/script>\n<!-- \/ Yoast SEO plugin. -->","yoast_head_json":{"title":"FUNDA DE ALMOHADA IMPERMEABLE Y FRESCA POLARIS - MAC - Ambients Singulars","robots":{"index":"index","follow":"follow","max-snippet":"max-snippet:-1","max-image-preview":"max-image-preview:large","max-video-preview":"max-video-preview:-1"},"canonical":"https:\/\/macambients.com\/es\/product\/funda-de-coixi-polaris\/","og_locale":"es_ES","og_type":"article","og_title":"FUNDA DE ALMOHADA IMPERMEABLE Y FRESCA POLARIS - MAC - Ambients Singulars","og_description":"La funda de almohada POLARIS disipa el calor corporal mejorando as\u00ed la calidad del descanso. Su efectividad se mantiene despu\u00e9s de m\u00faltiples ciclos de lavado ya que las calidades se alcanzan gracias a la combinaci\u00f3n de fibras y no por ning\u00fan tratamiento posterior. La colecci\u00f3n POLARIS reduce la temperatura de la piel alrededor de 1\u00baC, [&hellip;]","og_url":"https:\/\/macambients.com\/es\/product\/funda-de-coixi-polaris\/","og_site_name":"MAC - Ambients Singulars","article_modified_time":"2024-03-27T12:22:48+00:00","og_image":[{"width":1600,"height":1120,"url":"https:\/\/macambients.com\/wp-content\/uploads\/2024\/03\/POLARIS-coixinera-gris.jpg","type":"image\/jpeg"}],"twitter_card":"summary_large_image","twitter_misc":{"Tiempo de lectura":"1 minuto"},"schema":{"@context":"https:\/\/schema.org","@graph":[{"@type":"WebPage","@id":"https:\/\/macambients.com\/es\/product\/funda-de-coixi-polaris\/","url":"https:\/\/macambients.com\/es\/product\/funda-de-coixi-polaris\/","name":"FUNDA DE ALMOHADA IMPERMEABLE Y FRESCA POLARIS - MAC - Ambients Singulars","isPartOf":{"@id":"https:\/\/macambients.com\/es\/#website"},"primaryImageOfPage":{"@id":"https:\/\/macambients.com\/es\/product\/funda-de-coixi-polaris\/#primaryimage"},"image":{"@id":"https:\/\/macambients.com\/es\/product\/funda-de-coixi-polaris\/#primaryimage"},"thumbnailUrl":"https:\/\/macambients.com\/wp-content\/uploads\/2024\/03\/POLARIS-coixinera-gris.jpg","datePublished":"2024-03-27T10:06:31+00:00","dateModified":"2024-03-27T12:22:48+00:00","breadcrumb":{"@id":"https:\/\/macambients.com\/es\/product\/funda-de-coixi-polaris\/#breadcrumb"},"inLanguage":"es","potentialAction":[{"@type":"ReadAction","target":["https:\/\/macambients.com\/es\/product\/funda-de-coixi-polaris\/"]}]},{"@type":"ImageObject","inLanguage":"es","@id":"https:\/\/macambients.com\/es\/product\/funda-de-coixi-polaris\/#primaryimage","url":"https:\/\/macambients.com\/wp-content\/uploads\/2024\/03\/POLARIS-coixinera-gris.jpg","contentUrl":"https:\/\/macambients.com\/wp-content\/uploads\/2024\/03\/POLARIS-coixinera-gris.jpg","width":1600,"height":1120},{"@type":"BreadcrumbList","@id":"https:\/\/macambients.com\/es\/product\/funda-de-coixi-polaris\/#breadcrumb","itemListElement":[{"@type":"ListItem","position":1,"name":"Home","item":"https:\/\/macambients.com\/es\/"},{"@type":"ListItem","position":2,"name":"Shop","item":"https:\/\/macambients.com\/es\/shop\/"},{"@type":"ListItem","position":3,"name":"FUNDA DE ALMOHADA IMPERMEABLE Y FRESCA POLARIS"}]},{"@type":"WebSite","@id":"https:\/\/macambients.com\/es\/#website","url":"https:\/\/macambients.com\/es\/","name":"MAC - Ambients Singulars","description":"","publisher":{"@id":"https:\/\/macambients.com\/es\/#organization"},"potentialAction":[{"@type":"SearchAction","target":{"@type":"EntryPoint","urlTemplate":"https:\/\/macambients.com\/es\/?s={search_term_string}"},"query-input":"required name=search_term_string"}],"inLanguage":"es"},{"@type":"Organization","@id":"https:\/\/macambients.com\/es\/#organization","name":"MAC - Ambients Singulars","url":"https:\/\/macambients.com\/es\/","logo":{"@type":"ImageObject","inLanguage":"es","@id":"https:\/\/macambients.com\/es\/#\/schema\/logo\/image\/","url":"https:\/\/macambients.com\/wp-content\/uploads\/2022\/12\/logo.png","contentUrl":"https:\/\/macambients.com\/wp-content\/uploads\/2022\/12\/logo.png","width":270,"height":55,"caption":"MAC - Ambients Singulars"},"image":{"@id":"https:\/\/macambients.com\/es\/#\/schema\/logo\/image\/"}}]}},"_links":{"self":[{"href":"https:\/\/macambients.com\/es\/wp-json\/wp\/v2\/product\/47919"}],"collection":[{"href":"https:\/\/macambients.com\/es\/wp-json\/wp\/v2\/product"}],"about":[{"href":"https:\/\/macambients.com\/es\/wp-json\/wp\/v2\/types\/product"}],"wp:featuredmedia":[{"embeddable":true,"href":"https:\/\/macambients.com\/es\/wp-json\/wp\/v2\/media\/47869"}],"wp:attachment":[{"href":"https:\/\/macambients.com\/es\/wp-json\/wp\/v2\/media?parent=47919"}],"wp:term":[{"taxonomy":"product_cat","embeddable":true,"href":"https:\/\/macambients.com\/es\/wp-json\/wp\/v2\/product_cat?post=47919"},{"taxonomy":"product_tag","embeddable":true,"href":"https:\/\/macambients.com\/es\/wp-json\/wp\/v2\/product_tag?post=47919"}],"curies":[{"name":"wp","href":"https:\/\/api.w.org\/{rel}","templated":true}]}}