{"id":49341,"date":"2024-06-03T11:11:12","date_gmt":"2024-06-03T11:11:38","guid":{"rendered":"https:\/\/macambients.com\/?post_type=product&#038;p=49341"},"modified":"2025-12-01T18:11:31","modified_gmt":"2025-12-01T18:11:31","slug":"roma","status":"publish","type":"product","link":"https:\/\/macambients.com\/es\/product\/roma\/","title":{"rendered":"ROMA"},"content":{"rendered":"<p>1. Tela Strech con tratamiento termorregulador, que mantendr\u00e1 el tejido fresco y seco<br \/>\n2. Adaptaplus. Excelente adaptaci\u00f3n al contorno del cuerpo<br \/>\n3. Opci\u00f3n L\u00e1tex (Firme), plancha de 4 cm de L\u00e1tex para una perfecta adaptaci\u00f3n.<br \/>\n4. Opci\u00f3n Visco Gel (Medium), n\u00facleo de Gel<br \/>\n5. Boatherm, fibra de Guata aislante t\u00e9rmico.<br \/>\n6. Texpun. Material aislante.<br \/>\n7. Muelles ensacados independientes. M\u00e1xima transpirabilidad, n\u00facleo de muelles multispring.<br \/>\n8. Refuerzo perimetral para mejorar la sentadaTexpun. Material aislante t\u00e9rmico.<br \/>\n9. Boatherm, fibra de Guata aislante t\u00e9rmico.<\/p>\n<p>Acabado:<br \/>\nTejidos strech de m\u00e1xima suavidad<\/p>\n<p>Altura: 29 cm +\/-<\/p>\n","protected":false},"excerpt":{"rendered":"<p>1. Tela Strech con tratamiento termorregulador, que mantendr\u00e1 el tejido fresco y seco 2. Adaptaplus. Excelente adaptaci\u00f3n al contorno del cuerpo 3. Opci\u00f3n L\u00e1tex (Firme), plancha de 4 cm de L\u00e1tex para una perfecta adaptaci\u00f3n. 4. Opci\u00f3n Visco Gel (Medium), n\u00facleo de Gel 5. Boatherm, fibra de Guata aislante t\u00e9rmico. 6. Texpun. Material aislante. 7. [&hellip;]<\/p>\n","protected":false},"featured_media":49711,"template":"","meta":{"_acf_changed":false,"_joinchat":[]},"product_cat":[725,607,611],"product_tag":[],"class_list":{"0":"post-49341","1":"product","2":"type-product","3":"status-publish","4":"has-post-thumbnail","6":"product_cat-descanso","7":"product_cat-colchones","8":"product_cat-muelles-ensacados","9":"pa_mida-80x180-es","10":"pa_mida-80x190-es","11":"pa_mida-80x200-es","12":"pa_mida-90x180-es","13":"pa_mida-90x190-es","14":"pa_mida-90x200-es","15":"pa_mida-105x180-es","16":"pa_mida-105x190-es","17":"pa_mida-105x200-es","18":"pa_mida-135x180-es","19":"pa_mida-135x190-es","20":"pa_mida-135x200-es","21":"pa_mida-150x180-es","22":"pa_mida-150x190-es","23":"pa_mida-150x200-es","24":"pa_mida-160x180-es","25":"pa_mida-160x190-es","26":"pa_mida-160x200-es","27":"pa_mida-180x180-es","28":"pa_mida-180x190-es","29":"pa_mida-180x200-es","31":"first","32":"instock","33":"sale","34":"taxable","35":"shipping-taxable","36":"purchasable","37":"product-type-variable"},"acf":[],"yoast_head":"<!-- This site is optimized with the Yoast SEO plugin v23.3 - https:\/\/yoast.com\/wordpress\/plugins\/seo\/ -->\n<title>ROMA - MAC - Ambients Singulars<\/title>\n<meta name=\"robots\" content=\"index, follow, max-snippet:-1, max-image-preview:large, max-video-preview:-1\" \/>\n<link rel=\"canonical\" href=\"https:\/\/macambients.com\/es\/product\/roma\/\" \/>\n<meta property=\"og:locale\" content=\"es_ES\" \/>\n<meta property=\"og:type\" content=\"article\" \/>\n<meta property=\"og:title\" content=\"ROMA - MAC - Ambients Singulars\" \/>\n<meta property=\"og:description\" content=\"1. Tela Strech con tratamiento termorregulador, que mantendr\u00e1 el tejido fresco y seco 2. Adaptaplus. Excelente adaptaci\u00f3n al contorno del cuerpo 3. Opci\u00f3n L\u00e1tex (Firme), plancha de 4 cm de L\u00e1tex para una perfecta adaptaci\u00f3n. 4. Opci\u00f3n Visco Gel (Medium), n\u00facleo de Gel 5. Boatherm, fibra de Guata aislante t\u00e9rmico. 6. Texpun. Material aislante. 7. [&hellip;]\" \/>\n<meta property=\"og:url\" content=\"https:\/\/macambients.com\/es\/product\/roma\/\" \/>\n<meta property=\"og:site_name\" content=\"MAC - Ambients Singulars\" \/>\n<meta property=\"article:modified_time\" content=\"2025-12-01T18:11:31+00:00\" \/>\n<meta property=\"og:image\" content=\"https:\/\/macambients.com\/wp-content\/uploads\/2024\/05\/Roma.jpg\" \/>\n\t<meta property=\"og:image:width\" content=\"1600\" \/>\n\t<meta property=\"og:image:height\" content=\"1120\" \/>\n\t<meta property=\"og:image:type\" content=\"image\/jpeg\" \/>\n<meta name=\"twitter:card\" content=\"summary_large_image\" \/>\n<meta name=\"twitter:label1\" content=\"Tiempo de lectura\" \/>\n\t<meta name=\"twitter:data1\" content=\"1 minuto\" \/>\n<script type=\"application\/ld+json\" class=\"yoast-schema-graph\">{\"@context\":\"https:\/\/schema.org\",\"@graph\":[{\"@type\":\"WebPage\",\"@id\":\"https:\/\/macambients.com\/es\/product\/roma\/\",\"url\":\"https:\/\/macambients.com\/es\/product\/roma\/\",\"name\":\"ROMA - MAC - Ambients Singulars\",\"isPartOf\":{\"@id\":\"https:\/\/macambients.com\/es\/#website\"},\"primaryImageOfPage\":{\"@id\":\"https:\/\/macambients.com\/es\/product\/roma\/#primaryimage\"},\"image\":{\"@id\":\"https:\/\/macambients.com\/es\/product\/roma\/#primaryimage\"},\"thumbnailUrl\":\"https:\/\/macambients.com\/wp-content\/uploads\/2024\/05\/Roma.jpg\",\"datePublished\":\"2024-06-03T11:11:38+00:00\",\"dateModified\":\"2025-12-01T18:11:31+00:00\",\"breadcrumb\":{\"@id\":\"https:\/\/macambients.com\/es\/product\/roma\/#breadcrumb\"},\"inLanguage\":\"es\",\"potentialAction\":[{\"@type\":\"ReadAction\",\"target\":[\"https:\/\/macambients.com\/es\/product\/roma\/\"]}]},{\"@type\":\"ImageObject\",\"inLanguage\":\"es\",\"@id\":\"https:\/\/macambients.com\/es\/product\/roma\/#primaryimage\",\"url\":\"https:\/\/macambients.com\/wp-content\/uploads\/2024\/05\/Roma.jpg\",\"contentUrl\":\"https:\/\/macambients.com\/wp-content\/uploads\/2024\/05\/Roma.jpg\",\"width\":1600,\"height\":1120},{\"@type\":\"BreadcrumbList\",\"@id\":\"https:\/\/macambients.com\/es\/product\/roma\/#breadcrumb\",\"itemListElement\":[{\"@type\":\"ListItem\",\"position\":1,\"name\":\"Home\",\"item\":\"https:\/\/macambients.com\/es\/\"},{\"@type\":\"ListItem\",\"position\":2,\"name\":\"Shop\",\"item\":\"https:\/\/macambients.com\/es\/shop\/\"},{\"@type\":\"ListItem\",\"position\":3,\"name\":\"ROMA\"}]},{\"@type\":\"WebSite\",\"@id\":\"https:\/\/macambients.com\/es\/#website\",\"url\":\"https:\/\/macambients.com\/es\/\",\"name\":\"MAC - Ambients Singulars\",\"description\":\"\",\"publisher\":{\"@id\":\"https:\/\/macambients.com\/es\/#organization\"},\"potentialAction\":[{\"@type\":\"SearchAction\",\"target\":{\"@type\":\"EntryPoint\",\"urlTemplate\":\"https:\/\/macambients.com\/es\/?s={search_term_string}\"},\"query-input\":\"required name=search_term_string\"}],\"inLanguage\":\"es\"},{\"@type\":\"Organization\",\"@id\":\"https:\/\/macambients.com\/es\/#organization\",\"name\":\"MAC - Ambients Singulars\",\"url\":\"https:\/\/macambients.com\/es\/\",\"logo\":{\"@type\":\"ImageObject\",\"inLanguage\":\"es\",\"@id\":\"https:\/\/macambients.com\/es\/#\/schema\/logo\/image\/\",\"url\":\"https:\/\/macambients.com\/wp-content\/uploads\/2022\/12\/logo.png\",\"contentUrl\":\"https:\/\/macambients.com\/wp-content\/uploads\/2022\/12\/logo.png\",\"width\":270,\"height\":55,\"caption\":\"MAC - Ambients Singulars\"},\"image\":{\"@id\":\"https:\/\/macambients.com\/es\/#\/schema\/logo\/image\/\"}}]}<\/script>\n<!-- \/ Yoast SEO plugin. -->","yoast_head_json":{"title":"ROMA - MAC - Ambients Singulars","robots":{"index":"index","follow":"follow","max-snippet":"max-snippet:-1","max-image-preview":"max-image-preview:large","max-video-preview":"max-video-preview:-1"},"canonical":"https:\/\/macambients.com\/es\/product\/roma\/","og_locale":"es_ES","og_type":"article","og_title":"ROMA - MAC - Ambients Singulars","og_description":"1. Tela Strech con tratamiento termorregulador, que mantendr\u00e1 el tejido fresco y seco 2. Adaptaplus. Excelente adaptaci\u00f3n al contorno del cuerpo 3. Opci\u00f3n L\u00e1tex (Firme), plancha de 4 cm de L\u00e1tex para una perfecta adaptaci\u00f3n. 4. Opci\u00f3n Visco Gel (Medium), n\u00facleo de Gel 5. Boatherm, fibra de Guata aislante t\u00e9rmico. 6. Texpun. Material aislante. 7. [&hellip;]","og_url":"https:\/\/macambients.com\/es\/product\/roma\/","og_site_name":"MAC - Ambients Singulars","article_modified_time":"2025-12-01T18:11:31+00:00","og_image":[{"width":1600,"height":1120,"url":"https:\/\/macambients.com\/wp-content\/uploads\/2024\/05\/Roma.jpg","type":"image\/jpeg"}],"twitter_card":"summary_large_image","twitter_misc":{"Tiempo de lectura":"1 minuto"},"schema":{"@context":"https:\/\/schema.org","@graph":[{"@type":"WebPage","@id":"https:\/\/macambients.com\/es\/product\/roma\/","url":"https:\/\/macambients.com\/es\/product\/roma\/","name":"ROMA - MAC - Ambients Singulars","isPartOf":{"@id":"https:\/\/macambients.com\/es\/#website"},"primaryImageOfPage":{"@id":"https:\/\/macambients.com\/es\/product\/roma\/#primaryimage"},"image":{"@id":"https:\/\/macambients.com\/es\/product\/roma\/#primaryimage"},"thumbnailUrl":"https:\/\/macambients.com\/wp-content\/uploads\/2024\/05\/Roma.jpg","datePublished":"2024-06-03T11:11:38+00:00","dateModified":"2025-12-01T18:11:31+00:00","breadcrumb":{"@id":"https:\/\/macambients.com\/es\/product\/roma\/#breadcrumb"},"inLanguage":"es","potentialAction":[{"@type":"ReadAction","target":["https:\/\/macambients.com\/es\/product\/roma\/"]}]},{"@type":"ImageObject","inLanguage":"es","@id":"https:\/\/macambients.com\/es\/product\/roma\/#primaryimage","url":"https:\/\/macambients.com\/wp-content\/uploads\/2024\/05\/Roma.jpg","contentUrl":"https:\/\/macambients.com\/wp-content\/uploads\/2024\/05\/Roma.jpg","width":1600,"height":1120},{"@type":"BreadcrumbList","@id":"https:\/\/macambients.com\/es\/product\/roma\/#breadcrumb","itemListElement":[{"@type":"ListItem","position":1,"name":"Home","item":"https:\/\/macambients.com\/es\/"},{"@type":"ListItem","position":2,"name":"Shop","item":"https:\/\/macambients.com\/es\/shop\/"},{"@type":"ListItem","position":3,"name":"ROMA"}]},{"@type":"WebSite","@id":"https:\/\/macambients.com\/es\/#website","url":"https:\/\/macambients.com\/es\/","name":"MAC - Ambients Singulars","description":"","publisher":{"@id":"https:\/\/macambients.com\/es\/#organization"},"potentialAction":[{"@type":"SearchAction","target":{"@type":"EntryPoint","urlTemplate":"https:\/\/macambients.com\/es\/?s={search_term_string}"},"query-input":"required name=search_term_string"}],"inLanguage":"es"},{"@type":"Organization","@id":"https:\/\/macambients.com\/es\/#organization","name":"MAC - Ambients Singulars","url":"https:\/\/macambients.com\/es\/","logo":{"@type":"ImageObject","inLanguage":"es","@id":"https:\/\/macambients.com\/es\/#\/schema\/logo\/image\/","url":"https:\/\/macambients.com\/wp-content\/uploads\/2022\/12\/logo.png","contentUrl":"https:\/\/macambients.com\/wp-content\/uploads\/2022\/12\/logo.png","width":270,"height":55,"caption":"MAC - Ambients Singulars"},"image":{"@id":"https:\/\/macambients.com\/es\/#\/schema\/logo\/image\/"}}]}},"_links":{"self":[{"href":"https:\/\/macambients.com\/es\/wp-json\/wp\/v2\/product\/49341"}],"collection":[{"href":"https:\/\/macambients.com\/es\/wp-json\/wp\/v2\/product"}],"about":[{"href":"https:\/\/macambients.com\/es\/wp-json\/wp\/v2\/types\/product"}],"wp:featuredmedia":[{"embeddable":true,"href":"https:\/\/macambients.com\/es\/wp-json\/wp\/v2\/media\/49711"}],"wp:attachment":[{"href":"https:\/\/macambients.com\/es\/wp-json\/wp\/v2\/media?parent=49341"}],"wp:term":[{"taxonomy":"product_cat","embeddable":true,"href":"https:\/\/macambients.com\/es\/wp-json\/wp\/v2\/product_cat?post=49341"},{"taxonomy":"product_tag","embeddable":true,"href":"https:\/\/macambients.com\/es\/wp-json\/wp\/v2\/product_tag?post=49341"}],"curies":[{"name":"wp","href":"https:\/\/api.w.org\/{rel}","templated":true}]}}