{"id":50662,"date":"2024-07-23T08:41:59","date_gmt":"2024-07-23T08:42:00","guid":{"rendered":"https:\/\/macambients.com\/?post_type=product&#038;p=50662"},"modified":"2025-06-20T09:58:31","modified_gmt":"2025-06-20T09:58:31","slug":"bahia-fijo-copia","status":"publish","type":"product","link":"https:\/\/macambients.com\/es\/product\/bahia-fijo-copia\/","title":{"rendered":"BAHIA RELAX 2 MOTORES"},"content":{"rendered":"<p>Amplio programa de sof\u00e1s de excelente calidad disponible en fijo y tambi\u00e9n con sistema de relajaci\u00f3n el\u00e9ctrico. La versi\u00f3n con chaiselongue dispone de arc\u00f3n. Almohadas del brazo y respaldo desenfundables.<\/p>\n<p>Pies met\u00e1licos color negro.<\/p>\n<p>Disponible en gran variedad de tama\u00f1os y colores.<\/p>\n<p>Precios indicados en tela de promoci\u00f3n.<\/p>\n<p><strong>TRANSPORTE Y MONTAJE INCLUIDOS EN EL PRECIO.<\/strong><\/p>\n","protected":false},"excerpt":{"rendered":"<p>Amplio programa de sof\u00e1s de excelente calidad disponible en fijo y tambi\u00e9n con sistema de relajaci\u00f3n el\u00e9ctrico. La versi\u00f3n con chaiselongue dispone de arc\u00f3n. Almohadas del brazo y respaldo desenfundables. Pies met\u00e1licos color negro. Disponible en gran variedad de tama\u00f1os y colores. Precios indicados en tela de promoci\u00f3n. TRANSPORTE Y MONTAJE INCLUIDOS EN EL PRECIO.<\/p>\n","protected":false},"featured_media":27699,"template":"","meta":{"_acf_changed":false,"_joinchat":[]},"product_cat":[661,728],"product_tag":[],"class_list":{"0":"post-50662","1":"product","2":"type-product","3":"status-publish","4":"has-post-thumbnail","6":"product_cat-sofas","7":"product_cat-composiciones-sofas","8":"pa_mida-sofa-sillon-relax-105-cm","9":"pa_mida-sofa-sofa-2-relax-electricos-182-cm","10":"pa_mida-sofa-sofa-2-relax-electricos-182","11":"pa_mida-sofa-sofa-2-relax-electricos-226","12":"pa_mida-sofa-sofa-chaiselongue-243-cm-es","13":"pa_mida-sofa-sofa-chaiselongue-273-cm-es","14":"pa_mida-sofa-sofa-chaiselongue-309-cm-es","15":"pa_sistemes-relaxacio-electric","17":"first","18":"instock","19":"taxable","20":"shipping-taxable","21":"purchasable","22":"product-type-variable"},"acf":[],"yoast_head":"<!-- This site is optimized with the Yoast SEO plugin v23.3 - https:\/\/yoast.com\/wordpress\/plugins\/seo\/ -->\n<title>BAHIA RELAX 2 MOTORES - MAC - Ambients Singulars<\/title>\n<meta name=\"robots\" content=\"index, follow, max-snippet:-1, max-image-preview:large, max-video-preview:-1\" \/>\n<link rel=\"canonical\" href=\"https:\/\/macambients.com\/es\/product\/bahia-fijo-copia\/\" \/>\n<meta property=\"og:locale\" content=\"es_ES\" \/>\n<meta property=\"og:type\" content=\"article\" \/>\n<meta property=\"og:title\" content=\"BAHIA RELAX 2 MOTORES - MAC - Ambients Singulars\" \/>\n<meta property=\"og:description\" content=\"Amplio programa de sof\u00e1s de excelente calidad disponible en fijo y tambi\u00e9n con sistema de relajaci\u00f3n el\u00e9ctrico. La versi\u00f3n con chaiselongue dispone de arc\u00f3n. Almohadas del brazo y respaldo desenfundables. Pies met\u00e1licos color negro. Disponible en gran variedad de tama\u00f1os y colores. Precios indicados en tela de promoci\u00f3n. TRANSPORTE Y MONTAJE INCLUIDOS EN EL PRECIO.\" \/>\n<meta property=\"og:url\" content=\"https:\/\/macambients.com\/es\/product\/bahia-fijo-copia\/\" \/>\n<meta property=\"og:site_name\" content=\"MAC - Ambients Singulars\" \/>\n<meta property=\"article:modified_time\" content=\"2025-06-20T09:58:31+00:00\" \/>\n<meta property=\"og:image\" content=\"https:\/\/macambients.com\/wp-content\/uploads\/2022\/12\/Torresol-Gadir-Chaise-1.jpg\" \/>\n\t<meta property=\"og:image:width\" content=\"800\" \/>\n\t<meta property=\"og:image:height\" content=\"560\" \/>\n\t<meta property=\"og:image:type\" content=\"image\/jpeg\" \/>\n<meta name=\"twitter:card\" content=\"summary_large_image\" \/>\n<meta name=\"twitter:label1\" content=\"Tiempo de lectura\" \/>\n\t<meta name=\"twitter:data1\" content=\"1 minuto\" \/>\n<script type=\"application\/ld+json\" class=\"yoast-schema-graph\">{\"@context\":\"https:\/\/schema.org\",\"@graph\":[{\"@type\":\"WebPage\",\"@id\":\"https:\/\/macambients.com\/es\/product\/bahia-fijo-copia\/\",\"url\":\"https:\/\/macambients.com\/es\/product\/bahia-fijo-copia\/\",\"name\":\"BAHIA RELAX 2 MOTORES - MAC - Ambients Singulars\",\"isPartOf\":{\"@id\":\"https:\/\/macambients.com\/es\/#website\"},\"primaryImageOfPage\":{\"@id\":\"https:\/\/macambients.com\/es\/product\/bahia-fijo-copia\/#primaryimage\"},\"image\":{\"@id\":\"https:\/\/macambients.com\/es\/product\/bahia-fijo-copia\/#primaryimage\"},\"thumbnailUrl\":\"https:\/\/macambients.com\/wp-content\/uploads\/2022\/12\/Torresol-Gadir-Chaise-1.jpg\",\"datePublished\":\"2024-07-23T08:42:00+00:00\",\"dateModified\":\"2025-06-20T09:58:31+00:00\",\"breadcrumb\":{\"@id\":\"https:\/\/macambients.com\/es\/product\/bahia-fijo-copia\/#breadcrumb\"},\"inLanguage\":\"es\",\"potentialAction\":[{\"@type\":\"ReadAction\",\"target\":[\"https:\/\/macambients.com\/es\/product\/bahia-fijo-copia\/\"]}]},{\"@type\":\"ImageObject\",\"inLanguage\":\"es\",\"@id\":\"https:\/\/macambients.com\/es\/product\/bahia-fijo-copia\/#primaryimage\",\"url\":\"https:\/\/macambients.com\/wp-content\/uploads\/2022\/12\/Torresol-Gadir-Chaise-1.jpg\",\"contentUrl\":\"https:\/\/macambients.com\/wp-content\/uploads\/2022\/12\/Torresol-Gadir-Chaise-1.jpg\",\"width\":800,\"height\":560},{\"@type\":\"BreadcrumbList\",\"@id\":\"https:\/\/macambients.com\/es\/product\/bahia-fijo-copia\/#breadcrumb\",\"itemListElement\":[{\"@type\":\"ListItem\",\"position\":1,\"name\":\"Home\",\"item\":\"https:\/\/macambients.com\/es\/\"},{\"@type\":\"ListItem\",\"position\":2,\"name\":\"Shop\",\"item\":\"https:\/\/macambients.com\/es\/shop\/\"},{\"@type\":\"ListItem\",\"position\":3,\"name\":\"BAHIA RELAX 2 MOTORES\"}]},{\"@type\":\"WebSite\",\"@id\":\"https:\/\/macambients.com\/es\/#website\",\"url\":\"https:\/\/macambients.com\/es\/\",\"name\":\"MAC - Ambients Singulars\",\"description\":\"\",\"publisher\":{\"@id\":\"https:\/\/macambients.com\/es\/#organization\"},\"potentialAction\":[{\"@type\":\"SearchAction\",\"target\":{\"@type\":\"EntryPoint\",\"urlTemplate\":\"https:\/\/macambients.com\/es\/?s={search_term_string}\"},\"query-input\":\"required name=search_term_string\"}],\"inLanguage\":\"es\"},{\"@type\":\"Organization\",\"@id\":\"https:\/\/macambients.com\/es\/#organization\",\"name\":\"MAC - Ambients Singulars\",\"url\":\"https:\/\/macambients.com\/es\/\",\"logo\":{\"@type\":\"ImageObject\",\"inLanguage\":\"es\",\"@id\":\"https:\/\/macambients.com\/es\/#\/schema\/logo\/image\/\",\"url\":\"https:\/\/macambients.com\/wp-content\/uploads\/2022\/12\/logo.png\",\"contentUrl\":\"https:\/\/macambients.com\/wp-content\/uploads\/2022\/12\/logo.png\",\"width\":270,\"height\":55,\"caption\":\"MAC - Ambients Singulars\"},\"image\":{\"@id\":\"https:\/\/macambients.com\/es\/#\/schema\/logo\/image\/\"}}]}<\/script>\n<!-- \/ Yoast SEO plugin. -->","yoast_head_json":{"title":"BAHIA RELAX 2 MOTORES - MAC - Ambients Singulars","robots":{"index":"index","follow":"follow","max-snippet":"max-snippet:-1","max-image-preview":"max-image-preview:large","max-video-preview":"max-video-preview:-1"},"canonical":"https:\/\/macambients.com\/es\/product\/bahia-fijo-copia\/","og_locale":"es_ES","og_type":"article","og_title":"BAHIA RELAX 2 MOTORES - MAC - Ambients Singulars","og_description":"Amplio programa de sof\u00e1s de excelente calidad disponible en fijo y tambi\u00e9n con sistema de relajaci\u00f3n el\u00e9ctrico. La versi\u00f3n con chaiselongue dispone de arc\u00f3n. Almohadas del brazo y respaldo desenfundables. Pies met\u00e1licos color negro. Disponible en gran variedad de tama\u00f1os y colores. Precios indicados en tela de promoci\u00f3n. TRANSPORTE Y MONTAJE INCLUIDOS EN EL PRECIO.","og_url":"https:\/\/macambients.com\/es\/product\/bahia-fijo-copia\/","og_site_name":"MAC - Ambients Singulars","article_modified_time":"2025-06-20T09:58:31+00:00","og_image":[{"width":800,"height":560,"url":"https:\/\/macambients.com\/wp-content\/uploads\/2022\/12\/Torresol-Gadir-Chaise-1.jpg","type":"image\/jpeg"}],"twitter_card":"summary_large_image","twitter_misc":{"Tiempo de lectura":"1 minuto"},"schema":{"@context":"https:\/\/schema.org","@graph":[{"@type":"WebPage","@id":"https:\/\/macambients.com\/es\/product\/bahia-fijo-copia\/","url":"https:\/\/macambients.com\/es\/product\/bahia-fijo-copia\/","name":"BAHIA RELAX 2 MOTORES - MAC - Ambients Singulars","isPartOf":{"@id":"https:\/\/macambients.com\/es\/#website"},"primaryImageOfPage":{"@id":"https:\/\/macambients.com\/es\/product\/bahia-fijo-copia\/#primaryimage"},"image":{"@id":"https:\/\/macambients.com\/es\/product\/bahia-fijo-copia\/#primaryimage"},"thumbnailUrl":"https:\/\/macambients.com\/wp-content\/uploads\/2022\/12\/Torresol-Gadir-Chaise-1.jpg","datePublished":"2024-07-23T08:42:00+00:00","dateModified":"2025-06-20T09:58:31+00:00","breadcrumb":{"@id":"https:\/\/macambients.com\/es\/product\/bahia-fijo-copia\/#breadcrumb"},"inLanguage":"es","potentialAction":[{"@type":"ReadAction","target":["https:\/\/macambients.com\/es\/product\/bahia-fijo-copia\/"]}]},{"@type":"ImageObject","inLanguage":"es","@id":"https:\/\/macambients.com\/es\/product\/bahia-fijo-copia\/#primaryimage","url":"https:\/\/macambients.com\/wp-content\/uploads\/2022\/12\/Torresol-Gadir-Chaise-1.jpg","contentUrl":"https:\/\/macambients.com\/wp-content\/uploads\/2022\/12\/Torresol-Gadir-Chaise-1.jpg","width":800,"height":560},{"@type":"BreadcrumbList","@id":"https:\/\/macambients.com\/es\/product\/bahia-fijo-copia\/#breadcrumb","itemListElement":[{"@type":"ListItem","position":1,"name":"Home","item":"https:\/\/macambients.com\/es\/"},{"@type":"ListItem","position":2,"name":"Shop","item":"https:\/\/macambients.com\/es\/shop\/"},{"@type":"ListItem","position":3,"name":"BAHIA RELAX 2 MOTORES"}]},{"@type":"WebSite","@id":"https:\/\/macambients.com\/es\/#website","url":"https:\/\/macambients.com\/es\/","name":"MAC - Ambients Singulars","description":"","publisher":{"@id":"https:\/\/macambients.com\/es\/#organization"},"potentialAction":[{"@type":"SearchAction","target":{"@type":"EntryPoint","urlTemplate":"https:\/\/macambients.com\/es\/?s={search_term_string}"},"query-input":"required name=search_term_string"}],"inLanguage":"es"},{"@type":"Organization","@id":"https:\/\/macambients.com\/es\/#organization","name":"MAC - Ambients Singulars","url":"https:\/\/macambients.com\/es\/","logo":{"@type":"ImageObject","inLanguage":"es","@id":"https:\/\/macambients.com\/es\/#\/schema\/logo\/image\/","url":"https:\/\/macambients.com\/wp-content\/uploads\/2022\/12\/logo.png","contentUrl":"https:\/\/macambients.com\/wp-content\/uploads\/2022\/12\/logo.png","width":270,"height":55,"caption":"MAC - Ambients Singulars"},"image":{"@id":"https:\/\/macambients.com\/es\/#\/schema\/logo\/image\/"}}]}},"_links":{"self":[{"href":"https:\/\/macambients.com\/es\/wp-json\/wp\/v2\/product\/50662"}],"collection":[{"href":"https:\/\/macambients.com\/es\/wp-json\/wp\/v2\/product"}],"about":[{"href":"https:\/\/macambients.com\/es\/wp-json\/wp\/v2\/types\/product"}],"wp:featuredmedia":[{"embeddable":true,"href":"https:\/\/macambients.com\/es\/wp-json\/wp\/v2\/media\/27699"}],"wp:attachment":[{"href":"https:\/\/macambients.com\/es\/wp-json\/wp\/v2\/media?parent=50662"}],"wp:term":[{"taxonomy":"product_cat","embeddable":true,"href":"https:\/\/macambients.com\/es\/wp-json\/wp\/v2\/product_cat?post=50662"},{"taxonomy":"product_tag","embeddable":true,"href":"https:\/\/macambients.com\/es\/wp-json\/wp\/v2\/product_tag?post=50662"}],"curies":[{"name":"wp","href":"https:\/\/api.w.org\/{rel}","templated":true}]}}