{"id":50986,"date":"2024-07-25T10:47:57","date_gmt":"2024-07-25T10:47:59","guid":{"rendered":"https:\/\/macambients.com\/?post_type=product&#038;p=50986"},"modified":"2025-06-20T09:04:46","modified_gmt":"2025-06-20T09:04:46","slug":"andraix-roll-86-deslizante-manual-copia","status":"publish","type":"product","link":"https:\/\/macambients.com\/es\/product\/andraix-roll-86-deslizante-manual-copia\/","title":{"rendered":"ANDRAIX ROLL"},"content":{"rendered":"<p>Colecci\u00f3n de sof\u00e1s con sistema deslizante en el suelo. Los mecanismos son de acero pintado epoxi. Asientos con espuma de viscoel\u00e1stica para dar mejor c\u00f3modo. Cabezales reclinables con mecanismos multi posicional. Originales pies de acero cromado.<\/p>\n<p>Disponible en m\u00faltiples tama\u00f1os y colores a elegir.<\/p>\n<p>Precios indicados con tela de promoci\u00f3n.<\/p>\n<p><strong>TRANSPORTE Y MONTAJE INCLUIDOS EN EL PRECIO.<\/strong><\/p>\n<p>&nbsp;<\/p>\n","protected":false},"excerpt":{"rendered":"<p>&nbsp;<\/p>\n<p>&nbsp;<\/p>\n","protected":false},"featured_media":25878,"template":"","meta":{"_acf_changed":false,"_joinchat":[]},"product_cat":[661,728],"product_tag":[],"class_list":{"0":"post-50986","1":"product","2":"type-product","3":"status-publish","4":"has-post-thumbnail","6":"product_cat-sofas","7":"product_cat-composiciones-sofas","8":"pa_mida-sofa-sillon-113-cm","9":"pa_mida-sofa-sofa-174-cm-es","10":"pa_mida-sofa-sofa-194-cm-es","11":"pa_mida-sofa-sofa-216-cm-es","12":"pa_mida-sofa-sofa-236-cm-es","13":"pa_mida-sofa-sofa-246-cm-es","14":"pa_mida-sofa-sofa-chaiselongue-266-cm-es","15":"pa_mida-sofa-sofa-chaiselongue-296-cm-es","16":"pa_mida-sofa-sofa-chaiselongue-326-cm-es","17":"pa_sistemes-lliscant-a-terra-manual","19":"first","20":"instock","21":"taxable","22":"shipping-taxable","23":"purchasable","24":"product-type-variable"},"acf":[],"yoast_head":"<!-- This site is optimized with the Yoast SEO plugin v23.3 - https:\/\/yoast.com\/wordpress\/plugins\/seo\/ -->\n<title>Sof\u00e1 ANDRAIX ROLL - MAC - Ambients Singulars<\/title>\n<meta name=\"description\" content=\"Colecci\u00f3n de sof\u00e1s deslizante en el suelo. Los mecanismos son de acero pintado epoxi. Asientos con espuma de viscoel\u00e1stica. Originales pies de acero.\" \/>\n<meta name=\"robots\" content=\"index, follow, max-snippet:-1, max-image-preview:large, max-video-preview:-1\" \/>\n<link rel=\"canonical\" href=\"https:\/\/macambients.com\/es\/product\/andraix-roll-86-deslizante-manual-copia\/\" \/>\n<meta property=\"og:locale\" content=\"es_ES\" \/>\n<meta property=\"og:type\" content=\"article\" \/>\n<meta property=\"og:title\" content=\"Sof\u00e1 ANDRAIX ROLL - MAC - Ambients Singulars\" \/>\n<meta property=\"og:description\" content=\"Colecci\u00f3n de sof\u00e1s deslizante en el suelo. Los mecanismos son de acero pintado epoxi. Asientos con espuma de viscoel\u00e1stica. Originales pies de acero.\" \/>\n<meta property=\"og:url\" content=\"https:\/\/macambients.com\/es\/product\/andraix-roll-86-deslizante-manual-copia\/\" \/>\n<meta property=\"og:site_name\" content=\"MAC - Ambients Singulars\" \/>\n<meta property=\"article:modified_time\" content=\"2025-06-20T09:04:46+00:00\" \/>\n<meta property=\"og:image\" content=\"https:\/\/macambients.com\/wp-content\/uploads\/2023\/01\/Albany-Roll.jpg\" \/>\n\t<meta property=\"og:image:width\" content=\"1600\" \/>\n\t<meta property=\"og:image:height\" content=\"1120\" \/>\n\t<meta property=\"og:image:type\" content=\"image\/jpeg\" \/>\n<meta name=\"twitter:card\" content=\"summary_large_image\" \/>\n<meta name=\"twitter:label1\" content=\"Tiempo de lectura\" \/>\n\t<meta name=\"twitter:data1\" content=\"1 minuto\" \/>\n<script type=\"application\/ld+json\" class=\"yoast-schema-graph\">{\"@context\":\"https:\/\/schema.org\",\"@graph\":[{\"@type\":\"WebPage\",\"@id\":\"https:\/\/macambients.com\/es\/product\/andraix-roll-86-deslizante-manual-copia\/\",\"url\":\"https:\/\/macambients.com\/es\/product\/andraix-roll-86-deslizante-manual-copia\/\",\"name\":\"Sof\u00e1 ANDRAIX ROLL - MAC - Ambients Singulars\",\"isPartOf\":{\"@id\":\"https:\/\/macambients.com\/es\/#website\"},\"primaryImageOfPage\":{\"@id\":\"https:\/\/macambients.com\/es\/product\/andraix-roll-86-deslizante-manual-copia\/#primaryimage\"},\"image\":{\"@id\":\"https:\/\/macambients.com\/es\/product\/andraix-roll-86-deslizante-manual-copia\/#primaryimage\"},\"thumbnailUrl\":\"https:\/\/macambients.com\/wp-content\/uploads\/2023\/01\/Albany-Roll.jpg\",\"datePublished\":\"2024-07-25T10:47:59+00:00\",\"dateModified\":\"2025-06-20T09:04:46+00:00\",\"description\":\"Colecci\u00f3n de sof\u00e1s deslizante en el suelo. Los mecanismos son de acero pintado epoxi. Asientos con espuma de viscoel\u00e1stica. Originales pies de acero.\",\"breadcrumb\":{\"@id\":\"https:\/\/macambients.com\/es\/product\/andraix-roll-86-deslizante-manual-copia\/#breadcrumb\"},\"inLanguage\":\"es\",\"potentialAction\":[{\"@type\":\"ReadAction\",\"target\":[\"https:\/\/macambients.com\/es\/product\/andraix-roll-86-deslizante-manual-copia\/\"]}]},{\"@type\":\"ImageObject\",\"inLanguage\":\"es\",\"@id\":\"https:\/\/macambients.com\/es\/product\/andraix-roll-86-deslizante-manual-copia\/#primaryimage\",\"url\":\"https:\/\/macambients.com\/wp-content\/uploads\/2023\/01\/Albany-Roll.jpg\",\"contentUrl\":\"https:\/\/macambients.com\/wp-content\/uploads\/2023\/01\/Albany-Roll.jpg\",\"width\":1600,\"height\":1120},{\"@type\":\"BreadcrumbList\",\"@id\":\"https:\/\/macambients.com\/es\/product\/andraix-roll-86-deslizante-manual-copia\/#breadcrumb\",\"itemListElement\":[{\"@type\":\"ListItem\",\"position\":1,\"name\":\"Home\",\"item\":\"https:\/\/macambients.com\/es\/\"},{\"@type\":\"ListItem\",\"position\":2,\"name\":\"Shop\",\"item\":\"https:\/\/macambients.com\/es\/shop\/\"},{\"@type\":\"ListItem\",\"position\":3,\"name\":\"ANDRAIX ROLL\"}]},{\"@type\":\"WebSite\",\"@id\":\"https:\/\/macambients.com\/es\/#website\",\"url\":\"https:\/\/macambients.com\/es\/\",\"name\":\"MAC - Ambients Singulars\",\"description\":\"\",\"publisher\":{\"@id\":\"https:\/\/macambients.com\/es\/#organization\"},\"potentialAction\":[{\"@type\":\"SearchAction\",\"target\":{\"@type\":\"EntryPoint\",\"urlTemplate\":\"https:\/\/macambients.com\/es\/?s={search_term_string}\"},\"query-input\":\"required name=search_term_string\"}],\"inLanguage\":\"es\"},{\"@type\":\"Organization\",\"@id\":\"https:\/\/macambients.com\/es\/#organization\",\"name\":\"MAC - Ambients Singulars\",\"url\":\"https:\/\/macambients.com\/es\/\",\"logo\":{\"@type\":\"ImageObject\",\"inLanguage\":\"es\",\"@id\":\"https:\/\/macambients.com\/es\/#\/schema\/logo\/image\/\",\"url\":\"https:\/\/macambients.com\/wp-content\/uploads\/2022\/12\/logo.png\",\"contentUrl\":\"https:\/\/macambients.com\/wp-content\/uploads\/2022\/12\/logo.png\",\"width\":270,\"height\":55,\"caption\":\"MAC - Ambients Singulars\"},\"image\":{\"@id\":\"https:\/\/macambients.com\/es\/#\/schema\/logo\/image\/\"}}]}<\/script>\n<!-- \/ Yoast SEO plugin. -->","yoast_head_json":{"title":"Sof\u00e1 ANDRAIX ROLL - MAC - Ambients Singulars","description":"Colecci\u00f3n de sof\u00e1s deslizante en el suelo. Los mecanismos son de acero pintado epoxi. Asientos con espuma de viscoel\u00e1stica. Originales pies de acero.","robots":{"index":"index","follow":"follow","max-snippet":"max-snippet:-1","max-image-preview":"max-image-preview:large","max-video-preview":"max-video-preview:-1"},"canonical":"https:\/\/macambients.com\/es\/product\/andraix-roll-86-deslizante-manual-copia\/","og_locale":"es_ES","og_type":"article","og_title":"Sof\u00e1 ANDRAIX ROLL - MAC - Ambients Singulars","og_description":"Colecci\u00f3n de sof\u00e1s deslizante en el suelo. Los mecanismos son de acero pintado epoxi. Asientos con espuma de viscoel\u00e1stica. Originales pies de acero.","og_url":"https:\/\/macambients.com\/es\/product\/andraix-roll-86-deslizante-manual-copia\/","og_site_name":"MAC - Ambients Singulars","article_modified_time":"2025-06-20T09:04:46+00:00","og_image":[{"width":1600,"height":1120,"url":"https:\/\/macambients.com\/wp-content\/uploads\/2023\/01\/Albany-Roll.jpg","type":"image\/jpeg"}],"twitter_card":"summary_large_image","twitter_misc":{"Tiempo de lectura":"1 minuto"},"schema":{"@context":"https:\/\/schema.org","@graph":[{"@type":"WebPage","@id":"https:\/\/macambients.com\/es\/product\/andraix-roll-86-deslizante-manual-copia\/","url":"https:\/\/macambients.com\/es\/product\/andraix-roll-86-deslizante-manual-copia\/","name":"Sof\u00e1 ANDRAIX ROLL - MAC - Ambients Singulars","isPartOf":{"@id":"https:\/\/macambients.com\/es\/#website"},"primaryImageOfPage":{"@id":"https:\/\/macambients.com\/es\/product\/andraix-roll-86-deslizante-manual-copia\/#primaryimage"},"image":{"@id":"https:\/\/macambients.com\/es\/product\/andraix-roll-86-deslizante-manual-copia\/#primaryimage"},"thumbnailUrl":"https:\/\/macambients.com\/wp-content\/uploads\/2023\/01\/Albany-Roll.jpg","datePublished":"2024-07-25T10:47:59+00:00","dateModified":"2025-06-20T09:04:46+00:00","description":"Colecci\u00f3n de sof\u00e1s deslizante en el suelo. Los mecanismos son de acero pintado epoxi. Asientos con espuma de viscoel\u00e1stica. Originales pies de acero.","breadcrumb":{"@id":"https:\/\/macambients.com\/es\/product\/andraix-roll-86-deslizante-manual-copia\/#breadcrumb"},"inLanguage":"es","potentialAction":[{"@type":"ReadAction","target":["https:\/\/macambients.com\/es\/product\/andraix-roll-86-deslizante-manual-copia\/"]}]},{"@type":"ImageObject","inLanguage":"es","@id":"https:\/\/macambients.com\/es\/product\/andraix-roll-86-deslizante-manual-copia\/#primaryimage","url":"https:\/\/macambients.com\/wp-content\/uploads\/2023\/01\/Albany-Roll.jpg","contentUrl":"https:\/\/macambients.com\/wp-content\/uploads\/2023\/01\/Albany-Roll.jpg","width":1600,"height":1120},{"@type":"BreadcrumbList","@id":"https:\/\/macambients.com\/es\/product\/andraix-roll-86-deslizante-manual-copia\/#breadcrumb","itemListElement":[{"@type":"ListItem","position":1,"name":"Home","item":"https:\/\/macambients.com\/es\/"},{"@type":"ListItem","position":2,"name":"Shop","item":"https:\/\/macambients.com\/es\/shop\/"},{"@type":"ListItem","position":3,"name":"ANDRAIX ROLL"}]},{"@type":"WebSite","@id":"https:\/\/macambients.com\/es\/#website","url":"https:\/\/macambients.com\/es\/","name":"MAC - Ambients Singulars","description":"","publisher":{"@id":"https:\/\/macambients.com\/es\/#organization"},"potentialAction":[{"@type":"SearchAction","target":{"@type":"EntryPoint","urlTemplate":"https:\/\/macambients.com\/es\/?s={search_term_string}"},"query-input":"required name=search_term_string"}],"inLanguage":"es"},{"@type":"Organization","@id":"https:\/\/macambients.com\/es\/#organization","name":"MAC - Ambients Singulars","url":"https:\/\/macambients.com\/es\/","logo":{"@type":"ImageObject","inLanguage":"es","@id":"https:\/\/macambients.com\/es\/#\/schema\/logo\/image\/","url":"https:\/\/macambients.com\/wp-content\/uploads\/2022\/12\/logo.png","contentUrl":"https:\/\/macambients.com\/wp-content\/uploads\/2022\/12\/logo.png","width":270,"height":55,"caption":"MAC - Ambients Singulars"},"image":{"@id":"https:\/\/macambients.com\/es\/#\/schema\/logo\/image\/"}}]}},"_links":{"self":[{"href":"https:\/\/macambients.com\/es\/wp-json\/wp\/v2\/product\/50986"}],"collection":[{"href":"https:\/\/macambients.com\/es\/wp-json\/wp\/v2\/product"}],"about":[{"href":"https:\/\/macambients.com\/es\/wp-json\/wp\/v2\/types\/product"}],"wp:featuredmedia":[{"embeddable":true,"href":"https:\/\/macambients.com\/es\/wp-json\/wp\/v2\/media\/25878"}],"wp:attachment":[{"href":"https:\/\/macambients.com\/es\/wp-json\/wp\/v2\/media?parent=50986"}],"wp:term":[{"taxonomy":"product_cat","embeddable":true,"href":"https:\/\/macambients.com\/es\/wp-json\/wp\/v2\/product_cat?post=50986"},{"taxonomy":"product_tag","embeddable":true,"href":"https:\/\/macambients.com\/es\/wp-json\/wp\/v2\/product_tag?post=50986"}],"curies":[{"name":"wp","href":"https:\/\/api.w.org\/{rel}","templated":true}]}}