{"id":51184,"date":"2024-07-30T10:44:09","date_gmt":"2024-07-30T10:44:09","guid":{"rendered":"https:\/\/macambients.com\/product\/dubino-lliscant-manual\/"},"modified":"2026-04-28T10:41:03","modified_gmt":"2026-04-28T10:41:03","slug":"dubino-lliscant-manual","status":"publish","type":"product","link":"https:\/\/macambients.com\/es\/product\/dubino-lliscant-manual\/","title":{"rendered":"DUBINO"},"content":{"rendered":"<p>Sof\u00e1 con sistema deslizante con bandeja de arrastre manual que permite desplazamiento \u00fanicamente sentados, quedando el respaldo fijo. El m\u00f3dulo chaiselongue es fijo o deslizante manual, con ba\u00fal y opci\u00f3n de motor disponible. Las botoneras situadas en el brazo recto de la chaiselongue con opci\u00f3n el\u00e9ctrica incluyen USB (en la opci\u00f3n brazo almohada ba\u00fal).<\/p>\n<p>Opci\u00f3n de motor en la chaiselongue, 170\u20ac. Precios indicados con tela de promoci\u00f3n.<\/p>\n<p>Disponible en varios colores, tama\u00f1os y acabados.<\/p>\n<p><strong>TRANSPORTE Y MONTAJE INCLUIDOS EN EL PRECIO.<\/strong><\/p>\n","protected":false},"excerpt":{"rendered":"<p>Sof\u00e1 con sistema deslizante con bandeja de arrastre manual que permite desplazamiento \u00fanicamente sentados, quedando el respaldo fijo. El m\u00f3dulo chaiselongue es fijo o deslizante manual, con ba\u00fal y opci\u00f3n de motor disponible. Las botoneras situadas en el brazo recto de la chaiselongue con opci\u00f3n el\u00e9ctrica incluyen USB (en la opci\u00f3n brazo almohada ba\u00fal). Opci\u00f3n [&hellip;]<\/p>\n","protected":false},"featured_media":51112,"template":"","meta":{"_acf_changed":false,"_joinchat":[]},"product_cat":[661,728],"product_tag":[],"class_list":{"0":"post-51184","1":"product","2":"type-product","3":"status-publish","4":"has-post-thumbnail","6":"product_cat-sofas","7":"product_cat-composiciones-sofas","8":"pa_mida-sofa-sofa-160-cm-es","9":"pa_mida-sofa-sofa-160-cm-estructura-unica-es","10":"pa_mida-sofa-sofa-180-cm-es","11":"pa_mida-sofa-sofa-180-cm-estructura-unica-es","12":"pa_mida-sofa-sofa-200-cm-estructura-unica-es","13":"pa_mida-sofa-sofa-240-cm-es","14":"pa_mida-sofa-sofa-280-cm-es","15":"pa_mida-sofa-sofa-3pl-220-cm-es","16":"pa_mida-sofa-sofa-3pl-250-cm-es","17":"pa_mida-sofa-sofa-3pl-280-cm-es","18":"pa_mida-sofa-sofa-deslizante-manual-con-chaiselongue-deslizante-con-arcon-250-cm","19":"pa_mida-sofa-sofa-deslizante-manual-con-chaiselongue-deslizante-con-arcon-280-cm","20":"pa_mida-sofa-sofa-deslizante-manual-con-chaiselongue-fija-250-cm","21":"pa_mida-sofa-sofa-deslizante-manual-con-chaiselongue-fija-280-cm","22":"pa_mida-sofa-sofa-200-cm-es-2","23":"pa_sistemes-lliscant-a-terra-manual","25":"first","26":"instock","27":"taxable","28":"shipping-taxable","29":"purchasable","30":"product-type-variable"},"acf":[],"yoast_head":"<!-- This site is optimized with the Yoast SEO plugin v23.3 - https:\/\/yoast.com\/wordpress\/plugins\/seo\/ -->\n<title>DUBINO - MAC - Ambients Singulars<\/title>\n<meta name=\"robots\" content=\"index, follow, max-snippet:-1, max-image-preview:large, max-video-preview:-1\" \/>\n<link rel=\"canonical\" href=\"https:\/\/macambients.com\/es\/product\/dubino-lliscant-manual\/\" \/>\n<meta property=\"og:locale\" content=\"es_ES\" \/>\n<meta property=\"og:type\" content=\"article\" \/>\n<meta property=\"og:title\" content=\"DUBINO - MAC - Ambients Singulars\" \/>\n<meta property=\"og:description\" content=\"Sof\u00e1 con sistema deslizante con bandeja de arrastre manual que permite desplazamiento \u00fanicamente sentados, quedando el respaldo fijo. El m\u00f3dulo chaiselongue es fijo o deslizante manual, con ba\u00fal y opci\u00f3n de motor disponible. Las botoneras situadas en el brazo recto de la chaiselongue con opci\u00f3n el\u00e9ctrica incluyen USB (en la opci\u00f3n brazo almohada ba\u00fal). Opci\u00f3n [&hellip;]\" \/>\n<meta property=\"og:url\" content=\"https:\/\/macambients.com\/es\/product\/dubino-lliscant-manual\/\" \/>\n<meta property=\"og:site_name\" content=\"MAC - Ambients Singulars\" \/>\n<meta property=\"article:modified_time\" content=\"2026-04-28T10:41:03+00:00\" \/>\n<meta property=\"og:image\" content=\"https:\/\/macambients.com\/wp-content\/uploads\/2024\/07\/Acomodel_Dubino_Antia-2.jpg\" \/>\n\t<meta property=\"og:image:width\" content=\"1600\" \/>\n\t<meta property=\"og:image:height\" content=\"1120\" \/>\n\t<meta property=\"og:image:type\" content=\"image\/jpeg\" \/>\n<meta name=\"twitter:card\" content=\"summary_large_image\" \/>\n<meta name=\"twitter:label1\" content=\"Tiempo de lectura\" \/>\n\t<meta name=\"twitter:data1\" content=\"1 minuto\" \/>\n<script type=\"application\/ld+json\" class=\"yoast-schema-graph\">{\"@context\":\"https:\/\/schema.org\",\"@graph\":[{\"@type\":\"WebPage\",\"@id\":\"https:\/\/macambients.com\/es\/product\/dubino-lliscant-manual\/\",\"url\":\"https:\/\/macambients.com\/es\/product\/dubino-lliscant-manual\/\",\"name\":\"DUBINO - MAC - Ambients Singulars\",\"isPartOf\":{\"@id\":\"https:\/\/macambients.com\/es\/#website\"},\"primaryImageOfPage\":{\"@id\":\"https:\/\/macambients.com\/es\/product\/dubino-lliscant-manual\/#primaryimage\"},\"image\":{\"@id\":\"https:\/\/macambients.com\/es\/product\/dubino-lliscant-manual\/#primaryimage\"},\"thumbnailUrl\":\"https:\/\/macambients.com\/wp-content\/uploads\/2024\/07\/Acomodel_Dubino_Antia-2.jpg\",\"datePublished\":\"2024-07-30T10:44:09+00:00\",\"dateModified\":\"2026-04-28T10:41:03+00:00\",\"breadcrumb\":{\"@id\":\"https:\/\/macambients.com\/es\/product\/dubino-lliscant-manual\/#breadcrumb\"},\"inLanguage\":\"es\",\"potentialAction\":[{\"@type\":\"ReadAction\",\"target\":[\"https:\/\/macambients.com\/es\/product\/dubino-lliscant-manual\/\"]}]},{\"@type\":\"ImageObject\",\"inLanguage\":\"es\",\"@id\":\"https:\/\/macambients.com\/es\/product\/dubino-lliscant-manual\/#primaryimage\",\"url\":\"https:\/\/macambients.com\/wp-content\/uploads\/2024\/07\/Acomodel_Dubino_Antia-2.jpg\",\"contentUrl\":\"https:\/\/macambients.com\/wp-content\/uploads\/2024\/07\/Acomodel_Dubino_Antia-2.jpg\",\"width\":1600,\"height\":1120},{\"@type\":\"BreadcrumbList\",\"@id\":\"https:\/\/macambients.com\/es\/product\/dubino-lliscant-manual\/#breadcrumb\",\"itemListElement\":[{\"@type\":\"ListItem\",\"position\":1,\"name\":\"Home\",\"item\":\"https:\/\/macambients.com\/es\/\"},{\"@type\":\"ListItem\",\"position\":2,\"name\":\"Shop\",\"item\":\"https:\/\/macambients.com\/es\/shop\/\"},{\"@type\":\"ListItem\",\"position\":3,\"name\":\"DUBINO\"}]},{\"@type\":\"WebSite\",\"@id\":\"https:\/\/macambients.com\/es\/#website\",\"url\":\"https:\/\/macambients.com\/es\/\",\"name\":\"MAC - Ambients Singulars\",\"description\":\"\",\"publisher\":{\"@id\":\"https:\/\/macambients.com\/es\/#organization\"},\"potentialAction\":[{\"@type\":\"SearchAction\",\"target\":{\"@type\":\"EntryPoint\",\"urlTemplate\":\"https:\/\/macambients.com\/es\/?s={search_term_string}\"},\"query-input\":\"required name=search_term_string\"}],\"inLanguage\":\"es\"},{\"@type\":\"Organization\",\"@id\":\"https:\/\/macambients.com\/es\/#organization\",\"name\":\"MAC - Ambients Singulars\",\"url\":\"https:\/\/macambients.com\/es\/\",\"logo\":{\"@type\":\"ImageObject\",\"inLanguage\":\"es\",\"@id\":\"https:\/\/macambients.com\/es\/#\/schema\/logo\/image\/\",\"url\":\"https:\/\/macambients.com\/wp-content\/uploads\/2022\/12\/logo.png\",\"contentUrl\":\"https:\/\/macambients.com\/wp-content\/uploads\/2022\/12\/logo.png\",\"width\":270,\"height\":55,\"caption\":\"MAC - Ambients Singulars\"},\"image\":{\"@id\":\"https:\/\/macambients.com\/es\/#\/schema\/logo\/image\/\"}}]}<\/script>\n<!-- \/ Yoast SEO plugin. -->","yoast_head_json":{"title":"DUBINO - MAC - Ambients Singulars","robots":{"index":"index","follow":"follow","max-snippet":"max-snippet:-1","max-image-preview":"max-image-preview:large","max-video-preview":"max-video-preview:-1"},"canonical":"https:\/\/macambients.com\/es\/product\/dubino-lliscant-manual\/","og_locale":"es_ES","og_type":"article","og_title":"DUBINO - MAC - Ambients Singulars","og_description":"Sof\u00e1 con sistema deslizante con bandeja de arrastre manual que permite desplazamiento \u00fanicamente sentados, quedando el respaldo fijo. El m\u00f3dulo chaiselongue es fijo o deslizante manual, con ba\u00fal y opci\u00f3n de motor disponible. Las botoneras situadas en el brazo recto de la chaiselongue con opci\u00f3n el\u00e9ctrica incluyen USB (en la opci\u00f3n brazo almohada ba\u00fal). Opci\u00f3n [&hellip;]","og_url":"https:\/\/macambients.com\/es\/product\/dubino-lliscant-manual\/","og_site_name":"MAC - Ambients Singulars","article_modified_time":"2026-04-28T10:41:03+00:00","og_image":[{"width":1600,"height":1120,"url":"https:\/\/macambients.com\/wp-content\/uploads\/2024\/07\/Acomodel_Dubino_Antia-2.jpg","type":"image\/jpeg"}],"twitter_card":"summary_large_image","twitter_misc":{"Tiempo de lectura":"1 minuto"},"schema":{"@context":"https:\/\/schema.org","@graph":[{"@type":"WebPage","@id":"https:\/\/macambients.com\/es\/product\/dubino-lliscant-manual\/","url":"https:\/\/macambients.com\/es\/product\/dubino-lliscant-manual\/","name":"DUBINO - MAC - Ambients Singulars","isPartOf":{"@id":"https:\/\/macambients.com\/es\/#website"},"primaryImageOfPage":{"@id":"https:\/\/macambients.com\/es\/product\/dubino-lliscant-manual\/#primaryimage"},"image":{"@id":"https:\/\/macambients.com\/es\/product\/dubino-lliscant-manual\/#primaryimage"},"thumbnailUrl":"https:\/\/macambients.com\/wp-content\/uploads\/2024\/07\/Acomodel_Dubino_Antia-2.jpg","datePublished":"2024-07-30T10:44:09+00:00","dateModified":"2026-04-28T10:41:03+00:00","breadcrumb":{"@id":"https:\/\/macambients.com\/es\/product\/dubino-lliscant-manual\/#breadcrumb"},"inLanguage":"es","potentialAction":[{"@type":"ReadAction","target":["https:\/\/macambients.com\/es\/product\/dubino-lliscant-manual\/"]}]},{"@type":"ImageObject","inLanguage":"es","@id":"https:\/\/macambients.com\/es\/product\/dubino-lliscant-manual\/#primaryimage","url":"https:\/\/macambients.com\/wp-content\/uploads\/2024\/07\/Acomodel_Dubino_Antia-2.jpg","contentUrl":"https:\/\/macambients.com\/wp-content\/uploads\/2024\/07\/Acomodel_Dubino_Antia-2.jpg","width":1600,"height":1120},{"@type":"BreadcrumbList","@id":"https:\/\/macambients.com\/es\/product\/dubino-lliscant-manual\/#breadcrumb","itemListElement":[{"@type":"ListItem","position":1,"name":"Home","item":"https:\/\/macambients.com\/es\/"},{"@type":"ListItem","position":2,"name":"Shop","item":"https:\/\/macambients.com\/es\/shop\/"},{"@type":"ListItem","position":3,"name":"DUBINO"}]},{"@type":"WebSite","@id":"https:\/\/macambients.com\/es\/#website","url":"https:\/\/macambients.com\/es\/","name":"MAC - Ambients Singulars","description":"","publisher":{"@id":"https:\/\/macambients.com\/es\/#organization"},"potentialAction":[{"@type":"SearchAction","target":{"@type":"EntryPoint","urlTemplate":"https:\/\/macambients.com\/es\/?s={search_term_string}"},"query-input":"required name=search_term_string"}],"inLanguage":"es"},{"@type":"Organization","@id":"https:\/\/macambients.com\/es\/#organization","name":"MAC - Ambients Singulars","url":"https:\/\/macambients.com\/es\/","logo":{"@type":"ImageObject","inLanguage":"es","@id":"https:\/\/macambients.com\/es\/#\/schema\/logo\/image\/","url":"https:\/\/macambients.com\/wp-content\/uploads\/2022\/12\/logo.png","contentUrl":"https:\/\/macambients.com\/wp-content\/uploads\/2022\/12\/logo.png","width":270,"height":55,"caption":"MAC - Ambients Singulars"},"image":{"@id":"https:\/\/macambients.com\/es\/#\/schema\/logo\/image\/"}}]}},"_links":{"self":[{"href":"https:\/\/macambients.com\/es\/wp-json\/wp\/v2\/product\/51184"}],"collection":[{"href":"https:\/\/macambients.com\/es\/wp-json\/wp\/v2\/product"}],"about":[{"href":"https:\/\/macambients.com\/es\/wp-json\/wp\/v2\/types\/product"}],"wp:featuredmedia":[{"embeddable":true,"href":"https:\/\/macambients.com\/es\/wp-json\/wp\/v2\/media\/51112"}],"wp:attachment":[{"href":"https:\/\/macambients.com\/es\/wp-json\/wp\/v2\/media?parent=51184"}],"wp:term":[{"taxonomy":"product_cat","embeddable":true,"href":"https:\/\/macambients.com\/es\/wp-json\/wp\/v2\/product_cat?post=51184"},{"taxonomy":"product_tag","embeddable":true,"href":"https:\/\/macambients.com\/es\/wp-json\/wp\/v2\/product_tag?post=51184"}],"curies":[{"name":"wp","href":"https:\/\/api.w.org\/{rel}","templated":true}]}}