{"id":51203,"date":"2024-07-30T11:21:17","date_gmt":"2024-07-30T11:23:27","guid":{"rendered":"https:\/\/macambients.com\/?post_type=product&#038;p=51203"},"modified":"2024-07-30T11:23:28","modified_gmt":"2024-07-30T11:23:28","slug":"bellagio-relax-electrico","status":"publish","type":"product","link":"https:\/\/macambients.com\/es\/product\/bellagio-relax-electrico\/","title":{"rendered":"BELLAGIO RELAX EL\u00c9CTRICO"},"content":{"rendered":"<p>Sof\u00e1 con opci\u00f3n de sistema fijo o de relajaci\u00f3n el\u00e9ctrica. Asientos en espuma de poliuretano de 45 Kg \u00abHiperflex\u00bb, cabezales desenfundables en espuma de poliuretano de 25 Kg super suave, y patas met\u00e1licas de 12 cm de altura, ideal para robot limpiador.<\/p>\n<p>Disponible en varios colores, tama\u00f1os y acabados. Precio indicado con ropa de promoci\u00f3n.<\/p>\n<p><strong>TRANSPORTE Y MONTAJE INCLUIDOS EN EL PRECIO.<\/strong><\/p>\n","protected":false},"excerpt":{"rendered":"<p>Sof\u00e1 con opci\u00f3n de sistema fijo o de relajaci\u00f3n el\u00e9ctrica. Asientos en espuma de poliuretano de 45 Kg \u00abHiperflex\u00bb, cabezales desenfundables en espuma de poliuretano de 25 Kg super suave, y patas met\u00e1licas de 12 cm de altura, ideal para robot limpiador. Disponible en varios colores, tama\u00f1os y acabados. Precio indicado con ropa de promoci\u00f3n. [&hellip;]<\/p>\n","protected":false},"featured_media":51133,"template":"","meta":{"_acf_changed":false,"_joinchat":[]},"product_cat":[661,728],"product_tag":[],"class_list":{"0":"post-51203","1":"product","2":"type-product","3":"status-publish","4":"has-post-thumbnail","6":"product_cat-sofas","7":"product_cat-composiciones-sofas","8":"pa_mida-sofa-sofa-chaiselongue-281-cm-es","9":"pa_mida-sofa-sofa-chaiselongue-301-cm-es","10":"pa_mida-sofa-sillon-62-cm-es","11":"pa_mida-sofa-sillon-78-cm-es","12":"pa_mida-sofa-sofa-62-cm-es","13":"pa_mida-sofa-sofa-78-cm-es","14":"pa_mida-sofa-sofa-88-cm-es","15":"pa_mida-sofa-sofa-con-chaiselongue-249-cm","16":"pa_mida-sofa-sofa-rinconero-261-cm","17":"pa_mida-sofa-sofa-rinconero-293-cm","18":"pa_mida-sofa-sofa-rinconero-313-cm","19":"pa_mida-sofa-sofa-rinconero-con-chaiselongue-249-cm","20":"pa_mida-sofa-sofa-rinconero-con-chaiselongue-281-cm","21":"pa_mida-sofa-sofa-rinconero-con-chaiselongue-301-cm","22":"pa_sistemes-relaxacio-electric","24":"first","25":"instock","26":"taxable","27":"shipping-taxable","28":"purchasable","29":"product-type-variable"},"acf":[],"yoast_head":"<!-- This site is optimized with the Yoast SEO plugin v23.3 - https:\/\/yoast.com\/wordpress\/plugins\/seo\/ -->\n<title>BELLAGIO RELAX EL\u00c9CTRICO - MAC - Ambients Singulars<\/title>\n<meta name=\"robots\" content=\"index, follow, max-snippet:-1, max-image-preview:large, max-video-preview:-1\" \/>\n<link rel=\"canonical\" href=\"https:\/\/macambients.com\/es\/product\/bellagio-relax-electrico\/\" \/>\n<meta property=\"og:locale\" content=\"es_ES\" \/>\n<meta property=\"og:type\" content=\"article\" \/>\n<meta property=\"og:title\" content=\"BELLAGIO RELAX EL\u00c9CTRICO - MAC - Ambients Singulars\" \/>\n<meta property=\"og:description\" content=\"Sof\u00e1 con opci\u00f3n de sistema fijo o de relajaci\u00f3n el\u00e9ctrica. Asientos en espuma de poliuretano de 45 Kg \u00abHiperflex\u00bb, cabezales desenfundables en espuma de poliuretano de 25 Kg super suave, y patas met\u00e1licas de 12 cm de altura, ideal para robot limpiador. Disponible en varios colores, tama\u00f1os y acabados. Precio indicado con ropa de promoci\u00f3n. [&hellip;]\" \/>\n<meta property=\"og:url\" content=\"https:\/\/macambients.com\/es\/product\/bellagio-relax-electrico\/\" \/>\n<meta property=\"og:site_name\" content=\"MAC - Ambients Singulars\" \/>\n<meta property=\"article:modified_time\" content=\"2024-07-30T11:23:28+00:00\" \/>\n<meta property=\"og:image\" content=\"https:\/\/macambients.com\/wp-content\/uploads\/2024\/07\/Mayor_Bellagio_Akua-2.jpg\" \/>\n\t<meta property=\"og:image:width\" content=\"1600\" \/>\n\t<meta property=\"og:image:height\" content=\"1120\" \/>\n\t<meta property=\"og:image:type\" content=\"image\/jpeg\" \/>\n<meta name=\"twitter:card\" content=\"summary_large_image\" \/>\n<meta name=\"twitter:label1\" content=\"Tiempo de lectura\" \/>\n\t<meta name=\"twitter:data1\" content=\"1 minuto\" \/>\n<script type=\"application\/ld+json\" class=\"yoast-schema-graph\">{\"@context\":\"https:\/\/schema.org\",\"@graph\":[{\"@type\":\"WebPage\",\"@id\":\"https:\/\/macambients.com\/es\/product\/bellagio-relax-electrico\/\",\"url\":\"https:\/\/macambients.com\/es\/product\/bellagio-relax-electrico\/\",\"name\":\"BELLAGIO RELAX EL\u00c9CTRICO - MAC - Ambients Singulars\",\"isPartOf\":{\"@id\":\"https:\/\/macambients.com\/es\/#website\"},\"primaryImageOfPage\":{\"@id\":\"https:\/\/macambients.com\/es\/product\/bellagio-relax-electrico\/#primaryimage\"},\"image\":{\"@id\":\"https:\/\/macambients.com\/es\/product\/bellagio-relax-electrico\/#primaryimage\"},\"thumbnailUrl\":\"https:\/\/macambients.com\/wp-content\/uploads\/2024\/07\/Mayor_Bellagio_Akua-2.jpg\",\"datePublished\":\"2024-07-30T11:23:27+00:00\",\"dateModified\":\"2024-07-30T11:23:28+00:00\",\"breadcrumb\":{\"@id\":\"https:\/\/macambients.com\/es\/product\/bellagio-relax-electrico\/#breadcrumb\"},\"inLanguage\":\"es\",\"potentialAction\":[{\"@type\":\"ReadAction\",\"target\":[\"https:\/\/macambients.com\/es\/product\/bellagio-relax-electrico\/\"]}]},{\"@type\":\"ImageObject\",\"inLanguage\":\"es\",\"@id\":\"https:\/\/macambients.com\/es\/product\/bellagio-relax-electrico\/#primaryimage\",\"url\":\"https:\/\/macambients.com\/wp-content\/uploads\/2024\/07\/Mayor_Bellagio_Akua-2.jpg\",\"contentUrl\":\"https:\/\/macambients.com\/wp-content\/uploads\/2024\/07\/Mayor_Bellagio_Akua-2.jpg\",\"width\":1600,\"height\":1120},{\"@type\":\"BreadcrumbList\",\"@id\":\"https:\/\/macambients.com\/es\/product\/bellagio-relax-electrico\/#breadcrumb\",\"itemListElement\":[{\"@type\":\"ListItem\",\"position\":1,\"name\":\"Home\",\"item\":\"https:\/\/macambients.com\/es\/\"},{\"@type\":\"ListItem\",\"position\":2,\"name\":\"Shop\",\"item\":\"https:\/\/macambients.com\/es\/shop\/\"},{\"@type\":\"ListItem\",\"position\":3,\"name\":\"BELLAGIO RELAX EL\u00c9CTRICO\"}]},{\"@type\":\"WebSite\",\"@id\":\"https:\/\/macambients.com\/es\/#website\",\"url\":\"https:\/\/macambients.com\/es\/\",\"name\":\"MAC - Ambients Singulars\",\"description\":\"\",\"publisher\":{\"@id\":\"https:\/\/macambients.com\/es\/#organization\"},\"potentialAction\":[{\"@type\":\"SearchAction\",\"target\":{\"@type\":\"EntryPoint\",\"urlTemplate\":\"https:\/\/macambients.com\/es\/?s={search_term_string}\"},\"query-input\":\"required name=search_term_string\"}],\"inLanguage\":\"es\"},{\"@type\":\"Organization\",\"@id\":\"https:\/\/macambients.com\/es\/#organization\",\"name\":\"MAC - Ambients Singulars\",\"url\":\"https:\/\/macambients.com\/es\/\",\"logo\":{\"@type\":\"ImageObject\",\"inLanguage\":\"es\",\"@id\":\"https:\/\/macambients.com\/es\/#\/schema\/logo\/image\/\",\"url\":\"https:\/\/macambients.com\/wp-content\/uploads\/2022\/12\/logo.png\",\"contentUrl\":\"https:\/\/macambients.com\/wp-content\/uploads\/2022\/12\/logo.png\",\"width\":270,\"height\":55,\"caption\":\"MAC - Ambients Singulars\"},\"image\":{\"@id\":\"https:\/\/macambients.com\/es\/#\/schema\/logo\/image\/\"}}]}<\/script>\n<!-- \/ Yoast SEO plugin. -->","yoast_head_json":{"title":"BELLAGIO RELAX EL\u00c9CTRICO - MAC - Ambients Singulars","robots":{"index":"index","follow":"follow","max-snippet":"max-snippet:-1","max-image-preview":"max-image-preview:large","max-video-preview":"max-video-preview:-1"},"canonical":"https:\/\/macambients.com\/es\/product\/bellagio-relax-electrico\/","og_locale":"es_ES","og_type":"article","og_title":"BELLAGIO RELAX EL\u00c9CTRICO - MAC - Ambients Singulars","og_description":"Sof\u00e1 con opci\u00f3n de sistema fijo o de relajaci\u00f3n el\u00e9ctrica. Asientos en espuma de poliuretano de 45 Kg \u00abHiperflex\u00bb, cabezales desenfundables en espuma de poliuretano de 25 Kg super suave, y patas met\u00e1licas de 12 cm de altura, ideal para robot limpiador. Disponible en varios colores, tama\u00f1os y acabados. Precio indicado con ropa de promoci\u00f3n. [&hellip;]","og_url":"https:\/\/macambients.com\/es\/product\/bellagio-relax-electrico\/","og_site_name":"MAC - Ambients Singulars","article_modified_time":"2024-07-30T11:23:28+00:00","og_image":[{"width":1600,"height":1120,"url":"https:\/\/macambients.com\/wp-content\/uploads\/2024\/07\/Mayor_Bellagio_Akua-2.jpg","type":"image\/jpeg"}],"twitter_card":"summary_large_image","twitter_misc":{"Tiempo de lectura":"1 minuto"},"schema":{"@context":"https:\/\/schema.org","@graph":[{"@type":"WebPage","@id":"https:\/\/macambients.com\/es\/product\/bellagio-relax-electrico\/","url":"https:\/\/macambients.com\/es\/product\/bellagio-relax-electrico\/","name":"BELLAGIO RELAX EL\u00c9CTRICO - MAC - Ambients Singulars","isPartOf":{"@id":"https:\/\/macambients.com\/es\/#website"},"primaryImageOfPage":{"@id":"https:\/\/macambients.com\/es\/product\/bellagio-relax-electrico\/#primaryimage"},"image":{"@id":"https:\/\/macambients.com\/es\/product\/bellagio-relax-electrico\/#primaryimage"},"thumbnailUrl":"https:\/\/macambients.com\/wp-content\/uploads\/2024\/07\/Mayor_Bellagio_Akua-2.jpg","datePublished":"2024-07-30T11:23:27+00:00","dateModified":"2024-07-30T11:23:28+00:00","breadcrumb":{"@id":"https:\/\/macambients.com\/es\/product\/bellagio-relax-electrico\/#breadcrumb"},"inLanguage":"es","potentialAction":[{"@type":"ReadAction","target":["https:\/\/macambients.com\/es\/product\/bellagio-relax-electrico\/"]}]},{"@type":"ImageObject","inLanguage":"es","@id":"https:\/\/macambients.com\/es\/product\/bellagio-relax-electrico\/#primaryimage","url":"https:\/\/macambients.com\/wp-content\/uploads\/2024\/07\/Mayor_Bellagio_Akua-2.jpg","contentUrl":"https:\/\/macambients.com\/wp-content\/uploads\/2024\/07\/Mayor_Bellagio_Akua-2.jpg","width":1600,"height":1120},{"@type":"BreadcrumbList","@id":"https:\/\/macambients.com\/es\/product\/bellagio-relax-electrico\/#breadcrumb","itemListElement":[{"@type":"ListItem","position":1,"name":"Home","item":"https:\/\/macambients.com\/es\/"},{"@type":"ListItem","position":2,"name":"Shop","item":"https:\/\/macambients.com\/es\/shop\/"},{"@type":"ListItem","position":3,"name":"BELLAGIO RELAX EL\u00c9CTRICO"}]},{"@type":"WebSite","@id":"https:\/\/macambients.com\/es\/#website","url":"https:\/\/macambients.com\/es\/","name":"MAC - Ambients Singulars","description":"","publisher":{"@id":"https:\/\/macambients.com\/es\/#organization"},"potentialAction":[{"@type":"SearchAction","target":{"@type":"EntryPoint","urlTemplate":"https:\/\/macambients.com\/es\/?s={search_term_string}"},"query-input":"required name=search_term_string"}],"inLanguage":"es"},{"@type":"Organization","@id":"https:\/\/macambients.com\/es\/#organization","name":"MAC - Ambients Singulars","url":"https:\/\/macambients.com\/es\/","logo":{"@type":"ImageObject","inLanguage":"es","@id":"https:\/\/macambients.com\/es\/#\/schema\/logo\/image\/","url":"https:\/\/macambients.com\/wp-content\/uploads\/2022\/12\/logo.png","contentUrl":"https:\/\/macambients.com\/wp-content\/uploads\/2022\/12\/logo.png","width":270,"height":55,"caption":"MAC - Ambients Singulars"},"image":{"@id":"https:\/\/macambients.com\/es\/#\/schema\/logo\/image\/"}}]}},"_links":{"self":[{"href":"https:\/\/macambients.com\/es\/wp-json\/wp\/v2\/product\/51203"}],"collection":[{"href":"https:\/\/macambients.com\/es\/wp-json\/wp\/v2\/product"}],"about":[{"href":"https:\/\/macambients.com\/es\/wp-json\/wp\/v2\/types\/product"}],"wp:featuredmedia":[{"embeddable":true,"href":"https:\/\/macambients.com\/es\/wp-json\/wp\/v2\/media\/51133"}],"wp:attachment":[{"href":"https:\/\/macambients.com\/es\/wp-json\/wp\/v2\/media?parent=51203"}],"wp:term":[{"taxonomy":"product_cat","embeddable":true,"href":"https:\/\/macambients.com\/es\/wp-json\/wp\/v2\/product_cat?post=51203"},{"taxonomy":"product_tag","embeddable":true,"href":"https:\/\/macambients.com\/es\/wp-json\/wp\/v2\/product_tag?post=51203"}],"curies":[{"name":"wp","href":"https:\/\/api.w.org\/{rel}","templated":true}]}}