{"id":51636,"date":"2024-09-17T11:25:44","date_gmt":"2024-09-17T11:25:44","guid":{"rendered":"https:\/\/macambients.com\/product\/varenna-25\/"},"modified":"2024-09-17T11:26:43","modified_gmt":"2024-09-17T11:26:43","slug":"varenna-25","status":"publish","type":"product","link":"https:\/\/macambients.com\/es\/product\/varenna-25\/","title":{"rendered":"VARENNA-25"},"content":{"rendered":"<p>Composici\u00f3n de comedor de 500 cm formado por un mueble TV de pared con cajones y un m\u00f3dulo vitrina de pared con puertas elevables de aluminio.<\/p>\n<p>En la foto en color NORA y GRAFENO.<\/p>\n<p>&nbsp;<\/p>\n<p>Opcional: composici\u00f3n de mesas de centro cuadradas con agujeros decorativos asim\u00e9tricos de 80x80x35 cm, 258\u20ac, y de 90x90x35 cm, 305\u20ac.<\/p>\n<p>&nbsp;<\/p>\n<p>Disponible en gran variedad de colores, tama\u00f1os y acabados.<\/p>\n<p><strong>TRANSPORTE Y MONTAJE INCLUIDOS EN EL PRECIO.<\/strong><\/p>\n","protected":false},"excerpt":{"rendered":"<p>Composici\u00f3n de comedor de 500 cm formado por un mueble TV de pared con cajones y un m\u00f3dulo vitrina de pared con puertas elevables de aluminio. En la foto en color NORA y GRAFENO. &nbsp; Opcional: composici\u00f3n de mesas de centro cuadradas con agujeros decorativos asim\u00e9tricos de 80x80x35 cm, 258\u20ac, y de 90x90x35 cm, 305\u20ac. [&hellip;]<\/p>\n","protected":false},"featured_media":51493,"template":"","meta":{"_acf_changed":false,"_joinchat":[]},"product_cat":[654,4249,655,658,4252,666],"product_tag":[],"class_list":{"0":"post-51636","1":"product","2":"type-product","3":"status-publish","4":"has-post-thumbnail","6":"product_cat-comedores","7":"product_cat-coleccion-varenna-comedores","8":"product_cat-bufets","9":"product_cat-composiciones-comedores","10":"product_cat-coleccion-varenna","11":"product_cat-muebles-tv","13":"first","14":"instock","15":"taxable","16":"shipping-taxable","17":"purchasable","18":"product-type-simple"},"acf":[],"yoast_head":"<!-- This site is optimized with the Yoast SEO plugin v23.3 - https:\/\/yoast.com\/wordpress\/plugins\/seo\/ -->\n<title>VARENNA-25 - MAC - Ambients Singulars<\/title>\n<meta name=\"robots\" content=\"index, follow, max-snippet:-1, max-image-preview:large, max-video-preview:-1\" \/>\n<link rel=\"canonical\" href=\"https:\/\/macambients.com\/es\/product\/varenna-25\/\" \/>\n<meta property=\"og:locale\" content=\"es_ES\" \/>\n<meta property=\"og:type\" content=\"article\" \/>\n<meta property=\"og:title\" content=\"VARENNA-25 - MAC - Ambients Singulars\" \/>\n<meta property=\"og:description\" content=\"Composici\u00f3n de comedor de 500 cm formado por un mueble TV de pared con cajones y un m\u00f3dulo vitrina de pared con puertas elevables de aluminio. En la foto en color NORA y GRAFENO. &nbsp; Opcional: composici\u00f3n de mesas de centro cuadradas con agujeros decorativos asim\u00e9tricos de 80x80x35 cm, 258\u20ac, y de 90x90x35 cm, 305\u20ac. [&hellip;]\" \/>\n<meta property=\"og:url\" content=\"https:\/\/macambients.com\/es\/product\/varenna-25\/\" \/>\n<meta property=\"og:site_name\" content=\"MAC - Ambients Singulars\" \/>\n<meta property=\"article:modified_time\" content=\"2024-09-17T11:26:43+00:00\" \/>\n<meta property=\"og:image\" content=\"https:\/\/macambients.com\/wp-content\/uploads\/2024\/07\/Varenna-25.jpg\" \/>\n\t<meta property=\"og:image:width\" content=\"1600\" \/>\n\t<meta property=\"og:image:height\" content=\"1120\" \/>\n\t<meta property=\"og:image:type\" content=\"image\/jpeg\" \/>\n<meta name=\"twitter:card\" content=\"summary_large_image\" \/>\n<meta name=\"twitter:label1\" content=\"Tiempo de lectura\" \/>\n\t<meta name=\"twitter:data1\" content=\"1 minuto\" \/>\n<script type=\"application\/ld+json\" class=\"yoast-schema-graph\">{\"@context\":\"https:\/\/schema.org\",\"@graph\":[{\"@type\":\"WebPage\",\"@id\":\"https:\/\/macambients.com\/es\/product\/varenna-25\/\",\"url\":\"https:\/\/macambients.com\/es\/product\/varenna-25\/\",\"name\":\"VARENNA-25 - MAC - Ambients Singulars\",\"isPartOf\":{\"@id\":\"https:\/\/macambients.com\/es\/#website\"},\"primaryImageOfPage\":{\"@id\":\"https:\/\/macambients.com\/es\/product\/varenna-25\/#primaryimage\"},\"image\":{\"@id\":\"https:\/\/macambients.com\/es\/product\/varenna-25\/#primaryimage\"},\"thumbnailUrl\":\"https:\/\/macambients.com\/wp-content\/uploads\/2024\/07\/Varenna-25.jpg\",\"datePublished\":\"2024-09-17T11:25:44+00:00\",\"dateModified\":\"2024-09-17T11:26:43+00:00\",\"breadcrumb\":{\"@id\":\"https:\/\/macambients.com\/es\/product\/varenna-25\/#breadcrumb\"},\"inLanguage\":\"es\",\"potentialAction\":[{\"@type\":\"ReadAction\",\"target\":[\"https:\/\/macambients.com\/es\/product\/varenna-25\/\"]}]},{\"@type\":\"ImageObject\",\"inLanguage\":\"es\",\"@id\":\"https:\/\/macambients.com\/es\/product\/varenna-25\/#primaryimage\",\"url\":\"https:\/\/macambients.com\/wp-content\/uploads\/2024\/07\/Varenna-25.jpg\",\"contentUrl\":\"https:\/\/macambients.com\/wp-content\/uploads\/2024\/07\/Varenna-25.jpg\",\"width\":1600,\"height\":1120},{\"@type\":\"BreadcrumbList\",\"@id\":\"https:\/\/macambients.com\/es\/product\/varenna-25\/#breadcrumb\",\"itemListElement\":[{\"@type\":\"ListItem\",\"position\":1,\"name\":\"Home\",\"item\":\"https:\/\/macambients.com\/es\/\"},{\"@type\":\"ListItem\",\"position\":2,\"name\":\"Shop\",\"item\":\"https:\/\/macambients.com\/es\/shop\/\"},{\"@type\":\"ListItem\",\"position\":3,\"name\":\"VARENNA-25\"}]},{\"@type\":\"WebSite\",\"@id\":\"https:\/\/macambients.com\/es\/#website\",\"url\":\"https:\/\/macambients.com\/es\/\",\"name\":\"MAC - Ambients Singulars\",\"description\":\"\",\"publisher\":{\"@id\":\"https:\/\/macambients.com\/es\/#organization\"},\"potentialAction\":[{\"@type\":\"SearchAction\",\"target\":{\"@type\":\"EntryPoint\",\"urlTemplate\":\"https:\/\/macambients.com\/es\/?s={search_term_string}\"},\"query-input\":\"required name=search_term_string\"}],\"inLanguage\":\"es\"},{\"@type\":\"Organization\",\"@id\":\"https:\/\/macambients.com\/es\/#organization\",\"name\":\"MAC - Ambients Singulars\",\"url\":\"https:\/\/macambients.com\/es\/\",\"logo\":{\"@type\":\"ImageObject\",\"inLanguage\":\"es\",\"@id\":\"https:\/\/macambients.com\/es\/#\/schema\/logo\/image\/\",\"url\":\"https:\/\/macambients.com\/wp-content\/uploads\/2022\/12\/logo.png\",\"contentUrl\":\"https:\/\/macambients.com\/wp-content\/uploads\/2022\/12\/logo.png\",\"width\":270,\"height\":55,\"caption\":\"MAC - Ambients Singulars\"},\"image\":{\"@id\":\"https:\/\/macambients.com\/es\/#\/schema\/logo\/image\/\"}}]}<\/script>\n<!-- \/ Yoast SEO plugin. -->","yoast_head_json":{"title":"VARENNA-25 - MAC - Ambients Singulars","robots":{"index":"index","follow":"follow","max-snippet":"max-snippet:-1","max-image-preview":"max-image-preview:large","max-video-preview":"max-video-preview:-1"},"canonical":"https:\/\/macambients.com\/es\/product\/varenna-25\/","og_locale":"es_ES","og_type":"article","og_title":"VARENNA-25 - MAC - Ambients Singulars","og_description":"Composici\u00f3n de comedor de 500 cm formado por un mueble TV de pared con cajones y un m\u00f3dulo vitrina de pared con puertas elevables de aluminio. En la foto en color NORA y GRAFENO. &nbsp; Opcional: composici\u00f3n de mesas de centro cuadradas con agujeros decorativos asim\u00e9tricos de 80x80x35 cm, 258\u20ac, y de 90x90x35 cm, 305\u20ac. [&hellip;]","og_url":"https:\/\/macambients.com\/es\/product\/varenna-25\/","og_site_name":"MAC - Ambients Singulars","article_modified_time":"2024-09-17T11:26:43+00:00","og_image":[{"width":1600,"height":1120,"url":"https:\/\/macambients.com\/wp-content\/uploads\/2024\/07\/Varenna-25.jpg","type":"image\/jpeg"}],"twitter_card":"summary_large_image","twitter_misc":{"Tiempo de lectura":"1 minuto"},"schema":{"@context":"https:\/\/schema.org","@graph":[{"@type":"WebPage","@id":"https:\/\/macambients.com\/es\/product\/varenna-25\/","url":"https:\/\/macambients.com\/es\/product\/varenna-25\/","name":"VARENNA-25 - MAC - Ambients Singulars","isPartOf":{"@id":"https:\/\/macambients.com\/es\/#website"},"primaryImageOfPage":{"@id":"https:\/\/macambients.com\/es\/product\/varenna-25\/#primaryimage"},"image":{"@id":"https:\/\/macambients.com\/es\/product\/varenna-25\/#primaryimage"},"thumbnailUrl":"https:\/\/macambients.com\/wp-content\/uploads\/2024\/07\/Varenna-25.jpg","datePublished":"2024-09-17T11:25:44+00:00","dateModified":"2024-09-17T11:26:43+00:00","breadcrumb":{"@id":"https:\/\/macambients.com\/es\/product\/varenna-25\/#breadcrumb"},"inLanguage":"es","potentialAction":[{"@type":"ReadAction","target":["https:\/\/macambients.com\/es\/product\/varenna-25\/"]}]},{"@type":"ImageObject","inLanguage":"es","@id":"https:\/\/macambients.com\/es\/product\/varenna-25\/#primaryimage","url":"https:\/\/macambients.com\/wp-content\/uploads\/2024\/07\/Varenna-25.jpg","contentUrl":"https:\/\/macambients.com\/wp-content\/uploads\/2024\/07\/Varenna-25.jpg","width":1600,"height":1120},{"@type":"BreadcrumbList","@id":"https:\/\/macambients.com\/es\/product\/varenna-25\/#breadcrumb","itemListElement":[{"@type":"ListItem","position":1,"name":"Home","item":"https:\/\/macambients.com\/es\/"},{"@type":"ListItem","position":2,"name":"Shop","item":"https:\/\/macambients.com\/es\/shop\/"},{"@type":"ListItem","position":3,"name":"VARENNA-25"}]},{"@type":"WebSite","@id":"https:\/\/macambients.com\/es\/#website","url":"https:\/\/macambients.com\/es\/","name":"MAC - Ambients Singulars","description":"","publisher":{"@id":"https:\/\/macambients.com\/es\/#organization"},"potentialAction":[{"@type":"SearchAction","target":{"@type":"EntryPoint","urlTemplate":"https:\/\/macambients.com\/es\/?s={search_term_string}"},"query-input":"required name=search_term_string"}],"inLanguage":"es"},{"@type":"Organization","@id":"https:\/\/macambients.com\/es\/#organization","name":"MAC - Ambients Singulars","url":"https:\/\/macambients.com\/es\/","logo":{"@type":"ImageObject","inLanguage":"es","@id":"https:\/\/macambients.com\/es\/#\/schema\/logo\/image\/","url":"https:\/\/macambients.com\/wp-content\/uploads\/2022\/12\/logo.png","contentUrl":"https:\/\/macambients.com\/wp-content\/uploads\/2022\/12\/logo.png","width":270,"height":55,"caption":"MAC - Ambients Singulars"},"image":{"@id":"https:\/\/macambients.com\/es\/#\/schema\/logo\/image\/"}}]}},"_links":{"self":[{"href":"https:\/\/macambients.com\/es\/wp-json\/wp\/v2\/product\/51636"}],"collection":[{"href":"https:\/\/macambients.com\/es\/wp-json\/wp\/v2\/product"}],"about":[{"href":"https:\/\/macambients.com\/es\/wp-json\/wp\/v2\/types\/product"}],"wp:featuredmedia":[{"embeddable":true,"href":"https:\/\/macambients.com\/es\/wp-json\/wp\/v2\/media\/51493"}],"wp:attachment":[{"href":"https:\/\/macambients.com\/es\/wp-json\/wp\/v2\/media?parent=51636"}],"wp:term":[{"taxonomy":"product_cat","embeddable":true,"href":"https:\/\/macambients.com\/es\/wp-json\/wp\/v2\/product_cat?post=51636"},{"taxonomy":"product_tag","embeddable":true,"href":"https:\/\/macambients.com\/es\/wp-json\/wp\/v2\/product_tag?post=51636"}],"curies":[{"name":"wp","href":"https:\/\/api.w.org\/{rel}","templated":true}]}}