{"id":53320,"date":"2024-11-26T09:24:19","date_gmt":"2024-11-26T09:24:19","guid":{"rendered":"https:\/\/macambients.com\/?post_type=product&#038;p=53320"},"modified":"2024-11-29T10:07:26","modified_gmt":"2024-11-29T10:07:26","slug":"theia","status":"publish","type":"product","link":"https:\/\/macambients.com\/es\/product\/theia\/","title":{"rendered":"THEIA"},"content":{"rendered":"<p><strong><span style=\"color: #333399;\">Edred\u00f3n N\u00f3rdico<\/span><\/strong><\/p>\n<p><span style=\"color: #333399;\">Relleno innovador: 300 g\/m2 de fibra hueca siliconada de Dacron.<\/span><\/p>\n<p><span style=\"color: #333399;\">Transpirable y fresco: Absorbe el vapor de agua del cuerpo durante la noche y lo evapora r\u00e1pidamente.<\/span><\/p>\n<p><span style=\"color: #333399;\">Tacto excepcional: Tejido 100% poli\u00e9ster microfibra con acabado piel de melocot\u00f3n, suave y agradable.<\/span><\/p>\n<p><span style=\"color: #333399;\">Hipoalerg\u00e9nico: anti\u00e1caros, antibacterias y antihongos.<\/span><\/p>\n<p><span style=\"color: #333399;\">F\u00e1cil de cuidar: Lavable y de f\u00e1cil mantenimiento, ideal para el d\u00eda a d\u00eda.<\/span><\/p>\n<p><span style=\"color: #333399;\">Densidades disponibles: Escoge entre 3 opciones para adaptarlo a tus necesidades.<\/span><\/p>\n<p><strong><span style=\"color: #333399;\">\u00a1Confort y sostenibilidad a tu alcance con el edred\u00f3n Theia!<\/span><\/strong><\/p>\n<p>&nbsp;<\/p>\n<p><strong>ENV\u00cdO Y ENTREGA<\/strong><\/p>\n<p><strong>ENV\u00cdO GRATIS A TODO EL TERRITORIO PENINSULAR<\/strong><\/p>\n<p><strong>TIEMPO DE ENTREGA: DE 5 A 10 D\u00cdAS LABORABLES<\/strong><\/p>\n<p><strong>OPCIONES DE FINANCIACI\u00d3N ONLINE<\/strong><\/p>\n<p><strong>PUEDES FINANCIAR ESTA COMPRA ONLINE SI ELIGERES LA FORMA DE PAGO KLARNA\u00a0en el momento de la compra. Podr\u00e1s pagarlo en tres plazos.<\/strong><\/p>\n<p>&nbsp;<\/p>\n","protected":false},"excerpt":{"rendered":"<p>Edred\u00f3n N\u00f3rdico Relleno innovador: 300 g\/m2 de fibra hueca siliconada de Dacron. Transpirable y fresco: Absorbe el vapor de agua del cuerpo durante la noche y lo evapora r\u00e1pidamente. Tacto excepcional: Tejido 100% poli\u00e9ster microfibra con acabado piel de melocot\u00f3n, suave y agradable. Hipoalerg\u00e9nico: anti\u00e1caros, antibacterias y antihongos. F\u00e1cil de cuidar: Lavable y de f\u00e1cil [&hellip;]<\/p>\n","protected":false},"featured_media":53374,"template":"","meta":{"_acf_changed":false,"_joinchat":[]},"product_cat":[616,650],"product_tag":[],"class_list":{"0":"post-53320","1":"product","2":"type-product","3":"status-publish","4":"has-post-thumbnail","6":"product_cat-complementos","7":"product_cat-edredon-nordico","8":"pa_gramage-150gr-m2","9":"pa_gramage-250gr-m2","10":"pa_gramage-400gr-m2","11":"pa_medida-edredon-150x220","12":"pa_medida-edredon-180x220","13":"pa_medida-edredon-220x220","14":"pa_medida-edredon-240x220","15":"pa_medida-edredon-120x100-es","16":"pa_medida-edredon-260x240-es","17":"pa_medida-edredon-280x240-es","19":"first","20":"instock","21":"sale","22":"taxable","23":"shipping-taxable","24":"purchasable","25":"product-type-variable"},"acf":[],"yoast_head":"<!-- This site is optimized with the Yoast SEO plugin v23.3 - https:\/\/yoast.com\/wordpress\/plugins\/seo\/ -->\n<title>THEIA - MAC - Ambients Singulars<\/title>\n<meta name=\"description\" content=\"Edred\u00f3 n\u00f2rdic. Farcit de 25% fibra Lyocell + 75% fibra poli\u00e8ster Ergotex. Teixit 100% poli\u00e8ster microfibra.\" \/>\n<meta name=\"robots\" content=\"index, follow, max-snippet:-1, max-image-preview:large, max-video-preview:-1\" \/>\n<link rel=\"canonical\" href=\"https:\/\/macambients.com\/es\/product\/theia\/\" \/>\n<meta property=\"og:locale\" content=\"es_ES\" \/>\n<meta property=\"og:type\" content=\"article\" \/>\n<meta property=\"og:title\" content=\"THEIA - MAC - Ambients Singulars\" \/>\n<meta property=\"og:description\" content=\"Edred\u00f3 n\u00f2rdic. Farcit de 25% fibra Lyocell + 75% fibra poli\u00e8ster Ergotex. Teixit 100% poli\u00e8ster microfibra.\" \/>\n<meta property=\"og:url\" content=\"https:\/\/macambients.com\/es\/product\/theia\/\" \/>\n<meta property=\"og:site_name\" content=\"MAC - Ambients Singulars\" \/>\n<meta property=\"article:modified_time\" content=\"2024-11-29T10:07:26+00:00\" \/>\n<meta property=\"og:image\" content=\"https:\/\/macambients.com\/wp-content\/uploads\/2024\/11\/Theia-Nordic.jpg\" \/>\n\t<meta property=\"og:image:width\" content=\"1600\" \/>\n\t<meta property=\"og:image:height\" content=\"1120\" \/>\n\t<meta property=\"og:image:type\" content=\"image\/jpeg\" \/>\n<meta name=\"twitter:card\" content=\"summary_large_image\" \/>\n<meta name=\"twitter:label1\" content=\"Tiempo de lectura\" \/>\n\t<meta name=\"twitter:data1\" content=\"1 minuto\" \/>\n<script type=\"application\/ld+json\" class=\"yoast-schema-graph\">{\"@context\":\"https:\/\/schema.org\",\"@graph\":[{\"@type\":\"WebPage\",\"@id\":\"https:\/\/macambients.com\/es\/product\/theia\/\",\"url\":\"https:\/\/macambients.com\/es\/product\/theia\/\",\"name\":\"THEIA - MAC - Ambients Singulars\",\"isPartOf\":{\"@id\":\"https:\/\/macambients.com\/es\/#website\"},\"primaryImageOfPage\":{\"@id\":\"https:\/\/macambients.com\/es\/product\/theia\/#primaryimage\"},\"image\":{\"@id\":\"https:\/\/macambients.com\/es\/product\/theia\/#primaryimage\"},\"thumbnailUrl\":\"https:\/\/macambients.com\/wp-content\/uploads\/2024\/11\/Theia-Nordic.jpg\",\"datePublished\":\"2024-11-26T09:24:19+00:00\",\"dateModified\":\"2024-11-29T10:07:26+00:00\",\"description\":\"Edred\u00f3 n\u00f2rdic. Farcit de 25% fibra Lyocell + 75% fibra poli\u00e8ster Ergotex. Teixit 100% poli\u00e8ster microfibra.\",\"breadcrumb\":{\"@id\":\"https:\/\/macambients.com\/es\/product\/theia\/#breadcrumb\"},\"inLanguage\":\"es\",\"potentialAction\":[{\"@type\":\"ReadAction\",\"target\":[\"https:\/\/macambients.com\/es\/product\/theia\/\"]}]},{\"@type\":\"ImageObject\",\"inLanguage\":\"es\",\"@id\":\"https:\/\/macambients.com\/es\/product\/theia\/#primaryimage\",\"url\":\"https:\/\/macambients.com\/wp-content\/uploads\/2024\/11\/Theia-Nordic.jpg\",\"contentUrl\":\"https:\/\/macambients.com\/wp-content\/uploads\/2024\/11\/Theia-Nordic.jpg\",\"width\":1600,\"height\":1120},{\"@type\":\"BreadcrumbList\",\"@id\":\"https:\/\/macambients.com\/es\/product\/theia\/#breadcrumb\",\"itemListElement\":[{\"@type\":\"ListItem\",\"position\":1,\"name\":\"Home\",\"item\":\"https:\/\/macambients.com\/es\/\"},{\"@type\":\"ListItem\",\"position\":2,\"name\":\"Shop\",\"item\":\"https:\/\/macambients.com\/es\/shop\/\"},{\"@type\":\"ListItem\",\"position\":3,\"name\":\"THEIA\"}]},{\"@type\":\"WebSite\",\"@id\":\"https:\/\/macambients.com\/es\/#website\",\"url\":\"https:\/\/macambients.com\/es\/\",\"name\":\"MAC - Ambients Singulars\",\"description\":\"\",\"publisher\":{\"@id\":\"https:\/\/macambients.com\/es\/#organization\"},\"potentialAction\":[{\"@type\":\"SearchAction\",\"target\":{\"@type\":\"EntryPoint\",\"urlTemplate\":\"https:\/\/macambients.com\/es\/?s={search_term_string}\"},\"query-input\":\"required name=search_term_string\"}],\"inLanguage\":\"es\"},{\"@type\":\"Organization\",\"@id\":\"https:\/\/macambients.com\/es\/#organization\",\"name\":\"MAC - Ambients Singulars\",\"url\":\"https:\/\/macambients.com\/es\/\",\"logo\":{\"@type\":\"ImageObject\",\"inLanguage\":\"es\",\"@id\":\"https:\/\/macambients.com\/es\/#\/schema\/logo\/image\/\",\"url\":\"https:\/\/macambients.com\/wp-content\/uploads\/2022\/12\/logo.png\",\"contentUrl\":\"https:\/\/macambients.com\/wp-content\/uploads\/2022\/12\/logo.png\",\"width\":270,\"height\":55,\"caption\":\"MAC - Ambients Singulars\"},\"image\":{\"@id\":\"https:\/\/macambients.com\/es\/#\/schema\/logo\/image\/\"}}]}<\/script>\n<!-- \/ Yoast SEO plugin. -->","yoast_head_json":{"title":"THEIA - MAC - Ambients Singulars","description":"Edred\u00f3 n\u00f2rdic. Farcit de 25% fibra Lyocell + 75% fibra poli\u00e8ster Ergotex. Teixit 100% poli\u00e8ster microfibra.","robots":{"index":"index","follow":"follow","max-snippet":"max-snippet:-1","max-image-preview":"max-image-preview:large","max-video-preview":"max-video-preview:-1"},"canonical":"https:\/\/macambients.com\/es\/product\/theia\/","og_locale":"es_ES","og_type":"article","og_title":"THEIA - MAC - Ambients Singulars","og_description":"Edred\u00f3 n\u00f2rdic. Farcit de 25% fibra Lyocell + 75% fibra poli\u00e8ster Ergotex. Teixit 100% poli\u00e8ster microfibra.","og_url":"https:\/\/macambients.com\/es\/product\/theia\/","og_site_name":"MAC - Ambients Singulars","article_modified_time":"2024-11-29T10:07:26+00:00","og_image":[{"width":1600,"height":1120,"url":"https:\/\/macambients.com\/wp-content\/uploads\/2024\/11\/Theia-Nordic.jpg","type":"image\/jpeg"}],"twitter_card":"summary_large_image","twitter_misc":{"Tiempo de lectura":"1 minuto"},"schema":{"@context":"https:\/\/schema.org","@graph":[{"@type":"WebPage","@id":"https:\/\/macambients.com\/es\/product\/theia\/","url":"https:\/\/macambients.com\/es\/product\/theia\/","name":"THEIA - MAC - Ambients Singulars","isPartOf":{"@id":"https:\/\/macambients.com\/es\/#website"},"primaryImageOfPage":{"@id":"https:\/\/macambients.com\/es\/product\/theia\/#primaryimage"},"image":{"@id":"https:\/\/macambients.com\/es\/product\/theia\/#primaryimage"},"thumbnailUrl":"https:\/\/macambients.com\/wp-content\/uploads\/2024\/11\/Theia-Nordic.jpg","datePublished":"2024-11-26T09:24:19+00:00","dateModified":"2024-11-29T10:07:26+00:00","description":"Edred\u00f3 n\u00f2rdic. Farcit de 25% fibra Lyocell + 75% fibra poli\u00e8ster Ergotex. Teixit 100% poli\u00e8ster microfibra.","breadcrumb":{"@id":"https:\/\/macambients.com\/es\/product\/theia\/#breadcrumb"},"inLanguage":"es","potentialAction":[{"@type":"ReadAction","target":["https:\/\/macambients.com\/es\/product\/theia\/"]}]},{"@type":"ImageObject","inLanguage":"es","@id":"https:\/\/macambients.com\/es\/product\/theia\/#primaryimage","url":"https:\/\/macambients.com\/wp-content\/uploads\/2024\/11\/Theia-Nordic.jpg","contentUrl":"https:\/\/macambients.com\/wp-content\/uploads\/2024\/11\/Theia-Nordic.jpg","width":1600,"height":1120},{"@type":"BreadcrumbList","@id":"https:\/\/macambients.com\/es\/product\/theia\/#breadcrumb","itemListElement":[{"@type":"ListItem","position":1,"name":"Home","item":"https:\/\/macambients.com\/es\/"},{"@type":"ListItem","position":2,"name":"Shop","item":"https:\/\/macambients.com\/es\/shop\/"},{"@type":"ListItem","position":3,"name":"THEIA"}]},{"@type":"WebSite","@id":"https:\/\/macambients.com\/es\/#website","url":"https:\/\/macambients.com\/es\/","name":"MAC - Ambients Singulars","description":"","publisher":{"@id":"https:\/\/macambients.com\/es\/#organization"},"potentialAction":[{"@type":"SearchAction","target":{"@type":"EntryPoint","urlTemplate":"https:\/\/macambients.com\/es\/?s={search_term_string}"},"query-input":"required name=search_term_string"}],"inLanguage":"es"},{"@type":"Organization","@id":"https:\/\/macambients.com\/es\/#organization","name":"MAC - Ambients Singulars","url":"https:\/\/macambients.com\/es\/","logo":{"@type":"ImageObject","inLanguage":"es","@id":"https:\/\/macambients.com\/es\/#\/schema\/logo\/image\/","url":"https:\/\/macambients.com\/wp-content\/uploads\/2022\/12\/logo.png","contentUrl":"https:\/\/macambients.com\/wp-content\/uploads\/2022\/12\/logo.png","width":270,"height":55,"caption":"MAC - Ambients Singulars"},"image":{"@id":"https:\/\/macambients.com\/es\/#\/schema\/logo\/image\/"}}]}},"_links":{"self":[{"href":"https:\/\/macambients.com\/es\/wp-json\/wp\/v2\/product\/53320"}],"collection":[{"href":"https:\/\/macambients.com\/es\/wp-json\/wp\/v2\/product"}],"about":[{"href":"https:\/\/macambients.com\/es\/wp-json\/wp\/v2\/types\/product"}],"wp:featuredmedia":[{"embeddable":true,"href":"https:\/\/macambients.com\/es\/wp-json\/wp\/v2\/media\/53374"}],"wp:attachment":[{"href":"https:\/\/macambients.com\/es\/wp-json\/wp\/v2\/media?parent=53320"}],"wp:term":[{"taxonomy":"product_cat","embeddable":true,"href":"https:\/\/macambients.com\/es\/wp-json\/wp\/v2\/product_cat?post=53320"},{"taxonomy":"product_tag","embeddable":true,"href":"https:\/\/macambients.com\/es\/wp-json\/wp\/v2\/product_tag?post=53320"}],"curies":[{"name":"wp","href":"https:\/\/api.w.org\/{rel}","templated":true}]}}