{"id":53843,"date":"2024-12-16T11:40:00","date_gmt":"2024-12-16T11:40:02","guid":{"rendered":"https:\/\/macambients.com\/?post_type=product&#038;p=53843"},"modified":"2026-02-20T10:25:14","modified_gmt":"2026-02-20T10:25:14","slug":"alps-sabanas-lisas-punto-jersey-white-copia-10","status":"publish","type":"product","link":"https:\/\/macambients.com\/es\/product\/alps-sabanas-lisas-punto-jersey-white-copia-10\/","title":{"rendered":"ALPS &#8211; S\u00c1BANAS LISAS PUNTO JERSEY AQUAMARINE"},"content":{"rendered":"<p>Descubre nuestra s\u00e1bana de 100% Jersey de Algod\u00f3n peinado. Confeccionada con tejidos agradables al tacto y ligeros, esta s\u00e1bana es ideal para un descanso reparador. El dise\u00f1o termorregulador mantiene la temperatura corporal de forma natural, promoviendo un sue\u00f1o ininterrumpido y contribuyendo a la reducci\u00f3n de alergias. Adem\u00e1s, ni se arruga ni se plancha, disfruta de tu tiempo libre!<\/p>\n<p>100% Jersey Algod\u00f3n Peinado.<br \/>\n\u00a1Ni se arruga, ni se plancha!<br \/>\nSecado a m\u00e1quina, ciclo normal, baja temperatura.<br \/>\nLavar a m\u00e1quina, agua a 30\u00baC<br \/>\nNo limpieza en seco.<\/p>\n<p>Compuesto por 2 piezas : s\u00e1bana y fundas de almohada\/s<br \/>\n&#8211; Cama 90: 160&#215;280 + 1 funda de almohada 45&#215;110 cm<br \/>\n&#8211; Cama 105: 180&#215;280 + 1 funda de almohada 45&#215;125 cm<br \/>\n&#8211; Cama 135: 210&#215;280 + 1 funda de almohada 45&#215;155 cm<br \/>\n&#8211; Cama 150: 240&#215;280 + 2 fundas de almohadas 50&#215;85 cm<br \/>\n&#8211; Cama 180: 280&#215;280 + 2 fundas de almohadas 50&#215;105 cm<\/p>\n<p>No incluye cuadrantes de coj\u00edn.<\/p>\n<p><strong>TRANSPORTE INCLUIDO EN EL PRECIO.<\/strong><\/p>\n<p>&nbsp;<\/p>\n","protected":false},"excerpt":{"rendered":"<p>Descubre nuestra s\u00e1bana de 100% Jersey de Algod\u00f3n peinado. Confeccionada con tejidos agradables al tacto y ligeros, esta s\u00e1bana es ideal para un descanso reparador. El dise\u00f1o termorregulador mantiene la temperatura corporal de forma natural, promoviendo un sue\u00f1o ininterrumpido y contribuyendo a la reducci\u00f3n de alergias. Adem\u00e1s, ni se arruga ni se plancha, disfruta de [&hellip;]<\/p>\n","protected":false},"featured_media":53706,"template":"","meta":{"_acf_changed":false,"_joinchat":[]},"product_cat":[725,4332,4326],"product_tag":[],"class_list":{"0":"post-53843","1":"product","2":"type-product","3":"status-publish","4":"has-post-thumbnail","6":"product_cat-descanso","7":"product_cat-ropa-de-cama","8":"product_cat-sabanas","10":"first","11":"instock","12":"sale","13":"taxable","14":"shipping-taxable","15":"purchasable","16":"product-type-variable"},"acf":[],"yoast_head":"<!-- This site is optimized with the Yoast SEO plugin v23.3 - https:\/\/yoast.com\/wordpress\/plugins\/seo\/ -->\n<title>ALPS - S\u00c1BANAS LISAS PUNTO JERSEY AQUAMARINE - MAC - Ambients Singulars<\/title>\n<meta name=\"robots\" content=\"index, follow, max-snippet:-1, max-image-preview:large, max-video-preview:-1\" \/>\n<link rel=\"canonical\" href=\"https:\/\/macambients.com\/es\/product\/alps-sabanas-lisas-punto-jersey-white-copia-10\/\" \/>\n<meta property=\"og:locale\" content=\"es_ES\" \/>\n<meta property=\"og:type\" content=\"article\" \/>\n<meta property=\"og:title\" content=\"ALPS - S\u00c1BANAS LISAS PUNTO JERSEY AQUAMARINE - MAC - Ambients Singulars\" \/>\n<meta property=\"og:description\" content=\"Descubre nuestra s\u00e1bana de 100% Jersey de Algod\u00f3n peinado. Confeccionada con tejidos agradables al tacto y ligeros, esta s\u00e1bana es ideal para un descanso reparador. El dise\u00f1o termorregulador mantiene la temperatura corporal de forma natural, promoviendo un sue\u00f1o ininterrumpido y contribuyendo a la reducci\u00f3n de alergias. Adem\u00e1s, ni se arruga ni se plancha, disfruta de [&hellip;]\" \/>\n<meta property=\"og:url\" content=\"https:\/\/macambients.com\/es\/product\/alps-sabanas-lisas-punto-jersey-white-copia-10\/\" \/>\n<meta property=\"og:site_name\" content=\"MAC - Ambients Singulars\" \/>\n<meta property=\"article:modified_time\" content=\"2026-02-20T10:25:14+00:00\" \/>\n<meta property=\"og:image\" content=\"https:\/\/macambients.com\/wp-content\/uploads\/2024\/12\/Alps-Llencol-Aqua-1.jpg\" \/>\n\t<meta property=\"og:image:width\" content=\"1600\" \/>\n\t<meta property=\"og:image:height\" content=\"1120\" \/>\n\t<meta property=\"og:image:type\" content=\"image\/jpeg\" \/>\n<meta name=\"twitter:card\" content=\"summary_large_image\" \/>\n<meta name=\"twitter:label1\" content=\"Tiempo de lectura\" \/>\n\t<meta name=\"twitter:data1\" content=\"2 minutos\" \/>\n<script type=\"application\/ld+json\" class=\"yoast-schema-graph\">{\"@context\":\"https:\/\/schema.org\",\"@graph\":[{\"@type\":\"WebPage\",\"@id\":\"https:\/\/macambients.com\/es\/product\/alps-sabanas-lisas-punto-jersey-white-copia-10\/\",\"url\":\"https:\/\/macambients.com\/es\/product\/alps-sabanas-lisas-punto-jersey-white-copia-10\/\",\"name\":\"ALPS - S\u00c1BANAS LISAS PUNTO JERSEY AQUAMARINE - MAC - Ambients Singulars\",\"isPartOf\":{\"@id\":\"https:\/\/macambients.com\/es\/#website\"},\"primaryImageOfPage\":{\"@id\":\"https:\/\/macambients.com\/es\/product\/alps-sabanas-lisas-punto-jersey-white-copia-10\/#primaryimage\"},\"image\":{\"@id\":\"https:\/\/macambients.com\/es\/product\/alps-sabanas-lisas-punto-jersey-white-copia-10\/#primaryimage\"},\"thumbnailUrl\":\"https:\/\/macambients.com\/wp-content\/uploads\/2024\/12\/Alps-Llencol-Aqua-1.jpg\",\"datePublished\":\"2024-12-16T11:40:02+00:00\",\"dateModified\":\"2026-02-20T10:25:14+00:00\",\"breadcrumb\":{\"@id\":\"https:\/\/macambients.com\/es\/product\/alps-sabanas-lisas-punto-jersey-white-copia-10\/#breadcrumb\"},\"inLanguage\":\"es\",\"potentialAction\":[{\"@type\":\"ReadAction\",\"target\":[\"https:\/\/macambients.com\/es\/product\/alps-sabanas-lisas-punto-jersey-white-copia-10\/\"]}]},{\"@type\":\"ImageObject\",\"inLanguage\":\"es\",\"@id\":\"https:\/\/macambients.com\/es\/product\/alps-sabanas-lisas-punto-jersey-white-copia-10\/#primaryimage\",\"url\":\"https:\/\/macambients.com\/wp-content\/uploads\/2024\/12\/Alps-Llencol-Aqua-1.jpg\",\"contentUrl\":\"https:\/\/macambients.com\/wp-content\/uploads\/2024\/12\/Alps-Llencol-Aqua-1.jpg\",\"width\":1600,\"height\":1120},{\"@type\":\"BreadcrumbList\",\"@id\":\"https:\/\/macambients.com\/es\/product\/alps-sabanas-lisas-punto-jersey-white-copia-10\/#breadcrumb\",\"itemListElement\":[{\"@type\":\"ListItem\",\"position\":1,\"name\":\"Home\",\"item\":\"https:\/\/macambients.com\/es\/\"},{\"@type\":\"ListItem\",\"position\":2,\"name\":\"Shop\",\"item\":\"https:\/\/macambients.com\/es\/shop\/\"},{\"@type\":\"ListItem\",\"position\":3,\"name\":\"ALPS &#8211; S\u00c1BANAS LISAS PUNTO JERSEY AQUAMARINE\"}]},{\"@type\":\"WebSite\",\"@id\":\"https:\/\/macambients.com\/es\/#website\",\"url\":\"https:\/\/macambients.com\/es\/\",\"name\":\"MAC - Ambients Singulars\",\"description\":\"\",\"publisher\":{\"@id\":\"https:\/\/macambients.com\/es\/#organization\"},\"potentialAction\":[{\"@type\":\"SearchAction\",\"target\":{\"@type\":\"EntryPoint\",\"urlTemplate\":\"https:\/\/macambients.com\/es\/?s={search_term_string}\"},\"query-input\":\"required name=search_term_string\"}],\"inLanguage\":\"es\"},{\"@type\":\"Organization\",\"@id\":\"https:\/\/macambients.com\/es\/#organization\",\"name\":\"MAC - Ambients Singulars\",\"url\":\"https:\/\/macambients.com\/es\/\",\"logo\":{\"@type\":\"ImageObject\",\"inLanguage\":\"es\",\"@id\":\"https:\/\/macambients.com\/es\/#\/schema\/logo\/image\/\",\"url\":\"https:\/\/macambients.com\/wp-content\/uploads\/2022\/12\/logo.png\",\"contentUrl\":\"https:\/\/macambients.com\/wp-content\/uploads\/2022\/12\/logo.png\",\"width\":270,\"height\":55,\"caption\":\"MAC - Ambients Singulars\"},\"image\":{\"@id\":\"https:\/\/macambients.com\/es\/#\/schema\/logo\/image\/\"}}]}<\/script>\n<!-- \/ Yoast SEO plugin. -->","yoast_head_json":{"title":"ALPS - S\u00c1BANAS LISAS PUNTO JERSEY AQUAMARINE - MAC - Ambients Singulars","robots":{"index":"index","follow":"follow","max-snippet":"max-snippet:-1","max-image-preview":"max-image-preview:large","max-video-preview":"max-video-preview:-1"},"canonical":"https:\/\/macambients.com\/es\/product\/alps-sabanas-lisas-punto-jersey-white-copia-10\/","og_locale":"es_ES","og_type":"article","og_title":"ALPS - S\u00c1BANAS LISAS PUNTO JERSEY AQUAMARINE - MAC - Ambients Singulars","og_description":"Descubre nuestra s\u00e1bana de 100% Jersey de Algod\u00f3n peinado. Confeccionada con tejidos agradables al tacto y ligeros, esta s\u00e1bana es ideal para un descanso reparador. El dise\u00f1o termorregulador mantiene la temperatura corporal de forma natural, promoviendo un sue\u00f1o ininterrumpido y contribuyendo a la reducci\u00f3n de alergias. Adem\u00e1s, ni se arruga ni se plancha, disfruta de [&hellip;]","og_url":"https:\/\/macambients.com\/es\/product\/alps-sabanas-lisas-punto-jersey-white-copia-10\/","og_site_name":"MAC - Ambients Singulars","article_modified_time":"2026-02-20T10:25:14+00:00","og_image":[{"width":1600,"height":1120,"url":"https:\/\/macambients.com\/wp-content\/uploads\/2024\/12\/Alps-Llencol-Aqua-1.jpg","type":"image\/jpeg"}],"twitter_card":"summary_large_image","twitter_misc":{"Tiempo de lectura":"2 minutos"},"schema":{"@context":"https:\/\/schema.org","@graph":[{"@type":"WebPage","@id":"https:\/\/macambients.com\/es\/product\/alps-sabanas-lisas-punto-jersey-white-copia-10\/","url":"https:\/\/macambients.com\/es\/product\/alps-sabanas-lisas-punto-jersey-white-copia-10\/","name":"ALPS - S\u00c1BANAS LISAS PUNTO JERSEY AQUAMARINE - MAC - Ambients Singulars","isPartOf":{"@id":"https:\/\/macambients.com\/es\/#website"},"primaryImageOfPage":{"@id":"https:\/\/macambients.com\/es\/product\/alps-sabanas-lisas-punto-jersey-white-copia-10\/#primaryimage"},"image":{"@id":"https:\/\/macambients.com\/es\/product\/alps-sabanas-lisas-punto-jersey-white-copia-10\/#primaryimage"},"thumbnailUrl":"https:\/\/macambients.com\/wp-content\/uploads\/2024\/12\/Alps-Llencol-Aqua-1.jpg","datePublished":"2024-12-16T11:40:02+00:00","dateModified":"2026-02-20T10:25:14+00:00","breadcrumb":{"@id":"https:\/\/macambients.com\/es\/product\/alps-sabanas-lisas-punto-jersey-white-copia-10\/#breadcrumb"},"inLanguage":"es","potentialAction":[{"@type":"ReadAction","target":["https:\/\/macambients.com\/es\/product\/alps-sabanas-lisas-punto-jersey-white-copia-10\/"]}]},{"@type":"ImageObject","inLanguage":"es","@id":"https:\/\/macambients.com\/es\/product\/alps-sabanas-lisas-punto-jersey-white-copia-10\/#primaryimage","url":"https:\/\/macambients.com\/wp-content\/uploads\/2024\/12\/Alps-Llencol-Aqua-1.jpg","contentUrl":"https:\/\/macambients.com\/wp-content\/uploads\/2024\/12\/Alps-Llencol-Aqua-1.jpg","width":1600,"height":1120},{"@type":"BreadcrumbList","@id":"https:\/\/macambients.com\/es\/product\/alps-sabanas-lisas-punto-jersey-white-copia-10\/#breadcrumb","itemListElement":[{"@type":"ListItem","position":1,"name":"Home","item":"https:\/\/macambients.com\/es\/"},{"@type":"ListItem","position":2,"name":"Shop","item":"https:\/\/macambients.com\/es\/shop\/"},{"@type":"ListItem","position":3,"name":"ALPS &#8211; S\u00c1BANAS LISAS PUNTO JERSEY AQUAMARINE"}]},{"@type":"WebSite","@id":"https:\/\/macambients.com\/es\/#website","url":"https:\/\/macambients.com\/es\/","name":"MAC - Ambients Singulars","description":"","publisher":{"@id":"https:\/\/macambients.com\/es\/#organization"},"potentialAction":[{"@type":"SearchAction","target":{"@type":"EntryPoint","urlTemplate":"https:\/\/macambients.com\/es\/?s={search_term_string}"},"query-input":"required name=search_term_string"}],"inLanguage":"es"},{"@type":"Organization","@id":"https:\/\/macambients.com\/es\/#organization","name":"MAC - Ambients Singulars","url":"https:\/\/macambients.com\/es\/","logo":{"@type":"ImageObject","inLanguage":"es","@id":"https:\/\/macambients.com\/es\/#\/schema\/logo\/image\/","url":"https:\/\/macambients.com\/wp-content\/uploads\/2022\/12\/logo.png","contentUrl":"https:\/\/macambients.com\/wp-content\/uploads\/2022\/12\/logo.png","width":270,"height":55,"caption":"MAC - Ambients Singulars"},"image":{"@id":"https:\/\/macambients.com\/es\/#\/schema\/logo\/image\/"}}]}},"_links":{"self":[{"href":"https:\/\/macambients.com\/es\/wp-json\/wp\/v2\/product\/53843"}],"collection":[{"href":"https:\/\/macambients.com\/es\/wp-json\/wp\/v2\/product"}],"about":[{"href":"https:\/\/macambients.com\/es\/wp-json\/wp\/v2\/types\/product"}],"wp:featuredmedia":[{"embeddable":true,"href":"https:\/\/macambients.com\/es\/wp-json\/wp\/v2\/media\/53706"}],"wp:attachment":[{"href":"https:\/\/macambients.com\/es\/wp-json\/wp\/v2\/media?parent=53843"}],"wp:term":[{"taxonomy":"product_cat","embeddable":true,"href":"https:\/\/macambients.com\/es\/wp-json\/wp\/v2\/product_cat?post=53843"},{"taxonomy":"product_tag","embeddable":true,"href":"https:\/\/macambients.com\/es\/wp-json\/wp\/v2\/product_tag?post=53843"}],"curies":[{"name":"wp","href":"https:\/\/api.w.org\/{rel}","templated":true}]}}