{"id":55080,"date":"2025-02-26T08:57:15","date_gmt":"2025-02-26T09:14:00","guid":{"rendered":"https:\/\/macambients.com\/?post_type=product&#038;p=55080"},"modified":"2025-07-23T09:24:46","modified_gmt":"2025-07-23T09:24:46","slug":"delulu-27","status":"publish","type":"product","link":"https:\/\/macambients.com\/es\/product\/delulu-27\/","title":{"rendered":"DELULU-27"},"content":{"rendered":"<p>Composici\u00f3n juvenil formada por una cama para colch\u00f3n de 90&#215;190 cm compuesta por un conjunto de cajones inferiores.<\/p>\n<p>Opcional: arc\u00f3n cabezal con mesa extra\u00edble, 397\u20ac; panel posterior, 252\u20ac; estante revistero de 196 cm, 116\u20ac; caj\u00f3n contenedor con estanter\u00eda apilable de 101 cm, 813\u20ac; l\u00e1mpara met\u00e1lica, 92\u20ac; puff con forma c\u00f3nica, 175\u20ac; respaldos tapizados, 202\u20ac\/un; y alfombra circular de 150 cm, 119\u20ac.<\/p>\n<p>En la foto en color \u00d3XIDO, NIRVANA y DENIM, con tirador GRAB color \u00f3xido.<\/p>\n<p>Disponible en gran variedad de colores, tama\u00f1os y acabados. Papeles, cuadros y textiles disponibles a consultar.<br \/>\n<strong>TRANSPORTE Y MONTAJE INCLUIDOS EN EL PRECIO.<\/strong><\/p>\n","protected":false},"excerpt":{"rendered":"<p>Composici\u00f3n juvenil formada por una cama para colch\u00f3n de 90&#215;190 cm compuesta por un conjunto de cajones inferiores. Opcional: arc\u00f3n cabezal con mesa extra\u00edble, 397\u20ac; panel posterior, 252\u20ac; estante revistero de 196 cm, 116\u20ac; caj\u00f3n contenedor con estanter\u00eda apilable de 101 cm, 813\u20ac; l\u00e1mpara met\u00e1lica, 92\u20ac; puff con forma c\u00f3nica, 175\u20ac; respaldos tapizados, 202\u20ac\/un; y [&hellip;]<\/p>\n","protected":false},"featured_media":55510,"template":"","meta":{"_acf_changed":false,"_joinchat":[]},"product_cat":[724,4320,672,4319,671,673],"product_tag":[],"class_list":{"0":"post-55080","1":"product","2":"type-product","3":"status-publish","4":"has-post-thumbnail","6":"product_cat-dormitorios-infantiles-y-juveniles","7":"product_cat-coleccion-delulu-es","8":"product_cat-composiciones-ninos-y-jovenes","9":"product_cat-coleccion-delulu","10":"product_cat-camas-compactas","11":"product_cat-camas-juveniles","13":"first","14":"instock","15":"taxable","16":"shipping-taxable","17":"purchasable","18":"product-type-simple"},"acf":[],"yoast_head":"<!-- This site is optimized with the Yoast SEO plugin v23.3 - https:\/\/yoast.com\/wordpress\/plugins\/seo\/ -->\n<title>DELULU-27 - MAC - Ambients Singulars<\/title>\n<meta name=\"robots\" content=\"index, follow, max-snippet:-1, max-image-preview:large, max-video-preview:-1\" \/>\n<link rel=\"canonical\" href=\"https:\/\/macambients.com\/es\/product\/delulu-27\/\" \/>\n<meta property=\"og:locale\" content=\"es_ES\" \/>\n<meta property=\"og:type\" content=\"article\" \/>\n<meta property=\"og:title\" content=\"DELULU-27 - MAC - Ambients Singulars\" \/>\n<meta property=\"og:description\" content=\"Composici\u00f3n juvenil formada por una cama para colch\u00f3n de 90&#215;190 cm compuesta por un conjunto de cajones inferiores. Opcional: arc\u00f3n cabezal con mesa extra\u00edble, 397\u20ac; panel posterior, 252\u20ac; estante revistero de 196 cm, 116\u20ac; caj\u00f3n contenedor con estanter\u00eda apilable de 101 cm, 813\u20ac; l\u00e1mpara met\u00e1lica, 92\u20ac; puff con forma c\u00f3nica, 175\u20ac; respaldos tapizados, 202\u20ac\/un; y [&hellip;]\" \/>\n<meta property=\"og:url\" content=\"https:\/\/macambients.com\/es\/product\/delulu-27\/\" \/>\n<meta property=\"og:site_name\" content=\"MAC - Ambients Singulars\" \/>\n<meta property=\"article:modified_time\" content=\"2025-07-23T09:24:46+00:00\" \/>\n<meta property=\"og:image\" content=\"https:\/\/macambients.com\/wp-content\/uploads\/2025\/02\/Delulu-27.jpg\" \/>\n\t<meta property=\"og:image:width\" content=\"1600\" \/>\n\t<meta property=\"og:image:height\" content=\"1120\" \/>\n\t<meta property=\"og:image:type\" content=\"image\/jpeg\" \/>\n<meta name=\"twitter:card\" content=\"summary_large_image\" \/>\n<meta name=\"twitter:label1\" content=\"Tiempo de lectura\" \/>\n\t<meta name=\"twitter:data1\" content=\"1 minuto\" \/>\n<script type=\"application\/ld+json\" class=\"yoast-schema-graph\">{\"@context\":\"https:\/\/schema.org\",\"@graph\":[{\"@type\":\"WebPage\",\"@id\":\"https:\/\/macambients.com\/es\/product\/delulu-27\/\",\"url\":\"https:\/\/macambients.com\/es\/product\/delulu-27\/\",\"name\":\"DELULU-27 - MAC - Ambients Singulars\",\"isPartOf\":{\"@id\":\"https:\/\/macambients.com\/es\/#website\"},\"primaryImageOfPage\":{\"@id\":\"https:\/\/macambients.com\/es\/product\/delulu-27\/#primaryimage\"},\"image\":{\"@id\":\"https:\/\/macambients.com\/es\/product\/delulu-27\/#primaryimage\"},\"thumbnailUrl\":\"https:\/\/macambients.com\/wp-content\/uploads\/2025\/02\/Delulu-27.jpg\",\"datePublished\":\"2025-02-26T09:14:00+00:00\",\"dateModified\":\"2025-07-23T09:24:46+00:00\",\"breadcrumb\":{\"@id\":\"https:\/\/macambients.com\/es\/product\/delulu-27\/#breadcrumb\"},\"inLanguage\":\"es\",\"potentialAction\":[{\"@type\":\"ReadAction\",\"target\":[\"https:\/\/macambients.com\/es\/product\/delulu-27\/\"]}]},{\"@type\":\"ImageObject\",\"inLanguage\":\"es\",\"@id\":\"https:\/\/macambients.com\/es\/product\/delulu-27\/#primaryimage\",\"url\":\"https:\/\/macambients.com\/wp-content\/uploads\/2025\/02\/Delulu-27.jpg\",\"contentUrl\":\"https:\/\/macambients.com\/wp-content\/uploads\/2025\/02\/Delulu-27.jpg\",\"width\":1600,\"height\":1120},{\"@type\":\"BreadcrumbList\",\"@id\":\"https:\/\/macambients.com\/es\/product\/delulu-27\/#breadcrumb\",\"itemListElement\":[{\"@type\":\"ListItem\",\"position\":1,\"name\":\"Home\",\"item\":\"https:\/\/macambients.com\/es\/\"},{\"@type\":\"ListItem\",\"position\":2,\"name\":\"Shop\",\"item\":\"https:\/\/macambients.com\/es\/shop\/\"},{\"@type\":\"ListItem\",\"position\":3,\"name\":\"DELULU-27\"}]},{\"@type\":\"WebSite\",\"@id\":\"https:\/\/macambients.com\/es\/#website\",\"url\":\"https:\/\/macambients.com\/es\/\",\"name\":\"MAC - Ambients Singulars\",\"description\":\"\",\"publisher\":{\"@id\":\"https:\/\/macambients.com\/es\/#organization\"},\"potentialAction\":[{\"@type\":\"SearchAction\",\"target\":{\"@type\":\"EntryPoint\",\"urlTemplate\":\"https:\/\/macambients.com\/es\/?s={search_term_string}\"},\"query-input\":\"required name=search_term_string\"}],\"inLanguage\":\"es\"},{\"@type\":\"Organization\",\"@id\":\"https:\/\/macambients.com\/es\/#organization\",\"name\":\"MAC - Ambients Singulars\",\"url\":\"https:\/\/macambients.com\/es\/\",\"logo\":{\"@type\":\"ImageObject\",\"inLanguage\":\"es\",\"@id\":\"https:\/\/macambients.com\/es\/#\/schema\/logo\/image\/\",\"url\":\"https:\/\/macambients.com\/wp-content\/uploads\/2022\/12\/logo.png\",\"contentUrl\":\"https:\/\/macambients.com\/wp-content\/uploads\/2022\/12\/logo.png\",\"width\":270,\"height\":55,\"caption\":\"MAC - Ambients Singulars\"},\"image\":{\"@id\":\"https:\/\/macambients.com\/es\/#\/schema\/logo\/image\/\"}}]}<\/script>\n<!-- \/ Yoast SEO plugin. -->","yoast_head_json":{"title":"DELULU-27 - MAC - Ambients Singulars","robots":{"index":"index","follow":"follow","max-snippet":"max-snippet:-1","max-image-preview":"max-image-preview:large","max-video-preview":"max-video-preview:-1"},"canonical":"https:\/\/macambients.com\/es\/product\/delulu-27\/","og_locale":"es_ES","og_type":"article","og_title":"DELULU-27 - MAC - Ambients Singulars","og_description":"Composici\u00f3n juvenil formada por una cama para colch\u00f3n de 90&#215;190 cm compuesta por un conjunto de cajones inferiores. Opcional: arc\u00f3n cabezal con mesa extra\u00edble, 397\u20ac; panel posterior, 252\u20ac; estante revistero de 196 cm, 116\u20ac; caj\u00f3n contenedor con estanter\u00eda apilable de 101 cm, 813\u20ac; l\u00e1mpara met\u00e1lica, 92\u20ac; puff con forma c\u00f3nica, 175\u20ac; respaldos tapizados, 202\u20ac\/un; y [&hellip;]","og_url":"https:\/\/macambients.com\/es\/product\/delulu-27\/","og_site_name":"MAC - Ambients Singulars","article_modified_time":"2025-07-23T09:24:46+00:00","og_image":[{"width":1600,"height":1120,"url":"https:\/\/macambients.com\/wp-content\/uploads\/2025\/02\/Delulu-27.jpg","type":"image\/jpeg"}],"twitter_card":"summary_large_image","twitter_misc":{"Tiempo de lectura":"1 minuto"},"schema":{"@context":"https:\/\/schema.org","@graph":[{"@type":"WebPage","@id":"https:\/\/macambients.com\/es\/product\/delulu-27\/","url":"https:\/\/macambients.com\/es\/product\/delulu-27\/","name":"DELULU-27 - MAC - Ambients Singulars","isPartOf":{"@id":"https:\/\/macambients.com\/es\/#website"},"primaryImageOfPage":{"@id":"https:\/\/macambients.com\/es\/product\/delulu-27\/#primaryimage"},"image":{"@id":"https:\/\/macambients.com\/es\/product\/delulu-27\/#primaryimage"},"thumbnailUrl":"https:\/\/macambients.com\/wp-content\/uploads\/2025\/02\/Delulu-27.jpg","datePublished":"2025-02-26T09:14:00+00:00","dateModified":"2025-07-23T09:24:46+00:00","breadcrumb":{"@id":"https:\/\/macambients.com\/es\/product\/delulu-27\/#breadcrumb"},"inLanguage":"es","potentialAction":[{"@type":"ReadAction","target":["https:\/\/macambients.com\/es\/product\/delulu-27\/"]}]},{"@type":"ImageObject","inLanguage":"es","@id":"https:\/\/macambients.com\/es\/product\/delulu-27\/#primaryimage","url":"https:\/\/macambients.com\/wp-content\/uploads\/2025\/02\/Delulu-27.jpg","contentUrl":"https:\/\/macambients.com\/wp-content\/uploads\/2025\/02\/Delulu-27.jpg","width":1600,"height":1120},{"@type":"BreadcrumbList","@id":"https:\/\/macambients.com\/es\/product\/delulu-27\/#breadcrumb","itemListElement":[{"@type":"ListItem","position":1,"name":"Home","item":"https:\/\/macambients.com\/es\/"},{"@type":"ListItem","position":2,"name":"Shop","item":"https:\/\/macambients.com\/es\/shop\/"},{"@type":"ListItem","position":3,"name":"DELULU-27"}]},{"@type":"WebSite","@id":"https:\/\/macambients.com\/es\/#website","url":"https:\/\/macambients.com\/es\/","name":"MAC - Ambients Singulars","description":"","publisher":{"@id":"https:\/\/macambients.com\/es\/#organization"},"potentialAction":[{"@type":"SearchAction","target":{"@type":"EntryPoint","urlTemplate":"https:\/\/macambients.com\/es\/?s={search_term_string}"},"query-input":"required name=search_term_string"}],"inLanguage":"es"},{"@type":"Organization","@id":"https:\/\/macambients.com\/es\/#organization","name":"MAC - Ambients Singulars","url":"https:\/\/macambients.com\/es\/","logo":{"@type":"ImageObject","inLanguage":"es","@id":"https:\/\/macambients.com\/es\/#\/schema\/logo\/image\/","url":"https:\/\/macambients.com\/wp-content\/uploads\/2022\/12\/logo.png","contentUrl":"https:\/\/macambients.com\/wp-content\/uploads\/2022\/12\/logo.png","width":270,"height":55,"caption":"MAC - Ambients Singulars"},"image":{"@id":"https:\/\/macambients.com\/es\/#\/schema\/logo\/image\/"}}]}},"_links":{"self":[{"href":"https:\/\/macambients.com\/es\/wp-json\/wp\/v2\/product\/55080"}],"collection":[{"href":"https:\/\/macambients.com\/es\/wp-json\/wp\/v2\/product"}],"about":[{"href":"https:\/\/macambients.com\/es\/wp-json\/wp\/v2\/types\/product"}],"wp:featuredmedia":[{"embeddable":true,"href":"https:\/\/macambients.com\/es\/wp-json\/wp\/v2\/media\/55510"}],"wp:attachment":[{"href":"https:\/\/macambients.com\/es\/wp-json\/wp\/v2\/media?parent=55080"}],"wp:term":[{"taxonomy":"product_cat","embeddable":true,"href":"https:\/\/macambients.com\/es\/wp-json\/wp\/v2\/product_cat?post=55080"},{"taxonomy":"product_tag","embeddable":true,"href":"https:\/\/macambients.com\/es\/wp-json\/wp\/v2\/product_tag?post=55080"}],"curies":[{"name":"wp","href":"https:\/\/api.w.org\/{rel}","templated":true}]}}