{"id":56904,"date":"2025-04-02T10:47:50","date_gmt":"2025-04-02T10:47:50","guid":{"rendered":"https:\/\/macambients.com\/product\/quebec-armari-vestidor-25\/"},"modified":"2025-04-03T10:33:57","modified_gmt":"2025-04-03T10:33:57","slug":"quebec-armari-vestidor-25","status":"publish","type":"product","link":"https:\/\/macambients.com\/es\/product\/quebec-armari-vestidor-25\/","title":{"rendered":"QUEBEC ARMARIO VESTIDOR-25"},"content":{"rendered":"<p>Armario vestidor b\u00e1sico con interior compuesto por una balda y una barra de colgar por m\u00f3dulo. Largo m\u00ednimo de 122 cm. Altura de 239 cm y profundidad de 58 cm. Precio sin extras. Disponible en otros tama\u00f1os.<\/p>\n<p>Composici\u00f3n modular con puertas, interiores y acabados a elegir.<\/p>\n<p>En la foto, armario vestidor con colores combinados BLANCO y NORDIC, con iluminaci\u00f3n Led.<\/p>\n<p>&nbsp;<\/p>\n<p><strong>TRANSPORTE Y MONTAJE INCLUIDOS EN EL PRECIO.<\/strong><\/p>\n<p><em>Los precios presentados se refieren a las composiciones de armario b\u00e1sicas de la colecci\u00f3n. Precio del armario mostrado en la foto, a consultar.<\/em><\/p>\n","protected":false},"excerpt":{"rendered":"<p>Armario vestidor b\u00e1sico con interior compuesto por una balda y una barra de colgar por m\u00f3dulo. Largo m\u00ednimo de 122 cm. Altura de 239 cm y profundidad de 58 cm. Precio sin extras. Disponible en otros tama\u00f1os. Composici\u00f3n modular con puertas, interiores y acabados a elegir. En la foto, armario vestidor con colores combinados BLANCO [&hellip;]<\/p>\n","protected":false},"featured_media":56607,"template":"","meta":{"_acf_changed":false,"_joinchat":[]},"product_cat":[656,4347,657,4348,2877],"product_tag":[],"class_list":{"0":"post-56904","1":"product","2":"type-product","3":"status-publish","4":"has-post-thumbnail","6":"product_cat-dormitorios","7":"product_cat-coleccion-quebec","8":"product_cat-composiciones-dormitorios","9":"product_cat-coleccion-quebec-es","10":"product_cat-vestidores-es-2","11":"pa_mida-armari-vestidor-basico-2-modulos","12":"pa_mida-armari-vestidor-basico-3-modulos","13":"pa_mida-armari-vestidor-basico-4-modulos","15":"first","16":"instock","17":"taxable","18":"shipping-taxable","19":"purchasable","20":"product-type-variable"},"acf":[],"yoast_head":"<!-- This site is optimized with the Yoast SEO plugin v23.3 - https:\/\/yoast.com\/wordpress\/plugins\/seo\/ -->\n<title>QUEBEC ARMARIO VESTIDOR-25 - MAC - Ambients Singulars<\/title>\n<meta name=\"robots\" content=\"index, follow, max-snippet:-1, max-image-preview:large, max-video-preview:-1\" \/>\n<link rel=\"canonical\" href=\"https:\/\/macambients.com\/es\/product\/quebec-armari-vestidor-25\/\" \/>\n<meta property=\"og:locale\" content=\"es_ES\" \/>\n<meta property=\"og:type\" content=\"article\" \/>\n<meta property=\"og:title\" content=\"QUEBEC ARMARIO VESTIDOR-25 - MAC - Ambients Singulars\" \/>\n<meta property=\"og:description\" content=\"Armario vestidor b\u00e1sico con interior compuesto por una balda y una barra de colgar por m\u00f3dulo. Largo m\u00ednimo de 122 cm. Altura de 239 cm y profundidad de 58 cm. Precio sin extras. Disponible en otros tama\u00f1os. Composici\u00f3n modular con puertas, interiores y acabados a elegir. En la foto, armario vestidor con colores combinados BLANCO [&hellip;]\" \/>\n<meta property=\"og:url\" content=\"https:\/\/macambients.com\/es\/product\/quebec-armari-vestidor-25\/\" \/>\n<meta property=\"og:site_name\" content=\"MAC - Ambients Singulars\" \/>\n<meta property=\"article:modified_time\" content=\"2025-04-03T10:33:57+00:00\" \/>\n<meta property=\"og:image\" content=\"https:\/\/macambients.com\/wp-content\/uploads\/2025\/03\/Quebec-armari-vestidor-25.jpg\" \/>\n\t<meta property=\"og:image:width\" content=\"1600\" \/>\n\t<meta property=\"og:image:height\" content=\"1120\" \/>\n\t<meta property=\"og:image:type\" content=\"image\/jpeg\" \/>\n<meta name=\"twitter:card\" content=\"summary_large_image\" \/>\n<meta name=\"twitter:label1\" content=\"Tiempo de lectura\" \/>\n\t<meta name=\"twitter:data1\" content=\"1 minuto\" \/>\n<script type=\"application\/ld+json\" class=\"yoast-schema-graph\">{\"@context\":\"https:\/\/schema.org\",\"@graph\":[{\"@type\":\"WebPage\",\"@id\":\"https:\/\/macambients.com\/es\/product\/quebec-armari-vestidor-25\/\",\"url\":\"https:\/\/macambients.com\/es\/product\/quebec-armari-vestidor-25\/\",\"name\":\"QUEBEC ARMARIO VESTIDOR-25 - MAC - Ambients Singulars\",\"isPartOf\":{\"@id\":\"https:\/\/macambients.com\/es\/#website\"},\"primaryImageOfPage\":{\"@id\":\"https:\/\/macambients.com\/es\/product\/quebec-armari-vestidor-25\/#primaryimage\"},\"image\":{\"@id\":\"https:\/\/macambients.com\/es\/product\/quebec-armari-vestidor-25\/#primaryimage\"},\"thumbnailUrl\":\"https:\/\/macambients.com\/wp-content\/uploads\/2025\/03\/Quebec-armari-vestidor-25.jpg\",\"datePublished\":\"2025-04-02T10:47:50+00:00\",\"dateModified\":\"2025-04-03T10:33:57+00:00\",\"breadcrumb\":{\"@id\":\"https:\/\/macambients.com\/es\/product\/quebec-armari-vestidor-25\/#breadcrumb\"},\"inLanguage\":\"es\",\"potentialAction\":[{\"@type\":\"ReadAction\",\"target\":[\"https:\/\/macambients.com\/es\/product\/quebec-armari-vestidor-25\/\"]}]},{\"@type\":\"ImageObject\",\"inLanguage\":\"es\",\"@id\":\"https:\/\/macambients.com\/es\/product\/quebec-armari-vestidor-25\/#primaryimage\",\"url\":\"https:\/\/macambients.com\/wp-content\/uploads\/2025\/03\/Quebec-armari-vestidor-25.jpg\",\"contentUrl\":\"https:\/\/macambients.com\/wp-content\/uploads\/2025\/03\/Quebec-armari-vestidor-25.jpg\",\"width\":1600,\"height\":1120},{\"@type\":\"BreadcrumbList\",\"@id\":\"https:\/\/macambients.com\/es\/product\/quebec-armari-vestidor-25\/#breadcrumb\",\"itemListElement\":[{\"@type\":\"ListItem\",\"position\":1,\"name\":\"Home\",\"item\":\"https:\/\/macambients.com\/es\/\"},{\"@type\":\"ListItem\",\"position\":2,\"name\":\"Shop\",\"item\":\"https:\/\/macambients.com\/es\/shop\/\"},{\"@type\":\"ListItem\",\"position\":3,\"name\":\"QUEBEC ARMARIO VESTIDOR-25\"}]},{\"@type\":\"WebSite\",\"@id\":\"https:\/\/macambients.com\/es\/#website\",\"url\":\"https:\/\/macambients.com\/es\/\",\"name\":\"MAC - Ambients Singulars\",\"description\":\"\",\"publisher\":{\"@id\":\"https:\/\/macambients.com\/es\/#organization\"},\"potentialAction\":[{\"@type\":\"SearchAction\",\"target\":{\"@type\":\"EntryPoint\",\"urlTemplate\":\"https:\/\/macambients.com\/es\/?s={search_term_string}\"},\"query-input\":\"required name=search_term_string\"}],\"inLanguage\":\"es\"},{\"@type\":\"Organization\",\"@id\":\"https:\/\/macambients.com\/es\/#organization\",\"name\":\"MAC - Ambients Singulars\",\"url\":\"https:\/\/macambients.com\/es\/\",\"logo\":{\"@type\":\"ImageObject\",\"inLanguage\":\"es\",\"@id\":\"https:\/\/macambients.com\/es\/#\/schema\/logo\/image\/\",\"url\":\"https:\/\/macambients.com\/wp-content\/uploads\/2022\/12\/logo.png\",\"contentUrl\":\"https:\/\/macambients.com\/wp-content\/uploads\/2022\/12\/logo.png\",\"width\":270,\"height\":55,\"caption\":\"MAC - Ambients Singulars\"},\"image\":{\"@id\":\"https:\/\/macambients.com\/es\/#\/schema\/logo\/image\/\"}}]}<\/script>\n<!-- \/ Yoast SEO plugin. -->","yoast_head_json":{"title":"QUEBEC ARMARIO VESTIDOR-25 - MAC - Ambients Singulars","robots":{"index":"index","follow":"follow","max-snippet":"max-snippet:-1","max-image-preview":"max-image-preview:large","max-video-preview":"max-video-preview:-1"},"canonical":"https:\/\/macambients.com\/es\/product\/quebec-armari-vestidor-25\/","og_locale":"es_ES","og_type":"article","og_title":"QUEBEC ARMARIO VESTIDOR-25 - MAC - Ambients Singulars","og_description":"Armario vestidor b\u00e1sico con interior compuesto por una balda y una barra de colgar por m\u00f3dulo. Largo m\u00ednimo de 122 cm. Altura de 239 cm y profundidad de 58 cm. Precio sin extras. Disponible en otros tama\u00f1os. Composici\u00f3n modular con puertas, interiores y acabados a elegir. En la foto, armario vestidor con colores combinados BLANCO [&hellip;]","og_url":"https:\/\/macambients.com\/es\/product\/quebec-armari-vestidor-25\/","og_site_name":"MAC - Ambients Singulars","article_modified_time":"2025-04-03T10:33:57+00:00","og_image":[{"width":1600,"height":1120,"url":"https:\/\/macambients.com\/wp-content\/uploads\/2025\/03\/Quebec-armari-vestidor-25.jpg","type":"image\/jpeg"}],"twitter_card":"summary_large_image","twitter_misc":{"Tiempo de lectura":"1 minuto"},"schema":{"@context":"https:\/\/schema.org","@graph":[{"@type":"WebPage","@id":"https:\/\/macambients.com\/es\/product\/quebec-armari-vestidor-25\/","url":"https:\/\/macambients.com\/es\/product\/quebec-armari-vestidor-25\/","name":"QUEBEC ARMARIO VESTIDOR-25 - MAC - Ambients Singulars","isPartOf":{"@id":"https:\/\/macambients.com\/es\/#website"},"primaryImageOfPage":{"@id":"https:\/\/macambients.com\/es\/product\/quebec-armari-vestidor-25\/#primaryimage"},"image":{"@id":"https:\/\/macambients.com\/es\/product\/quebec-armari-vestidor-25\/#primaryimage"},"thumbnailUrl":"https:\/\/macambients.com\/wp-content\/uploads\/2025\/03\/Quebec-armari-vestidor-25.jpg","datePublished":"2025-04-02T10:47:50+00:00","dateModified":"2025-04-03T10:33:57+00:00","breadcrumb":{"@id":"https:\/\/macambients.com\/es\/product\/quebec-armari-vestidor-25\/#breadcrumb"},"inLanguage":"es","potentialAction":[{"@type":"ReadAction","target":["https:\/\/macambients.com\/es\/product\/quebec-armari-vestidor-25\/"]}]},{"@type":"ImageObject","inLanguage":"es","@id":"https:\/\/macambients.com\/es\/product\/quebec-armari-vestidor-25\/#primaryimage","url":"https:\/\/macambients.com\/wp-content\/uploads\/2025\/03\/Quebec-armari-vestidor-25.jpg","contentUrl":"https:\/\/macambients.com\/wp-content\/uploads\/2025\/03\/Quebec-armari-vestidor-25.jpg","width":1600,"height":1120},{"@type":"BreadcrumbList","@id":"https:\/\/macambients.com\/es\/product\/quebec-armari-vestidor-25\/#breadcrumb","itemListElement":[{"@type":"ListItem","position":1,"name":"Home","item":"https:\/\/macambients.com\/es\/"},{"@type":"ListItem","position":2,"name":"Shop","item":"https:\/\/macambients.com\/es\/shop\/"},{"@type":"ListItem","position":3,"name":"QUEBEC ARMARIO VESTIDOR-25"}]},{"@type":"WebSite","@id":"https:\/\/macambients.com\/es\/#website","url":"https:\/\/macambients.com\/es\/","name":"MAC - Ambients Singulars","description":"","publisher":{"@id":"https:\/\/macambients.com\/es\/#organization"},"potentialAction":[{"@type":"SearchAction","target":{"@type":"EntryPoint","urlTemplate":"https:\/\/macambients.com\/es\/?s={search_term_string}"},"query-input":"required name=search_term_string"}],"inLanguage":"es"},{"@type":"Organization","@id":"https:\/\/macambients.com\/es\/#organization","name":"MAC - Ambients Singulars","url":"https:\/\/macambients.com\/es\/","logo":{"@type":"ImageObject","inLanguage":"es","@id":"https:\/\/macambients.com\/es\/#\/schema\/logo\/image\/","url":"https:\/\/macambients.com\/wp-content\/uploads\/2022\/12\/logo.png","contentUrl":"https:\/\/macambients.com\/wp-content\/uploads\/2022\/12\/logo.png","width":270,"height":55,"caption":"MAC - Ambients Singulars"},"image":{"@id":"https:\/\/macambients.com\/es\/#\/schema\/logo\/image\/"}}]}},"_links":{"self":[{"href":"https:\/\/macambients.com\/es\/wp-json\/wp\/v2\/product\/56904"}],"collection":[{"href":"https:\/\/macambients.com\/es\/wp-json\/wp\/v2\/product"}],"about":[{"href":"https:\/\/macambients.com\/es\/wp-json\/wp\/v2\/types\/product"}],"wp:featuredmedia":[{"embeddable":true,"href":"https:\/\/macambients.com\/es\/wp-json\/wp\/v2\/media\/56607"}],"wp:attachment":[{"href":"https:\/\/macambients.com\/es\/wp-json\/wp\/v2\/media?parent=56904"}],"wp:term":[{"taxonomy":"product_cat","embeddable":true,"href":"https:\/\/macambients.com\/es\/wp-json\/wp\/v2\/product_cat?post=56904"},{"taxonomy":"product_tag","embeddable":true,"href":"https:\/\/macambients.com\/es\/wp-json\/wp\/v2\/product_tag?post=56904"}],"curies":[{"name":"wp","href":"https:\/\/api.w.org\/{rel}","templated":true}]}}