{"id":57749,"date":"2025-10-23T11:40:50","date_gmt":"2025-10-23T11:41:31","guid":{"rendered":"https:\/\/macambients.com\/?post_type=product&#038;p=57749"},"modified":"2025-10-23T11:41:32","modified_gmt":"2025-10-23T11:41:32","slug":"pack-geriatrico","status":"publish","type":"product","link":"https:\/\/macambients.com\/es\/product\/pack-geriatrico\/","title":{"rendered":"PACK GERI\u00c1TRICO"},"content":{"rendered":"<ul>\n<li>Estructura tubo acerado 60x20mm<\/li>\n<li>Multil\u00e1minas madera de haya 38mm<\/li>\n<li>L\u00e1mina prolongada en cabezal y piecero<\/li>\n<li>Doble l\u00e1mina lumbar con reguladores<\/li>\n<li>Tacos de caucho<\/li>\n<li>2 sujeta colch\u00f3n lateral<\/li>\n<li>1 sujeta colch\u00f3n en pies<\/li>\n<li>5 planos de articulaci\u00f3n<\/li>\n<li>Motor el\u00e9ctrico silencioso (vuelta 0)<\/li>\n<li>Mando multifunci\u00f3n con cable (incluye funciones de elevaci\u00f3n de la cama y articulaci\u00f3n)<\/li>\n<li>*Altura de elevaci\u00f3n del carro entre 34 y 62cm (sin el articulado)<\/li>\n<\/ul>\n<p><strong>COLCH\u00d3N GERI\u00c1TRICO<\/strong><br \/>\nDESENFUNDABLE: Facilita la limpieza, adem\u00e1s dispone de cremallera con solapamiento para evitar filtraciones<br \/>\nTRANSPIRABLE: Gracias al punto liso y su l\u00e1mina de poliuretano, la funda mantiene una gran transpitrabilidad.<br \/>\nIMPERMEABLE: Cuenta con una l\u00e1mina de poliuretano que impide el paso de l\u00edquidos.<br \/>\nLAVABLE: A 95\u00b0 y esterilizada a 120\u00b0<\/p>\n<ul>\n<li>Colch\u00f3n 90&#215;190\/200 cm: 253\u20ac<\/li>\n<li>Colch\u00f3n 105&#215;190\/200 cm: 291\u20ac<\/li>\n<li><\/li>\n<\/ul>\n<p><strong>ACCESORIOS CAMA GERI\u00c1TRICA<\/strong><br \/>\n\u2022 Cabezal y peueura de madera color gris: 184\u20ac<br \/>\n\u2022 Juego de 2 barandillas abatibles: 230\u20ac<\/p>\n<p>&nbsp;<\/p>\n<p><strong>El PACK GERI\u00c1TRICO COMPLETO incluye:<\/strong><\/p>\n<p>Carro elevador<br \/>\nCama articulada<br \/>\nColch\u00f3n<br \/>\nBarandillas<br \/>\nCabezal y pietera<\/p>\n<p>&nbsp;<\/p>\n<p><span style=\"color: #000080;\"><strong>Encuentra esta y otras opciones en nuestras tiendas MAC. \u00a1Inf\u00f3rmate ahora sin compromiso!<\/strong><\/span><\/p>\n","protected":false},"excerpt":{"rendered":"<p>Estructura tubo acerado 60x20mm Multil\u00e1minas madera de haya 38mm L\u00e1mina prolongada en cabezal y piecero Doble l\u00e1mina lumbar con reguladores Tacos de caucho 2 sujeta colch\u00f3n lateral 1 sujeta colch\u00f3n en pies 5 planos de articulaci\u00f3n Motor el\u00e9ctrico silencioso (vuelta 0) Mando multifunci\u00f3n con cable (incluye funciones de elevaci\u00f3n de la cama y articulaci\u00f3n) *Altura [&hellip;]<\/p>\n","protected":false},"featured_media":61132,"template":"","meta":{"_acf_changed":false,"_joinchat":[]},"product_cat":[725,3444,3448],"product_tag":[],"class_list":{"0":"post-57749","1":"product","2":"type-product","3":"status-publish","4":"has-post-thumbnail","6":"product_cat-descanso","7":"product_cat-packs-es","8":"product_cat-pack-geriatrico","9":"pa_pack-pack-geriatrico-105x190","10":"pa_pack-pack-geriatrico-105x190-es","12":"first","13":"instock","14":"sale","15":"taxable","16":"shipping-taxable","17":"purchasable","18":"product-type-variable"},"acf":[],"yoast_head":"<!-- This site is optimized with the Yoast SEO plugin v23.3 - https:\/\/yoast.com\/wordpress\/plugins\/seo\/ -->\n<title>PACK GERI\u00c1TRICO - MAC - Ambients Singulars<\/title>\n<meta name=\"robots\" content=\"index, follow, max-snippet:-1, max-image-preview:large, max-video-preview:-1\" \/>\n<link rel=\"canonical\" href=\"https:\/\/macambients.com\/es\/product\/pack-geriatrico\/\" \/>\n<meta property=\"og:locale\" content=\"es_ES\" \/>\n<meta property=\"og:type\" content=\"article\" \/>\n<meta property=\"og:title\" content=\"PACK GERI\u00c1TRICO - MAC - Ambients Singulars\" \/>\n<meta property=\"og:description\" content=\"Estructura tubo acerado 60x20mm Multil\u00e1minas madera de haya 38mm L\u00e1mina prolongada en cabezal y piecero Doble l\u00e1mina lumbar con reguladores Tacos de caucho 2 sujeta colch\u00f3n lateral 1 sujeta colch\u00f3n en pies 5 planos de articulaci\u00f3n Motor el\u00e9ctrico silencioso (vuelta 0) Mando multifunci\u00f3n con cable (incluye funciones de elevaci\u00f3n de la cama y articulaci\u00f3n) *Altura [&hellip;]\" \/>\n<meta property=\"og:url\" content=\"https:\/\/macambients.com\/es\/product\/pack-geriatrico\/\" \/>\n<meta property=\"og:site_name\" content=\"MAC - Ambients Singulars\" \/>\n<meta property=\"article:modified_time\" content=\"2025-10-23T11:41:32+00:00\" \/>\n<meta property=\"og:image\" content=\"https:\/\/macambients.com\/wp-content\/uploads\/2025\/10\/Geriatric.jpg\" \/>\n\t<meta property=\"og:image:width\" content=\"1600\" \/>\n\t<meta property=\"og:image:height\" content=\"1120\" \/>\n\t<meta property=\"og:image:type\" content=\"image\/jpeg\" \/>\n<meta name=\"twitter:card\" content=\"summary_large_image\" \/>\n<meta name=\"twitter:label1\" content=\"Tiempo de lectura\" \/>\n\t<meta name=\"twitter:data1\" content=\"2 minutos\" \/>\n<script type=\"application\/ld+json\" class=\"yoast-schema-graph\">{\"@context\":\"https:\/\/schema.org\",\"@graph\":[{\"@type\":\"WebPage\",\"@id\":\"https:\/\/macambients.com\/es\/product\/pack-geriatrico\/\",\"url\":\"https:\/\/macambients.com\/es\/product\/pack-geriatrico\/\",\"name\":\"PACK GERI\u00c1TRICO - MAC - Ambients Singulars\",\"isPartOf\":{\"@id\":\"https:\/\/macambients.com\/es\/#website\"},\"primaryImageOfPage\":{\"@id\":\"https:\/\/macambients.com\/es\/product\/pack-geriatrico\/#primaryimage\"},\"image\":{\"@id\":\"https:\/\/macambients.com\/es\/product\/pack-geriatrico\/#primaryimage\"},\"thumbnailUrl\":\"https:\/\/macambients.com\/wp-content\/uploads\/2025\/10\/Geriatric.jpg\",\"datePublished\":\"2025-10-23T11:41:31+00:00\",\"dateModified\":\"2025-10-23T11:41:32+00:00\",\"breadcrumb\":{\"@id\":\"https:\/\/macambients.com\/es\/product\/pack-geriatrico\/#breadcrumb\"},\"inLanguage\":\"es\",\"potentialAction\":[{\"@type\":\"ReadAction\",\"target\":[\"https:\/\/macambients.com\/es\/product\/pack-geriatrico\/\"]}]},{\"@type\":\"ImageObject\",\"inLanguage\":\"es\",\"@id\":\"https:\/\/macambients.com\/es\/product\/pack-geriatrico\/#primaryimage\",\"url\":\"https:\/\/macambients.com\/wp-content\/uploads\/2025\/10\/Geriatric.jpg\",\"contentUrl\":\"https:\/\/macambients.com\/wp-content\/uploads\/2025\/10\/Geriatric.jpg\",\"width\":1600,\"height\":1120},{\"@type\":\"BreadcrumbList\",\"@id\":\"https:\/\/macambients.com\/es\/product\/pack-geriatrico\/#breadcrumb\",\"itemListElement\":[{\"@type\":\"ListItem\",\"position\":1,\"name\":\"Home\",\"item\":\"https:\/\/macambients.com\/es\/\"},{\"@type\":\"ListItem\",\"position\":2,\"name\":\"Shop\",\"item\":\"https:\/\/macambients.com\/es\/shop\/\"},{\"@type\":\"ListItem\",\"position\":3,\"name\":\"PACK GERI\u00c1TRICO\"}]},{\"@type\":\"WebSite\",\"@id\":\"https:\/\/macambients.com\/es\/#website\",\"url\":\"https:\/\/macambients.com\/es\/\",\"name\":\"MAC - Ambients Singulars\",\"description\":\"\",\"publisher\":{\"@id\":\"https:\/\/macambients.com\/es\/#organization\"},\"potentialAction\":[{\"@type\":\"SearchAction\",\"target\":{\"@type\":\"EntryPoint\",\"urlTemplate\":\"https:\/\/macambients.com\/es\/?s={search_term_string}\"},\"query-input\":\"required name=search_term_string\"}],\"inLanguage\":\"es\"},{\"@type\":\"Organization\",\"@id\":\"https:\/\/macambients.com\/es\/#organization\",\"name\":\"MAC - Ambients Singulars\",\"url\":\"https:\/\/macambients.com\/es\/\",\"logo\":{\"@type\":\"ImageObject\",\"inLanguage\":\"es\",\"@id\":\"https:\/\/macambients.com\/es\/#\/schema\/logo\/image\/\",\"url\":\"https:\/\/macambients.com\/wp-content\/uploads\/2022\/12\/logo.png\",\"contentUrl\":\"https:\/\/macambients.com\/wp-content\/uploads\/2022\/12\/logo.png\",\"width\":270,\"height\":55,\"caption\":\"MAC - Ambients Singulars\"},\"image\":{\"@id\":\"https:\/\/macambients.com\/es\/#\/schema\/logo\/image\/\"}}]}<\/script>\n<!-- \/ Yoast SEO plugin. -->","yoast_head_json":{"title":"PACK GERI\u00c1TRICO - MAC - Ambients Singulars","robots":{"index":"index","follow":"follow","max-snippet":"max-snippet:-1","max-image-preview":"max-image-preview:large","max-video-preview":"max-video-preview:-1"},"canonical":"https:\/\/macambients.com\/es\/product\/pack-geriatrico\/","og_locale":"es_ES","og_type":"article","og_title":"PACK GERI\u00c1TRICO - MAC - Ambients Singulars","og_description":"Estructura tubo acerado 60x20mm Multil\u00e1minas madera de haya 38mm L\u00e1mina prolongada en cabezal y piecero Doble l\u00e1mina lumbar con reguladores Tacos de caucho 2 sujeta colch\u00f3n lateral 1 sujeta colch\u00f3n en pies 5 planos de articulaci\u00f3n Motor el\u00e9ctrico silencioso (vuelta 0) Mando multifunci\u00f3n con cable (incluye funciones de elevaci\u00f3n de la cama y articulaci\u00f3n) *Altura [&hellip;]","og_url":"https:\/\/macambients.com\/es\/product\/pack-geriatrico\/","og_site_name":"MAC - Ambients Singulars","article_modified_time":"2025-10-23T11:41:32+00:00","og_image":[{"width":1600,"height":1120,"url":"https:\/\/macambients.com\/wp-content\/uploads\/2025\/10\/Geriatric.jpg","type":"image\/jpeg"}],"twitter_card":"summary_large_image","twitter_misc":{"Tiempo de lectura":"2 minutos"},"schema":{"@context":"https:\/\/schema.org","@graph":[{"@type":"WebPage","@id":"https:\/\/macambients.com\/es\/product\/pack-geriatrico\/","url":"https:\/\/macambients.com\/es\/product\/pack-geriatrico\/","name":"PACK GERI\u00c1TRICO - MAC - Ambients Singulars","isPartOf":{"@id":"https:\/\/macambients.com\/es\/#website"},"primaryImageOfPage":{"@id":"https:\/\/macambients.com\/es\/product\/pack-geriatrico\/#primaryimage"},"image":{"@id":"https:\/\/macambients.com\/es\/product\/pack-geriatrico\/#primaryimage"},"thumbnailUrl":"https:\/\/macambients.com\/wp-content\/uploads\/2025\/10\/Geriatric.jpg","datePublished":"2025-10-23T11:41:31+00:00","dateModified":"2025-10-23T11:41:32+00:00","breadcrumb":{"@id":"https:\/\/macambients.com\/es\/product\/pack-geriatrico\/#breadcrumb"},"inLanguage":"es","potentialAction":[{"@type":"ReadAction","target":["https:\/\/macambients.com\/es\/product\/pack-geriatrico\/"]}]},{"@type":"ImageObject","inLanguage":"es","@id":"https:\/\/macambients.com\/es\/product\/pack-geriatrico\/#primaryimage","url":"https:\/\/macambients.com\/wp-content\/uploads\/2025\/10\/Geriatric.jpg","contentUrl":"https:\/\/macambients.com\/wp-content\/uploads\/2025\/10\/Geriatric.jpg","width":1600,"height":1120},{"@type":"BreadcrumbList","@id":"https:\/\/macambients.com\/es\/product\/pack-geriatrico\/#breadcrumb","itemListElement":[{"@type":"ListItem","position":1,"name":"Home","item":"https:\/\/macambients.com\/es\/"},{"@type":"ListItem","position":2,"name":"Shop","item":"https:\/\/macambients.com\/es\/shop\/"},{"@type":"ListItem","position":3,"name":"PACK GERI\u00c1TRICO"}]},{"@type":"WebSite","@id":"https:\/\/macambients.com\/es\/#website","url":"https:\/\/macambients.com\/es\/","name":"MAC - Ambients Singulars","description":"","publisher":{"@id":"https:\/\/macambients.com\/es\/#organization"},"potentialAction":[{"@type":"SearchAction","target":{"@type":"EntryPoint","urlTemplate":"https:\/\/macambients.com\/es\/?s={search_term_string}"},"query-input":"required name=search_term_string"}],"inLanguage":"es"},{"@type":"Organization","@id":"https:\/\/macambients.com\/es\/#organization","name":"MAC - Ambients Singulars","url":"https:\/\/macambients.com\/es\/","logo":{"@type":"ImageObject","inLanguage":"es","@id":"https:\/\/macambients.com\/es\/#\/schema\/logo\/image\/","url":"https:\/\/macambients.com\/wp-content\/uploads\/2022\/12\/logo.png","contentUrl":"https:\/\/macambients.com\/wp-content\/uploads\/2022\/12\/logo.png","width":270,"height":55,"caption":"MAC - Ambients Singulars"},"image":{"@id":"https:\/\/macambients.com\/es\/#\/schema\/logo\/image\/"}}]}},"_links":{"self":[{"href":"https:\/\/macambients.com\/es\/wp-json\/wp\/v2\/product\/57749"}],"collection":[{"href":"https:\/\/macambients.com\/es\/wp-json\/wp\/v2\/product"}],"about":[{"href":"https:\/\/macambients.com\/es\/wp-json\/wp\/v2\/types\/product"}],"wp:featuredmedia":[{"embeddable":true,"href":"https:\/\/macambients.com\/es\/wp-json\/wp\/v2\/media\/61132"}],"wp:attachment":[{"href":"https:\/\/macambients.com\/es\/wp-json\/wp\/v2\/media?parent=57749"}],"wp:term":[{"taxonomy":"product_cat","embeddable":true,"href":"https:\/\/macambients.com\/es\/wp-json\/wp\/v2\/product_cat?post=57749"},{"taxonomy":"product_tag","embeddable":true,"href":"https:\/\/macambients.com\/es\/wp-json\/wp\/v2\/product_tag?post=57749"}],"curies":[{"name":"wp","href":"https:\/\/api.w.org\/{rel}","templated":true}]}}