{"id":59856,"date":"2025-10-16T10:21:43","date_gmt":"2025-10-16T10:21:43","guid":{"rendered":"https:\/\/macambients.com\/product\/ulan-07\/"},"modified":"2025-10-16T10:31:30","modified_gmt":"2025-10-16T10:31:30","slug":"ulan-07","status":"publish","type":"product","link":"https:\/\/macambients.com\/es\/product\/ulan-07\/","title":{"rendered":"ULAN-07"},"content":{"rendered":"<p>Dormitorio compuesto por una cama individual para colch\u00f3n de 90&#215;190 cm, con canap\u00e9 lateral y m\u00f3dulo de cajones. Incluye paneles laterales.<\/p>\n<p>Opcionales:<\/p>\n<ul>\n<li>Aplique flexible Led, 91\u20ac<\/li>\n<li>M\u00f3dulo estante de 180 cm con puerta elevable, 356\u20ac<\/li>\n<li>Estanter\u00eda baja, 368\u20ac<\/li>\n<li>Mesa de estudio anexa de 160,3 cm, 120\u20ac<\/li>\n<li>Combinaci\u00f3n de paneles ranurados, 1.899\u20ac<\/li>\n<li>Armario con puertas batientes, consultar precio.<\/li>\n<\/ul>\n<p>Opci\u00f3n de acabado lacado para la mesa, 49\u20ac<\/p>\n<p>En la foto en color ROBLE FOREST, PIEDRA y MUD, con tiradores color LOON GRAFITO.<\/p>\n<p>&nbsp;<\/p>\n<p>Disponible en gran variedad de colores, tama\u00f1os y acabados.<br \/>\n<strong>TRANSPORTE Y MONTAJE INCLUIDOS EN EL PRECIO.<\/strong><br \/>\n<span style=\"color: #000080;\"><strong>Encuentra esta y otras opciones en nuestras tiendas MAC. \u00a1Inf\u00f3rmate ahora sin compromiso!<\/strong><\/span><\/p>\n","protected":false},"excerpt":{"rendered":"<p>Dormitorio compuesto por una cama individual para colch\u00f3n de 90&#215;190 cm, con canap\u00e9 lateral y m\u00f3dulo de cajones. Incluye paneles laterales. Opcionales: Aplique flexible Led, 91\u20ac M\u00f3dulo estante de 180 cm con puerta elevable, 356\u20ac Estanter\u00eda baja, 368\u20ac Mesa de estudio anexa de 160,3 cm, 120\u20ac Combinaci\u00f3n de paneles ranurados, 1.899\u20ac Armario con puertas batientes, [&hellip;]<\/p>\n","protected":false},"featured_media":59770,"template":"","meta":{"_acf_changed":false,"_joinchat":[]},"product_cat":[724,676,672,671,680,673],"product_tag":[],"class_list":{"0":"post-59856","1":"product","2":"type-product","3":"status-publish","4":"has-post-thumbnail","6":"product_cat-dormitorios-infantiles-y-juveniles","7":"product_cat-armarios-juveniles","8":"product_cat-composiciones-ninos-y-jovenes","9":"product_cat-camas-compactas","10":"product_cat-escritorios","11":"product_cat-camas-juveniles","13":"first","14":"instock","15":"taxable","16":"shipping-taxable","17":"purchasable","18":"product-type-simple"},"acf":[],"yoast_head":"<!-- This site is optimized with the Yoast SEO plugin v23.3 - https:\/\/yoast.com\/wordpress\/plugins\/seo\/ -->\n<title>ULAN-07 - MAC - Ambients Singulars<\/title>\n<meta name=\"robots\" content=\"index, follow, max-snippet:-1, max-image-preview:large, max-video-preview:-1\" \/>\n<link rel=\"canonical\" href=\"https:\/\/macambients.com\/es\/product\/ulan-07\/\" \/>\n<meta property=\"og:locale\" content=\"es_ES\" \/>\n<meta property=\"og:type\" content=\"article\" \/>\n<meta property=\"og:title\" content=\"ULAN-07 - MAC - Ambients Singulars\" \/>\n<meta property=\"og:description\" content=\"Dormitorio compuesto por una cama individual para colch\u00f3n de 90&#215;190 cm, con canap\u00e9 lateral y m\u00f3dulo de cajones. Incluye paneles laterales. Opcionales: Aplique flexible Led, 91\u20ac M\u00f3dulo estante de 180 cm con puerta elevable, 356\u20ac Estanter\u00eda baja, 368\u20ac Mesa de estudio anexa de 160,3 cm, 120\u20ac Combinaci\u00f3n de paneles ranurados, 1.899\u20ac Armario con puertas batientes, [&hellip;]\" \/>\n<meta property=\"og:url\" content=\"https:\/\/macambients.com\/es\/product\/ulan-07\/\" \/>\n<meta property=\"og:site_name\" content=\"MAC - Ambients Singulars\" \/>\n<meta property=\"article:modified_time\" content=\"2025-10-16T10:31:30+00:00\" \/>\n<meta property=\"og:image\" content=\"https:\/\/macambients.com\/wp-content\/uploads\/2025\/10\/Compo-23.jpg\" \/>\n\t<meta property=\"og:image:width\" content=\"1600\" \/>\n\t<meta property=\"og:image:height\" content=\"1120\" \/>\n\t<meta property=\"og:image:type\" content=\"image\/jpeg\" \/>\n<meta name=\"twitter:card\" content=\"summary_large_image\" \/>\n<meta name=\"twitter:label1\" content=\"Tiempo de lectura\" \/>\n\t<meta name=\"twitter:data1\" content=\"1 minuto\" \/>\n<script type=\"application\/ld+json\" class=\"yoast-schema-graph\">{\"@context\":\"https:\/\/schema.org\",\"@graph\":[{\"@type\":\"WebPage\",\"@id\":\"https:\/\/macambients.com\/es\/product\/ulan-07\/\",\"url\":\"https:\/\/macambients.com\/es\/product\/ulan-07\/\",\"name\":\"ULAN-07 - MAC - Ambients Singulars\",\"isPartOf\":{\"@id\":\"https:\/\/macambients.com\/es\/#website\"},\"primaryImageOfPage\":{\"@id\":\"https:\/\/macambients.com\/es\/product\/ulan-07\/#primaryimage\"},\"image\":{\"@id\":\"https:\/\/macambients.com\/es\/product\/ulan-07\/#primaryimage\"},\"thumbnailUrl\":\"https:\/\/macambients.com\/wp-content\/uploads\/2025\/10\/Compo-23.jpg\",\"datePublished\":\"2025-10-16T10:21:43+00:00\",\"dateModified\":\"2025-10-16T10:31:30+00:00\",\"breadcrumb\":{\"@id\":\"https:\/\/macambients.com\/es\/product\/ulan-07\/#breadcrumb\"},\"inLanguage\":\"es\",\"potentialAction\":[{\"@type\":\"ReadAction\",\"target\":[\"https:\/\/macambients.com\/es\/product\/ulan-07\/\"]}]},{\"@type\":\"ImageObject\",\"inLanguage\":\"es\",\"@id\":\"https:\/\/macambients.com\/es\/product\/ulan-07\/#primaryimage\",\"url\":\"https:\/\/macambients.com\/wp-content\/uploads\/2025\/10\/Compo-23.jpg\",\"contentUrl\":\"https:\/\/macambients.com\/wp-content\/uploads\/2025\/10\/Compo-23.jpg\",\"width\":1600,\"height\":1120},{\"@type\":\"BreadcrumbList\",\"@id\":\"https:\/\/macambients.com\/es\/product\/ulan-07\/#breadcrumb\",\"itemListElement\":[{\"@type\":\"ListItem\",\"position\":1,\"name\":\"Home\",\"item\":\"https:\/\/macambients.com\/es\/\"},{\"@type\":\"ListItem\",\"position\":2,\"name\":\"Shop\",\"item\":\"https:\/\/macambients.com\/es\/shop\/\"},{\"@type\":\"ListItem\",\"position\":3,\"name\":\"ULAN-07\"}]},{\"@type\":\"WebSite\",\"@id\":\"https:\/\/macambients.com\/es\/#website\",\"url\":\"https:\/\/macambients.com\/es\/\",\"name\":\"MAC - Ambients Singulars\",\"description\":\"\",\"publisher\":{\"@id\":\"https:\/\/macambients.com\/es\/#organization\"},\"potentialAction\":[{\"@type\":\"SearchAction\",\"target\":{\"@type\":\"EntryPoint\",\"urlTemplate\":\"https:\/\/macambients.com\/es\/?s={search_term_string}\"},\"query-input\":\"required name=search_term_string\"}],\"inLanguage\":\"es\"},{\"@type\":\"Organization\",\"@id\":\"https:\/\/macambients.com\/es\/#organization\",\"name\":\"MAC - Ambients Singulars\",\"url\":\"https:\/\/macambients.com\/es\/\",\"logo\":{\"@type\":\"ImageObject\",\"inLanguage\":\"es\",\"@id\":\"https:\/\/macambients.com\/es\/#\/schema\/logo\/image\/\",\"url\":\"https:\/\/macambients.com\/wp-content\/uploads\/2022\/12\/logo.png\",\"contentUrl\":\"https:\/\/macambients.com\/wp-content\/uploads\/2022\/12\/logo.png\",\"width\":270,\"height\":55,\"caption\":\"MAC - Ambients Singulars\"},\"image\":{\"@id\":\"https:\/\/macambients.com\/es\/#\/schema\/logo\/image\/\"}}]}<\/script>\n<!-- \/ Yoast SEO plugin. -->","yoast_head_json":{"title":"ULAN-07 - MAC - Ambients Singulars","robots":{"index":"index","follow":"follow","max-snippet":"max-snippet:-1","max-image-preview":"max-image-preview:large","max-video-preview":"max-video-preview:-1"},"canonical":"https:\/\/macambients.com\/es\/product\/ulan-07\/","og_locale":"es_ES","og_type":"article","og_title":"ULAN-07 - MAC - Ambients Singulars","og_description":"Dormitorio compuesto por una cama individual para colch\u00f3n de 90&#215;190 cm, con canap\u00e9 lateral y m\u00f3dulo de cajones. Incluye paneles laterales. Opcionales: Aplique flexible Led, 91\u20ac M\u00f3dulo estante de 180 cm con puerta elevable, 356\u20ac Estanter\u00eda baja, 368\u20ac Mesa de estudio anexa de 160,3 cm, 120\u20ac Combinaci\u00f3n de paneles ranurados, 1.899\u20ac Armario con puertas batientes, [&hellip;]","og_url":"https:\/\/macambients.com\/es\/product\/ulan-07\/","og_site_name":"MAC - Ambients Singulars","article_modified_time":"2025-10-16T10:31:30+00:00","og_image":[{"width":1600,"height":1120,"url":"https:\/\/macambients.com\/wp-content\/uploads\/2025\/10\/Compo-23.jpg","type":"image\/jpeg"}],"twitter_card":"summary_large_image","twitter_misc":{"Tiempo de lectura":"1 minuto"},"schema":{"@context":"https:\/\/schema.org","@graph":[{"@type":"WebPage","@id":"https:\/\/macambients.com\/es\/product\/ulan-07\/","url":"https:\/\/macambients.com\/es\/product\/ulan-07\/","name":"ULAN-07 - MAC - Ambients Singulars","isPartOf":{"@id":"https:\/\/macambients.com\/es\/#website"},"primaryImageOfPage":{"@id":"https:\/\/macambients.com\/es\/product\/ulan-07\/#primaryimage"},"image":{"@id":"https:\/\/macambients.com\/es\/product\/ulan-07\/#primaryimage"},"thumbnailUrl":"https:\/\/macambients.com\/wp-content\/uploads\/2025\/10\/Compo-23.jpg","datePublished":"2025-10-16T10:21:43+00:00","dateModified":"2025-10-16T10:31:30+00:00","breadcrumb":{"@id":"https:\/\/macambients.com\/es\/product\/ulan-07\/#breadcrumb"},"inLanguage":"es","potentialAction":[{"@type":"ReadAction","target":["https:\/\/macambients.com\/es\/product\/ulan-07\/"]}]},{"@type":"ImageObject","inLanguage":"es","@id":"https:\/\/macambients.com\/es\/product\/ulan-07\/#primaryimage","url":"https:\/\/macambients.com\/wp-content\/uploads\/2025\/10\/Compo-23.jpg","contentUrl":"https:\/\/macambients.com\/wp-content\/uploads\/2025\/10\/Compo-23.jpg","width":1600,"height":1120},{"@type":"BreadcrumbList","@id":"https:\/\/macambients.com\/es\/product\/ulan-07\/#breadcrumb","itemListElement":[{"@type":"ListItem","position":1,"name":"Home","item":"https:\/\/macambients.com\/es\/"},{"@type":"ListItem","position":2,"name":"Shop","item":"https:\/\/macambients.com\/es\/shop\/"},{"@type":"ListItem","position":3,"name":"ULAN-07"}]},{"@type":"WebSite","@id":"https:\/\/macambients.com\/es\/#website","url":"https:\/\/macambients.com\/es\/","name":"MAC - Ambients Singulars","description":"","publisher":{"@id":"https:\/\/macambients.com\/es\/#organization"},"potentialAction":[{"@type":"SearchAction","target":{"@type":"EntryPoint","urlTemplate":"https:\/\/macambients.com\/es\/?s={search_term_string}"},"query-input":"required name=search_term_string"}],"inLanguage":"es"},{"@type":"Organization","@id":"https:\/\/macambients.com\/es\/#organization","name":"MAC - Ambients Singulars","url":"https:\/\/macambients.com\/es\/","logo":{"@type":"ImageObject","inLanguage":"es","@id":"https:\/\/macambients.com\/es\/#\/schema\/logo\/image\/","url":"https:\/\/macambients.com\/wp-content\/uploads\/2022\/12\/logo.png","contentUrl":"https:\/\/macambients.com\/wp-content\/uploads\/2022\/12\/logo.png","width":270,"height":55,"caption":"MAC - Ambients Singulars"},"image":{"@id":"https:\/\/macambients.com\/es\/#\/schema\/logo\/image\/"}}]}},"_links":{"self":[{"href":"https:\/\/macambients.com\/es\/wp-json\/wp\/v2\/product\/59856"}],"collection":[{"href":"https:\/\/macambients.com\/es\/wp-json\/wp\/v2\/product"}],"about":[{"href":"https:\/\/macambients.com\/es\/wp-json\/wp\/v2\/types\/product"}],"wp:featuredmedia":[{"embeddable":true,"href":"https:\/\/macambients.com\/es\/wp-json\/wp\/v2\/media\/59770"}],"wp:attachment":[{"href":"https:\/\/macambients.com\/es\/wp-json\/wp\/v2\/media?parent=59856"}],"wp:term":[{"taxonomy":"product_cat","embeddable":true,"href":"https:\/\/macambients.com\/es\/wp-json\/wp\/v2\/product_cat?post=59856"},{"taxonomy":"product_tag","embeddable":true,"href":"https:\/\/macambients.com\/es\/wp-json\/wp\/v2\/product_tag?post=59856"}],"curies":[{"name":"wp","href":"https:\/\/api.w.org\/{rel}","templated":true}]}}