{"id":60777,"date":"2025-10-20T10:10:49","date_gmt":"2025-10-20T10:10:49","guid":{"rendered":"https:\/\/macambients.com\/?post_type=product&#038;p=60777"},"modified":"2026-04-01T08:01:04","modified_gmt":"2026-04-01T08:01:04","slug":"colchon-zermatt-viscoelastico-y-espuma-hr-30-solo-online","status":"publish","type":"product","link":"https:\/\/macambients.com\/es\/product\/colchon-zermatt-viscoelastico-y-espuma-hr-30-solo-online\/","title":{"rendered":"COLCH\u00d3N ZERMATT VISCOEL\u00c1STICO Y ESPUMA HR -30%"},"content":{"rendered":"<h3 data-start=\"112\" data-end=\"175\"><strong data-start=\"116\" data-end=\"175\">\u00a1OFERTA EXCLUSIVA! 30% DE DESCUENTO SOLO AHORA \u2013<\/strong><\/h3>\n<p data-start=\"177\" data-end=\"236\"><strong data-start=\"177\" data-end=\"236\">COMPRA AHORA Y RECIBE TU COLCH\u00d3N EN CASA EN 24\/48 HORAS*<\/strong><\/p>\n<p data-start=\"238\" data-end=\"527\">Descubre el colch\u00f3n <strong data-start=\"258\" data-end=\"269\">Zermatt<\/strong> de 28 cm de altura, dise\u00f1ado para ofrecerte un descanso reparador combinando soporte firme, adaptabilidad y m\u00e1ximo confort. Su estructura avanzada con muelles ensacados y viscoel\u00e1stica proporciona una experiencia de sue\u00f1o personalizada y sin interrupciones.<\/p>\n<hr data-start=\"529\" data-end=\"532\" \/>\n<h3 data-start=\"534\" data-end=\"561\">\u2705 Beneficios destacados<\/h3>\n<ul data-start=\"563\" data-end=\"720\">\n<li data-start=\"563\" data-end=\"586\">\n<p data-start=\"565\" data-end=\"586\"><strong data-start=\"565\" data-end=\"576\">Altura:<\/strong> 28 cm +\/-<\/p>\n<\/li>\n<li data-start=\"587\" data-end=\"613\">\n<p data-start=\"589\" data-end=\"613\"><strong data-start=\"589\" data-end=\"601\">Firmeza:<\/strong> Media-firme<\/p>\n<\/li>\n<li data-start=\"614\" data-end=\"642\">\n<p data-start=\"616\" data-end=\"642\"><strong data-start=\"616\" data-end=\"637\">Transpirabilidad:<\/strong> Alta<\/p>\n<\/li>\n<li data-start=\"643\" data-end=\"683\">\n<p data-start=\"645\" data-end=\"683\"><strong data-start=\"645\" data-end=\"673\">Independencia de lechos:<\/strong> Excelente<\/p>\n<\/li>\n<li data-start=\"684\" data-end=\"720\">\n<p data-start=\"686\" data-end=\"720\"><strong data-start=\"686\" data-end=\"717\">Reversible verano\/invierno:<\/strong> S\u00ed<\/p>\n<\/li>\n<\/ul>\n<hr data-start=\"722\" data-end=\"725\" \/>\n<h3 data-start=\"727\" data-end=\"759\">\ud83d\udee0\ufe0f Caracter\u00edsticas t\u00e9cnicas<\/h3>\n<ul data-start=\"761\" data-end=\"1423\">\n<li data-start=\"761\" data-end=\"921\">\n<p data-start=\"763\" data-end=\"921\"><strong data-start=\"763\" data-end=\"803\">N\u00facleo de muelles ensacados de 16 cm<\/strong> con 252 muelles\/m\u00b2: aporta un soporte firme y se adapta a tu cuerpo sin transmitir movimientos. Ideal para parejas.<\/p>\n<\/li>\n<li data-start=\"922\" data-end=\"985\">\n<p data-start=\"924\" data-end=\"985\"><strong data-start=\"924\" data-end=\"944\">Espuma HR firme:<\/strong> refuerzo de resistencia y estabilidad.<\/p>\n<\/li>\n<li data-start=\"986\" data-end=\"1115\">\n<p data-start=\"988\" data-end=\"1115\"><strong data-start=\"988\" data-end=\"1021\">Capas superiores e inferiores<\/strong> con viscoel\u00e1stica + espuma HR firme: comodidad ergon\u00f3mica y soporte correcto de la columna.<\/p>\n<\/li>\n<li data-start=\"1116\" data-end=\"1190\">\n<p data-start=\"1118\" data-end=\"1190\"><strong data-start=\"1118\" data-end=\"1144\">Tejido Stretch blanco:<\/strong> suave, resistente y altamente transpirable.<\/p>\n<\/li>\n<li data-start=\"1191\" data-end=\"1271\">\n<p data-start=\"1193\" data-end=\"1271\"><strong data-start=\"1193\" data-end=\"1221\">Acolchado con fibra PES:<\/strong> favorece la ventilaci\u00f3n y suavidad al contacto.<\/p>\n<\/li>\n<li data-start=\"1272\" data-end=\"1339\">\n<p data-start=\"1274\" data-end=\"1339\"><strong data-start=\"1274\" data-end=\"1293\">Asas laterales:<\/strong> facilitan el giro y transporte del colch\u00f3n.<\/p>\n<\/li>\n<li data-start=\"1340\" data-end=\"1423\">\n<p data-start=\"1342\" data-end=\"1423\"><strong data-start=\"1342\" data-end=\"1363\">Borde gris claro:<\/strong> dise\u00f1o elegante y neutro, adaptable a cualquier dormitorio.<\/p>\n<\/li>\n<\/ul>\n<hr data-start=\"1425\" data-end=\"1428\" \/>\n<h3 data-start=\"1430\" data-end=\"1453\">\u2728 Ideal para ti si\u2026<\/h3>\n<p data-start=\"1455\" data-end=\"1758\">\u2714\ufe0f Buscas un soporte firme pero adaptable<br data-start=\"1496\" data-end=\"1499\" \/>\u2714\ufe0f Duermes en pareja y quieres independencia de lechos<br data-start=\"1553\" data-end=\"1556\" \/>\u2714\ufe0f Necesitas alivio de presi\u00f3n en hombros y caderas<br data-start=\"1607\" data-end=\"1610\" \/>\u2714\ufe0f Quieres una superficie que se adapte a tu cuerpo y mantenga la columna alineada<br data-start=\"1692\" data-end=\"1695\" \/>\u2714\ufe0f Quieres materiales de calidad con excelente transpirabilidad<\/p>\n<hr data-start=\"1760\" data-end=\"1763\" \/>\n<h3 data-start=\"1765\" data-end=\"1813\">\ud83d\ude9b Oferta limitada: \u201330% en web y en tiendas<\/h3>\n<p data-start=\"1815\" data-end=\"1953\">Compra ahora tu colch\u00f3n <strong data-start=\"1839\" data-end=\"1850\">Zermatt<\/strong> y rec\u00edbelo en casa en <strong data-start=\"1873\" data-end=\"1888\">24\/48 horas*<\/strong>.<br data-start=\"1889\" data-end=\"1892\" \/>Sin esperas, sin complicaciones. <strong data-start=\"1925\" data-end=\"1953\">Tu descanso empieza hoy.<\/strong><\/p>\n<hr data-start=\"1955\" data-end=\"1958\" \/>\n<p data-start=\"1960\" data-end=\"2052\">\ud83d\uded2 <strong data-start=\"1963\" data-end=\"2052\">Elige tu medida y haz clic en \u201cA\u00f1adir al carrito\u201d para empezar a dormir como mereces.<\/strong><\/p>\n<ul data-start=\"2054\" data-end=\"2296\">\n<li data-start=\"2054\" data-end=\"2099\">\n<p data-start=\"2056\" data-end=\"2099\">\ud83d\ude9a <strong data-start=\"2059\" data-end=\"2077\">Env\u00edo gratuito<\/strong> a toda la pen\u00ednsula<\/p>\n<\/li>\n<li data-start=\"2100\" data-end=\"2140\">\n<p data-start=\"2102\" data-end=\"2140\">\ud83d\udce6 *<strong data-start=\"2105\" data-end=\"2126\">Entrega estimada:<\/strong> 24\/48 horas (En funci\u00f3n de la zona de entrega y disponibilidad del transporte. Consultar en caso de duda).<\/p>\n<\/li>\n<li data-start=\"2141\" data-end=\"2269\">\n<p data-start=\"2143\" data-end=\"2269\">\ud83d\udcb3 <strong data-start=\"2146\" data-end=\"2205\">Financia tu compra en 3 plazos sin intereses con Klarna<\/strong>. Selecciona Klarna como m\u00e9todo de pago al finalizar la compra<\/p>\n<\/li>\n<li data-start=\"2270\" data-end=\"2296\">\n<p data-start=\"2272\" data-end=\"2296\">\ud83d\udd10 <strong data-start=\"2275\" data-end=\"2296\">Pago 100\u202f% seguro<\/strong><\/p>\n<\/li>\n<\/ul>\n<hr data-start=\"2298\" data-end=\"2301\" \/>\n<p data-start=\"2303\" data-end=\"2500\" data-is-last-node=\"\" data-is-only-node=\"\">\n","protected":false},"excerpt":{"rendered":"<p>\u00a1OFERTA EXCLUSIVA! 30% DE DESCUENTO SOLO AHORA \u2013 COMPRA AHORA Y RECIBE TU COLCH\u00d3N EN CASA EN 24\/48 HORAS* Descubre el colch\u00f3n Zermatt de 28 cm de altura, dise\u00f1ado para ofrecerte un descanso reparador combinando soporte firme, adaptabilidad y m\u00e1ximo confort. Su estructura avanzada con muelles ensacados y viscoel\u00e1stica proporciona una experiencia de sue\u00f1o personalizada [&hellip;]<\/p>\n","protected":false},"featured_media":52364,"template":"","meta":{"_acf_changed":false,"_joinchat":[]},"product_cat":[725,607,611],"product_tag":[],"class_list":{"0":"post-60777","1":"product","2":"type-product","3":"status-publish","4":"has-post-thumbnail","6":"product_cat-descanso","7":"product_cat-colchones","8":"product_cat-muelles-ensacados","9":"pa_mida-80x180-es","10":"pa_mida-80x190-es","11":"pa_mida-80x200-es","12":"pa_mida-90x180-es","13":"pa_mida-90x190-es","14":"pa_mida-90x200-es","15":"pa_mida-100x180-es","16":"pa_mida-100x190-es","17":"pa_mida-105x180-es","18":"pa_mida-105x190-es","19":"pa_mida-105x200-es","20":"pa_mida-120x180-es","21":"pa_mida-120x190-es","22":"pa_mida-120x200-es","23":"pa_mida-135x180-es","24":"pa_mida-135x190-es","25":"pa_mida-135x200-es","26":"pa_mida-140x180-es","27":"pa_mida-140x190-es","28":"pa_mida-140x200-es","29":"pa_mida-150x180-es","30":"pa_mida-150x190-es","31":"pa_mida-150x200-es","32":"pa_mida-160x180-es","33":"pa_mida-160x190-es","34":"pa_mida-160x200-es","35":"pa_mida-180x180-es","36":"pa_mida-180x190-es","37":"pa_mida-180x200-es","38":"pa_mida-200x180-es","39":"pa_mida-200x190-es","40":"pa_mida-200x200-es","42":"first","43":"instock","44":"sale","45":"taxable","46":"shipping-taxable","47":"purchasable","48":"product-type-variable","49":"has-default-attributes"},"acf":[],"yoast_head":"<!-- This site is optimized with the Yoast SEO plugin v23.3 - https:\/\/yoast.com\/wordpress\/plugins\/seo\/ -->\n<title>COLCH\u00d3N ZERMATT VISCOEL\u00c1STICO Y ESPUMA HR -30% - MAC - Ambients Singulars<\/title>\n<meta name=\"description\" content=\"Matal\u00e0s de molles ensacades, suport ferm. Viscoel\u00e0stica i escuma HR. Al\u00e7ada total de 28 cm +\/-. Indicat per a persones que busquen un suport ferm i una excel\u00b7lent adaptabilitat durant el descans.\" \/>\n<meta name=\"robots\" content=\"index, follow, max-snippet:-1, max-image-preview:large, max-video-preview:-1\" \/>\n<link rel=\"canonical\" href=\"https:\/\/macambients.com\/es\/product\/colchon-zermatt-viscoelastico-y-espuma-hr-30-solo-online\/\" \/>\n<meta property=\"og:locale\" content=\"es_ES\" \/>\n<meta property=\"og:type\" content=\"article\" \/>\n<meta property=\"og:title\" content=\"COLCH\u00d3N ZERMATT VISCOEL\u00c1STICO Y ESPUMA HR -30% - MAC - Ambients Singulars\" \/>\n<meta property=\"og:description\" content=\"Matal\u00e0s de molles ensacades, suport ferm. Viscoel\u00e0stica i escuma HR. Al\u00e7ada total de 28 cm +\/-. Indicat per a persones que busquen un suport ferm i una excel\u00b7lent adaptabilitat durant el descans.\" \/>\n<meta property=\"og:url\" content=\"https:\/\/macambients.com\/es\/product\/colchon-zermatt-viscoelastico-y-espuma-hr-30-solo-online\/\" \/>\n<meta property=\"og:site_name\" content=\"MAC - Ambients Singulars\" \/>\n<meta property=\"article:modified_time\" content=\"2026-04-01T08:01:04+00:00\" \/>\n<meta property=\"og:image\" content=\"https:\/\/macambients.com\/wp-content\/uploads\/2024\/10\/Zermatt-Gomarco-.jpg\" \/>\n\t<meta property=\"og:image:width\" content=\"1600\" \/>\n\t<meta property=\"og:image:height\" content=\"1120\" \/>\n\t<meta property=\"og:image:type\" content=\"image\/jpeg\" \/>\n<meta name=\"twitter:card\" content=\"summary_large_image\" \/>\n<meta name=\"twitter:label1\" content=\"Tiempo de lectura\" \/>\n\t<meta name=\"twitter:data1\" content=\"2 minutos\" \/>\n<script type=\"application\/ld+json\" class=\"yoast-schema-graph\">{\"@context\":\"https:\/\/schema.org\",\"@graph\":[{\"@type\":\"WebPage\",\"@id\":\"https:\/\/macambients.com\/es\/product\/colchon-zermatt-viscoelastico-y-espuma-hr-30-solo-online\/\",\"url\":\"https:\/\/macambients.com\/es\/product\/colchon-zermatt-viscoelastico-y-espuma-hr-30-solo-online\/\",\"name\":\"COLCH\u00d3N ZERMATT VISCOEL\u00c1STICO Y ESPUMA HR -30% - MAC - Ambients Singulars\",\"isPartOf\":{\"@id\":\"https:\/\/macambients.com\/es\/#website\"},\"primaryImageOfPage\":{\"@id\":\"https:\/\/macambients.com\/es\/product\/colchon-zermatt-viscoelastico-y-espuma-hr-30-solo-online\/#primaryimage\"},\"image\":{\"@id\":\"https:\/\/macambients.com\/es\/product\/colchon-zermatt-viscoelastico-y-espuma-hr-30-solo-online\/#primaryimage\"},\"thumbnailUrl\":\"https:\/\/macambients.com\/wp-content\/uploads\/2024\/10\/Zermatt-Gomarco-.jpg\",\"datePublished\":\"2025-10-20T10:10:49+00:00\",\"dateModified\":\"2026-04-01T08:01:04+00:00\",\"description\":\"Matal\u00e0s de molles ensacades, suport ferm. Viscoel\u00e0stica i escuma HR. Al\u00e7ada total de 28 cm +\/-. Indicat per a persones que busquen un suport ferm i una excel\u00b7lent adaptabilitat durant el descans.\",\"breadcrumb\":{\"@id\":\"https:\/\/macambients.com\/es\/product\/colchon-zermatt-viscoelastico-y-espuma-hr-30-solo-online\/#breadcrumb\"},\"inLanguage\":\"es\",\"potentialAction\":[{\"@type\":\"ReadAction\",\"target\":[\"https:\/\/macambients.com\/es\/product\/colchon-zermatt-viscoelastico-y-espuma-hr-30-solo-online\/\"]}]},{\"@type\":\"ImageObject\",\"inLanguage\":\"es\",\"@id\":\"https:\/\/macambients.com\/es\/product\/colchon-zermatt-viscoelastico-y-espuma-hr-30-solo-online\/#primaryimage\",\"url\":\"https:\/\/macambients.com\/wp-content\/uploads\/2024\/10\/Zermatt-Gomarco-.jpg\",\"contentUrl\":\"https:\/\/macambients.com\/wp-content\/uploads\/2024\/10\/Zermatt-Gomarco-.jpg\",\"width\":1600,\"height\":1120},{\"@type\":\"BreadcrumbList\",\"@id\":\"https:\/\/macambients.com\/es\/product\/colchon-zermatt-viscoelastico-y-espuma-hr-30-solo-online\/#breadcrumb\",\"itemListElement\":[{\"@type\":\"ListItem\",\"position\":1,\"name\":\"Home\",\"item\":\"https:\/\/macambients.com\/es\/\"},{\"@type\":\"ListItem\",\"position\":2,\"name\":\"Shop\",\"item\":\"https:\/\/macambients.com\/es\/shop\/\"},{\"@type\":\"ListItem\",\"position\":3,\"name\":\"COLCH\u00d3N ZERMATT VISCOEL\u00c1STICO Y ESPUMA HR -30%\"}]},{\"@type\":\"WebSite\",\"@id\":\"https:\/\/macambients.com\/es\/#website\",\"url\":\"https:\/\/macambients.com\/es\/\",\"name\":\"MAC - Ambients Singulars\",\"description\":\"\",\"publisher\":{\"@id\":\"https:\/\/macambients.com\/es\/#organization\"},\"potentialAction\":[{\"@type\":\"SearchAction\",\"target\":{\"@type\":\"EntryPoint\",\"urlTemplate\":\"https:\/\/macambients.com\/es\/?s={search_term_string}\"},\"query-input\":\"required name=search_term_string\"}],\"inLanguage\":\"es\"},{\"@type\":\"Organization\",\"@id\":\"https:\/\/macambients.com\/es\/#organization\",\"name\":\"MAC - Ambients Singulars\",\"url\":\"https:\/\/macambients.com\/es\/\",\"logo\":{\"@type\":\"ImageObject\",\"inLanguage\":\"es\",\"@id\":\"https:\/\/macambients.com\/es\/#\/schema\/logo\/image\/\",\"url\":\"https:\/\/macambients.com\/wp-content\/uploads\/2022\/12\/logo.png\",\"contentUrl\":\"https:\/\/macambients.com\/wp-content\/uploads\/2022\/12\/logo.png\",\"width\":270,\"height\":55,\"caption\":\"MAC - Ambients Singulars\"},\"image\":{\"@id\":\"https:\/\/macambients.com\/es\/#\/schema\/logo\/image\/\"}}]}<\/script>\n<!-- \/ Yoast SEO plugin. -->","yoast_head_json":{"title":"COLCH\u00d3N ZERMATT VISCOEL\u00c1STICO Y ESPUMA HR -30% - MAC - Ambients Singulars","description":"Matal\u00e0s de molles ensacades, suport ferm. Viscoel\u00e0stica i escuma HR. Al\u00e7ada total de 28 cm +\/-. Indicat per a persones que busquen un suport ferm i una excel\u00b7lent adaptabilitat durant el descans.","robots":{"index":"index","follow":"follow","max-snippet":"max-snippet:-1","max-image-preview":"max-image-preview:large","max-video-preview":"max-video-preview:-1"},"canonical":"https:\/\/macambients.com\/es\/product\/colchon-zermatt-viscoelastico-y-espuma-hr-30-solo-online\/","og_locale":"es_ES","og_type":"article","og_title":"COLCH\u00d3N ZERMATT VISCOEL\u00c1STICO Y ESPUMA HR -30% - MAC - Ambients Singulars","og_description":"Matal\u00e0s de molles ensacades, suport ferm. Viscoel\u00e0stica i escuma HR. Al\u00e7ada total de 28 cm +\/-. Indicat per a persones que busquen un suport ferm i una excel\u00b7lent adaptabilitat durant el descans.","og_url":"https:\/\/macambients.com\/es\/product\/colchon-zermatt-viscoelastico-y-espuma-hr-30-solo-online\/","og_site_name":"MAC - Ambients Singulars","article_modified_time":"2026-04-01T08:01:04+00:00","og_image":[{"width":1600,"height":1120,"url":"https:\/\/macambients.com\/wp-content\/uploads\/2024\/10\/Zermatt-Gomarco-.jpg","type":"image\/jpeg"}],"twitter_card":"summary_large_image","twitter_misc":{"Tiempo de lectura":"2 minutos"},"schema":{"@context":"https:\/\/schema.org","@graph":[{"@type":"WebPage","@id":"https:\/\/macambients.com\/es\/product\/colchon-zermatt-viscoelastico-y-espuma-hr-30-solo-online\/","url":"https:\/\/macambients.com\/es\/product\/colchon-zermatt-viscoelastico-y-espuma-hr-30-solo-online\/","name":"COLCH\u00d3N ZERMATT VISCOEL\u00c1STICO Y ESPUMA HR -30% - MAC - Ambients Singulars","isPartOf":{"@id":"https:\/\/macambients.com\/es\/#website"},"primaryImageOfPage":{"@id":"https:\/\/macambients.com\/es\/product\/colchon-zermatt-viscoelastico-y-espuma-hr-30-solo-online\/#primaryimage"},"image":{"@id":"https:\/\/macambients.com\/es\/product\/colchon-zermatt-viscoelastico-y-espuma-hr-30-solo-online\/#primaryimage"},"thumbnailUrl":"https:\/\/macambients.com\/wp-content\/uploads\/2024\/10\/Zermatt-Gomarco-.jpg","datePublished":"2025-10-20T10:10:49+00:00","dateModified":"2026-04-01T08:01:04+00:00","description":"Matal\u00e0s de molles ensacades, suport ferm. Viscoel\u00e0stica i escuma HR. Al\u00e7ada total de 28 cm +\/-. Indicat per a persones que busquen un suport ferm i una excel\u00b7lent adaptabilitat durant el descans.","breadcrumb":{"@id":"https:\/\/macambients.com\/es\/product\/colchon-zermatt-viscoelastico-y-espuma-hr-30-solo-online\/#breadcrumb"},"inLanguage":"es","potentialAction":[{"@type":"ReadAction","target":["https:\/\/macambients.com\/es\/product\/colchon-zermatt-viscoelastico-y-espuma-hr-30-solo-online\/"]}]},{"@type":"ImageObject","inLanguage":"es","@id":"https:\/\/macambients.com\/es\/product\/colchon-zermatt-viscoelastico-y-espuma-hr-30-solo-online\/#primaryimage","url":"https:\/\/macambients.com\/wp-content\/uploads\/2024\/10\/Zermatt-Gomarco-.jpg","contentUrl":"https:\/\/macambients.com\/wp-content\/uploads\/2024\/10\/Zermatt-Gomarco-.jpg","width":1600,"height":1120},{"@type":"BreadcrumbList","@id":"https:\/\/macambients.com\/es\/product\/colchon-zermatt-viscoelastico-y-espuma-hr-30-solo-online\/#breadcrumb","itemListElement":[{"@type":"ListItem","position":1,"name":"Home","item":"https:\/\/macambients.com\/es\/"},{"@type":"ListItem","position":2,"name":"Shop","item":"https:\/\/macambients.com\/es\/shop\/"},{"@type":"ListItem","position":3,"name":"COLCH\u00d3N ZERMATT VISCOEL\u00c1STICO Y ESPUMA HR -30%"}]},{"@type":"WebSite","@id":"https:\/\/macambients.com\/es\/#website","url":"https:\/\/macambients.com\/es\/","name":"MAC - Ambients Singulars","description":"","publisher":{"@id":"https:\/\/macambients.com\/es\/#organization"},"potentialAction":[{"@type":"SearchAction","target":{"@type":"EntryPoint","urlTemplate":"https:\/\/macambients.com\/es\/?s={search_term_string}"},"query-input":"required name=search_term_string"}],"inLanguage":"es"},{"@type":"Organization","@id":"https:\/\/macambients.com\/es\/#organization","name":"MAC - Ambients Singulars","url":"https:\/\/macambients.com\/es\/","logo":{"@type":"ImageObject","inLanguage":"es","@id":"https:\/\/macambients.com\/es\/#\/schema\/logo\/image\/","url":"https:\/\/macambients.com\/wp-content\/uploads\/2022\/12\/logo.png","contentUrl":"https:\/\/macambients.com\/wp-content\/uploads\/2022\/12\/logo.png","width":270,"height":55,"caption":"MAC - Ambients Singulars"},"image":{"@id":"https:\/\/macambients.com\/es\/#\/schema\/logo\/image\/"}}]}},"_links":{"self":[{"href":"https:\/\/macambients.com\/es\/wp-json\/wp\/v2\/product\/60777"}],"collection":[{"href":"https:\/\/macambients.com\/es\/wp-json\/wp\/v2\/product"}],"about":[{"href":"https:\/\/macambients.com\/es\/wp-json\/wp\/v2\/types\/product"}],"wp:featuredmedia":[{"embeddable":true,"href":"https:\/\/macambients.com\/es\/wp-json\/wp\/v2\/media\/52364"}],"wp:attachment":[{"href":"https:\/\/macambients.com\/es\/wp-json\/wp\/v2\/media?parent=60777"}],"wp:term":[{"taxonomy":"product_cat","embeddable":true,"href":"https:\/\/macambients.com\/es\/wp-json\/wp\/v2\/product_cat?post=60777"},{"taxonomy":"product_tag","embeddable":true,"href":"https:\/\/macambients.com\/es\/wp-json\/wp\/v2\/product_tag?post=60777"}],"curies":[{"name":"wp","href":"https:\/\/api.w.org\/{rel}","templated":true}]}}