{"id":62726,"date":"2025-11-19T11:09:47","date_gmt":"2025-11-19T11:09:47","guid":{"rendered":"https:\/\/macambients.com\/product\/pack-llivia-confort-matalas-hybrid-oslo\/"},"modified":"2025-11-20T10:28:54","modified_gmt":"2025-11-20T10:28:54","slug":"pack-llivia-confort-colchon-hybrid-oslo","status":"publish","type":"product","link":"https:\/\/macambients.com\/es\/product\/pack-llivia-confort-colchon-hybrid-oslo\/","title":{"rendered":"PACK LL\u00cdVIA CONFORT + COLCH\u00d3N HYBRID OSLO"},"content":{"rendered":"<p><strong>ARTICULADO LLIVIA CONFORT<\/strong><\/p>\n<ul>\n<li>Estructura tubo acerado 60x20mm.<\/li>\n<li>Multil\u00e1minas madera de haya 38mm.<\/li>\n<li>L\u00e1mina prolongada en cabezal y piecero.<\/li>\n<li>Sistema de paneles dorsales ergon\u00f3micos (permiten graduar 2 tipos de confort en la zona de los hombros m\u00e1s firme o m\u00e1s suave a gusto del cliente).<\/li>\n<li>Doble l\u00e1mina lumbar con reguladores.<\/li>\n<li>Tacos y paneles de Hytrel (mayor flexibilidad, durabilidad y adaptabilidad en funci\u00f3n del peso y los movimientos).<\/li>\n<li>2 sujeta colch\u00f3n lateral.<\/li>\n<li>1 sujeta colch\u00f3n en pie.<\/li>\n<li>5 planos de articulaci\u00f3n.<\/li>\n<li>Motor el\u00e9ctrico silencioso (vuelta 0).<\/li>\n<li>Mando multifunci\u00f3n inal\u00e1mbrico con iluminaci\u00f3n.<\/li>\n<\/ul>\n<p><strong>COLCH\u00d3N HYBRID OSLO<\/strong><\/p>\n<p>1-Tejido de gran elasticidad que da sensaci\u00f3n de comodidad y flexibilidad a la hora de estirarse.<\/p>\n<p>2-Viscoel\u00e1stica perfilada formada por part\u00edculas de titanio y hielo. Proporciona frescura y optimiza el descanso. 55 K de densidad.<\/p>\n<p>3-N\u00facleo de estructura de c\u00e9lulas abiertas con alta transpiraci\u00f3n. Evita humedades en el colch\u00f3n. Posee una alta firmeza. 30 K de densidad.<\/p>\n<p>4-Tejido antideslizante que permite que el aire circule. Asegura que el colch\u00f3n no se desliza y se mantiene en su sitio.<\/p>\n<p>Altura total: 23cm +\/-<\/p>\n<p>CAPAS:<\/p>\n<p>1. Tejido estrecho HI<br \/>\n2. Visco titanium gel Profiled 7cm<br \/>\n3. Aquapur Firm ARTICULATED<br \/>\n4. Airfresh anti slip<\/p>\n<p><span style=\"color: #000080;\"><strong>Encuentra esta y otras opciones en nuestras tiendas MAC. \u00a1Inf\u00f3rmate ahora sin compromiso!<\/strong><\/span><\/p>\n","protected":false},"excerpt":{"rendered":"<p>ARTICULADO LLIVIA CONFORT Estructura tubo acerado 60x20mm. Multil\u00e1minas madera de haya 38mm. L\u00e1mina prolongada en cabezal y piecero. Sistema de paneles dorsales ergon\u00f3micos (permiten graduar 2 tipos de confort en la zona de los hombros m\u00e1s firme o m\u00e1s suave a gusto del cliente). Doble l\u00e1mina lumbar con reguladores. Tacos y paneles de Hytrel (mayor [&hellip;]<\/p>\n","protected":false},"featured_media":61141,"template":"","meta":{"_acf_changed":false,"_joinchat":[]},"product_cat":[725,613,621,3444,3449],"product_tag":[],"class_list":{"0":"post-62726","1":"product","2":"type-product","3":"status-publish","4":"has-post-thumbnail","6":"product_cat-descanso","7":"product_cat-bases","8":"product_cat-somieres-articulados","9":"product_cat-packs-es","10":"product_cat-pack-somier-articulat-es","11":"pa_mida-75x180-es","12":"pa_mida-75x190-es","13":"pa_mida-75x200-es","14":"pa_mida-80x180-es","15":"pa_mida-80x190-es","16":"pa_mida-80x200-es","17":"pa_mida-90x180-es","18":"pa_mida-90x190-es","19":"pa_mida-90x200-es","20":"pa_mida-105x180-es","21":"pa_mida-105x190-es","22":"pa_mida-105x200-es","24":"first","25":"instock","26":"sale","27":"taxable","28":"shipping-taxable","29":"purchasable","30":"product-type-variable"},"acf":[],"yoast_head":"<!-- This site is optimized with the Yoast SEO plugin v23.3 - https:\/\/yoast.com\/wordpress\/plugins\/seo\/ -->\n<title>PACK LL\u00cdVIA CONFORT + COLCH\u00d3N HYBRID OSLO - MAC - Ambients Singulars<\/title>\n<meta name=\"robots\" content=\"index, follow, max-snippet:-1, max-image-preview:large, max-video-preview:-1\" \/>\n<link rel=\"canonical\" href=\"https:\/\/macambients.com\/es\/product\/pack-llivia-confort-colchon-hybrid-oslo\/\" \/>\n<meta property=\"og:locale\" content=\"es_ES\" \/>\n<meta property=\"og:type\" content=\"article\" \/>\n<meta property=\"og:title\" content=\"PACK LL\u00cdVIA CONFORT + COLCH\u00d3N HYBRID OSLO - MAC - Ambients Singulars\" \/>\n<meta property=\"og:description\" content=\"ARTICULADO LLIVIA CONFORT Estructura tubo acerado 60x20mm. Multil\u00e1minas madera de haya 38mm. L\u00e1mina prolongada en cabezal y piecero. Sistema de paneles dorsales ergon\u00f3micos (permiten graduar 2 tipos de confort en la zona de los hombros m\u00e1s firme o m\u00e1s suave a gusto del cliente). Doble l\u00e1mina lumbar con reguladores. Tacos y paneles de Hytrel (mayor [&hellip;]\" \/>\n<meta property=\"og:url\" content=\"https:\/\/macambients.com\/es\/product\/pack-llivia-confort-colchon-hybrid-oslo\/\" \/>\n<meta property=\"og:site_name\" content=\"MAC - Ambients Singulars\" \/>\n<meta property=\"article:modified_time\" content=\"2025-11-20T10:28:54+00:00\" \/>\n<meta property=\"og:image\" content=\"https:\/\/macambients.com\/wp-content\/uploads\/2025\/10\/Llivia-Confort.jpg\" \/>\n\t<meta property=\"og:image:width\" content=\"1600\" \/>\n\t<meta property=\"og:image:height\" content=\"1120\" \/>\n\t<meta property=\"og:image:type\" content=\"image\/jpeg\" \/>\n<meta name=\"twitter:card\" content=\"summary_large_image\" \/>\n<meta name=\"twitter:label1\" content=\"Tiempo de lectura\" \/>\n\t<meta name=\"twitter:data1\" content=\"2 minutos\" \/>\n<script type=\"application\/ld+json\" class=\"yoast-schema-graph\">{\"@context\":\"https:\/\/schema.org\",\"@graph\":[{\"@type\":\"WebPage\",\"@id\":\"https:\/\/macambients.com\/es\/product\/pack-llivia-confort-colchon-hybrid-oslo\/\",\"url\":\"https:\/\/macambients.com\/es\/product\/pack-llivia-confort-colchon-hybrid-oslo\/\",\"name\":\"PACK LL\u00cdVIA CONFORT + COLCH\u00d3N HYBRID OSLO - MAC - Ambients Singulars\",\"isPartOf\":{\"@id\":\"https:\/\/macambients.com\/es\/#website\"},\"primaryImageOfPage\":{\"@id\":\"https:\/\/macambients.com\/es\/product\/pack-llivia-confort-colchon-hybrid-oslo\/#primaryimage\"},\"image\":{\"@id\":\"https:\/\/macambients.com\/es\/product\/pack-llivia-confort-colchon-hybrid-oslo\/#primaryimage\"},\"thumbnailUrl\":\"https:\/\/macambients.com\/wp-content\/uploads\/2025\/10\/Llivia-Confort.jpg\",\"datePublished\":\"2025-11-19T11:09:47+00:00\",\"dateModified\":\"2025-11-20T10:28:54+00:00\",\"breadcrumb\":{\"@id\":\"https:\/\/macambients.com\/es\/product\/pack-llivia-confort-colchon-hybrid-oslo\/#breadcrumb\"},\"inLanguage\":\"es\",\"potentialAction\":[{\"@type\":\"ReadAction\",\"target\":[\"https:\/\/macambients.com\/es\/product\/pack-llivia-confort-colchon-hybrid-oslo\/\"]}]},{\"@type\":\"ImageObject\",\"inLanguage\":\"es\",\"@id\":\"https:\/\/macambients.com\/es\/product\/pack-llivia-confort-colchon-hybrid-oslo\/#primaryimage\",\"url\":\"https:\/\/macambients.com\/wp-content\/uploads\/2025\/10\/Llivia-Confort.jpg\",\"contentUrl\":\"https:\/\/macambients.com\/wp-content\/uploads\/2025\/10\/Llivia-Confort.jpg\",\"width\":1600,\"height\":1120},{\"@type\":\"BreadcrumbList\",\"@id\":\"https:\/\/macambients.com\/es\/product\/pack-llivia-confort-colchon-hybrid-oslo\/#breadcrumb\",\"itemListElement\":[{\"@type\":\"ListItem\",\"position\":1,\"name\":\"Home\",\"item\":\"https:\/\/macambients.com\/es\/\"},{\"@type\":\"ListItem\",\"position\":2,\"name\":\"Shop\",\"item\":\"https:\/\/macambients.com\/es\/shop\/\"},{\"@type\":\"ListItem\",\"position\":3,\"name\":\"PACK LL\u00cdVIA CONFORT + COLCH\u00d3N HYBRID OSLO\"}]},{\"@type\":\"WebSite\",\"@id\":\"https:\/\/macambients.com\/es\/#website\",\"url\":\"https:\/\/macambients.com\/es\/\",\"name\":\"MAC - Ambients Singulars\",\"description\":\"\",\"publisher\":{\"@id\":\"https:\/\/macambients.com\/es\/#organization\"},\"potentialAction\":[{\"@type\":\"SearchAction\",\"target\":{\"@type\":\"EntryPoint\",\"urlTemplate\":\"https:\/\/macambients.com\/es\/?s={search_term_string}\"},\"query-input\":\"required name=search_term_string\"}],\"inLanguage\":\"es\"},{\"@type\":\"Organization\",\"@id\":\"https:\/\/macambients.com\/es\/#organization\",\"name\":\"MAC - Ambients Singulars\",\"url\":\"https:\/\/macambients.com\/es\/\",\"logo\":{\"@type\":\"ImageObject\",\"inLanguage\":\"es\",\"@id\":\"https:\/\/macambients.com\/es\/#\/schema\/logo\/image\/\",\"url\":\"https:\/\/macambients.com\/wp-content\/uploads\/2022\/12\/logo.png\",\"contentUrl\":\"https:\/\/macambients.com\/wp-content\/uploads\/2022\/12\/logo.png\",\"width\":270,\"height\":55,\"caption\":\"MAC - Ambients Singulars\"},\"image\":{\"@id\":\"https:\/\/macambients.com\/es\/#\/schema\/logo\/image\/\"}}]}<\/script>\n<!-- \/ Yoast SEO plugin. -->","yoast_head_json":{"title":"PACK LL\u00cdVIA CONFORT + COLCH\u00d3N HYBRID OSLO - MAC - Ambients Singulars","robots":{"index":"index","follow":"follow","max-snippet":"max-snippet:-1","max-image-preview":"max-image-preview:large","max-video-preview":"max-video-preview:-1"},"canonical":"https:\/\/macambients.com\/es\/product\/pack-llivia-confort-colchon-hybrid-oslo\/","og_locale":"es_ES","og_type":"article","og_title":"PACK LL\u00cdVIA CONFORT + COLCH\u00d3N HYBRID OSLO - MAC - Ambients Singulars","og_description":"ARTICULADO LLIVIA CONFORT Estructura tubo acerado 60x20mm. Multil\u00e1minas madera de haya 38mm. L\u00e1mina prolongada en cabezal y piecero. Sistema de paneles dorsales ergon\u00f3micos (permiten graduar 2 tipos de confort en la zona de los hombros m\u00e1s firme o m\u00e1s suave a gusto del cliente). Doble l\u00e1mina lumbar con reguladores. Tacos y paneles de Hytrel (mayor [&hellip;]","og_url":"https:\/\/macambients.com\/es\/product\/pack-llivia-confort-colchon-hybrid-oslo\/","og_site_name":"MAC - Ambients Singulars","article_modified_time":"2025-11-20T10:28:54+00:00","og_image":[{"width":1600,"height":1120,"url":"https:\/\/macambients.com\/wp-content\/uploads\/2025\/10\/Llivia-Confort.jpg","type":"image\/jpeg"}],"twitter_card":"summary_large_image","twitter_misc":{"Tiempo de lectura":"2 minutos"},"schema":{"@context":"https:\/\/schema.org","@graph":[{"@type":"WebPage","@id":"https:\/\/macambients.com\/es\/product\/pack-llivia-confort-colchon-hybrid-oslo\/","url":"https:\/\/macambients.com\/es\/product\/pack-llivia-confort-colchon-hybrid-oslo\/","name":"PACK LL\u00cdVIA CONFORT + COLCH\u00d3N HYBRID OSLO - MAC - Ambients Singulars","isPartOf":{"@id":"https:\/\/macambients.com\/es\/#website"},"primaryImageOfPage":{"@id":"https:\/\/macambients.com\/es\/product\/pack-llivia-confort-colchon-hybrid-oslo\/#primaryimage"},"image":{"@id":"https:\/\/macambients.com\/es\/product\/pack-llivia-confort-colchon-hybrid-oslo\/#primaryimage"},"thumbnailUrl":"https:\/\/macambients.com\/wp-content\/uploads\/2025\/10\/Llivia-Confort.jpg","datePublished":"2025-11-19T11:09:47+00:00","dateModified":"2025-11-20T10:28:54+00:00","breadcrumb":{"@id":"https:\/\/macambients.com\/es\/product\/pack-llivia-confort-colchon-hybrid-oslo\/#breadcrumb"},"inLanguage":"es","potentialAction":[{"@type":"ReadAction","target":["https:\/\/macambients.com\/es\/product\/pack-llivia-confort-colchon-hybrid-oslo\/"]}]},{"@type":"ImageObject","inLanguage":"es","@id":"https:\/\/macambients.com\/es\/product\/pack-llivia-confort-colchon-hybrid-oslo\/#primaryimage","url":"https:\/\/macambients.com\/wp-content\/uploads\/2025\/10\/Llivia-Confort.jpg","contentUrl":"https:\/\/macambients.com\/wp-content\/uploads\/2025\/10\/Llivia-Confort.jpg","width":1600,"height":1120},{"@type":"BreadcrumbList","@id":"https:\/\/macambients.com\/es\/product\/pack-llivia-confort-colchon-hybrid-oslo\/#breadcrumb","itemListElement":[{"@type":"ListItem","position":1,"name":"Home","item":"https:\/\/macambients.com\/es\/"},{"@type":"ListItem","position":2,"name":"Shop","item":"https:\/\/macambients.com\/es\/shop\/"},{"@type":"ListItem","position":3,"name":"PACK LL\u00cdVIA CONFORT + COLCH\u00d3N HYBRID OSLO"}]},{"@type":"WebSite","@id":"https:\/\/macambients.com\/es\/#website","url":"https:\/\/macambients.com\/es\/","name":"MAC - Ambients Singulars","description":"","publisher":{"@id":"https:\/\/macambients.com\/es\/#organization"},"potentialAction":[{"@type":"SearchAction","target":{"@type":"EntryPoint","urlTemplate":"https:\/\/macambients.com\/es\/?s={search_term_string}"},"query-input":"required name=search_term_string"}],"inLanguage":"es"},{"@type":"Organization","@id":"https:\/\/macambients.com\/es\/#organization","name":"MAC - Ambients Singulars","url":"https:\/\/macambients.com\/es\/","logo":{"@type":"ImageObject","inLanguage":"es","@id":"https:\/\/macambients.com\/es\/#\/schema\/logo\/image\/","url":"https:\/\/macambients.com\/wp-content\/uploads\/2022\/12\/logo.png","contentUrl":"https:\/\/macambients.com\/wp-content\/uploads\/2022\/12\/logo.png","width":270,"height":55,"caption":"MAC - Ambients Singulars"},"image":{"@id":"https:\/\/macambients.com\/es\/#\/schema\/logo\/image\/"}}]}},"_links":{"self":[{"href":"https:\/\/macambients.com\/es\/wp-json\/wp\/v2\/product\/62726"}],"collection":[{"href":"https:\/\/macambients.com\/es\/wp-json\/wp\/v2\/product"}],"about":[{"href":"https:\/\/macambients.com\/es\/wp-json\/wp\/v2\/types\/product"}],"wp:featuredmedia":[{"embeddable":true,"href":"https:\/\/macambients.com\/es\/wp-json\/wp\/v2\/media\/61141"}],"wp:attachment":[{"href":"https:\/\/macambients.com\/es\/wp-json\/wp\/v2\/media?parent=62726"}],"wp:term":[{"taxonomy":"product_cat","embeddable":true,"href":"https:\/\/macambients.com\/es\/wp-json\/wp\/v2\/product_cat?post=62726"},{"taxonomy":"product_tag","embeddable":true,"href":"https:\/\/macambients.com\/es\/wp-json\/wp\/v2\/product_tag?post=62726"}],"curies":[{"name":"wp","href":"https:\/\/api.w.org\/{rel}","templated":true}]}}