{"id":62929,"date":"2025-12-03T09:32:00","date_gmt":"2025-12-03T09:32:01","guid":{"rendered":"https:\/\/macambients.com\/?post_type=product&#038;p=62929"},"modified":"2026-04-16T09:26:03","modified_gmt":"2026-04-16T09:26:03","slug":"sofa-milano-10","status":"publish","type":"product","link":"https:\/\/macambients.com\/es\/product\/sofa-milano-10\/","title":{"rendered":"SOF\u00c1 MILANO &#8211; OFERTA"},"content":{"rendered":"<p>Sof\u00e1 3 plazas de muelle ensacado de 200 cm. Dos asientos relax con motor con cabezal reclinable.<\/p>\n<p>Opci\u00f3n de sill\u00f3n relax giratorio 360\u00ba motorizado con cabezal reclinable manual.<\/p>\n<p>Producto entrega inmediata en ropa Aragon 80.<\/p>\n<p>&nbsp;<\/p>\n<p>Disponible en otros colores.<\/p>\n<p><strong>TRANSPORTE Y MONTAJE INCLUIDOS EN EL PRECIO.<\/strong><\/p>\n<p><span style=\"color: #000080;\"><strong>Encuentra esta y otras opciones en nuestras tiendas MAC. \u00a1Inf\u00f3rmate ahora sin compromiso!<\/strong><\/span><\/p>\n","protected":false},"excerpt":{"rendered":"<p>Sof\u00e1 3 plazas de muelle ensacado de 200 cm. Dos asientos relax con motor con cabezal reclinable. Opci\u00f3n de sill\u00f3n relax giratorio 360\u00ba motorizado con cabezal reclinable manual. Producto entrega inmediata en ropa Aragon 80. &nbsp; Disponible en otros colores. TRANSPORTE Y MONTAJE INCLUIDOS EN EL PRECIO. Encuentra esta y otras opciones en nuestras tiendas [&hellip;]<\/p>\n","protected":false},"featured_media":59397,"template":"","meta":{"_acf_changed":false,"_joinchat":[]},"product_cat":[661,663,728],"product_tag":[],"class_list":{"0":"post-62929","1":"product","2":"type-product","3":"status-publish","4":"has-post-thumbnail","6":"product_cat-sofas","7":"product_cat-butacas","8":"product_cat-composiciones-sofas","9":"pa_mida-sofa-butaca-es","10":"pa_mida-sofa-sofa-3pl-200-cm-es","11":"pa_sistema-butaca-relax-electrico","12":"pa_sistemes-relaxacio-electric","14":"first","15":"instock","16":"sale","17":"taxable","18":"shipping-taxable","19":"purchasable","20":"product-type-variable"},"acf":[],"yoast_head":"<!-- This site is optimized with the Yoast SEO plugin v23.3 - https:\/\/yoast.com\/wordpress\/plugins\/seo\/ -->\n<title>SOF\u00c1 MILANO - OFERTA - MAC - Ambients Singulars<\/title>\n<meta name=\"robots\" content=\"index, follow, max-snippet:-1, max-image-preview:large, max-video-preview:-1\" \/>\n<link rel=\"canonical\" href=\"https:\/\/macambients.com\/es\/product\/sofa-milano-10\/\" \/>\n<meta property=\"og:locale\" content=\"es_ES\" \/>\n<meta property=\"og:type\" content=\"article\" \/>\n<meta property=\"og:title\" content=\"SOF\u00c1 MILANO - OFERTA - MAC - Ambients Singulars\" \/>\n<meta property=\"og:description\" content=\"Sof\u00e1 3 plazas de muelle ensacado de 200 cm. Dos asientos relax con motor con cabezal reclinable. Opci\u00f3n de sill\u00f3n relax giratorio 360\u00ba motorizado con cabezal reclinable manual. Producto entrega inmediata en ropa Aragon 80. &nbsp; Disponible en otros colores. TRANSPORTE Y MONTAJE INCLUIDOS EN EL PRECIO. Encuentra esta y otras opciones en nuestras tiendas [&hellip;]\" \/>\n<meta property=\"og:url\" content=\"https:\/\/macambients.com\/es\/product\/sofa-milano-10\/\" \/>\n<meta property=\"og:site_name\" content=\"MAC - Ambients Singulars\" \/>\n<meta property=\"article:modified_time\" content=\"2026-04-16T09:26:03+00:00\" \/>\n<meta property=\"og:image\" content=\"https:\/\/macambients.com\/wp-content\/uploads\/2025\/06\/Milano-Sofa-1.jpg\" \/>\n\t<meta property=\"og:image:width\" content=\"1600\" \/>\n\t<meta property=\"og:image:height\" content=\"1120\" \/>\n\t<meta property=\"og:image:type\" content=\"image\/jpeg\" \/>\n<meta name=\"twitter:card\" content=\"summary_large_image\" \/>\n<meta name=\"twitter:label1\" content=\"Tiempo de lectura\" \/>\n\t<meta name=\"twitter:data1\" content=\"1 minuto\" \/>\n<script type=\"application\/ld+json\" class=\"yoast-schema-graph\">{\"@context\":\"https:\/\/schema.org\",\"@graph\":[{\"@type\":\"WebPage\",\"@id\":\"https:\/\/macambients.com\/es\/product\/sofa-milano-10\/\",\"url\":\"https:\/\/macambients.com\/es\/product\/sofa-milano-10\/\",\"name\":\"SOF\u00c1 MILANO - OFERTA - MAC - Ambients Singulars\",\"isPartOf\":{\"@id\":\"https:\/\/macambients.com\/es\/#website\"},\"primaryImageOfPage\":{\"@id\":\"https:\/\/macambients.com\/es\/product\/sofa-milano-10\/#primaryimage\"},\"image\":{\"@id\":\"https:\/\/macambients.com\/es\/product\/sofa-milano-10\/#primaryimage\"},\"thumbnailUrl\":\"https:\/\/macambients.com\/wp-content\/uploads\/2025\/06\/Milano-Sofa-1.jpg\",\"datePublished\":\"2025-12-03T09:32:01+00:00\",\"dateModified\":\"2026-04-16T09:26:03+00:00\",\"breadcrumb\":{\"@id\":\"https:\/\/macambients.com\/es\/product\/sofa-milano-10\/#breadcrumb\"},\"inLanguage\":\"es\",\"potentialAction\":[{\"@type\":\"ReadAction\",\"target\":[\"https:\/\/macambients.com\/es\/product\/sofa-milano-10\/\"]}]},{\"@type\":\"ImageObject\",\"inLanguage\":\"es\",\"@id\":\"https:\/\/macambients.com\/es\/product\/sofa-milano-10\/#primaryimage\",\"url\":\"https:\/\/macambients.com\/wp-content\/uploads\/2025\/06\/Milano-Sofa-1.jpg\",\"contentUrl\":\"https:\/\/macambients.com\/wp-content\/uploads\/2025\/06\/Milano-Sofa-1.jpg\",\"width\":1600,\"height\":1120},{\"@type\":\"BreadcrumbList\",\"@id\":\"https:\/\/macambients.com\/es\/product\/sofa-milano-10\/#breadcrumb\",\"itemListElement\":[{\"@type\":\"ListItem\",\"position\":1,\"name\":\"Home\",\"item\":\"https:\/\/macambients.com\/es\/\"},{\"@type\":\"ListItem\",\"position\":2,\"name\":\"Shop\",\"item\":\"https:\/\/macambients.com\/es\/shop\/\"},{\"@type\":\"ListItem\",\"position\":3,\"name\":\"SOF\u00c1 MILANO &#8211; OFERTA\"}]},{\"@type\":\"WebSite\",\"@id\":\"https:\/\/macambients.com\/es\/#website\",\"url\":\"https:\/\/macambients.com\/es\/\",\"name\":\"MAC - Ambients Singulars\",\"description\":\"\",\"publisher\":{\"@id\":\"https:\/\/macambients.com\/es\/#organization\"},\"potentialAction\":[{\"@type\":\"SearchAction\",\"target\":{\"@type\":\"EntryPoint\",\"urlTemplate\":\"https:\/\/macambients.com\/es\/?s={search_term_string}\"},\"query-input\":\"required name=search_term_string\"}],\"inLanguage\":\"es\"},{\"@type\":\"Organization\",\"@id\":\"https:\/\/macambients.com\/es\/#organization\",\"name\":\"MAC - Ambients Singulars\",\"url\":\"https:\/\/macambients.com\/es\/\",\"logo\":{\"@type\":\"ImageObject\",\"inLanguage\":\"es\",\"@id\":\"https:\/\/macambients.com\/es\/#\/schema\/logo\/image\/\",\"url\":\"https:\/\/macambients.com\/wp-content\/uploads\/2022\/12\/logo.png\",\"contentUrl\":\"https:\/\/macambients.com\/wp-content\/uploads\/2022\/12\/logo.png\",\"width\":270,\"height\":55,\"caption\":\"MAC - Ambients Singulars\"},\"image\":{\"@id\":\"https:\/\/macambients.com\/es\/#\/schema\/logo\/image\/\"}}]}<\/script>\n<!-- \/ Yoast SEO plugin. -->","yoast_head_json":{"title":"SOF\u00c1 MILANO - OFERTA - MAC - Ambients Singulars","robots":{"index":"index","follow":"follow","max-snippet":"max-snippet:-1","max-image-preview":"max-image-preview:large","max-video-preview":"max-video-preview:-1"},"canonical":"https:\/\/macambients.com\/es\/product\/sofa-milano-10\/","og_locale":"es_ES","og_type":"article","og_title":"SOF\u00c1 MILANO - OFERTA - MAC - Ambients Singulars","og_description":"Sof\u00e1 3 plazas de muelle ensacado de 200 cm. Dos asientos relax con motor con cabezal reclinable. Opci\u00f3n de sill\u00f3n relax giratorio 360\u00ba motorizado con cabezal reclinable manual. Producto entrega inmediata en ropa Aragon 80. &nbsp; Disponible en otros colores. TRANSPORTE Y MONTAJE INCLUIDOS EN EL PRECIO. Encuentra esta y otras opciones en nuestras tiendas [&hellip;]","og_url":"https:\/\/macambients.com\/es\/product\/sofa-milano-10\/","og_site_name":"MAC - Ambients Singulars","article_modified_time":"2026-04-16T09:26:03+00:00","og_image":[{"width":1600,"height":1120,"url":"https:\/\/macambients.com\/wp-content\/uploads\/2025\/06\/Milano-Sofa-1.jpg","type":"image\/jpeg"}],"twitter_card":"summary_large_image","twitter_misc":{"Tiempo de lectura":"1 minuto"},"schema":{"@context":"https:\/\/schema.org","@graph":[{"@type":"WebPage","@id":"https:\/\/macambients.com\/es\/product\/sofa-milano-10\/","url":"https:\/\/macambients.com\/es\/product\/sofa-milano-10\/","name":"SOF\u00c1 MILANO - OFERTA - MAC - Ambients Singulars","isPartOf":{"@id":"https:\/\/macambients.com\/es\/#website"},"primaryImageOfPage":{"@id":"https:\/\/macambients.com\/es\/product\/sofa-milano-10\/#primaryimage"},"image":{"@id":"https:\/\/macambients.com\/es\/product\/sofa-milano-10\/#primaryimage"},"thumbnailUrl":"https:\/\/macambients.com\/wp-content\/uploads\/2025\/06\/Milano-Sofa-1.jpg","datePublished":"2025-12-03T09:32:01+00:00","dateModified":"2026-04-16T09:26:03+00:00","breadcrumb":{"@id":"https:\/\/macambients.com\/es\/product\/sofa-milano-10\/#breadcrumb"},"inLanguage":"es","potentialAction":[{"@type":"ReadAction","target":["https:\/\/macambients.com\/es\/product\/sofa-milano-10\/"]}]},{"@type":"ImageObject","inLanguage":"es","@id":"https:\/\/macambients.com\/es\/product\/sofa-milano-10\/#primaryimage","url":"https:\/\/macambients.com\/wp-content\/uploads\/2025\/06\/Milano-Sofa-1.jpg","contentUrl":"https:\/\/macambients.com\/wp-content\/uploads\/2025\/06\/Milano-Sofa-1.jpg","width":1600,"height":1120},{"@type":"BreadcrumbList","@id":"https:\/\/macambients.com\/es\/product\/sofa-milano-10\/#breadcrumb","itemListElement":[{"@type":"ListItem","position":1,"name":"Home","item":"https:\/\/macambients.com\/es\/"},{"@type":"ListItem","position":2,"name":"Shop","item":"https:\/\/macambients.com\/es\/shop\/"},{"@type":"ListItem","position":3,"name":"SOF\u00c1 MILANO &#8211; OFERTA"}]},{"@type":"WebSite","@id":"https:\/\/macambients.com\/es\/#website","url":"https:\/\/macambients.com\/es\/","name":"MAC - Ambients Singulars","description":"","publisher":{"@id":"https:\/\/macambients.com\/es\/#organization"},"potentialAction":[{"@type":"SearchAction","target":{"@type":"EntryPoint","urlTemplate":"https:\/\/macambients.com\/es\/?s={search_term_string}"},"query-input":"required name=search_term_string"}],"inLanguage":"es"},{"@type":"Organization","@id":"https:\/\/macambients.com\/es\/#organization","name":"MAC - Ambients Singulars","url":"https:\/\/macambients.com\/es\/","logo":{"@type":"ImageObject","inLanguage":"es","@id":"https:\/\/macambients.com\/es\/#\/schema\/logo\/image\/","url":"https:\/\/macambients.com\/wp-content\/uploads\/2022\/12\/logo.png","contentUrl":"https:\/\/macambients.com\/wp-content\/uploads\/2022\/12\/logo.png","width":270,"height":55,"caption":"MAC - Ambients Singulars"},"image":{"@id":"https:\/\/macambients.com\/es\/#\/schema\/logo\/image\/"}}]}},"_links":{"self":[{"href":"https:\/\/macambients.com\/es\/wp-json\/wp\/v2\/product\/62929"}],"collection":[{"href":"https:\/\/macambients.com\/es\/wp-json\/wp\/v2\/product"}],"about":[{"href":"https:\/\/macambients.com\/es\/wp-json\/wp\/v2\/types\/product"}],"wp:featuredmedia":[{"embeddable":true,"href":"https:\/\/macambients.com\/es\/wp-json\/wp\/v2\/media\/59397"}],"wp:attachment":[{"href":"https:\/\/macambients.com\/es\/wp-json\/wp\/v2\/media?parent=62929"}],"wp:term":[{"taxonomy":"product_cat","embeddable":true,"href":"https:\/\/macambients.com\/es\/wp-json\/wp\/v2\/product_cat?post=62929"},{"taxonomy":"product_tag","embeddable":true,"href":"https:\/\/macambients.com\/es\/wp-json\/wp\/v2\/product_tag?post=62929"}],"curies":[{"name":"wp","href":"https:\/\/api.w.org\/{rel}","templated":true}]}}